{"id":5027,"date":"2023-11-09T10:28:45","date_gmt":"2023-11-09T09:28:45","guid":{"rendered":"https:\/\/hetek.de\/applications\/"},"modified":"2023-11-09T10:28:46","modified_gmt":"2023-11-09T09:28:46","slug":"applications","status":"publish","type":"page","link":"https:\/\/hetek.de\/fr\/applications\/","title":{"rendered":"Applications"},"content":{"rendered":"<h1>Exemples d&rsquo;application<\/h1>\n<p>Voir nos produits en action<\/p>\n","protected":false},"excerpt":{"rendered":"<p>Exemples d&rsquo;application Voir nos produits en action<\/p>\n","protected":false},"author":1,"featured_media":5037,"parent":0,"menu_order":0,"comment_status":"closed","ping_status":"closed","template":"","meta":{"_acf_changed":false,"footnotes":""},"class_list":["post-5027","page","type-page","status-publish","has-post-thumbnail","hentry"],"acf":[],"yoast_head":"<!-- This site is optimized with the Yoast SEO plugin v27.3 - https:\/\/yoast.com\/product\/yoast-seo-wordpress\/ -->\n<title>Exemples d&#039;applications de nos produits HETEK de haute qualit\u00e9<\/title>\n<meta name=\"description\" content=\"D\u00e9couvrez les exemples d&#039;application HETEK de nos produits de qualit\u00e9 &amp; \u00e0 la s\u00e9curit\u00e9 test\u00e9e dans la pratique - pour des possibilit\u00e9s individuelles | HETEK\" \/>\n<meta name=\"robots\" content=\"index, follow, max-snippet:-1, max-image-preview:large, max-video-preview:-1\" \/>\n<link rel=\"canonical\" href=\"https:\/\/hetek.de\/fr\/?page_id=5027\" \/>\n<meta property=\"og:locale\" content=\"fr_FR\" \/>\n<meta property=\"og:type\" content=\"article\" \/>\n<meta property=\"og:title\" content=\"Exemples d&#039;applications de nos produits HETEK de haute qualit\u00e9\" \/>\n<meta property=\"og:description\" content=\"D\u00e9couvrez les exemples d&#039;application HETEK de nos produits de qualit\u00e9 &amp; \u00e0 la s\u00e9curit\u00e9 test\u00e9e dans la pratique - pour des possibilit\u00e9s individuelles | HETEK\" \/>\n<meta property=\"og:url\" content=\"https:\/\/hetek.de\/fr\/?page_id=5027\" \/>\n<meta property=\"og:site_name\" content=\"HETEK\" \/>\n<meta property=\"article:modified_time\" content=\"2023-11-09T09:28:46+00:00\" \/>\n<meta property=\"og:image\" content=\"https:\/\/hetek.de\/wp-content\/uploads\/2021\/04\/239-173.jpg\" \/>\n\t<meta property=\"og:image:width\" content=\"1988\" \/>\n\t<meta property=\"og:image:height\" content=\"1047\" \/>\n\t<meta property=\"og:image:type\" content=\"image\/jpeg\" \/>\n<meta name=\"twitter:card\" content=\"summary_large_image\" \/>\n<script type=\"application\/ld+json\" class=\"yoast-schema-graph\">{\"@context\":\"https:\\\/\\\/schema.org\",\"@graph\":[{\"@type\":\"WebPage\",\"@id\":\"https:\\\/\\\/hetek.de\\\/fr\\\/?page_id=5027\",\"url\":\"https:\\\/\\\/hetek.de\\\/fr\\\/?page_id=5027\",\"name\":\"Exemples d'applications de nos produits HETEK de haute qualit\u00e9\",\"isPartOf\":{\"@id\":\"https:\\\/\\\/hetek.de\\\/#website\"},\"primaryImageOfPage\":{\"@id\":\"https:\\\/\\\/hetek.de\\\/fr\\\/?page_id=5027#primaryimage\"},\"image\":{\"@id\":\"https:\\\/\\\/hetek.de\\\/fr\\\/?page_id=5027#primaryimage\"},\"thumbnailUrl\":\"https:\\\/\\\/hetek.de\\\/wp-content\\\/uploads\\\/2021\\\/04\\\/239-173.jpg\",\"datePublished\":\"2023-11-09T09:28:45+00:00\",\"dateModified\":\"2023-11-09T09:28:46+00:00\",\"description\":\"D\u00e9couvrez les exemples d'application HETEK de nos produits de qualit\u00e9 & \u00e0 la s\u00e9curit\u00e9 test\u00e9e dans la pratique - pour des possibilit\u00e9s individuelles | HETEK\",\"breadcrumb\":{\"@id\":\"https:\\\/\\\/hetek.de\\\/fr\\\/?page_id=5027#breadcrumb\"},\"inLanguage\":\"fr-FR\",\"potentialAction\":[{\"@type\":\"ReadAction\",\"target\":[\"https:\\\/\\\/hetek.de\\\/fr\\\/?page_id=5027\"]}]},{\"@type\":\"ImageObject\",\"inLanguage\":\"fr-FR\",\"@id\":\"https:\\\/\\\/hetek.de\\\/fr\\\/?page_id=5027#primaryimage\",\"url\":\"https:\\\/\\\/hetek.de\\\/wp-content\\\/uploads\\\/2021\\\/04\\\/239-173.jpg\",\"contentUrl\":\"https:\\\/\\\/hetek.de\\\/wp-content\\\/uploads\\\/2021\\\/04\\\/239-173.jpg\",\"width\":1988,\"height\":1047},{\"@type\":\"BreadcrumbList\",\"@id\":\"https:\\\/\\\/hetek.de\\\/fr\\\/?page_id=5027#breadcrumb\",\"itemListElement\":[{\"@type\":\"ListItem\",\"position\":1,\"name\":\"\",\"item\":\"https:\\\/\\\/hetek.de\\\/fr\\\/\"},{\"@type\":\"ListItem\",\"position\":2,\"name\":\"Applications\"}]},{\"@type\":\"WebSite\",\"@id\":\"https:\\\/\\\/hetek.de\\\/#website\",\"url\":\"https:\\\/\\\/hetek.de\\\/\",\"name\":\"HETEK\",\"description\":\"Le support s\u00fbr pour votre univers mobile.\",\"potentialAction\":[{\"@type\":\"SearchAction\",\"target\":{\"@type\":\"EntryPoint\",\"urlTemplate\":\"https:\\\/\\\/hetek.de\\\/?s={search_term_string}\"},\"query-input\":{\"@type\":\"PropertyValueSpecification\",\"valueRequired\":true,\"valueName\":\"search_term_string\"}}],\"inLanguage\":\"fr-FR\"}]}<\/script>\n<!-- \/ Yoast SEO plugin. -->","yoast_head_json":{"title":"Exemples d'applications de nos produits HETEK de haute qualit\u00e9","description":"D\u00e9couvrez les exemples d'application HETEK de nos produits de qualit\u00e9 & \u00e0 la s\u00e9curit\u00e9 test\u00e9e dans la pratique - pour des possibilit\u00e9s individuelles | HETEK","robots":{"index":"index","follow":"follow","max-snippet":"max-snippet:-1","max-image-preview":"max-image-preview:large","max-video-preview":"max-video-preview:-1"},"canonical":"https:\/\/hetek.de\/fr\/?page_id=5027","og_locale":"fr_FR","og_type":"article","og_title":"Exemples d'applications de nos produits HETEK de haute qualit\u00e9","og_description":"D\u00e9couvrez les exemples d'application HETEK de nos produits de qualit\u00e9 & \u00e0 la s\u00e9curit\u00e9 test\u00e9e dans la pratique - pour des possibilit\u00e9s individuelles | HETEK","og_url":"https:\/\/hetek.de\/fr\/?page_id=5027","og_site_name":"HETEK","article_modified_time":"2023-11-09T09:28:46+00:00","og_image":[{"width":1988,"height":1047,"url":"https:\/\/hetek.de\/wp-content\/uploads\/2021\/04\/239-173.jpg","type":"image\/jpeg"}],"twitter_card":"summary_large_image","schema":{"@context":"https:\/\/schema.org","@graph":[{"@type":"WebPage","@id":"https:\/\/hetek.de\/fr\/?page_id=5027","url":"https:\/\/hetek.de\/fr\/?page_id=5027","name":"Exemples d'applications de nos produits HETEK de haute qualit\u00e9","isPartOf":{"@id":"https:\/\/hetek.de\/#website"},"primaryImageOfPage":{"@id":"https:\/\/hetek.de\/fr\/?page_id=5027#primaryimage"},"image":{"@id":"https:\/\/hetek.de\/fr\/?page_id=5027#primaryimage"},"thumbnailUrl":"https:\/\/hetek.de\/wp-content\/uploads\/2021\/04\/239-173.jpg","datePublished":"2023-11-09T09:28:45+00:00","dateModified":"2023-11-09T09:28:46+00:00","description":"D\u00e9couvrez les exemples d'application HETEK de nos produits de qualit\u00e9 & \u00e0 la s\u00e9curit\u00e9 test\u00e9e dans la pratique - pour des possibilit\u00e9s individuelles | HETEK","breadcrumb":{"@id":"https:\/\/hetek.de\/fr\/?page_id=5027#breadcrumb"},"inLanguage":"fr-FR","potentialAction":[{"@type":"ReadAction","target":["https:\/\/hetek.de\/fr\/?page_id=5027"]}]},{"@type":"ImageObject","inLanguage":"fr-FR","@id":"https:\/\/hetek.de\/fr\/?page_id=5027#primaryimage","url":"https:\/\/hetek.de\/wp-content\/uploads\/2021\/04\/239-173.jpg","contentUrl":"https:\/\/hetek.de\/wp-content\/uploads\/2021\/04\/239-173.jpg","width":1988,"height":1047},{"@type":"BreadcrumbList","@id":"https:\/\/hetek.de\/fr\/?page_id=5027#breadcrumb","itemListElement":[{"@type":"ListItem","position":1,"name":"","item":"https:\/\/hetek.de\/fr\/"},{"@type":"ListItem","position":2,"name":"Applications"}]},{"@type":"WebSite","@id":"https:\/\/hetek.de\/#website","url":"https:\/\/hetek.de\/","name":"HETEK","description":"Le support s\u00fbr pour votre univers mobile.","potentialAction":[{"@type":"SearchAction","target":{"@type":"EntryPoint","urlTemplate":"https:\/\/hetek.de\/?s={search_term_string}"},"query-input":{"@type":"PropertyValueSpecification","valueRequired":true,"valueName":"search_term_string"}}],"inLanguage":"fr-FR"}]}},"_links":{"self":[{"href":"https:\/\/hetek.de\/fr\/wp-json\/wp\/v2\/pages\/5027","targetHints":{"allow":["GET"]}}],"collection":[{"href":"https:\/\/hetek.de\/fr\/wp-json\/wp\/v2\/pages"}],"about":[{"href":"https:\/\/hetek.de\/fr\/wp-json\/wp\/v2\/types\/page"}],"author":[{"embeddable":true,"href":"https:\/\/hetek.de\/fr\/wp-json\/wp\/v2\/users\/1"}],"replies":[{"embeddable":true,"href":"https:\/\/hetek.de\/fr\/wp-json\/wp\/v2\/comments?post=5027"}],"version-history":[{"count":1,"href":"https:\/\/hetek.de\/fr\/wp-json\/wp\/v2\/pages\/5027\/revisions"}],"predecessor-version":[{"id":5038,"href":"https:\/\/hetek.de\/fr\/wp-json\/wp\/v2\/pages\/5027\/revisions\/5038"}],"wp:featuredmedia":[{"embeddable":true,"href":"https:\/\/hetek.de\/fr\/wp-json\/wp\/v2\/media\/5037"}],"wp:attachment":[{"href":"https:\/\/hetek.de\/fr\/wp-json\/wp\/v2\/media?parent=5027"}],"curies":[{"name":"wp","href":"https:\/\/api.w.org\/{rel}","templated":true}]}}