{"id":5035,"date":"2023-11-09T10:28:45","date_gmt":"2023-11-09T09:28:45","guid":{"rendered":"https:\/\/hetek.de\/declaration-de-confidentialite\/"},"modified":"2025-01-02T08:54:50","modified_gmt":"2025-01-02T07:54:50","slug":"declaration-de-confidentialite","status":"publish","type":"page","link":"https:\/\/hetek.de\/fr\/declaration-de-confidentialite\/","title":{"rendered":"D\u00e9claration de confidentialit\u00e9"},"content":{"rendered":"<h1>Protection des donn\u00e9es \/ D\u00e9claration de confidentialit\u00e9<\/h1>\n<p>Nous prenons tr\u00e8s au s\u00e9rieux la protection de votre vie priv\u00e9e et de vos donn\u00e9es personnelles. Nous traitons donc ces donn\u00e9es conform\u00e9ment au contenu de la pr\u00e9sente d\u00e9claration de protection des donn\u00e9es et au r\u00e8glement g\u00e9n\u00e9ral sur la protection des donn\u00e9es (RGPD).<\/p>\n<p>Avec cette d\u00e9claration de protection des donn\u00e9es, nous souhaitons vous informer sur les donn\u00e9es personnelles que nous traitons \u00e0 votre sujet, ainsi que sur la finalit\u00e9 de ce traitement et sur la base juridique sur laquelle il est autoris\u00e9.<\/p>\n<p>Le responsable au sens des lois sur la protection des donn\u00e9es, en particulier du r\u00e8glement g\u00e9n\u00e9ral sur la protection des donn\u00e9es (RGPD), est :<br \/>\nHETEK Lift- und Hebetechnik GmbH.<\/p>\n<h3>Vos droits en tant que personne concern\u00e9e<\/h3>\n<p>Aux coordonn\u00e9es indiqu\u00e9es de notre responsable de la protection des donn\u00e9es, vous pouvez \u00e0 tout moment exercer les droits suivants :<\/p>\n<p>Information sur vos donn\u00e9es enregistr\u00e9es chez nous et sur leur traitement,<br \/>\nRectification des donn\u00e9es \u00e0 caract\u00e8re personnel inexactes,<br \/>\nSuppression de vos donn\u00e9es personnelles enregistr\u00e9es chez nous,<br \/>\nLimitation du traitement des donn\u00e9es, dans la mesure o\u00f9 nous ne sommes pas encore autoris\u00e9s \u00e0 supprimer vos donn\u00e9es en raison d&rsquo;obligations l\u00e9gales,<br \/>\nopposition au traitement de vos donn\u00e9es chez nous et<br \/>\nla portabilit\u00e9 des donn\u00e9es, dans la mesure o\u00f9 vous avez consenti au traitement des donn\u00e9es ou conclu un contrat avec nous.<br \/>\nSi vous nous avez donn\u00e9 votre consentement, vous pouvez le r\u00e9voquer \u00e0 tout moment avec effet pour l&rsquo;avenir.<\/p>\n<p>Vous pouvez \u00e0 tout moment d\u00e9poser une plainte aupr\u00e8s de l&rsquo;autorit\u00e9 de surveillance comp\u00e9tente pour vous. Votre autorit\u00e9 de surveillance comp\u00e9tente d\u00e9pend de votre province de r\u00e9sidence, de votre travail ou de la violation pr\u00e9sum\u00e9e. Vous trouverez une liste des autorit\u00e9s de surveillance (pour le secteur non public) avec leur adresse \u00e0 l&rsquo;adresse suivante : https:\/\/www.bfdi.bund.de\/DE\/Infothek\/Anschriften_Links\/anschriften_links-node.html.<\/p>\n<p>Finalit\u00e9s du traitement des donn\u00e9es par le service responsable et par des tiers<\/p>\n<p>Nous traitons vos donn\u00e9es personnelles uniquement aux fins mentionn\u00e9es dans la pr\u00e9sente d\u00e9claration de confidentialit\u00e9. Vos donn\u00e9es personnelles ne sont pas transmises \u00e0 des tiers \u00e0 des fins autres que celles mentionn\u00e9es. Nous ne transmettons vos donn\u00e9es personnelles \u00e0 des tiers que si :<\/p>\n<p>vous avez donn\u00e9 votre consentement explicite \u00e0 cet effet,<br \/>\nle traitement est n\u00e9cessaire \u00e0 l&rsquo;ex\u00e9cution d&rsquo;un contrat avec vous,<br \/>\nle traitement est n\u00e9cessaire pour remplir une obligation l\u00e9gale,<br \/>\nle traitement est n\u00e9cessaire \u00e0 la sauvegarde d&rsquo;int\u00e9r\u00eats l\u00e9gitimes<br \/>\net s&rsquo;il n&rsquo;y a aucune raison de penser que vous avez un int\u00e9r\u00eat l\u00e9gitime pr\u00e9pond\u00e9rant \u00e0 ce que vos donn\u00e9es ne soient pas communiqu\u00e9es.<\/p>\n<h3>Cryptage SSL<\/h3>\n<p>Afin de prot\u00e9ger la s\u00e9curit\u00e9 de vos donn\u00e9es lors de leur transmission, nous utilisons des proc\u00e9dures de cryptage conformes \u00e0 l&rsquo;\u00e9tat actuel de la technique (par ex. SSL) via HTTPS.<\/p>\n<h3>Newsletter<\/h3>\n<p>Sur la base de votre consentement explicite, nous vous envoyons r\u00e9guli\u00e8rement notre newsletter ou des informations comparables par e-mail \u00e0 l&rsquo;adresse e-mail que vous avez indiqu\u00e9e.<\/p>\n<p>Pour recevoir la newsletter, il suffit d&rsquo;indiquer votre adresse e-mail. Lorsque vous vous inscrivez pour recevoir notre newsletter, les donn\u00e9es que vous nous fournissez sont utilis\u00e9es exclusivement \u00e0 cette fin. Les abonn\u00e9s peuvent \u00e9galement \u00eatre inform\u00e9s par e-mail de circonstances pertinentes pour le service ou l&rsquo;enregistrement (par exemple, des modifications de l&rsquo;offre de la newsletter ou des circonstances techniques).<\/p>\n<p>Pour que l&rsquo;inscription soit effective, nous avons besoin d&rsquo;une adresse e-mail valide. Afin de v\u00e9rifier qu&rsquo;une inscription est effectivement effectu\u00e9e par le propri\u00e9taire d&rsquo;une adresse e-mail, nous utilisons la proc\u00e9dure \u00ab\u00a0double-opt-in\u00a0\u00bb. Pour ce faire, nous enregistrons la commande de la newsletter, l&rsquo;envoi d&rsquo;un e-mail de confirmation et la r\u00e9ception de la r\u00e9ponse ainsi demand\u00e9e. Aucune autre donn\u00e9e n&rsquo;est collect\u00e9e. Les donn\u00e9es sont utilis\u00e9es exclusivement pour l&rsquo;envoi de la newsletter et ne sont pas transmises \u00e0 des tiers.<\/p>\n<p>Vous pouvez \u00e0 tout moment r\u00e9voquer votre consentement \u00e0 l&rsquo;enregistrement de vos donn\u00e9es personnelles et \u00e0 leur utilisation pour l&rsquo;envoi de la newsletter. Un lien \u00e0 cet effet se trouve dans chaque newsletter. En outre, vous pouvez \u00e9galement vous d\u00e9sinscrire \u00e0 tout moment directement sur ce site web ou nous faire part de votre souhait \u00e0 l&rsquo;aide de l&rsquo;option de contact indiqu\u00e9e \u00e0 la fin des pr\u00e9sentes informations sur la protection des donn\u00e9es.<\/p>\n<h3>Formulaire de contact<\/h3>\n<p>Si vous nous contactez par e-mail ou via le formulaire de contact pour des questions de toute nature, vous nous donnez votre accord volontaire pour la prise de contact. Pour cela, il est n\u00e9cessaire d&rsquo;indiquer une adresse e-mail valide. Celle-ci sert \u00e0 l&rsquo;attribution de la demande et \u00e0 la r\u00e9ponse ult\u00e9rieure \u00e0 celle-ci. L&rsquo;indication d&rsquo;autres donn\u00e9es est facultative. Les donn\u00e9es que vous fournissez sont enregistr\u00e9es dans le but de traiter la demande et pour d&rsquo;\u00e9ventuelles questions de suivi. Les donn\u00e9es personnelles sont automatiquement effac\u00e9es apr\u00e8s l&rsquo;ex\u00e9cution de votre demande.<\/p>\n<h3>Modification de notre politique de confidentialit\u00e9<\/h3>\n<p>Nous nous r\u00e9servons le droit d&rsquo;adapter la pr\u00e9sente d\u00e9claration de protection des donn\u00e9es afin qu&rsquo;elle soit toujours conforme aux exigences l\u00e9gales actuelles ou afin de mettre en \u0153uvre les modifications de nos prestations dans la d\u00e9claration de protection des donn\u00e9es, par exemple lors de l&rsquo;introduction de nouveaux services. La nouvelle d\u00e9claration de protection des donn\u00e9es s&rsquo;appliquera alors \u00e0 votre nouvelle visite.<\/p>\n<h3>Questions au d\u00e9l\u00e9gu\u00e9 \u00e0 la protection des donn\u00e9es<\/h3>\n<p>Si vous avez des questions concernant la protection des donn\u00e9es, veuillez nous \u00e9crire un e-mail ou vous adresser directement \u00e0 la personne responsable de la protection des donn\u00e9es dans notre organisation :<\/p>\n<p>datenschutz(at)gfp24.de<\/p>\n<p>Nils Gustke<br \/>\nGesellschaft f\u00fcr Personaldienstleistungen mbH<br \/>\nEinrichtung der Handels- und Dienstleistungsverb\u00e4nde<br \/>\nPestalozzistr. 27<br \/>\nD-34119 Kassel<\/p>\n<p>La d\u00e9claration de protection des donn\u00e9es a \u00e9t\u00e9 r\u00e9dig\u00e9e \u00e0 l&rsquo;aide du g\u00e9n\u00e9rateur de d\u00e9claration de protection des donn\u00e9es d&rsquo;activeMind AG.<\/p>\n<p>Version de cette d\u00e9claration de protection des donn\u00e9es : Janvier 2025<\/p>\n","protected":false},"excerpt":{"rendered":"<p>Protection des donn\u00e9es \/ D\u00e9claration de confidentialit\u00e9 Nous prenons tr\u00e8s au s\u00e9rieux la protection de votre vie priv\u00e9e et de vos donn\u00e9es personnelles. Nous traitons donc ces donn\u00e9es conform\u00e9ment au contenu de la pr\u00e9sente d\u00e9claration de protection des donn\u00e9es et au r\u00e8glement g\u00e9n\u00e9ral sur la protection des donn\u00e9es (RGPD). Avec cette d\u00e9claration de protection des<\/p>\n","protected":false},"author":1,"featured_media":0,"parent":0,"menu_order":0,"comment_status":"closed","ping_status":"open","template":"","meta":{"_acf_changed":false,"footnotes":""},"class_list":["post-5035","page","type-page","status-publish","hentry"],"acf":[],"yoast_head":"<!-- This site is optimized with the Yoast SEO plugin v27.3 - https:\/\/yoast.com\/product\/yoast-seo-wordpress\/ -->\n<title>D\u00e9claration de confidentialit\u00e9 - HETEK<\/title>\n<meta name=\"robots\" content=\"index, follow, max-snippet:-1, max-image-preview:large, max-video-preview:-1\" \/>\n<link rel=\"canonical\" href=\"https:\/\/hetek.de\/fr\/declaration-de-confidentialite\/\" \/>\n<meta property=\"og:locale\" content=\"fr_FR\" \/>\n<meta property=\"og:type\" content=\"article\" \/>\n<meta property=\"og:title\" content=\"D\u00e9claration de confidentialit\u00e9 - HETEK\" \/>\n<meta property=\"og:description\" content=\"Protection des donn\u00e9es \/ D\u00e9claration de confidentialit\u00e9 Nous prenons tr\u00e8s au s\u00e9rieux la protection de votre vie priv\u00e9e et de vos donn\u00e9es personnelles. Nous traitons donc ces donn\u00e9es conform\u00e9ment au contenu de la pr\u00e9sente d\u00e9claration de protection des donn\u00e9es et au r\u00e8glement g\u00e9n\u00e9ral sur la protection des donn\u00e9es (RGPD). Avec cette d\u00e9claration de protection des\" \/>\n<meta property=\"og:url\" content=\"https:\/\/hetek.de\/fr\/declaration-de-confidentialite\/\" \/>\n<meta property=\"og:site_name\" content=\"HETEK\" \/>\n<meta property=\"article:modified_time\" content=\"2025-01-02T07:54:50+00:00\" \/>\n<meta name=\"twitter:card\" content=\"summary_large_image\" \/>\n<meta name=\"twitter:label1\" content=\"Dur\u00e9e de lecture estim\u00e9e\" \/>\n\t<meta name=\"twitter:data1\" content=\"6 minutes\" \/>\n<script type=\"application\/ld+json\" class=\"yoast-schema-graph\">{\"@context\":\"https:\\\/\\\/schema.org\",\"@graph\":[{\"@type\":\"WebPage\",\"@id\":\"https:\\\/\\\/hetek.de\\\/fr\\\/declaration-de-confidentialite\\\/\",\"url\":\"https:\\\/\\\/hetek.de\\\/fr\\\/declaration-de-confidentialite\\\/\",\"name\":\"D\u00e9claration de confidentialit\u00e9 - HETEK\",\"isPartOf\":{\"@id\":\"https:\\\/\\\/hetek.de\\\/#website\"},\"datePublished\":\"2023-11-09T09:28:45+00:00\",\"dateModified\":\"2025-01-02T07:54:50+00:00\",\"breadcrumb\":{\"@id\":\"https:\\\/\\\/hetek.de\\\/fr\\\/declaration-de-confidentialite\\\/#breadcrumb\"},\"inLanguage\":\"fr-FR\",\"potentialAction\":[{\"@type\":\"ReadAction\",\"target\":[\"https:\\\/\\\/hetek.de\\\/fr\\\/declaration-de-confidentialite\\\/\"]}]},{\"@type\":\"BreadcrumbList\",\"@id\":\"https:\\\/\\\/hetek.de\\\/fr\\\/declaration-de-confidentialite\\\/#breadcrumb\",\"itemListElement\":[{\"@type\":\"ListItem\",\"position\":1,\"name\":\"\",\"item\":\"https:\\\/\\\/hetek.de\\\/fr\\\/\"},{\"@type\":\"ListItem\",\"position\":2,\"name\":\"D\u00e9claration de confidentialit\u00e9\"}]},{\"@type\":\"WebSite\",\"@id\":\"https:\\\/\\\/hetek.de\\\/#website\",\"url\":\"https:\\\/\\\/hetek.de\\\/\",\"name\":\"HETEK\",\"description\":\"Le support s\u00fbr pour votre univers mobile.\",\"potentialAction\":[{\"@type\":\"SearchAction\",\"target\":{\"@type\":\"EntryPoint\",\"urlTemplate\":\"https:\\\/\\\/hetek.de\\\/?s={search_term_string}\"},\"query-input\":{\"@type\":\"PropertyValueSpecification\",\"valueRequired\":true,\"valueName\":\"search_term_string\"}}],\"inLanguage\":\"fr-FR\"}]}<\/script>\n<!-- \/ Yoast SEO plugin. -->","yoast_head_json":{"title":"D\u00e9claration de confidentialit\u00e9 - HETEK","robots":{"index":"index","follow":"follow","max-snippet":"max-snippet:-1","max-image-preview":"max-image-preview:large","max-video-preview":"max-video-preview:-1"},"canonical":"https:\/\/hetek.de\/fr\/declaration-de-confidentialite\/","og_locale":"fr_FR","og_type":"article","og_title":"D\u00e9claration de confidentialit\u00e9 - HETEK","og_description":"Protection des donn\u00e9es \/ D\u00e9claration de confidentialit\u00e9 Nous prenons tr\u00e8s au s\u00e9rieux la protection de votre vie priv\u00e9e et de vos donn\u00e9es personnelles. Nous traitons donc ces donn\u00e9es conform\u00e9ment au contenu de la pr\u00e9sente d\u00e9claration de protection des donn\u00e9es et au r\u00e8glement g\u00e9n\u00e9ral sur la protection des donn\u00e9es (RGPD). Avec cette d\u00e9claration de protection des","og_url":"https:\/\/hetek.de\/fr\/declaration-de-confidentialite\/","og_site_name":"HETEK","article_modified_time":"2025-01-02T07:54:50+00:00","twitter_card":"summary_large_image","twitter_misc":{"Dur\u00e9e de lecture estim\u00e9e":"6 minutes"},"schema":{"@context":"https:\/\/schema.org","@graph":[{"@type":"WebPage","@id":"https:\/\/hetek.de\/fr\/declaration-de-confidentialite\/","url":"https:\/\/hetek.de\/fr\/declaration-de-confidentialite\/","name":"D\u00e9claration de confidentialit\u00e9 - HETEK","isPartOf":{"@id":"https:\/\/hetek.de\/#website"},"datePublished":"2023-11-09T09:28:45+00:00","dateModified":"2025-01-02T07:54:50+00:00","breadcrumb":{"@id":"https:\/\/hetek.de\/fr\/declaration-de-confidentialite\/#breadcrumb"},"inLanguage":"fr-FR","potentialAction":[{"@type":"ReadAction","target":["https:\/\/hetek.de\/fr\/declaration-de-confidentialite\/"]}]},{"@type":"BreadcrumbList","@id":"https:\/\/hetek.de\/fr\/declaration-de-confidentialite\/#breadcrumb","itemListElement":[{"@type":"ListItem","position":1,"name":"","item":"https:\/\/hetek.de\/fr\/"},{"@type":"ListItem","position":2,"name":"D\u00e9claration de confidentialit\u00e9"}]},{"@type":"WebSite","@id":"https:\/\/hetek.de\/#website","url":"https:\/\/hetek.de\/","name":"HETEK","description":"Le support s\u00fbr pour votre univers mobile.","potentialAction":[{"@type":"SearchAction","target":{"@type":"EntryPoint","urlTemplate":"https:\/\/hetek.de\/?s={search_term_string}"},"query-input":{"@type":"PropertyValueSpecification","valueRequired":true,"valueName":"search_term_string"}}],"inLanguage":"fr-FR"}]}},"_links":{"self":[{"href":"https:\/\/hetek.de\/fr\/wp-json\/wp\/v2\/pages\/5035","targetHints":{"allow":["GET"]}}],"collection":[{"href":"https:\/\/hetek.de\/fr\/wp-json\/wp\/v2\/pages"}],"about":[{"href":"https:\/\/hetek.de\/fr\/wp-json\/wp\/v2\/types\/page"}],"author":[{"embeddable":true,"href":"https:\/\/hetek.de\/fr\/wp-json\/wp\/v2\/users\/1"}],"replies":[{"embeddable":true,"href":"https:\/\/hetek.de\/fr\/wp-json\/wp\/v2\/comments?post=5035"}],"version-history":[{"count":12,"href":"https:\/\/hetek.de\/fr\/wp-json\/wp\/v2\/pages\/5035\/revisions"}],"predecessor-version":[{"id":7030,"href":"https:\/\/hetek.de\/fr\/wp-json\/wp\/v2\/pages\/5035\/revisions\/7030"}],"wp:attachment":[{"href":"https:\/\/hetek.de\/fr\/wp-json\/wp\/v2\/media?parent=5035"}],"curies":[{"name":"wp","href":"https:\/\/api.w.org\/{rel}","templated":true}]}}