{"id":5041,"date":"2023-11-09T10:28:46","date_gmt":"2023-11-09T09:28:46","guid":{"rendered":"https:\/\/hetek.de\/contact\/"},"modified":"2024-08-19T10:54:29","modified_gmt":"2024-08-19T08:54:29","slug":"contact","status":"publish","type":"page","link":"https:\/\/hetek.de\/fr\/contact\/","title":{"rendered":"Contact"},"content":{"rendered":"<div class=\"wpb-content-wrapper\"><p>[vc_row][vc_column][vc_column_text]<\/p>\n<h1>Contact<\/h1>\n<h2>Vos contacts<\/h2>\n<p>[\/vc_column_text][\/vc_column][\/vc_row][vc_row][vc_column width=\u00a0\u00bb1\/2&Prime;][vc_row_inner content_placement=\u00a0\u00bbbottom\u00a0\u00bb][vc_column_inner width=\u00a0\u00bb1\/3&Prime;][vc_single_image image=\u00a0\u00bb6298&Prime;][\/vc_column_inner][vc_column_inner width=\u00a0\u00bb2\/3&Prime;][vc_column_text]<strong><span class=\"name\">Gregor Magier<br \/>\nDirecteur des ventes de syst\u00e8mes de levage<br \/>\n<\/span><\/strong><\/p>\n<p>T\u00e9l\u00e9phone : +49 (0) 36 923 \/ 53-115<br \/>\nMobile : +49 (0) 151 \/ 650 685 07<br \/>\nCourrier \u00e9lectronique :<span> <\/span><a href=\"mailto:g.magier@hetek.de\">g.magier(at)hetek.de<\/a>[\/vc_column_text][\/vc_column_inner][\/vc_row_inner][\/vc_column][vc_column width=\u00a0\u00bb1\/2&Prime;][vc_row_inner content_placement=\u00a0\u00bbbottom\u00a0\u00bb][vc_column_inner width=\u00a0\u00bb1\/3&Prime;][vc_single_image image=\u00a0\u00bb6296&Prime;][\/vc_column_inner][vc_column_inner width=\u00a0\u00bb2\/3&Prime;][vc_column_text]<strong><span class=\"name\">Yvonne Nachtweih<br \/>\nVente de syst\u00e8mes de levage<br \/>\n<\/span><\/strong><\/p>\n<p>T\u00e9l\u00e9phone : +49 (0) 36923 \/ 53-112<br \/>\nMobile : +49 (0) 160 \/ 964 084 56<br \/>\nCourrier \u00e9lectronique :<span> <\/span><a href=\"mailto:y.nachtweih@hetek.de\">y.nachtweih(at)hetek.de<\/a>[\/vc_column_text][\/vc_column_inner][\/vc_row_inner][\/vc_column][\/vc_row][vc_section][vc_row][vc_column][vc_column_text]<\/p>\n<h2>Votre demande de contact<\/h2>\n<p>[\/vc_column_text]\n<div class=\"wpcf7 no-js\" id=\"wpcf7-f5142-o1\" lang=\"fr-FR\" dir=\"ltr\" data-wpcf7-id=\"5142\">\n<div class=\"screen-reader-response\"><p role=\"status\" aria-live=\"polite\" aria-atomic=\"true\"><\/p> <ul><\/ul><\/div>\n<form action=\"\/fr\/wp-json\/wp\/v2\/pages\/5041#wpcf7-f5142-o1\" method=\"post\" class=\"wpcf7-form init\" aria-label=\"Formulaire de contact\" novalidate=\"novalidate\" data-status=\"init\">\n<fieldset class=\"hidden-fields-container\"><input type=\"hidden\" name=\"_wpcf7\" value=\"5142\" \/><input type=\"hidden\" name=\"_wpcf7_version\" value=\"6.1.5\" \/><input type=\"hidden\" name=\"_wpcf7_locale\" value=\"fr_FR\" \/><input type=\"hidden\" name=\"_wpcf7_unit_tag\" value=\"wpcf7-f5142-o1\" \/><input type=\"hidden\" name=\"_wpcf7_container_post\" value=\"0\" \/><input type=\"hidden\" name=\"_wpcf7_posted_data_hash\" value=\"\" \/><input type=\"hidden\" name=\"_wpcf7dtx_version\" value=\"5.0.5\" \/>\n<\/fieldset>\n<div class=\"form-row\">\n<div class=\"col-12\"><label class=\"small\">Vos coordonn\u00e9es<\/label><\/div>\n<div class=\"col-12 col-md-6\"><div class=\"form-group\"><label>Nom*<\/label><span class=\"wpcf7-form-control-wrap\" data-name=\"nachname\"><input size=\"40\" maxlength=\"400\" class=\"wpcf7-form-control wpcf7-text wpcf7-validates-as-required form-control\" aria-required=\"true\" aria-invalid=\"false\" value=\"\" type=\"text\" name=\"nachname\" \/><\/span><\/div><\/div>\n<div class=\"col-12 col-md-6\"><div class=\"form-group\"><label>Pr\u00e9nom<\/label><span class=\"wpcf7-form-control-wrap\" data-name=\"vorname\"><input size=\"40\" maxlength=\"400\" class=\"wpcf7-form-control wpcf7-text form-control\" aria-invalid=\"false\" value=\"\" type=\"text\" name=\"vorname\" \/><\/span><\/div><\/div>\n<div class=\"col-12 col-md-6\"><div class=\"form-group\"><label>Num\u00e9ro de t\u00e9l\u00e9phone*<\/label><span class=\"wpcf7-form-control-wrap\" data-name=\"rufnummer\"><input size=\"40\" maxlength=\"400\" class=\"wpcf7-form-control wpcf7-text wpcf7-validates-as-required form-control\" aria-required=\"true\" aria-invalid=\"false\" value=\"\" type=\"text\" name=\"rufnummer\" \/><\/span><\/div><\/div>\n<div class=\"col-12 col-md-6\"><div class=\"form-group\"><label>E-mail*<\/label><span class=\"wpcf7-form-control-wrap\" data-name=\"email-387\"><input size=\"40\" maxlength=\"400\" class=\"wpcf7-form-control wpcf7-email wpcf7-validates-as-required wpcf7-text wpcf7-validates-as-email form-control\" aria-required=\"true\" aria-invalid=\"false\" value=\"\" type=\"email\" name=\"email-387\" \/><\/span><\/div><\/div>\n<\/div><div class=\"form-row\">\n    <div class=\"col-12\">\n<span id=\"wpcf7-69d43fb8dc7eb-wrapper\" class=\"wpcf7-form-control-wrap weitereInformationen-wrap\" style=\"display:none !important; visibility:hidden !important;\"><input type=\"hidden\" name=\"weitereInformationen-time-start\" value=\"1775517624\"><input type=\"hidden\" name=\"weitereInformationen-time-check\" value=\"4\"><label for=\"wpcf7-69d43fb8dc7eb-field\" class=\"hp-message\">Veuillez laisser ce champ vide.<\/label><input id=\"wpcf7-69d43fb8dc7eb-field\"  placeholder=\"weitere Informationen\"  class=\"wpcf7-form-control wpcf7-text form-control\" type=\"text\" name=\"weitereInformationen\" value=\"\" size=\"40\" tabindex=\"-1\" autocomplete=\"new-password\" \/><\/span>\n<\/div>\n<\/div>\n<div class=\"form-row\">\n<div class=\"col-12\"><div class=\"form-group\"><label>Votre message<\/label><span class=\"wpcf7-form-control-wrap\" data-name=\"textarea-428\"><textarea cols=\"40\" rows=\"10\" maxlength=\"2000\" class=\"wpcf7-form-control wpcf7-textarea form-control\" aria-invalid=\"false\" name=\"textarea-428\"><\/textarea><\/span><\/div><\/div>\n<div class=\"col-12 col-lg-8 small\"><div class=\"row gap\"><div class=\"col-12\"><span class=\"wpcf7-form-control-wrap\" data-name=\"acceptance-349\"><span class=\"wpcf7-form-control wpcf7-acceptance\"><span class=\"wpcf7-list-item\"><label><input type=\"checkbox\" name=\"acceptance-349\" value=\"1\" aria-invalid=\"false\" \/><span class=\"wpcf7-list-item-label\">Vous avez pris connaissance de la <a href=\"\/datenschutzerklaerung\/\" target=\"_blank\" style=\"text-decoration:underline\">d\u00e9claration de protection des donn\u00e9es<\/a> et acceptez que les donn\u00e9es que vous avez fournies soient collect\u00e9es et enregistr\u00e9es par voie \u00e9lectronique. Vos donn\u00e9es ne sont utilis\u00e9es que dans un but strictement limit\u00e9 au traitement et \u00e0 la r\u00e9ponse \u00e0 votre demande et ne sont conserv\u00e9es que pendant la dur\u00e9e n\u00e9cessaire au traitement et \u00e0 la r\u00e9ponse \u00e0 votre demande ou tant que d'autres dispositions l\u00e9gales l'exigent.<\/span><\/label><\/span><\/span><\/span><\/div>\n<div class=\"col-12 small\">*Champs obligatoires<\/div><\/div><\/div>\n<div class=\"col-12 col-lg-4\"><input class=\"wpcf7-form-control wpcf7-submit has-spinner btn btn-default btn-block\" type=\"submit\" value=\"Absenden\" \/><\/div><\/div><div class=\"wpcf7-response-output\" aria-hidden=\"true\"><\/div>\n<\/form>\n<\/div>\n[\/vc_column][\/vc_row][\/vc_section]<\/p>\n<\/div>","protected":false},"excerpt":{"rendered":"<p>[vc_row][vc_column][vc_column_text] Contact Vos contacts [\/vc_column_text][\/vc_column][\/vc_row][vc_row][vc_column width=\u00a0\u00bb1\/2&Prime;][vc_row_inner content_placement=\u00a0\u00bbbottom\u00a0\u00bb][vc_column_inner width=\u00a0\u00bb1\/3&Prime;][vc_single_image image=\u00a0\u00bb6298&Prime;][\/vc_column_inner][vc_column_inner width=\u00a0\u00bb2\/3&Prime;][vc_column_text]Gregor Magier Directeur des ventes de syst\u00e8mes de levage T\u00e9l\u00e9phone : +49 (0) 36 923 \/ 53-115 Mobile : +49 (0) 151 \/ 650 685 07 Courrier \u00e9lectronique : g.magier(at)hetek.de[\/vc_column_text][\/vc_column_inner][\/vc_row_inner][\/vc_column][vc_column width=\u00a0\u00bb1\/2&Prime;][vc_row_inner content_placement=\u00a0\u00bbbottom\u00a0\u00bb][vc_column_inner width=\u00a0\u00bb1\/3&Prime;][vc_single_image image=\u00a0\u00bb6296&Prime;][\/vc_column_inner][vc_column_inner width=\u00a0\u00bb2\/3&Prime;][vc_column_text]Yvonne Nachtweih Vente de syst\u00e8mes de levage T\u00e9l\u00e9phone : +49 (0) 36923<\/p>\n","protected":false},"author":1,"featured_media":0,"parent":0,"menu_order":0,"comment_status":"closed","ping_status":"closed","template":"","meta":{"_acf_changed":false,"footnotes":""},"class_list":["post-5041","page","type-page","status-publish","hentry"],"acf":[],"yoast_head":"<!-- This site is optimized with the Yoast SEO plugin v27.3 - https:\/\/yoast.com\/product\/yoast-seo-wordpress\/ -->\n<title>Contact - HETEK<\/title>\n<meta name=\"robots\" content=\"index, follow, max-snippet:-1, max-image-preview:large, max-video-preview:-1\" \/>\n<link rel=\"canonical\" href=\"https:\/\/hetek.de\/fr\/contact\/\" \/>\n<meta property=\"og:locale\" content=\"fr_FR\" \/>\n<meta property=\"og:type\" content=\"article\" \/>\n<meta property=\"og:title\" content=\"Contact - HETEK\" \/>\n<meta property=\"og:description\" content=\"[vc_row][vc_column][vc_column_text] Contact Vos contacts [\/vc_column_text][\/vc_column][\/vc_row][vc_row][vc_column width=\u00a0\u00bb1\/2&Prime;][vc_row_inner content_placement=\u00a0\u00bbbottom\u00a0\u00bb][vc_column_inner width=\u00a0\u00bb1\/3&Prime;][vc_single_image image=\u00a0\u00bb6298&Prime;][\/vc_column_inner][vc_column_inner width=\u00a0\u00bb2\/3&Prime;][vc_column_text]Gregor Magier Directeur des ventes de syst\u00e8mes de levage T\u00e9l\u00e9phone : +49 (0) 36 923 \/ 53-115 Mobile : +49 (0) 151 \/ 650 685 07 Courrier \u00e9lectronique : g.magier(at)hetek.de[\/vc_column_text][\/vc_column_inner][\/vc_row_inner][\/vc_column][vc_column width=\u00a0\u00bb1\/2&Prime;][vc_row_inner content_placement=\u00a0\u00bbbottom\u00a0\u00bb][vc_column_inner width=\u00a0\u00bb1\/3&Prime;][vc_single_image image=\u00a0\u00bb6296&Prime;][\/vc_column_inner][vc_column_inner width=\u00a0\u00bb2\/3&Prime;][vc_column_text]Yvonne Nachtweih Vente de syst\u00e8mes de levage T\u00e9l\u00e9phone : +49 (0) 36923\" \/>\n<meta property=\"og:url\" content=\"https:\/\/hetek.de\/fr\/contact\/\" \/>\n<meta property=\"og:site_name\" content=\"HETEK\" \/>\n<meta property=\"article:modified_time\" content=\"2024-08-19T08:54:29+00:00\" \/>\n<meta name=\"twitter:card\" content=\"summary_large_image\" \/>\n<meta name=\"twitter:label1\" content=\"Dur\u00e9e de lecture estim\u00e9e\" \/>\n\t<meta name=\"twitter:data1\" content=\"1 minute\" \/>\n<script type=\"application\/ld+json\" class=\"yoast-schema-graph\">{\"@context\":\"https:\\\/\\\/schema.org\",\"@graph\":[{\"@type\":\"WebPage\",\"@id\":\"https:\\\/\\\/hetek.de\\\/fr\\\/contact\\\/\",\"url\":\"https:\\\/\\\/hetek.de\\\/fr\\\/contact\\\/\",\"name\":\"Contact - HETEK\",\"isPartOf\":{\"@id\":\"https:\\\/\\\/hetek.de\\\/#website\"},\"datePublished\":\"2023-11-09T09:28:46+00:00\",\"dateModified\":\"2024-08-19T08:54:29+00:00\",\"breadcrumb\":{\"@id\":\"https:\\\/\\\/hetek.de\\\/fr\\\/contact\\\/#breadcrumb\"},\"inLanguage\":\"fr-FR\",\"potentialAction\":[{\"@type\":\"ReadAction\",\"target\":[\"https:\\\/\\\/hetek.de\\\/fr\\\/contact\\\/\"]}]},{\"@type\":\"BreadcrumbList\",\"@id\":\"https:\\\/\\\/hetek.de\\\/fr\\\/contact\\\/#breadcrumb\",\"itemListElement\":[{\"@type\":\"ListItem\",\"position\":1,\"name\":\"\",\"item\":\"https:\\\/\\\/hetek.de\\\/fr\\\/\"},{\"@type\":\"ListItem\",\"position\":2,\"name\":\"Contact\"}]},{\"@type\":\"WebSite\",\"@id\":\"https:\\\/\\\/hetek.de\\\/#website\",\"url\":\"https:\\\/\\\/hetek.de\\\/\",\"name\":\"HETEK\",\"description\":\"Le support s\u00fbr pour votre univers mobile.\",\"potentialAction\":[{\"@type\":\"SearchAction\",\"target\":{\"@type\":\"EntryPoint\",\"urlTemplate\":\"https:\\\/\\\/hetek.de\\\/?s={search_term_string}\"},\"query-input\":{\"@type\":\"PropertyValueSpecification\",\"valueRequired\":true,\"valueName\":\"search_term_string\"}}],\"inLanguage\":\"fr-FR\"}]}<\/script>\n<!-- \/ Yoast SEO plugin. -->","yoast_head_json":{"title":"Contact - HETEK","robots":{"index":"index","follow":"follow","max-snippet":"max-snippet:-1","max-image-preview":"max-image-preview:large","max-video-preview":"max-video-preview:-1"},"canonical":"https:\/\/hetek.de\/fr\/contact\/","og_locale":"fr_FR","og_type":"article","og_title":"Contact - HETEK","og_description":"[vc_row][vc_column][vc_column_text] Contact Vos contacts [\/vc_column_text][\/vc_column][\/vc_row][vc_row][vc_column width=\u00a0\u00bb1\/2&Prime;][vc_row_inner content_placement=\u00a0\u00bbbottom\u00a0\u00bb][vc_column_inner width=\u00a0\u00bb1\/3&Prime;][vc_single_image image=\u00a0\u00bb6298&Prime;][\/vc_column_inner][vc_column_inner width=\u00a0\u00bb2\/3&Prime;][vc_column_text]Gregor Magier Directeur des ventes de syst\u00e8mes de levage T\u00e9l\u00e9phone : +49 (0) 36 923 \/ 53-115 Mobile : +49 (0) 151 \/ 650 685 07 Courrier \u00e9lectronique : g.magier(at)hetek.de[\/vc_column_text][\/vc_column_inner][\/vc_row_inner][\/vc_column][vc_column width=\u00a0\u00bb1\/2&Prime;][vc_row_inner content_placement=\u00a0\u00bbbottom\u00a0\u00bb][vc_column_inner width=\u00a0\u00bb1\/3&Prime;][vc_single_image image=\u00a0\u00bb6296&Prime;][\/vc_column_inner][vc_column_inner width=\u00a0\u00bb2\/3&Prime;][vc_column_text]Yvonne Nachtweih Vente de syst\u00e8mes de levage T\u00e9l\u00e9phone : +49 (0) 36923","og_url":"https:\/\/hetek.de\/fr\/contact\/","og_site_name":"HETEK","article_modified_time":"2024-08-19T08:54:29+00:00","twitter_card":"summary_large_image","twitter_misc":{"Dur\u00e9e de lecture estim\u00e9e":"1 minute"},"schema":{"@context":"https:\/\/schema.org","@graph":[{"@type":"WebPage","@id":"https:\/\/hetek.de\/fr\/contact\/","url":"https:\/\/hetek.de\/fr\/contact\/","name":"Contact - HETEK","isPartOf":{"@id":"https:\/\/hetek.de\/#website"},"datePublished":"2023-11-09T09:28:46+00:00","dateModified":"2024-08-19T08:54:29+00:00","breadcrumb":{"@id":"https:\/\/hetek.de\/fr\/contact\/#breadcrumb"},"inLanguage":"fr-FR","potentialAction":[{"@type":"ReadAction","target":["https:\/\/hetek.de\/fr\/contact\/"]}]},{"@type":"BreadcrumbList","@id":"https:\/\/hetek.de\/fr\/contact\/#breadcrumb","itemListElement":[{"@type":"ListItem","position":1,"name":"","item":"https:\/\/hetek.de\/fr\/"},{"@type":"ListItem","position":2,"name":"Contact"}]},{"@type":"WebSite","@id":"https:\/\/hetek.de\/#website","url":"https:\/\/hetek.de\/","name":"HETEK","description":"Le support s\u00fbr pour votre univers mobile.","potentialAction":[{"@type":"SearchAction","target":{"@type":"EntryPoint","urlTemplate":"https:\/\/hetek.de\/?s={search_term_string}"},"query-input":{"@type":"PropertyValueSpecification","valueRequired":true,"valueName":"search_term_string"}}],"inLanguage":"fr-FR"}]}},"_links":{"self":[{"href":"https:\/\/hetek.de\/fr\/wp-json\/wp\/v2\/pages\/5041","targetHints":{"allow":["GET"]}}],"collection":[{"href":"https:\/\/hetek.de\/fr\/wp-json\/wp\/v2\/pages"}],"about":[{"href":"https:\/\/hetek.de\/fr\/wp-json\/wp\/v2\/types\/page"}],"author":[{"embeddable":true,"href":"https:\/\/hetek.de\/fr\/wp-json\/wp\/v2\/users\/1"}],"replies":[{"embeddable":true,"href":"https:\/\/hetek.de\/fr\/wp-json\/wp\/v2\/comments?post=5041"}],"version-history":[{"count":22,"href":"https:\/\/hetek.de\/fr\/wp-json\/wp\/v2\/pages\/5041\/revisions"}],"predecessor-version":[{"id":6658,"href":"https:\/\/hetek.de\/fr\/wp-json\/wp\/v2\/pages\/5041\/revisions\/6658"}],"wp:attachment":[{"href":"https:\/\/hetek.de\/fr\/wp-json\/wp\/v2\/media?parent=5041"}],"curies":[{"name":"wp","href":"https:\/\/api.w.org\/{rel}","templated":true}]}}