{"id":5049,"date":"2023-11-09T10:28:52","date_gmt":"2023-11-09T09:28:52","guid":{"rendered":"https:\/\/hetek.de\/historique\/"},"modified":"2023-11-09T10:28:53","modified_gmt":"2023-11-09T09:28:53","slug":"historique","status":"publish","type":"page","link":"https:\/\/hetek.de\/fr\/historique\/","title":{"rendered":"Historique"},"content":{"rendered":"<div class=\"wpb-content-wrapper\"><p>[vc_row][vc_column][vc_column_text]<\/p>\n<h1>Historique<\/h1>\n<p>[\/vc_column_text][\/vc_column][\/vc_row][vc_row][vc_column width=\u00a0\u00bb1\/4&Prime;][vc_column_text]<\/p>\n<h2><strong>1949<\/strong><\/h2>\n<p>[\/vc_column_text][\/vc_column][vc_column width=\u00a0\u00bb3\/4&Prime;][vc_column_text]Cr\u00e9ation de[\/vc_column_text][\/vc_column][\/vc_row][vc_row][vc_column width=\u00a0\u00bb1\/4&Prime;][vc_column_text]<\/p>\n<h2>1952<\/h2>\n<p>[\/vc_column_text][\/vc_column][vc_column width=\u00a0\u00bb3\/4&Prime;][vc_row_inner][vc_column_inner width=\u00a0\u00bb1\/2&Prime;][vc_column_text]Entre 1952 et 1969, l&rsquo;entreprise de Treffurt s&rsquo;est d\u00e9velopp\u00e9e et agrandie gr\u00e2ce \u00e0 une production d&rsquo;appareils de levage en constante augmentation.<\/p>\n<p>De nouveaux d\u00e9veloppements et la production de dispositifs de suspension de charges pour la logistique et le transbordement de marchandises ont entra\u00een\u00e9 de nouveaux investissements.[\/vc_column_text][\/vc_column_inner][vc_column_inner width=\u00a0\u00bb1\/2&Prime;][vc_column_text]En 1969, l&rsquo;ancienne usine VEB Hebezeugwerk Treffurt a fusionn\u00e9 avec l&rsquo;usine Hebezeugwerk Suhl et a \u00e9t\u00e9 int\u00e9gr\u00e9e dans le combinat TAKRAF.[\/vc_column_text][\/vc_column_inner][\/vc_row_inner][\/vc_column][\/vc_row][vc_row][vc_column width=\u00a0\u00bb1\/4&Prime;][vc_column_text]<\/p>\n<h2>1977<\/h2>\n<p>[\/vc_column_text][\/vc_column][vc_column width=\u00a0\u00bb3\/4&Prime;][vc_row_inner][vc_column_inner width=\u00a0\u00bb1\/2&Prime;][vc_column_text]Poursuite de l&rsquo;expansion, r\u00e9alisation de ventes \u00e0 l&rsquo;exportation d&rsquo;engins de levage tels que treuils, palans et dispositifs de suspension de charge et nette augmentation de la fabrication de crics en tant qu&rsquo;\u00e9quipementier d&rsquo;origine pour les voitures particuli\u00e8res.[\/vc_column_text][\/vc_column_inner][vc_column_inner width=\u00a0\u00bb1\/2&Prime;][vc_column_text]\u00c0 partir de 1972, l&rsquo;entreprise a livr\u00e9 des crics \u00e0 Volvo, puis \u00e0 Peugeot et Citro\u00ebn \u00e0 partir de 1980, et a fait ses preuves pendant plus de 20 ans en tant que partenaire fiable et appr\u00e9ci\u00e9 de l&rsquo;industrie automobile europ\u00e9enne.[\/vc_column_text][\/vc_column_inner][\/vc_row_inner][\/vc_column][\/vc_row][vc_row][vc_column width=\u00a0\u00bb1\/4&Prime;][vc_column_text]<\/p>\n<h2>1989<\/h2>\n<p>[\/vc_column_text][\/vc_column][vc_column width=\u00a0\u00bb3\/4&Prime;][vc_row_inner][vc_column_inner width=\u00a0\u00bb1\/2&Prime;][vc_column_text]La situation a radicalement chang\u00e9 avec la chute du rideau de fer et la r\u00e9unification allemande.<\/p>\n<p>La production de crics a d\u00fb faire face \u00e0 la concurrence internationale et n&rsquo;\u00e9tait plus un pilier pour l&rsquo;avenir. L&rsquo;entreprise a donc continu\u00e9 \u00e0 d\u00e9velopper les engins de levage pour les syst\u00e8mes mobiles, qui avaient d\u00e9j\u00e0 \u00e9t\u00e9 con\u00e7us et construits \u00e0 l&rsquo;\u00e9poque de la RDA.[\/vc_column_text][\/vc_column_inner][vc_column_inner width=\u00a0\u00bb1\/2&Prime;][vc_column_text]En se lan\u00e7ant dans le d\u00e9veloppement et la fabrication d&rsquo;\u00e9l\u00e9vateurs verticaux, <b>HETEK <\/b>s&rsquo;est construit parall\u00e8lement un autre pilier au potentiel d&rsquo;avenir, qui offrait un potentiel de croissance en raison de l&rsquo;\u00e9volution d\u00e9mographique et de l&rsquo;obligation l\u00e9gale de rendre les b\u00e2timents accessibles \u00e0 tous, tant dans le secteur public que priv\u00e9.[\/vc_column_text][\/vc_column_inner][\/vc_row_inner][\/vc_column][\/vc_row][vc_row][vc_column width=\u00a0\u00bb1\/4&Prime;][vc_column_text]<\/p>\n<h2>2013<\/h2>\n<p>[\/vc_column_text][\/vc_column][vc_column width=\u00a0\u00bb3\/4&Prime;][vc_column_text]Depuis le 1er novembre 2013, l&rsquo;entreprise a pris le nom de <b>HETEK<\/b> Lift- und Hebetechnik GmbH en tant que filiale de HIRO Lift GmbH avec les groupes de produits \u00e9l\u00e9vateurs verticaux et syst\u00e8mes de levage sur son site habituel de Treffurt en Thuringe.[\/vc_column_text][\/vc_column][\/vc_row]<\/p>\n<\/div>","protected":false},"excerpt":{"rendered":"<p>[vc_row][vc_column][vc_column_text] Historique [\/vc_column_text][\/vc_column][\/vc_row][vc_row][vc_column width=\u00a0\u00bb1\/4&Prime;][vc_column_text] 1949 [\/vc_column_text][\/vc_column][vc_column width=\u00a0\u00bb3\/4&Prime;][vc_column_text]Cr\u00e9ation de[\/vc_column_text][\/vc_column][\/vc_row][vc_row][vc_column width=\u00a0\u00bb1\/4&Prime;][vc_column_text] 1952 [\/vc_column_text][\/vc_column][vc_column width=\u00a0\u00bb3\/4&Prime;][vc_row_inner][vc_column_inner width=\u00a0\u00bb1\/2&Prime;][vc_column_text]Entre 1952 et 1969, l&rsquo;entreprise de Treffurt s&rsquo;est d\u00e9velopp\u00e9e et agrandie gr\u00e2ce \u00e0 une production d&rsquo;appareils de levage en constante augmentation. De nouveaux d\u00e9veloppements et la production de dispositifs de suspension de charges pour la logistique et le transbordement de marchandises ont entra\u00een\u00e9<\/p>\n","protected":false},"author":1,"featured_media":0,"parent":0,"menu_order":0,"comment_status":"closed","ping_status":"closed","template":"","meta":{"_acf_changed":false,"footnotes":""},"class_list":["post-5049","page","type-page","status-publish","hentry"],"acf":[],"yoast_head":"<!-- This site is optimized with the Yoast SEO plugin v27.4 - https:\/\/yoast.com\/product\/yoast-seo-wordpress\/ -->\n<title>L&#039;histoire de HETEK : l&#039;histoire de notre entreprise<\/title>\n<meta name=\"description\" content=\"Apprenez-en plus sur notre parcours depuis la cr\u00e9ation de l&#039;entreprise en 1994 jusqu&#039;\u00e0 la PME prosp\u00e8re que nous sommes aujourd&#039;hui. N&#039;h\u00e9sitez pas \u00e0 nous rendre visite sur | HETEK\" \/>\n<meta name=\"robots\" content=\"index, follow, max-snippet:-1, max-image-preview:large, max-video-preview:-1\" \/>\n<link rel=\"canonical\" href=\"https:\/\/hetek.de\/fr\/?page_id=5049\" \/>\n<meta property=\"og:locale\" content=\"fr_FR\" \/>\n<meta property=\"og:type\" content=\"article\" \/>\n<meta property=\"og:title\" content=\"L&#039;histoire de HETEK : l&#039;histoire de notre entreprise\" \/>\n<meta property=\"og:description\" content=\"Apprenez-en plus sur notre parcours depuis la cr\u00e9ation de l&#039;entreprise en 1994 jusqu&#039;\u00e0 la PME prosp\u00e8re que nous sommes aujourd&#039;hui. N&#039;h\u00e9sitez pas \u00e0 nous rendre visite sur | HETEK\" \/>\n<meta property=\"og:url\" content=\"https:\/\/hetek.de\/fr\/?page_id=5049\" \/>\n<meta property=\"og:site_name\" content=\"HETEK\" \/>\n<meta property=\"article:modified_time\" content=\"2023-11-09T09:28:53+00:00\" \/>\n<meta name=\"twitter:card\" content=\"summary_large_image\" \/>\n<meta name=\"twitter:label1\" content=\"Dur\u00e9e de lecture estim\u00e9e\" \/>\n\t<meta name=\"twitter:data1\" content=\"3 minutes\" \/>\n<script type=\"application\/ld+json\" class=\"yoast-schema-graph\">{\"@context\":\"https:\\\/\\\/schema.org\",\"@graph\":[{\"@type\":\"WebPage\",\"@id\":\"https:\\\/\\\/hetek.de\\\/fr\\\/?page_id=5049\",\"url\":\"https:\\\/\\\/hetek.de\\\/fr\\\/?page_id=5049\",\"name\":\"L'histoire de HETEK : l'histoire de notre entreprise\",\"isPartOf\":{\"@id\":\"https:\\\/\\\/hetek.de\\\/#website\"},\"datePublished\":\"2023-11-09T09:28:52+00:00\",\"dateModified\":\"2023-11-09T09:28:53+00:00\",\"description\":\"Apprenez-en plus sur notre parcours depuis la cr\u00e9ation de l'entreprise en 1994 jusqu'\u00e0 la PME prosp\u00e8re que nous sommes aujourd'hui. N'h\u00e9sitez pas \u00e0 nous rendre visite sur | HETEK\",\"breadcrumb\":{\"@id\":\"https:\\\/\\\/hetek.de\\\/fr\\\/?page_id=5049#breadcrumb\"},\"inLanguage\":\"fr-FR\",\"potentialAction\":[{\"@type\":\"ReadAction\",\"target\":[\"https:\\\/\\\/hetek.de\\\/fr\\\/?page_id=5049\"]}]},{\"@type\":\"BreadcrumbList\",\"@id\":\"https:\\\/\\\/hetek.de\\\/fr\\\/?page_id=5049#breadcrumb\",\"itemListElement\":[{\"@type\":\"ListItem\",\"position\":1,\"name\":\"\",\"item\":\"https:\\\/\\\/hetek.de\\\/fr\\\/\"},{\"@type\":\"ListItem\",\"position\":2,\"name\":\"Historique\"}]},{\"@type\":\"WebSite\",\"@id\":\"https:\\\/\\\/hetek.de\\\/#website\",\"url\":\"https:\\\/\\\/hetek.de\\\/\",\"name\":\"HETEK\",\"description\":\"Le support s\u00fbr pour votre univers mobile.\",\"potentialAction\":[{\"@type\":\"SearchAction\",\"target\":{\"@type\":\"EntryPoint\",\"urlTemplate\":\"https:\\\/\\\/hetek.de\\\/?s={search_term_string}\"},\"query-input\":{\"@type\":\"PropertyValueSpecification\",\"valueRequired\":true,\"valueName\":\"search_term_string\"}}],\"inLanguage\":\"fr-FR\"}]}<\/script>\n<!-- \/ Yoast SEO plugin. -->","yoast_head_json":{"title":"L'histoire de HETEK : l'histoire de notre entreprise","description":"Apprenez-en plus sur notre parcours depuis la cr\u00e9ation de l'entreprise en 1994 jusqu'\u00e0 la PME prosp\u00e8re que nous sommes aujourd'hui. N'h\u00e9sitez pas \u00e0 nous rendre visite sur | HETEK","robots":{"index":"index","follow":"follow","max-snippet":"max-snippet:-1","max-image-preview":"max-image-preview:large","max-video-preview":"max-video-preview:-1"},"canonical":"https:\/\/hetek.de\/fr\/?page_id=5049","og_locale":"fr_FR","og_type":"article","og_title":"L'histoire de HETEK : l'histoire de notre entreprise","og_description":"Apprenez-en plus sur notre parcours depuis la cr\u00e9ation de l'entreprise en 1994 jusqu'\u00e0 la PME prosp\u00e8re que nous sommes aujourd'hui. N'h\u00e9sitez pas \u00e0 nous rendre visite sur | HETEK","og_url":"https:\/\/hetek.de\/fr\/?page_id=5049","og_site_name":"HETEK","article_modified_time":"2023-11-09T09:28:53+00:00","twitter_card":"summary_large_image","twitter_misc":{"Dur\u00e9e de lecture estim\u00e9e":"3 minutes"},"schema":{"@context":"https:\/\/schema.org","@graph":[{"@type":"WebPage","@id":"https:\/\/hetek.de\/fr\/?page_id=5049","url":"https:\/\/hetek.de\/fr\/?page_id=5049","name":"L'histoire de HETEK : l'histoire de notre entreprise","isPartOf":{"@id":"https:\/\/hetek.de\/#website"},"datePublished":"2023-11-09T09:28:52+00:00","dateModified":"2023-11-09T09:28:53+00:00","description":"Apprenez-en plus sur notre parcours depuis la cr\u00e9ation de l'entreprise en 1994 jusqu'\u00e0 la PME prosp\u00e8re que nous sommes aujourd'hui. N'h\u00e9sitez pas \u00e0 nous rendre visite sur | HETEK","breadcrumb":{"@id":"https:\/\/hetek.de\/fr\/?page_id=5049#breadcrumb"},"inLanguage":"fr-FR","potentialAction":[{"@type":"ReadAction","target":["https:\/\/hetek.de\/fr\/?page_id=5049"]}]},{"@type":"BreadcrumbList","@id":"https:\/\/hetek.de\/fr\/?page_id=5049#breadcrumb","itemListElement":[{"@type":"ListItem","position":1,"name":"","item":"https:\/\/hetek.de\/fr\/"},{"@type":"ListItem","position":2,"name":"Historique"}]},{"@type":"WebSite","@id":"https:\/\/hetek.de\/#website","url":"https:\/\/hetek.de\/","name":"HETEK","description":"Le support s\u00fbr pour votre univers mobile.","potentialAction":[{"@type":"SearchAction","target":{"@type":"EntryPoint","urlTemplate":"https:\/\/hetek.de\/?s={search_term_string}"},"query-input":{"@type":"PropertyValueSpecification","valueRequired":true,"valueName":"search_term_string"}}],"inLanguage":"fr-FR"}]}},"_links":{"self":[{"href":"https:\/\/hetek.de\/fr\/wp-json\/wp\/v2\/pages\/5049","targetHints":{"allow":["GET"]}}],"collection":[{"href":"https:\/\/hetek.de\/fr\/wp-json\/wp\/v2\/pages"}],"about":[{"href":"https:\/\/hetek.de\/fr\/wp-json\/wp\/v2\/types\/page"}],"author":[{"embeddable":true,"href":"https:\/\/hetek.de\/fr\/wp-json\/wp\/v2\/users\/1"}],"replies":[{"embeddable":true,"href":"https:\/\/hetek.de\/fr\/wp-json\/wp\/v2\/comments?post=5049"}],"version-history":[{"count":3,"href":"https:\/\/hetek.de\/fr\/wp-json\/wp\/v2\/pages\/5049\/revisions"}],"predecessor-version":[{"id":5063,"href":"https:\/\/hetek.de\/fr\/wp-json\/wp\/v2\/pages\/5049\/revisions\/5063"}],"wp:attachment":[{"href":"https:\/\/hetek.de\/fr\/wp-json\/wp\/v2\/media?parent=5049"}],"curies":[{"name":"wp","href":"https:\/\/api.w.org\/{rel}","templated":true}]}}