{"id":5050,"date":"2023-11-09T10:28:52","date_gmt":"2023-11-09T09:28:52","guid":{"rendered":"https:\/\/hetek.de\/service-2\/"},"modified":"2024-08-13T08:35:11","modified_gmt":"2024-08-13T06:35:11","slug":"service-2","status":"publish","type":"page","link":"https:\/\/hetek.de\/fr\/service-2\/","title":{"rendered":"Service"},"content":{"rendered":"<div class=\"wpb-content-wrapper\"><p>[vc_row][vc_column][vc_column_text]<\/p>\n<h1>Service<\/h1>\n<h2>A tout moment. Partout. En mission pour vous dans le monde entier.<\/h2>\n<p>[\/vc_column_text][vc_row_inner content_placement=\u00a0\u00bbmiddle\u00a0\u00bb][vc_column_inner width=\u00a0\u00bb1\/2&Prime;][vc_column_text]Les produits HETEK sont con\u00e7us et fabriqu\u00e9s pour une dur\u00e9e de vie normative d&rsquo;au moins 10 ans et plus. C&rsquo;est pourquoi nous ne vous laissons pas seuls apr\u00e8s l&rsquo;achat de nos produits et vous proposons un service mondial. Gr\u00e2ce aux entretiens, aux contr\u00f4les, aux r\u00e9parations, \u00e0 la formation, aux cours de formation, aux remises en \u00e9tat en usine et aux pi\u00e8ces de rechange, nous pouvons vous aider \u00e0 maintenir votre \u00e9quipement en \u00e9tat de fonctionnement jusqu&rsquo;\u00e0 15 ans apr\u00e8s l&rsquo;achat.<\/p>\n<p>Nos produits sont soumis aux r\u00e9glementations l\u00e9gales relatives aux appareils de levage. Ceux-ci obligent l&rsquo;exploitant, conform\u00e9ment \u00e0 la loi sur la protection du travail et au d\u00e9cret sur la s\u00e9curit\u00e9 du travail, \u00e0 faire contr\u00f4ler sa technique de levage et de nivellement \u00e0 intervalles r\u00e9guliers par une personne qualifi\u00e9e. Nous vous recommandons de nous confier ces travaux, en tant que fabricant.[\/vc_column_text][vc_column_text]<strong>Notre service vous offre<\/strong><\/p>\n<ul>\n<li>Contr\u00f4les l\u00e9gaux selon le nouveau d\u00e9cret sur la s\u00e9curit\u00e9 des entreprises (BetrSichV 2015)<\/li>\n<li>Prescription DGUV<\/li>\n<li>\u00c9laboration d&rsquo;\u00e9valuations des risques selon BetrSichV 2015<\/li>\n<li>Formation des op\u00e9rateurs<\/li>\n<li>Formation pour l&rsquo;habilitation au contr\u00f4le DGUV Vorschrift 54 sur nos produits<\/li>\n<li>Maintenance et r\u00e9paration sur place<\/li>\n<li>R\u00e9parations en usine de nos appareils de levage<\/li>\n<\/ul>\n<p>[\/vc_column_text][\/vc_column_inner][vc_column_inner width=\u00a0\u00bb1\/2&Prime;][vc_single_image image=\u00a0\u00bb6622&Prime; img_size=\u00a0\u00bbmedium\u00a0\u00bb alignment=\u00a0\u00bbcenter\u00a0\u00bb][\/vc_column_inner][\/vc_row_inner][\/vc_column][\/vc_row][vc_row][vc_column]\n                                    <div class=\"row gallery\">\n                        <div class=\"col-12\">\n                            <div class=\"row gap masonry \">\n                                                                        <div class=\"box-item col-6 col-lg-4 col-xl-3\">\n                                            <div class=\"gap\" style=\"position: relative\">\n                                                <a href=\"https:\/\/hetek.de\/wp-content\/uploads\/2021\/08\/D8N_3550k-1200x801.jpg\" data-toggle=\"lightbox\"\n                                                   style=\"position: relative; display: block;\"\n                                                   data-gallery=\"gallery-galerieid-0\"\n                                                   data-footer=\" \">\n                                                    <img decoding=\"async\" src=\"https:\/\/hetek.de\/wp-content\/uploads\/2021\/08\/D8N_3550k-400x267.jpg\">\n                                                <\/a>\n                                            <\/div>\n                                        <\/div>\n\n                                                                                <div class=\"box-item col-6 col-lg-4 col-xl-3\">\n                                            <div class=\"gap\" style=\"position: relative\">\n                                                <a href=\"https:\/\/hetek.de\/wp-content\/uploads\/2021\/06\/IMG_5588-1200x900.jpg\" data-toggle=\"lightbox\"\n                                                   style=\"position: relative; display: block;\"\n                                                   data-gallery=\"gallery-galerieid-0\"\n                                                   data-footer=\" \">\n                                                    <img decoding=\"async\" src=\"https:\/\/hetek.de\/wp-content\/uploads\/2021\/06\/IMG_5588-400x300.jpg\">\n                                                <\/a>\n                                            <\/div>\n                                        <\/div>\n\n                                                                                <div class=\"box-item col-6 col-lg-4 col-xl-3\">\n                                            <div class=\"gap\" style=\"position: relative\">\n                                                <a href=\"https:\/\/hetek.de\/wp-content\/uploads\/2021\/08\/D8N_3519k-1200x801.jpg\" data-toggle=\"lightbox\"\n                                                   style=\"position: relative; display: block;\"\n                                                   data-gallery=\"gallery-galerieid-0\"\n                                                   data-footer=\" \">\n                                                    <img decoding=\"async\" src=\"https:\/\/hetek.de\/wp-content\/uploads\/2021\/08\/D8N_3519k-400x267.jpg\">\n                                                <\/a>\n                                            <\/div>\n                                        <\/div>\n\n                                                                                <div class=\"box-item col-6 col-lg-4 col-xl-3\">\n                                            <div class=\"gap\" style=\"position: relative\">\n                                                <a href=\"https:\/\/hetek.de\/wp-content\/uploads\/2021\/06\/IMG_5754.jpg\" data-toggle=\"lightbox\"\n                                                   style=\"position: relative; display: block;\"\n                                                   data-gallery=\"gallery-galerieid-0\"\n                                                   data-footer=\" \">\n                                                    <img decoding=\"async\" src=\"https:\/\/hetek.de\/wp-content\/uploads\/2021\/06\/IMG_5754-400x300.jpg\">\n                                                <\/a>\n                                            <\/div>\n                                        <\/div>\n\n                                                                                <div class=\"box-item col-6 col-lg-4 col-xl-3\">\n                                            <div class=\"gap\" style=\"position: relative\">\n                                                <a href=\"https:\/\/hetek.de\/wp-content\/uploads\/2021\/08\/D8N_3509k-1200x801.jpg\" data-toggle=\"lightbox\"\n                                                   style=\"position: relative; display: block;\"\n                                                   data-gallery=\"gallery-galerieid-0\"\n                                                   data-footer=\" \">\n                                                    <img decoding=\"async\" src=\"https:\/\/hetek.de\/wp-content\/uploads\/2021\/08\/D8N_3509k-400x267.jpg\">\n                                                <\/a>\n                                            <\/div>\n                                        <\/div>\n\n                                                                                <div class=\"box-item col-6 col-lg-4 col-xl-3\">\n                                            <div class=\"gap\" style=\"position: relative\">\n                                                <a href=\"https:\/\/hetek.de\/wp-content\/uploads\/2021\/08\/D8N_3502k-1200x801.jpg\" data-toggle=\"lightbox\"\n                                                   style=\"position: relative; display: block;\"\n                                                   data-gallery=\"gallery-galerieid-0\"\n                                                   data-footer=\" \">\n                                                    <img decoding=\"async\" src=\"https:\/\/hetek.de\/wp-content\/uploads\/2021\/08\/D8N_3502k-400x267.jpg\">\n                                                <\/a>\n                                            <\/div>\n                                        <\/div>\n\n                                                                                <div class=\"box-item col-6 col-lg-4 col-xl-3\">\n                                            <div class=\"gap\" style=\"position: relative\">\n                                                <a href=\"https:\/\/hetek.de\/wp-content\/uploads\/2021\/06\/Bild1.jpg\" data-toggle=\"lightbox\"\n                                                   style=\"position: relative; display: block;\"\n                                                   data-gallery=\"gallery-galerieid-0\"\n                                                   data-footer=\" \">\n                                                    <img decoding=\"async\" src=\"https:\/\/hetek.de\/wp-content\/uploads\/2021\/06\/Bild1-400x267.jpg\">\n                                                <\/a>\n                                            <\/div>\n                                        <\/div>\n\n                                                                                <div class=\"box-item col-6 col-lg-4 col-xl-3\">\n                                            <div class=\"gap\" style=\"position: relative\">\n                                                <a href=\"https:\/\/hetek.de\/wp-content\/uploads\/2021\/08\/D8N_3529k-1200x801.jpg\" data-toggle=\"lightbox\"\n                                                   style=\"position: relative; display: block;\"\n                                                   data-gallery=\"gallery-galerieid-0\"\n                                                   data-footer=\" \">\n                                                    <img decoding=\"async\" src=\"https:\/\/hetek.de\/wp-content\/uploads\/2021\/08\/D8N_3529k-400x267.jpg\">\n                                                <\/a>\n                                            <\/div>\n                                        <\/div>\n\n                                                                        <div class=\"grid-sizer col-1\"><\/div>\n                            <\/div>\n                        <\/div>\n                    <\/div>\n                                [\/vc_column][\/vc_row]<\/p>\n<\/div>","protected":false},"excerpt":{"rendered":"<p>[vc_row][vc_column][vc_column_text] Service A tout moment. Partout. En mission pour vous dans le monde entier. [\/vc_column_text][vc_row_inner content_placement=\u00a0\u00bbmiddle\u00a0\u00bb][vc_column_inner width=\u00a0\u00bb1\/2&Prime;][vc_column_text]Les produits HETEK sont con\u00e7us et fabriqu\u00e9s pour une dur\u00e9e de vie normative d&rsquo;au moins 10 ans et plus. C&rsquo;est pourquoi nous ne vous laissons pas seuls apr\u00e8s l&rsquo;achat de nos produits et vous proposons un service mondial. Gr\u00e2ce<\/p>\n","protected":false},"author":1,"featured_media":6622,"parent":0,"menu_order":0,"comment_status":"closed","ping_status":"closed","template":"","meta":{"_acf_changed":false,"footnotes":""},"class_list":["post-5050","page","type-page","status-publish","has-post-thumbnail","hentry"],"acf":[],"yoast_head":"<!-- This site is optimized with the Yoast SEO plugin v27.3 - https:\/\/yoast.com\/product\/yoast-seo-wordpress\/ -->\n<title>Notre service est toujours l\u00e0 pour vous - m\u00eame apr\u00e8s l&#039;achat<\/title>\n<meta name=\"description\" content=\"Gr\u00e2ce \u00e0 notre service mondial, nous vous aidons, en tant que fabricant, \u00e0 maintenir votre \u00e9quipement en \u00e9tat de fonctionnement \u00e0 long terme. Maintenant sur | HETEK\" \/>\n<meta name=\"robots\" content=\"index, follow, max-snippet:-1, max-image-preview:large, max-video-preview:-1\" \/>\n<link rel=\"canonical\" href=\"https:\/\/hetek.de\/fr\/service-2\/\" \/>\n<meta property=\"og:locale\" content=\"fr_FR\" \/>\n<meta property=\"og:type\" content=\"article\" \/>\n<meta property=\"og:title\" content=\"Notre service est toujours l\u00e0 pour vous - m\u00eame apr\u00e8s l&#039;achat\" \/>\n<meta property=\"og:description\" content=\"Gr\u00e2ce \u00e0 notre service mondial, nous vous aidons, en tant que fabricant, \u00e0 maintenir votre \u00e9quipement en \u00e9tat de fonctionnement \u00e0 long terme. Maintenant sur | HETEK\" \/>\n<meta property=\"og:url\" content=\"https:\/\/hetek.de\/fr\/service-2\/\" \/>\n<meta property=\"og:site_name\" content=\"HETEK\" \/>\n<meta property=\"article:modified_time\" content=\"2024-08-13T06:35:11+00:00\" \/>\n<meta property=\"og:image\" content=\"https:\/\/hetek.de\/wp-content\/uploads\/2024\/08\/HETEK-MaintenanceService-2024-RGB_Zeichenflaeche-1-Kopie.png\" \/>\n\t<meta property=\"og:image:width\" content=\"2481\" \/>\n\t<meta property=\"og:image:height\" content=\"2481\" \/>\n\t<meta property=\"og:image:type\" content=\"image\/png\" \/>\n<meta name=\"twitter:card\" content=\"summary_large_image\" \/>\n<meta name=\"twitter:label1\" content=\"Dur\u00e9e de lecture estim\u00e9e\" \/>\n\t<meta name=\"twitter:data1\" content=\"1 minute\" \/>\n<script type=\"application\/ld+json\" class=\"yoast-schema-graph\">{\"@context\":\"https:\\\/\\\/schema.org\",\"@graph\":[{\"@type\":\"WebPage\",\"@id\":\"https:\\\/\\\/hetek.de\\\/fr\\\/service-2\\\/\",\"url\":\"https:\\\/\\\/hetek.de\\\/fr\\\/service-2\\\/\",\"name\":\"Notre service est toujours l\u00e0 pour vous - m\u00eame apr\u00e8s l'achat\",\"isPartOf\":{\"@id\":\"https:\\\/\\\/hetek.de\\\/#website\"},\"primaryImageOfPage\":{\"@id\":\"https:\\\/\\\/hetek.de\\\/fr\\\/service-2\\\/#primaryimage\"},\"image\":{\"@id\":\"https:\\\/\\\/hetek.de\\\/fr\\\/service-2\\\/#primaryimage\"},\"thumbnailUrl\":\"https:\\\/\\\/hetek.de\\\/wp-content\\\/uploads\\\/2024\\\/08\\\/HETEK-MaintenanceService-2024-RGB_Zeichenflaeche-1-Kopie.png\",\"datePublished\":\"2023-11-09T09:28:52+00:00\",\"dateModified\":\"2024-08-13T06:35:11+00:00\",\"description\":\"Gr\u00e2ce \u00e0 notre service mondial, nous vous aidons, en tant que fabricant, \u00e0 maintenir votre \u00e9quipement en \u00e9tat de fonctionnement \u00e0 long terme. Maintenant sur | HETEK\",\"breadcrumb\":{\"@id\":\"https:\\\/\\\/hetek.de\\\/fr\\\/service-2\\\/#breadcrumb\"},\"inLanguage\":\"fr-FR\",\"potentialAction\":[{\"@type\":\"ReadAction\",\"target\":[\"https:\\\/\\\/hetek.de\\\/fr\\\/service-2\\\/\"]}]},{\"@type\":\"ImageObject\",\"inLanguage\":\"fr-FR\",\"@id\":\"https:\\\/\\\/hetek.de\\\/fr\\\/service-2\\\/#primaryimage\",\"url\":\"https:\\\/\\\/hetek.de\\\/wp-content\\\/uploads\\\/2024\\\/08\\\/HETEK-MaintenanceService-2024-RGB_Zeichenflaeche-1-Kopie.png\",\"contentUrl\":\"https:\\\/\\\/hetek.de\\\/wp-content\\\/uploads\\\/2024\\\/08\\\/HETEK-MaintenanceService-2024-RGB_Zeichenflaeche-1-Kopie.png\",\"width\":2481,\"height\":2481},{\"@type\":\"BreadcrumbList\",\"@id\":\"https:\\\/\\\/hetek.de\\\/fr\\\/service-2\\\/#breadcrumb\",\"itemListElement\":[{\"@type\":\"ListItem\",\"position\":1,\"name\":\"\",\"item\":\"https:\\\/\\\/hetek.de\\\/fr\\\/\"},{\"@type\":\"ListItem\",\"position\":2,\"name\":\"Service\"}]},{\"@type\":\"WebSite\",\"@id\":\"https:\\\/\\\/hetek.de\\\/#website\",\"url\":\"https:\\\/\\\/hetek.de\\\/\",\"name\":\"HETEK\",\"description\":\"Le support s\u00fbr pour votre univers mobile.\",\"potentialAction\":[{\"@type\":\"SearchAction\",\"target\":{\"@type\":\"EntryPoint\",\"urlTemplate\":\"https:\\\/\\\/hetek.de\\\/?s={search_term_string}\"},\"query-input\":{\"@type\":\"PropertyValueSpecification\",\"valueRequired\":true,\"valueName\":\"search_term_string\"}}],\"inLanguage\":\"fr-FR\"}]}<\/script>\n<!-- \/ Yoast SEO plugin. -->","yoast_head_json":{"title":"Notre service est toujours l\u00e0 pour vous - m\u00eame apr\u00e8s l'achat","description":"Gr\u00e2ce \u00e0 notre service mondial, nous vous aidons, en tant que fabricant, \u00e0 maintenir votre \u00e9quipement en \u00e9tat de fonctionnement \u00e0 long terme. Maintenant sur | HETEK","robots":{"index":"index","follow":"follow","max-snippet":"max-snippet:-1","max-image-preview":"max-image-preview:large","max-video-preview":"max-video-preview:-1"},"canonical":"https:\/\/hetek.de\/fr\/service-2\/","og_locale":"fr_FR","og_type":"article","og_title":"Notre service est toujours l\u00e0 pour vous - m\u00eame apr\u00e8s l'achat","og_description":"Gr\u00e2ce \u00e0 notre service mondial, nous vous aidons, en tant que fabricant, \u00e0 maintenir votre \u00e9quipement en \u00e9tat de fonctionnement \u00e0 long terme. Maintenant sur | HETEK","og_url":"https:\/\/hetek.de\/fr\/service-2\/","og_site_name":"HETEK","article_modified_time":"2024-08-13T06:35:11+00:00","og_image":[{"width":2481,"height":2481,"url":"https:\/\/hetek.de\/wp-content\/uploads\/2024\/08\/HETEK-MaintenanceService-2024-RGB_Zeichenflaeche-1-Kopie.png","type":"image\/png"}],"twitter_card":"summary_large_image","twitter_misc":{"Dur\u00e9e de lecture estim\u00e9e":"1 minute"},"schema":{"@context":"https:\/\/schema.org","@graph":[{"@type":"WebPage","@id":"https:\/\/hetek.de\/fr\/service-2\/","url":"https:\/\/hetek.de\/fr\/service-2\/","name":"Notre service est toujours l\u00e0 pour vous - m\u00eame apr\u00e8s l'achat","isPartOf":{"@id":"https:\/\/hetek.de\/#website"},"primaryImageOfPage":{"@id":"https:\/\/hetek.de\/fr\/service-2\/#primaryimage"},"image":{"@id":"https:\/\/hetek.de\/fr\/service-2\/#primaryimage"},"thumbnailUrl":"https:\/\/hetek.de\/wp-content\/uploads\/2024\/08\/HETEK-MaintenanceService-2024-RGB_Zeichenflaeche-1-Kopie.png","datePublished":"2023-11-09T09:28:52+00:00","dateModified":"2024-08-13T06:35:11+00:00","description":"Gr\u00e2ce \u00e0 notre service mondial, nous vous aidons, en tant que fabricant, \u00e0 maintenir votre \u00e9quipement en \u00e9tat de fonctionnement \u00e0 long terme. Maintenant sur | HETEK","breadcrumb":{"@id":"https:\/\/hetek.de\/fr\/service-2\/#breadcrumb"},"inLanguage":"fr-FR","potentialAction":[{"@type":"ReadAction","target":["https:\/\/hetek.de\/fr\/service-2\/"]}]},{"@type":"ImageObject","inLanguage":"fr-FR","@id":"https:\/\/hetek.de\/fr\/service-2\/#primaryimage","url":"https:\/\/hetek.de\/wp-content\/uploads\/2024\/08\/HETEK-MaintenanceService-2024-RGB_Zeichenflaeche-1-Kopie.png","contentUrl":"https:\/\/hetek.de\/wp-content\/uploads\/2024\/08\/HETEK-MaintenanceService-2024-RGB_Zeichenflaeche-1-Kopie.png","width":2481,"height":2481},{"@type":"BreadcrumbList","@id":"https:\/\/hetek.de\/fr\/service-2\/#breadcrumb","itemListElement":[{"@type":"ListItem","position":1,"name":"","item":"https:\/\/hetek.de\/fr\/"},{"@type":"ListItem","position":2,"name":"Service"}]},{"@type":"WebSite","@id":"https:\/\/hetek.de\/#website","url":"https:\/\/hetek.de\/","name":"HETEK","description":"Le support s\u00fbr pour votre univers mobile.","potentialAction":[{"@type":"SearchAction","target":{"@type":"EntryPoint","urlTemplate":"https:\/\/hetek.de\/?s={search_term_string}"},"query-input":{"@type":"PropertyValueSpecification","valueRequired":true,"valueName":"search_term_string"}}],"inLanguage":"fr-FR"}]}},"_links":{"self":[{"href":"https:\/\/hetek.de\/fr\/wp-json\/wp\/v2\/pages\/5050","targetHints":{"allow":["GET"]}}],"collection":[{"href":"https:\/\/hetek.de\/fr\/wp-json\/wp\/v2\/pages"}],"about":[{"href":"https:\/\/hetek.de\/fr\/wp-json\/wp\/v2\/types\/page"}],"author":[{"embeddable":true,"href":"https:\/\/hetek.de\/fr\/wp-json\/wp\/v2\/users\/1"}],"replies":[{"embeddable":true,"href":"https:\/\/hetek.de\/fr\/wp-json\/wp\/v2\/comments?post=5050"}],"version-history":[{"count":7,"href":"https:\/\/hetek.de\/fr\/wp-json\/wp\/v2\/pages\/5050\/revisions"}],"predecessor-version":[{"id":6636,"href":"https:\/\/hetek.de\/fr\/wp-json\/wp\/v2\/pages\/5050\/revisions\/6636"}],"wp:featuredmedia":[{"embeddable":true,"href":"https:\/\/hetek.de\/fr\/wp-json\/wp\/v2\/media\/6622"}],"wp:attachment":[{"href":"https:\/\/hetek.de\/fr\/wp-json\/wp\/v2\/media?parent=5050"}],"curies":[{"name":"wp","href":"https:\/\/api.w.org\/{rel}","templated":true}]}}