{"id":5077,"date":"2023-11-09T10:28:56","date_gmt":"2023-11-09T09:28:56","guid":{"rendered":"https:\/\/hetek.de\/qualite-certificats\/"},"modified":"2025-07-02T16:40:06","modified_gmt":"2025-07-02T14:40:06","slug":"qualite-certificats","status":"publish","type":"page","link":"https:\/\/hetek.de\/fr\/qualite-certificats\/","title":{"rendered":"Qualit\u00e9 &amp; Certificats"},"content":{"rendered":"<div class=\"wpb-content-wrapper\"><p>[vc_row][vc_column][vc_column_text]<\/p>\n<h1>Qualit\u00e9 &amp; Certificats<\/h1>\n<p>[\/vc_column_text][vc_row_inner][vc_column_inner width=\u00a0\u00bb1\/2&Prime;][vc_column_text]Nos produits ont fait leurs preuves dans le monde entier.<\/p>\n<p>Avec le bon m\u00e9lange de tradition et d&rsquo;innovation, nous garantissons la haute qualit\u00e9 de nos produits \u00ab\u00a0Made in Germany\u00a0\u00bb.<\/p>\n<p>Bien entendu, nous proposons un service apr\u00e8s-vente de qualit\u00e9 et pouvons vous fournir des pi\u00e8ces de rechange pendant des ann\u00e9es.<\/p>\n<p>Notre technologie moderne de CAO et de fabrication permet d&rsquo;adapter et d&rsquo;int\u00e9grer en toute s\u00e9curit\u00e9 notre technique de levage \u00e0 vos syst\u00e8mes mobiles. L&rsquo;\u00e9change et le traitement commun de formats de dessins modifiables sont une pratique quotidienne.[\/vc_column_text][\/vc_column_inner][vc_column_inner width=\u00a0\u00bb1\/2&Prime;][vc_column_text]La gestion de la qualit\u00e9 selon ISO 9001:2015 et la certification de soudage selon EN 1090 vous offrent une grande s\u00e9curit\u00e9 des produits.<\/p>\n<p>Avant la livraison, toutes les installations sont soumises \u00e0 des tests de fonctionnement finaux avec surcharge, qui sont document\u00e9s en d\u00e9tail.<\/p>\n<p>Dans le domaine militaire sensible, nos produits disposent de num\u00e9ros d&rsquo;approvisionnement (NSN) qui garantissent une identification claire et l&rsquo;attribution au fabricant d&rsquo;origine.[\/vc_column_text][\/vc_column_inner][\/vc_row_inner][\/vc_column][\/vc_row][vc_row][vc_column width=\u00a0\u00bb1\/2&Prime;][vc_column_text css=\u00a0\u00bb\u00a0\u00bb]<\/p>\n<h3>DIN EN ISO 9001:2015<\/h3>\n<p><a href=\"https:\/\/hetek.de\/wp-content\/uploads\/2025\/07\/Z250521_9001_en.pdf\" class=\"pdfemb-viewer\" style=\"\" data-width=\"max\" data-height=\"max\" data-toolbar=\"bottom\" data-toolbar-fixed=\"off\">Z250521_9001_en<\/a>[\/vc_column_text][vc_column_text css=\u00a0\u00bb\u00a0\u00bb]<div class=\"downloaditem\">\r\n    <a class=\"download-link\" title=\"\" href=\"https:\/\/hetek.de\/fr\/download\/7351\/?tmstv=1775517652\"\r\n       rel=\"nofollow\">\r\n            <div class=\"row\">\r\n                <div class=\"col-12 col-md-9 align-self-center text-center text-md-left\">\r\n                    <h5 class=\"noanchor\">\r\n                        DIN EN ISO 9001:2015 (EN)                    <\/h5>\r\n                    <div class=\"small text-center text-md-left\">\r\n\r\n                                        <\/div>\r\n                <\/div>\r\n                <div class=\"col-12 col-md-3 text-center col-auto small align-self-center text-center\">\r\n                    <div class=\"row justify-content-center\">\r\n                        <div class=\"col-auto text-center align-self-center\">\r\n                            <i class=\"fa fa-download\" aria-hidden=\"true\"><\/i>\r\n                        <\/div>\r\n                        <div class=\"col-auto small align-self-center\">\r\n                            downloaden (218,47 Ko)\r\n                        <\/div>\r\n                    <\/div>\r\n\r\n                <\/div>\r\n            <\/div>\r\n    <\/a>\r\n<\/div>[\/vc_column_text][\/vc_column][vc_column width=\u00a0\u00bb1\/2&Prime;][vc_column_text]<\/p>\n<h3>Certificat de soudage<\/h3>\n<p><a href=\"https:\/\/hetek.de\/wp-content\/uploads\/2023\/11\/EN1090-Schweissen-dt-2023.pdf\" class=\"pdfemb-viewer\" style=\"\" data-width=\"max\" data-height=\"max\" data-toolbar=\"bottom\" data-toolbar-fixed=\"off\">EN1090 Soudage dt 2023<\/a>[\/vc_column_text][vc_column_text]<div class=\"downloaditem\">\r\n    <a class=\"download-link\" title=\"\" href=\"https:\/\/hetek.de\/fr\/download\/5512\/?tmstv=1775517652\"\r\n       rel=\"nofollow\">\r\n            <div class=\"row\">\r\n                <div class=\"col-12 col-md-9 align-self-center text-center text-md-left\">\r\n                    <h5 class=\"noanchor\">\r\n                        EN1090-Schweissen-dt-2023-1.pdf                    <\/h5>\r\n                    <div class=\"small text-center text-md-left\">\r\n\r\n                                        <\/div>\r\n                <\/div>\r\n                <div class=\"col-12 col-md-3 text-center col-auto small align-self-center text-center\">\r\n                    <div class=\"row justify-content-center\">\r\n                        <div class=\"col-auto text-center align-self-center\">\r\n                            <i class=\"fa fa-download\" aria-hidden=\"true\"><\/i>\r\n                        <\/div>\r\n                        <div class=\"col-auto small align-self-center\">\r\n                            downloaden (638,18 Ko)\r\n                        <\/div>\r\n                    <\/div>\r\n\r\n                <\/div>\r\n            <\/div>\r\n    <\/a>\r\n<\/div>[\/vc_column_text][\/vc_column][\/vc_row]<\/p>\n<\/div>","protected":false},"excerpt":{"rendered":"<p>[vc_row][vc_column][vc_column_text] Qualit\u00e9 &amp; Certificats [\/vc_column_text][vc_row_inner][vc_column_inner width=\u00a0\u00bb1\/2&Prime;][vc_column_text]Nos produits ont fait leurs preuves dans le monde entier. Avec le bon m\u00e9lange de tradition et d&rsquo;innovation, nous garantissons la haute qualit\u00e9 de nos produits \u00ab\u00a0Made in Germany\u00a0\u00bb. Bien entendu, nous proposons un service apr\u00e8s-vente de qualit\u00e9 et pouvons vous fournir des pi\u00e8ces de rechange pendant des ann\u00e9es. Notre<\/p>\n","protected":false},"author":1,"featured_media":0,"parent":0,"menu_order":0,"comment_status":"closed","ping_status":"closed","template":"","meta":{"_acf_changed":false,"footnotes":""},"class_list":["post-5077","page","type-page","status-publish","hentry"],"acf":[],"yoast_head":"<!-- This site is optimized with the Yoast SEO plugin v27.3 - https:\/\/yoast.com\/product\/yoast-seo-wordpress\/ -->\n<title>Qualit\u00e9 &amp; certificats HETEK - &quot;Fabriqu\u00e9 en Allemagne<\/title>\n<meta name=\"description\" content=\"La combinaison de la s\u00e9curit\u00e9, de la qualit\u00e9 et de l&#039;innovation est tr\u00e8s importante pour nos produits - tout pour une dur\u00e9e de vie la plus longue possible | HETEK\" \/>\n<meta name=\"robots\" content=\"index, follow, max-snippet:-1, max-image-preview:large, max-video-preview:-1\" \/>\n<link rel=\"canonical\" href=\"https:\/\/hetek.de\/fr\/qualite-certificats\/\" \/>\n<meta property=\"og:locale\" content=\"fr_FR\" \/>\n<meta property=\"og:type\" content=\"article\" \/>\n<meta property=\"og:title\" content=\"Qualit\u00e9 &amp; certificats HETEK - &quot;Fabriqu\u00e9 en Allemagne\" \/>\n<meta property=\"og:description\" content=\"La combinaison de la s\u00e9curit\u00e9, de la qualit\u00e9 et de l&#039;innovation est tr\u00e8s importante pour nos produits - tout pour une dur\u00e9e de vie la plus longue possible | HETEK\" \/>\n<meta property=\"og:url\" content=\"https:\/\/hetek.de\/fr\/qualite-certificats\/\" \/>\n<meta property=\"og:site_name\" content=\"HETEK\" \/>\n<meta property=\"article:modified_time\" content=\"2025-07-02T14:40:06+00:00\" \/>\n<meta name=\"twitter:card\" content=\"summary_large_image\" \/>\n<meta name=\"twitter:label1\" content=\"Dur\u00e9e de lecture estim\u00e9e\" \/>\n\t<meta name=\"twitter:data1\" content=\"1 minute\" \/>\n<script type=\"application\/ld+json\" class=\"yoast-schema-graph\">{\"@context\":\"https:\\\/\\\/schema.org\",\"@graph\":[{\"@type\":\"WebPage\",\"@id\":\"https:\\\/\\\/hetek.de\\\/fr\\\/qualite-certificats\\\/\",\"url\":\"https:\\\/\\\/hetek.de\\\/fr\\\/qualite-certificats\\\/\",\"name\":\"Qualit\u00e9 & certificats HETEK - \\\"Fabriqu\u00e9 en Allemagne\",\"isPartOf\":{\"@id\":\"https:\\\/\\\/hetek.de\\\/#website\"},\"datePublished\":\"2023-11-09T09:28:56+00:00\",\"dateModified\":\"2025-07-02T14:40:06+00:00\",\"description\":\"La combinaison de la s\u00e9curit\u00e9, de la qualit\u00e9 et de l'innovation est tr\u00e8s importante pour nos produits - tout pour une dur\u00e9e de vie la plus longue possible | HETEK\",\"breadcrumb\":{\"@id\":\"https:\\\/\\\/hetek.de\\\/fr\\\/qualite-certificats\\\/#breadcrumb\"},\"inLanguage\":\"fr-FR\",\"potentialAction\":[{\"@type\":\"ReadAction\",\"target\":[\"https:\\\/\\\/hetek.de\\\/fr\\\/qualite-certificats\\\/\"]}]},{\"@type\":\"BreadcrumbList\",\"@id\":\"https:\\\/\\\/hetek.de\\\/fr\\\/qualite-certificats\\\/#breadcrumb\",\"itemListElement\":[{\"@type\":\"ListItem\",\"position\":1,\"name\":\"\",\"item\":\"https:\\\/\\\/hetek.de\\\/fr\\\/\"},{\"@type\":\"ListItem\",\"position\":2,\"name\":\"Qualit\u00e9 &amp; Certificats\"}]},{\"@type\":\"WebSite\",\"@id\":\"https:\\\/\\\/hetek.de\\\/#website\",\"url\":\"https:\\\/\\\/hetek.de\\\/\",\"name\":\"HETEK\",\"description\":\"Le support s\u00fbr pour votre univers mobile.\",\"potentialAction\":[{\"@type\":\"SearchAction\",\"target\":{\"@type\":\"EntryPoint\",\"urlTemplate\":\"https:\\\/\\\/hetek.de\\\/?s={search_term_string}\"},\"query-input\":{\"@type\":\"PropertyValueSpecification\",\"valueRequired\":true,\"valueName\":\"search_term_string\"}}],\"inLanguage\":\"fr-FR\"}]}<\/script>\n<!-- \/ Yoast SEO plugin. -->","yoast_head_json":{"title":"Qualit\u00e9 & certificats HETEK - \"Fabriqu\u00e9 en Allemagne","description":"La combinaison de la s\u00e9curit\u00e9, de la qualit\u00e9 et de l'innovation est tr\u00e8s importante pour nos produits - tout pour une dur\u00e9e de vie la plus longue possible | HETEK","robots":{"index":"index","follow":"follow","max-snippet":"max-snippet:-1","max-image-preview":"max-image-preview:large","max-video-preview":"max-video-preview:-1"},"canonical":"https:\/\/hetek.de\/fr\/qualite-certificats\/","og_locale":"fr_FR","og_type":"article","og_title":"Qualit\u00e9 & certificats HETEK - \"Fabriqu\u00e9 en Allemagne","og_description":"La combinaison de la s\u00e9curit\u00e9, de la qualit\u00e9 et de l'innovation est tr\u00e8s importante pour nos produits - tout pour une dur\u00e9e de vie la plus longue possible | HETEK","og_url":"https:\/\/hetek.de\/fr\/qualite-certificats\/","og_site_name":"HETEK","article_modified_time":"2025-07-02T14:40:06+00:00","twitter_card":"summary_large_image","twitter_misc":{"Dur\u00e9e de lecture estim\u00e9e":"1 minute"},"schema":{"@context":"https:\/\/schema.org","@graph":[{"@type":"WebPage","@id":"https:\/\/hetek.de\/fr\/qualite-certificats\/","url":"https:\/\/hetek.de\/fr\/qualite-certificats\/","name":"Qualit\u00e9 & certificats HETEK - \"Fabriqu\u00e9 en Allemagne","isPartOf":{"@id":"https:\/\/hetek.de\/#website"},"datePublished":"2023-11-09T09:28:56+00:00","dateModified":"2025-07-02T14:40:06+00:00","description":"La combinaison de la s\u00e9curit\u00e9, de la qualit\u00e9 et de l'innovation est tr\u00e8s importante pour nos produits - tout pour une dur\u00e9e de vie la plus longue possible | HETEK","breadcrumb":{"@id":"https:\/\/hetek.de\/fr\/qualite-certificats\/#breadcrumb"},"inLanguage":"fr-FR","potentialAction":[{"@type":"ReadAction","target":["https:\/\/hetek.de\/fr\/qualite-certificats\/"]}]},{"@type":"BreadcrumbList","@id":"https:\/\/hetek.de\/fr\/qualite-certificats\/#breadcrumb","itemListElement":[{"@type":"ListItem","position":1,"name":"","item":"https:\/\/hetek.de\/fr\/"},{"@type":"ListItem","position":2,"name":"Qualit\u00e9 &amp; Certificats"}]},{"@type":"WebSite","@id":"https:\/\/hetek.de\/#website","url":"https:\/\/hetek.de\/","name":"HETEK","description":"Le support s\u00fbr pour votre univers mobile.","potentialAction":[{"@type":"SearchAction","target":{"@type":"EntryPoint","urlTemplate":"https:\/\/hetek.de\/?s={search_term_string}"},"query-input":{"@type":"PropertyValueSpecification","valueRequired":true,"valueName":"search_term_string"}}],"inLanguage":"fr-FR"}]}},"_links":{"self":[{"href":"https:\/\/hetek.de\/fr\/wp-json\/wp\/v2\/pages\/5077","targetHints":{"allow":["GET"]}}],"collection":[{"href":"https:\/\/hetek.de\/fr\/wp-json\/wp\/v2\/pages"}],"about":[{"href":"https:\/\/hetek.de\/fr\/wp-json\/wp\/v2\/types\/page"}],"author":[{"embeddable":true,"href":"https:\/\/hetek.de\/fr\/wp-json\/wp\/v2\/users\/1"}],"replies":[{"embeddable":true,"href":"https:\/\/hetek.de\/fr\/wp-json\/wp\/v2\/comments?post=5077"}],"version-history":[{"count":14,"href":"https:\/\/hetek.de\/fr\/wp-json\/wp\/v2\/pages\/5077\/revisions"}],"predecessor-version":[{"id":7354,"href":"https:\/\/hetek.de\/fr\/wp-json\/wp\/v2\/pages\/5077\/revisions\/7354"}],"wp:attachment":[{"href":"https:\/\/hetek.de\/fr\/wp-json\/wp\/v2\/media?parent=5077"}],"curies":[{"name":"wp","href":"https:\/\/api.w.org\/{rel}","templated":true}]}}