{"id":5084,"date":"2023-11-09T10:28:57","date_gmt":"2023-11-09T09:28:57","guid":{"rendered":"https:\/\/hetek.de\/applications\/exemples-dapplication-vehicules-et-remorques\/"},"modified":"2023-11-09T10:28:58","modified_gmt":"2023-11-09T09:28:58","slug":"exemples-dapplication-vehicules-et-remorques","status":"publish","type":"page","link":"https:\/\/hetek.de\/fr\/applications\/exemples-dapplication-vehicules-et-remorques\/","title":{"rendered":"Exemples d&rsquo;application V\u00e9hicules et remorques"},"content":{"rendered":"<div class=\"wpb-content-wrapper\"><p>[vc_section][vc_row][vc_column][vc_column_text]<\/p>\n<h1>V\u00e9hicules et remorques<\/h1>\n<p>[\/vc_column_text][vc_row_inner][vc_column_inner width=\u00a0\u00bb1\/2&Prime;][vc_column_text]Nos produits du domaine des applications mobiles sont con\u00e7us aussi bien pour \u00eatre int\u00e9gr\u00e9s dans des camions, des bus, des camionnettes, des pick-up et des quads que pour \u00eatre utilis\u00e9s sur des remorques de tous types.<\/p>\n<p>Une stabilisation du v\u00e9hicule ou de la remorque est absolument n\u00e9cessaire pour un fonctionnement sans faille du syst\u00e8me mobile. Sur le terrain, une mise en service rapide du syst\u00e8me sur le lieu de destination est une exigence fr\u00e9quente et prioritaire.<\/p>\n<p>Les b\u00e9quilles de mise \u00e0 niveau adapt\u00e9es \u00e0 cet effet sont donc \u00e9quip\u00e9es d&rsquo;une course de chute suppl\u00e9mentaire permettant une mise \u00e0 niveau rapide.[\/vc_column_text][\/vc_column_inner][vc_column_inner width=\u00a0\u00bb1\/2&Prime;][vc_column_text]Gr\u00e2ce \u00e0 diff\u00e9rentes possibilit\u00e9s de modification, nous pouvons adapter nos produits individuellement \u00e0 votre utilisation.<\/p>\n<p>Qu&rsquo;il s&rsquo;agisse d&rsquo;un entra\u00eenement manuel simple ou d&rsquo;un entra\u00eenement \u00e9lectromotoris\u00e9 avec r\u00e9glage automatique de la position, qu&rsquo;il soit fixe ou escamotable, qu&rsquo;il puisse \u00eatre command\u00e9 de l&rsquo;int\u00e9rieur ou de l&rsquo;ext\u00e9rieur du v\u00e9hicule, qu&rsquo;il s&rsquo;agisse d&rsquo;un mod\u00e8le standard ou d&rsquo;un produit n\u00e9cessitant une rigidit\u00e9 accrue de la construction, nous concevons et fabriquons le produit qui r\u00e9pond \u00e0 vos besoins.[\/vc_column_text][\/vc_column_inner][\/vc_row_inner][\/vc_column][\/vc_row][\/vc_section][vc_section][vc_row][vc_column]\n                            <div class=\"form-row gap\">\n                                                <div class=\"col-auto\">\n                                <a href=\"#bequilles-de-mise-a-niveau\"\n                                   class=\"btn btn-default btn-anchor\">B\u00e9quilles de mise \u00e0 niveau<\/a>\n                            <\/div>\n                                        <\/div>\n                                    <section id=\"bequilles-de-mise-a-niveau\" class=\"item-holder\">\n                        <div class=\"row\">\n                            <div class=\"col-12\">\n                                <h2>B\u00e9quilles de mise \u00e0 niveau<\/h2>\n                            <\/div>\n                        <\/div>\n                        <div class=\"row itemcontainer\">\n                                                            <div class=\"col-12 col-md-6\">\n                                    \r\n<div class=\"previewitem beispielitem postitem\">\r\n    <a href=\"https:\/\/hetek.de\/beispiel\/nivellierstuetze-typ-274-fuer-funktiomsmodule-und-trailer-bis-10-t-gesamtgewicht-2\/\">\r\n        <div class=\"previewimage\">\r\n            <div class=\"backgrounder\"\r\n                 style=\" background-image: url(https:\/\/hetek.de\/wp-content\/uploads\/2021\/05\/Typ-274-Foto-001-400x534.jpg)\">\r\n            <\/div>\r\n        <\/div>\r\n    <\/a>\r\n    <div class=\"previewcontainer\">\r\n        <div class=\"previewheader small-gap\">\r\n            <h3 class=\"small-gap\">Nivellierst\u00fctze Typ 274 f\u00fcr Funktionsmodule und Trailer bis 10 t Gesamtgewicht<\/h3>\r\n                            <p>\r\n                Die Nivellierst\u00fctzen der Baureihe 274 werden in verschiedenen Modifikationen mit verschiedenen Schnittstellen hergestellt                <\/p>\r\n                        <\/div>\r\n        <div class=\"previewbuttons\">\r\n                                <p>\r\n                        <a class=\"btn btn-default btn-secondary btn-block\"\r\n                           target=\"_blank\"\r\n                           href=\"https:\/\/hetek.de\/produkte\/nivellierstuetze-274\/\"><b>\r\n                                Produit : Nivellierst\u00fctze 274<\/b>\r\n                        <\/a>\r\n                    <\/p>\r\n                                            <p>\r\n                <a href=\"https:\/\/hetek.de\/beispiel\/nivellierstuetze-typ-274-fuer-funktiomsmodule-und-trailer-bis-10-t-gesamtgewicht-2\/\"\r\n                   class=\"btn btn-default btn-block\">Lire la suite<\/a>\r\n            <\/p><\/div>\r\n    <\/div>\r\n<\/div>\r\n                                <\/div>\n                                                            <div class=\"col-12 col-md-6\">\n                                    \r\n<div class=\"previewitem beispielitem postitem\">\r\n    <a href=\"https:\/\/hetek.de\/beispiel\/nivellierstuetze-typ-282-fuer-fahrzeuge-funktionsmodule-und-container-mit-sendemasten-2\/\">\r\n        <div class=\"previewimage\">\r\n            <div class=\"backgrounder\"\r\n                 style=\" background-image: url(https:\/\/hetek.de\/wp-content\/uploads\/2021\/06\/Typ-282-Foto-005-400x534.jpg)\">\r\n            <\/div>\r\n        <\/div>\r\n    <\/a>\r\n    <div class=\"previewcontainer\">\r\n        <div class=\"previewheader small-gap\">\r\n            <h3 class=\"small-gap\">Nivellierst\u00fctze Typ 282 F\u00fcr Fahrzeuge, Funktionsmodule und Container mit Sendemasten<\/h3>\r\n                            <p>\r\n                Die Nivellierst\u00fctzen der Baureihe 282 werden in verschiedenen Modifikationen und mit verschiedenen Schnittstellen hergestellt                <\/p>\r\n                        <\/div>\r\n        <div class=\"previewbuttons\">\r\n                                <p>\r\n                        <a class=\"btn btn-default btn-secondary btn-block\"\r\n                           target=\"_blank\"\r\n                           href=\"https:\/\/hetek.de\/produkte\/nivellierstuetze-282\/\"><b>\r\n                                Produit : Nivellierst\u00fctze 282<\/b>\r\n                        <\/a>\r\n                    <\/p>\r\n                                            <p>\r\n                <a href=\"https:\/\/hetek.de\/beispiel\/nivellierstuetze-typ-282-fuer-fahrzeuge-funktionsmodule-und-container-mit-sendemasten-2\/\"\r\n                   class=\"btn btn-default btn-block\">Lire la suite<\/a>\r\n            <\/p><\/div>\r\n    <\/div>\r\n<\/div>\r\n                                <\/div>\n                                                            <div class=\"col-12 col-md-6\">\n                                    \r\n<div class=\"previewitem beispielitem postitem\">\r\n    <a href=\"https:\/\/hetek.de\/beispiel\/nivellierstuetze-typ-287-fuer-container-und-module-bis-9-t-gesamtgewicht-2\/\">\r\n        <div class=\"previewimage\">\r\n            <div class=\"backgrounder\"\r\n                 style=\" background-image: url(https:\/\/hetek.de\/wp-content\/uploads\/2021\/05\/Typ-287-Foto-003-400x300.jpg)\">\r\n            <\/div>\r\n        <\/div>\r\n    <\/a>\r\n    <div class=\"previewcontainer\">\r\n        <div class=\"previewheader small-gap\">\r\n            <h3 class=\"small-gap\">Nivellierst\u00fctze Typ 287 f\u00fcr Container und Module bis 9 t Gesamtgewicht<\/h3>\r\n                            <p>\r\n                                    <p> Die Nivellierst\u00fctzen Modelle 287 sind elektrisch betriebene Systeme mit automatischer Niveauregulierung, die mit verschiedenen Schnittstellen...<\/p>\r\n                                <\/p>\r\n                        <\/div>\r\n        <div class=\"previewbuttons\">\r\n                                <p>\r\n                        <a class=\"btn btn-default btn-secondary btn-block\"\r\n                           target=\"_blank\"\r\n                           href=\"https:\/\/hetek.de\/produkte\/nivellierstuetze-287\/\"><b>\r\n                                Produit : Nivellierst\u00fctze 287<\/b>\r\n                        <\/a>\r\n                    <\/p>\r\n                                            <p>\r\n                <a href=\"https:\/\/hetek.de\/beispiel\/nivellierstuetze-typ-287-fuer-container-und-module-bis-9-t-gesamtgewicht-2\/\"\r\n                   class=\"btn btn-default btn-block\">Lire la suite<\/a>\r\n            <\/p><\/div>\r\n    <\/div>\r\n<\/div>\r\n                                <\/div>\n                                                    <\/div>\n                                            <\/section>\n\n                            [\/vc_column][\/vc_row][\/vc_section]<\/p>\n<\/div>","protected":false},"excerpt":{"rendered":"<p>[vc_section][vc_row][vc_column][vc_column_text] V\u00e9hicules et remorques [\/vc_column_text][vc_row_inner][vc_column_inner width=\u00a0\u00bb1\/2&Prime;][vc_column_text]Nos produits du domaine des applications mobiles sont con\u00e7us aussi bien pour \u00eatre int\u00e9gr\u00e9s dans des camions, des bus, des camionnettes, des pick-up et des quads que pour \u00eatre utilis\u00e9s sur des remorques de tous types. Une stabilisation du v\u00e9hicule ou de la remorque est absolument n\u00e9cessaire pour un fonctionnement<\/p>\n","protected":false},"author":1,"featured_media":0,"parent":5027,"menu_order":0,"comment_status":"closed","ping_status":"closed","template":"","meta":{"_acf_changed":false,"footnotes":""},"class_list":["post-5084","page","type-page","status-publish","hentry"],"acf":[],"yoast_head":"<!-- This site is optimized with the Yoast SEO plugin v27.3 - https:\/\/yoast.com\/product\/yoast-seo-wordpress\/ -->\n<title>Exemples d&#039;applications pour les v\u00e9hicules et les remorques de HETEK<\/title>\n<meta name=\"description\" content=\"Nous vous proposons dans le domaine des applications mobiles des produits de haute qualit\u00e9 &amp; adapt\u00e9s individuellement \u00e0 vos besoins - hautement s\u00fbrs &amp; fiables | HETEK\" \/>\n<meta name=\"robots\" content=\"index, follow, max-snippet:-1, max-image-preview:large, max-video-preview:-1\" \/>\n<link rel=\"canonical\" href=\"https:\/\/hetek.de\/fr\/?page_id=5084\" \/>\n<meta property=\"og:locale\" content=\"fr_FR\" \/>\n<meta property=\"og:type\" content=\"article\" \/>\n<meta property=\"og:title\" content=\"Exemples d&#039;applications pour les v\u00e9hicules et les remorques de HETEK\" \/>\n<meta property=\"og:description\" content=\"Nous vous proposons dans le domaine des applications mobiles des produits de haute qualit\u00e9 &amp; adapt\u00e9s individuellement \u00e0 vos besoins - hautement s\u00fbrs &amp; fiables | HETEK\" \/>\n<meta property=\"og:url\" content=\"https:\/\/hetek.de\/fr\/?page_id=5084\" \/>\n<meta property=\"og:site_name\" content=\"HETEK\" \/>\n<meta property=\"article:modified_time\" content=\"2023-11-09T09:28:58+00:00\" \/>\n<meta name=\"twitter:card\" content=\"summary_large_image\" \/>\n<meta name=\"twitter:label1\" content=\"Dur\u00e9e de lecture estim\u00e9e\" \/>\n\t<meta name=\"twitter:data1\" content=\"1 minute\" \/>\n<script type=\"application\/ld+json\" class=\"yoast-schema-graph\">{\"@context\":\"https:\\\/\\\/schema.org\",\"@graph\":[{\"@type\":\"WebPage\",\"@id\":\"https:\\\/\\\/hetek.de\\\/fr\\\/?page_id=5084\",\"url\":\"https:\\\/\\\/hetek.de\\\/fr\\\/?page_id=5084\",\"name\":\"Exemples d'applications pour les v\u00e9hicules et les remorques de HETEK\",\"isPartOf\":{\"@id\":\"https:\\\/\\\/hetek.de\\\/#website\"},\"datePublished\":\"2023-11-09T09:28:57+00:00\",\"dateModified\":\"2023-11-09T09:28:58+00:00\",\"description\":\"Nous vous proposons dans le domaine des applications mobiles des produits de haute qualit\u00e9 & adapt\u00e9s individuellement \u00e0 vos besoins - hautement s\u00fbrs & fiables | HETEK\",\"breadcrumb\":{\"@id\":\"https:\\\/\\\/hetek.de\\\/fr\\\/?page_id=5084#breadcrumb\"},\"inLanguage\":\"fr-FR\",\"potentialAction\":[{\"@type\":\"ReadAction\",\"target\":[\"https:\\\/\\\/hetek.de\\\/fr\\\/?page_id=5084\"]}]},{\"@type\":\"BreadcrumbList\",\"@id\":\"https:\\\/\\\/hetek.de\\\/fr\\\/?page_id=5084#breadcrumb\",\"itemListElement\":[{\"@type\":\"ListItem\",\"position\":1,\"name\":\"\",\"item\":\"https:\\\/\\\/hetek.de\\\/fr\\\/\"},{\"@type\":\"ListItem\",\"position\":2,\"name\":\"Applications\",\"item\":\"https:\\\/\\\/hetek.de\\\/fr\\\/?page_id=5027\"},{\"@type\":\"ListItem\",\"position\":3,\"name\":\"Exemples d&#8217;application V\u00e9hicules et remorques\"}]},{\"@type\":\"WebSite\",\"@id\":\"https:\\\/\\\/hetek.de\\\/#website\",\"url\":\"https:\\\/\\\/hetek.de\\\/\",\"name\":\"HETEK\",\"description\":\"Le support s\u00fbr pour votre univers mobile.\",\"potentialAction\":[{\"@type\":\"SearchAction\",\"target\":{\"@type\":\"EntryPoint\",\"urlTemplate\":\"https:\\\/\\\/hetek.de\\\/?s={search_term_string}\"},\"query-input\":{\"@type\":\"PropertyValueSpecification\",\"valueRequired\":true,\"valueName\":\"search_term_string\"}}],\"inLanguage\":\"fr-FR\"}]}<\/script>\n<!-- \/ Yoast SEO plugin. -->","yoast_head_json":{"title":"Exemples d'applications pour les v\u00e9hicules et les remorques de HETEK","description":"Nous vous proposons dans le domaine des applications mobiles des produits de haute qualit\u00e9 & adapt\u00e9s individuellement \u00e0 vos besoins - hautement s\u00fbrs & fiables | HETEK","robots":{"index":"index","follow":"follow","max-snippet":"max-snippet:-1","max-image-preview":"max-image-preview:large","max-video-preview":"max-video-preview:-1"},"canonical":"https:\/\/hetek.de\/fr\/?page_id=5084","og_locale":"fr_FR","og_type":"article","og_title":"Exemples d'applications pour les v\u00e9hicules et les remorques de HETEK","og_description":"Nous vous proposons dans le domaine des applications mobiles des produits de haute qualit\u00e9 & adapt\u00e9s individuellement \u00e0 vos besoins - hautement s\u00fbrs & fiables | HETEK","og_url":"https:\/\/hetek.de\/fr\/?page_id=5084","og_site_name":"HETEK","article_modified_time":"2023-11-09T09:28:58+00:00","twitter_card":"summary_large_image","twitter_misc":{"Dur\u00e9e de lecture estim\u00e9e":"1 minute"},"schema":{"@context":"https:\/\/schema.org","@graph":[{"@type":"WebPage","@id":"https:\/\/hetek.de\/fr\/?page_id=5084","url":"https:\/\/hetek.de\/fr\/?page_id=5084","name":"Exemples d'applications pour les v\u00e9hicules et les remorques de HETEK","isPartOf":{"@id":"https:\/\/hetek.de\/#website"},"datePublished":"2023-11-09T09:28:57+00:00","dateModified":"2023-11-09T09:28:58+00:00","description":"Nous vous proposons dans le domaine des applications mobiles des produits de haute qualit\u00e9 & adapt\u00e9s individuellement \u00e0 vos besoins - hautement s\u00fbrs & fiables | HETEK","breadcrumb":{"@id":"https:\/\/hetek.de\/fr\/?page_id=5084#breadcrumb"},"inLanguage":"fr-FR","potentialAction":[{"@type":"ReadAction","target":["https:\/\/hetek.de\/fr\/?page_id=5084"]}]},{"@type":"BreadcrumbList","@id":"https:\/\/hetek.de\/fr\/?page_id=5084#breadcrumb","itemListElement":[{"@type":"ListItem","position":1,"name":"","item":"https:\/\/hetek.de\/fr\/"},{"@type":"ListItem","position":2,"name":"Applications","item":"https:\/\/hetek.de\/fr\/?page_id=5027"},{"@type":"ListItem","position":3,"name":"Exemples d&#8217;application V\u00e9hicules et remorques"}]},{"@type":"WebSite","@id":"https:\/\/hetek.de\/#website","url":"https:\/\/hetek.de\/","name":"HETEK","description":"Le support s\u00fbr pour votre univers mobile.","potentialAction":[{"@type":"SearchAction","target":{"@type":"EntryPoint","urlTemplate":"https:\/\/hetek.de\/?s={search_term_string}"},"query-input":{"@type":"PropertyValueSpecification","valueRequired":true,"valueName":"search_term_string"}}],"inLanguage":"fr-FR"}]}},"_links":{"self":[{"href":"https:\/\/hetek.de\/fr\/wp-json\/wp\/v2\/pages\/5084","targetHints":{"allow":["GET"]}}],"collection":[{"href":"https:\/\/hetek.de\/fr\/wp-json\/wp\/v2\/pages"}],"about":[{"href":"https:\/\/hetek.de\/fr\/wp-json\/wp\/v2\/types\/page"}],"author":[{"embeddable":true,"href":"https:\/\/hetek.de\/fr\/wp-json\/wp\/v2\/users\/1"}],"replies":[{"embeddable":true,"href":"https:\/\/hetek.de\/fr\/wp-json\/wp\/v2\/comments?post=5084"}],"version-history":[{"count":3,"href":"https:\/\/hetek.de\/fr\/wp-json\/wp\/v2\/pages\/5084\/revisions"}],"predecessor-version":[{"id":5088,"href":"https:\/\/hetek.de\/fr\/wp-json\/wp\/v2\/pages\/5084\/revisions\/5088"}],"up":[{"embeddable":true,"href":"https:\/\/hetek.de\/fr\/wp-json\/wp\/v2\/pages\/5027"}],"wp:attachment":[{"href":"https:\/\/hetek.de\/fr\/wp-json\/wp\/v2\/media?parent=5084"}],"curies":[{"name":"wp","href":"https:\/\/api.w.org\/{rel}","templated":true}]}}