{"id":5085,"date":"2023-11-09T10:28:58","date_gmt":"2023-11-09T09:28:58","guid":{"rendered":"https:\/\/hetek.de\/applications\/exemples-dapplications-de-levage-industriel\/"},"modified":"2023-11-09T10:28:59","modified_gmt":"2023-11-09T09:28:59","slug":"exemples-dapplications-de-levage-industriel","status":"publish","type":"page","link":"https:\/\/hetek.de\/fr\/applications\/exemples-dapplications-de-levage-industriel\/","title":{"rendered":"Exemples d&rsquo;applications de levage industriel"},"content":{"rendered":"<div class=\"wpb-content-wrapper\"><p>[vc_section][vc_row][vc_column][vc_column_text]<\/p>\n<h1>Applications industrielles et ing\u00e9nierie<\/h1>\n<p>[\/vc_column_text][vc_row_inner][vc_column_inner width=\u00a0\u00bb1\/2&Prime;][vc_column_text]Gr\u00e2ce \u00e0 notre longue exp\u00e9rience dans le domaine de la technique de levage traditionnelle, nous nous sommes en outre \u00e9tablis au cours des derni\u00e8res ann\u00e9es dans le secteur des produits de la technique de levage industrielle et avons r\u00e9alis\u00e9 diverses fabrications sp\u00e9ciales pour les clients les plus divers.<\/p>\n<p>Nos produits du domaine du levage industriel offrent un large \u00e9ventail d&rsquo;applications.[\/vc_column_text][\/vc_column_inner][vc_column_inner width=\u00a0\u00bb1\/2&Prime;][vc_column_text]Les exigences qui en d\u00e9coulent sont tr\u00e8s vari\u00e9es et vont des dispositifs de levage \u00e0 ciseaux pour lever et abaisser la technique de mesure pour les bancs d&rsquo;essai de moteurs aux composants de r\u00e9glage pour les machines, les chariots de montage, les dispositifs de basculement pour les f\u00fbts ainsi que les r\u00e9glages en hauteur pour les plates-formes de maintenance pour les avions \u00e0 entra\u00eenement manuel, \u00e9lectrique et pneumatique, en passant par les supports \u00e0 commande incr\u00e9mentielle pour les supports de transport des volets d&rsquo;atterrissage des avions.[\/vc_column_text][\/vc_column_inner][\/vc_row_inner][\/vc_column][\/vc_row][\/vc_section][vc_section][vc_row][vc_column]\n                            <div class=\"form-row gap\">\n                                    <\/div>\n                            [\/vc_column][\/vc_row][\/vc_section]<\/p>\n<\/div>","protected":false},"excerpt":{"rendered":"<p>[vc_section][vc_row][vc_column][vc_column_text] Applications industrielles et ing\u00e9nierie [\/vc_column_text][vc_row_inner][vc_column_inner width=\u00a0\u00bb1\/2&Prime;][vc_column_text]Gr\u00e2ce \u00e0 notre longue exp\u00e9rience dans le domaine de la technique de levage traditionnelle, nous nous sommes en outre \u00e9tablis au cours des derni\u00e8res ann\u00e9es dans le secteur des produits de la technique de levage industrielle et avons r\u00e9alis\u00e9 diverses fabrications sp\u00e9ciales pour les clients les plus divers. Nos<\/p>\n","protected":false},"author":1,"featured_media":0,"parent":5027,"menu_order":0,"comment_status":"closed","ping_status":"closed","template":"","meta":{"_acf_changed":false,"footnotes":""},"class_list":["post-5085","page","type-page","status-publish","hentry"],"acf":[],"yoast_head":"<!-- This site is optimized with the Yoast SEO plugin v27.4 - https:\/\/yoast.com\/product\/yoast-seo-wordpress\/ -->\n<title>Exemples d&#039;applications dans le domaine du levage industriel<\/title>\n<meta name=\"description\" content=\"Nos produits de premi\u00e8re qualit\u00e9 couvrent un large \u00e9ventail d&#039;applications dans le domaine du levage industriel - vous en saurez plus sur | HETEK\" \/>\n<meta name=\"robots\" content=\"index, follow, max-snippet:-1, max-image-preview:large, max-video-preview:-1\" \/>\n<link rel=\"canonical\" href=\"https:\/\/hetek.de\/fr\/?page_id=5085\" \/>\n<meta property=\"og:locale\" content=\"fr_FR\" \/>\n<meta property=\"og:type\" content=\"article\" \/>\n<meta property=\"og:title\" content=\"Exemples d&#039;applications dans le domaine du levage industriel\" \/>\n<meta property=\"og:description\" content=\"Nos produits de premi\u00e8re qualit\u00e9 couvrent un large \u00e9ventail d&#039;applications dans le domaine du levage industriel - vous en saurez plus sur | HETEK\" \/>\n<meta property=\"og:url\" content=\"https:\/\/hetek.de\/fr\/?page_id=5085\" \/>\n<meta property=\"og:site_name\" content=\"HETEK\" \/>\n<meta property=\"article:modified_time\" content=\"2023-11-09T09:28:59+00:00\" \/>\n<meta name=\"twitter:card\" content=\"summary_large_image\" \/>\n<meta name=\"twitter:label1\" content=\"Dur\u00e9e de lecture estim\u00e9e\" \/>\n\t<meta name=\"twitter:data1\" content=\"1 minute\" \/>\n<script type=\"application\/ld+json\" class=\"yoast-schema-graph\">{\"@context\":\"https:\\\/\\\/schema.org\",\"@graph\":[{\"@type\":\"WebPage\",\"@id\":\"https:\\\/\\\/hetek.de\\\/fr\\\/?page_id=5085\",\"url\":\"https:\\\/\\\/hetek.de\\\/fr\\\/?page_id=5085\",\"name\":\"Exemples d'applications dans le domaine du levage industriel\",\"isPartOf\":{\"@id\":\"https:\\\/\\\/hetek.de\\\/#website\"},\"datePublished\":\"2023-11-09T09:28:58+00:00\",\"dateModified\":\"2023-11-09T09:28:59+00:00\",\"description\":\"Nos produits de premi\u00e8re qualit\u00e9 couvrent un large \u00e9ventail d'applications dans le domaine du levage industriel - vous en saurez plus sur | HETEK\",\"breadcrumb\":{\"@id\":\"https:\\\/\\\/hetek.de\\\/fr\\\/?page_id=5085#breadcrumb\"},\"inLanguage\":\"fr-FR\",\"potentialAction\":[{\"@type\":\"ReadAction\",\"target\":[\"https:\\\/\\\/hetek.de\\\/fr\\\/?page_id=5085\"]}]},{\"@type\":\"BreadcrumbList\",\"@id\":\"https:\\\/\\\/hetek.de\\\/fr\\\/?page_id=5085#breadcrumb\",\"itemListElement\":[{\"@type\":\"ListItem\",\"position\":1,\"name\":\"\",\"item\":\"https:\\\/\\\/hetek.de\\\/fr\\\/\"},{\"@type\":\"ListItem\",\"position\":2,\"name\":\"Applications\",\"item\":\"https:\\\/\\\/hetek.de\\\/fr\\\/?page_id=5027\"},{\"@type\":\"ListItem\",\"position\":3,\"name\":\"Exemples d&#8217;applications de levage industriel\"}]},{\"@type\":\"WebSite\",\"@id\":\"https:\\\/\\\/hetek.de\\\/#website\",\"url\":\"https:\\\/\\\/hetek.de\\\/\",\"name\":\"HETEK\",\"description\":\"Le support s\u00fbr pour votre univers mobile.\",\"potentialAction\":[{\"@type\":\"SearchAction\",\"target\":{\"@type\":\"EntryPoint\",\"urlTemplate\":\"https:\\\/\\\/hetek.de\\\/?s={search_term_string}\"},\"query-input\":{\"@type\":\"PropertyValueSpecification\",\"valueRequired\":true,\"valueName\":\"search_term_string\"}}],\"inLanguage\":\"fr-FR\"}]}<\/script>\n<!-- \/ Yoast SEO plugin. -->","yoast_head_json":{"title":"Exemples d'applications dans le domaine du levage industriel","description":"Nos produits de premi\u00e8re qualit\u00e9 couvrent un large \u00e9ventail d'applications dans le domaine du levage industriel - vous en saurez plus sur | HETEK","robots":{"index":"index","follow":"follow","max-snippet":"max-snippet:-1","max-image-preview":"max-image-preview:large","max-video-preview":"max-video-preview:-1"},"canonical":"https:\/\/hetek.de\/fr\/?page_id=5085","og_locale":"fr_FR","og_type":"article","og_title":"Exemples d'applications dans le domaine du levage industriel","og_description":"Nos produits de premi\u00e8re qualit\u00e9 couvrent un large \u00e9ventail d'applications dans le domaine du levage industriel - vous en saurez plus sur | HETEK","og_url":"https:\/\/hetek.de\/fr\/?page_id=5085","og_site_name":"HETEK","article_modified_time":"2023-11-09T09:28:59+00:00","twitter_card":"summary_large_image","twitter_misc":{"Dur\u00e9e de lecture estim\u00e9e":"1 minute"},"schema":{"@context":"https:\/\/schema.org","@graph":[{"@type":"WebPage","@id":"https:\/\/hetek.de\/fr\/?page_id=5085","url":"https:\/\/hetek.de\/fr\/?page_id=5085","name":"Exemples d'applications dans le domaine du levage industriel","isPartOf":{"@id":"https:\/\/hetek.de\/#website"},"datePublished":"2023-11-09T09:28:58+00:00","dateModified":"2023-11-09T09:28:59+00:00","description":"Nos produits de premi\u00e8re qualit\u00e9 couvrent un large \u00e9ventail d'applications dans le domaine du levage industriel - vous en saurez plus sur | HETEK","breadcrumb":{"@id":"https:\/\/hetek.de\/fr\/?page_id=5085#breadcrumb"},"inLanguage":"fr-FR","potentialAction":[{"@type":"ReadAction","target":["https:\/\/hetek.de\/fr\/?page_id=5085"]}]},{"@type":"BreadcrumbList","@id":"https:\/\/hetek.de\/fr\/?page_id=5085#breadcrumb","itemListElement":[{"@type":"ListItem","position":1,"name":"","item":"https:\/\/hetek.de\/fr\/"},{"@type":"ListItem","position":2,"name":"Applications","item":"https:\/\/hetek.de\/fr\/?page_id=5027"},{"@type":"ListItem","position":3,"name":"Exemples d&#8217;applications de levage industriel"}]},{"@type":"WebSite","@id":"https:\/\/hetek.de\/#website","url":"https:\/\/hetek.de\/","name":"HETEK","description":"Le support s\u00fbr pour votre univers mobile.","potentialAction":[{"@type":"SearchAction","target":{"@type":"EntryPoint","urlTemplate":"https:\/\/hetek.de\/?s={search_term_string}"},"query-input":{"@type":"PropertyValueSpecification","valueRequired":true,"valueName":"search_term_string"}}],"inLanguage":"fr-FR"}]}},"_links":{"self":[{"href":"https:\/\/hetek.de\/fr\/wp-json\/wp\/v2\/pages\/5085","targetHints":{"allow":["GET"]}}],"collection":[{"href":"https:\/\/hetek.de\/fr\/wp-json\/wp\/v2\/pages"}],"about":[{"href":"https:\/\/hetek.de\/fr\/wp-json\/wp\/v2\/types\/page"}],"author":[{"embeddable":true,"href":"https:\/\/hetek.de\/fr\/wp-json\/wp\/v2\/users\/1"}],"replies":[{"embeddable":true,"href":"https:\/\/hetek.de\/fr\/wp-json\/wp\/v2\/comments?post=5085"}],"version-history":[{"count":3,"href":"https:\/\/hetek.de\/fr\/wp-json\/wp\/v2\/pages\/5085\/revisions"}],"predecessor-version":[{"id":5093,"href":"https:\/\/hetek.de\/fr\/wp-json\/wp\/v2\/pages\/5085\/revisions\/5093"}],"up":[{"embeddable":true,"href":"https:\/\/hetek.de\/fr\/wp-json\/wp\/v2\/pages\/5027"}],"wp:attachment":[{"href":"https:\/\/hetek.de\/fr\/wp-json\/wp\/v2\/media?parent=5085"}],"curies":[{"name":"wp","href":"https:\/\/api.w.org\/{rel}","templated":true}]}}