{"id":5089,"date":"2023-11-09T10:28:58","date_gmt":"2023-11-09T09:28:58","guid":{"rendered":"https:\/\/hetek.de\/location-de-materiel-de-levage\/"},"modified":"2023-11-09T10:28:59","modified_gmt":"2023-11-09T09:28:59","slug":"location-de-materiel-de-levage","status":"publish","type":"page","link":"https:\/\/hetek.de\/fr\/location-de-materiel-de-levage\/","title":{"rendered":"Location de mat\u00e9riel de levage"},"content":{"rendered":"<div class=\"wpb-content-wrapper\"><p>[vc_row][vc_column][vc_column_text]<\/p>\n<h1>Location de mat\u00e9riel de levage<\/h1>\n<p>Si vous n&rsquo;avez besoin d&rsquo;un de nos engins de levage que pour une p\u00e9riode d\u00e9termin\u00e9e ou si un achat n&rsquo;en vaut pas la peine pour vous, nous vous proposons un assortiment \u00e0 louer.<\/p>\n<p>Nos appareils de location r\u00e9pondent aux exigences de la r\u00e9glementation applicable en mati\u00e8re de pr\u00e9vention des accidents (DGUV Vorschrift 54). Veuillez noter que l&rsquo;exploitant (donc, dans ce cas, le client qui emprunte nos appareils) est responsable de l&rsquo;utilisation conforme des appareils de levage (\u00a7 24 DGUV Vorschrift 54).<\/p>\n<p>Nous vous recommandons donc de nous laisser faire les manipulations (HETEK assume alors cette responsabilit\u00e9) ou au moins de nous laisser vous former \u00e0 la manipulation.<\/p>\n<p><b>Exemples d&rsquo;applications et de situations de manutention pour lesquelles nous pouvons vous aider avec nos outils de levage et de manutention en location :<\/b>[\/vc_column_text][\/vc_column][\/vc_row][vc_row content_placement=\u00a0\u00bbmiddle\u00a0\u00bb][vc_column width=\u00a0\u00bb2\/3&Prime;][vc_column_text]<\/p>\n<h2>D\u00e9finition des t\u00e2ches<\/h2>\n<p>Vous souhaitez d\u00e9placer et man\u0153uvrer votre conteneur sur un terrain stabilis\u00e9 (hall ou cour). L&rsquo;utilisation de grues ou de gros chariots \u00e9l\u00e9vateurs n&rsquo;est pas possible, par exemple en raison de passages bas ou de plafonds de halls. Le montage et le d\u00e9montage des rouleaux doivent \u00eatre possibles ind\u00e9pendamment de tout autre moyen auxiliaire.[\/vc_column_text][vc_column_text]<\/p>\n<h2>Solution<\/h2>\n<p>La combinaison de roulettes pour charges lourdes HETEK en combinaison avec des b\u00e9quilles de mise \u00e0 niveau et une adaptation universelle pour diff\u00e9rentes hauteurs de conteneurs vous offre la possibilit\u00e9 d&rsquo;\u00e9quiper votre conteneur jusqu&rsquo;\u00e0 16 t de roulettes et de le d\u00e9placer de mani\u00e8re ind\u00e9pendante.[\/vc_column_text][\/vc_column][vc_column width=\u00a0\u00bb1\/3&Prime;]                <div class=\"row gap\">\n                                                                <div class=\"previewitem productitem\">\n                            <a href=\"https:\/\/hetek.de\/fr\/produkte\/systeme-de-levage-260\/\">\n                                <div class=\"previewimage\">\n                                    <div class=\"backgrounder\"\n                                         style=\" background-image: url(\n                                         https:\/\/hetek.de\/wp-content\/uploads\/2021\/05\/260-ISO-links-768x768.png) \">\n                                    <\/div>\n                                <\/div>\n                            <\/a>\n                            <div class=\"previewcontainer\">\n                                <div class=\"previewheader small-gap\">\n                                    <h3 class=\"small-gap\">Syst\u00e8me de levage 260<\/h3>\n                                                                            <p>\n                                            Dispositif de levage pour conteneurs jusqu'\u00e0 un poids total de 15 tonnes.\n\nSyst\u00e8me de levage compos\u00e9...                                        <\/p>\n                                                                        <\/div>\n                                <div class=\"previewbuttons\">\n                                                                            <p>\n                                            <a class=\"btn-default btn btn-download btn-block\" title=\"\" href=\"https:\/\/hetek.de\/fr\/download\/4341\/?tmstv=1776789299\" rel=\"nofollow\">Fiche technique<\/a>                                        <\/p>\n                                                                            <p>\n                                        <a href=\"https:\/\/hetek.de\/fr\/produkte\/systeme-de-levage-260\/\"\n                                           class=\"btn btn-default btn-block\">Plus<\/a>\n\n                                    <\/p><\/div>\n                            <\/div>\n                        <\/div>\n\n                                        <\/div>\n            \n            [\/vc_column][\/vc_row][vc_row][vc_column width=\u00a0\u00bb2\/3&Prime;][vc_column_text]<\/p>\n<h2>D\u00e9finition des t\u00e2ches<\/h2>\n<p>Vous avez un stock de conteneurs ISO et vous devez les d\u00e9placer entre diff\u00e9rents sites o\u00f9 les conteneurs restent un certain temps (par exemple, dans la logistique des pi\u00e8ces, pour les d\u00e9m\u00e9nagements, les bancs d&rsquo;essai mobiles). Ils transportent par camion et doivent charger et d\u00e9charger le conteneur. Cela doit \u00eatre possible ind\u00e9pendamment d&rsquo;une grue automotrice et si possible par le conducteur du camion seul ou au maximum avec l&rsquo;aide d&rsquo;une 2e personne.[\/vc_column_text][vc_column_text]<\/p>\n<h2>Solution<\/h2>\n<p>Un syst\u00e8me de d\u00e9pose vous offre cette possibilit\u00e9 de chargement ind\u00e9pendante jusqu&rsquo;\u00e0 un poids de 12 tonnes. Le type 260-1430045 est adapt\u00e9 \u00e0 diff\u00e9rentes hauteurs de conteneurs ISO et pour un montage au choix \u00e0 l&rsquo;avant ou sur le c\u00f4t\u00e9 du conteneur.[\/vc_column_text][\/vc_column][vc_column width=\u00a0\u00bb1\/3&Prime;]                <div class=\"row gap\">\n                                                                <div class=\"previewitem productitem\">\n                            <a href=\"https:\/\/hetek.de\/fr\/produkte\/roulettes-pour-charges-lourdes-type-267\/\">\n                                <div class=\"previewimage\">\n                                    <div class=\"backgrounder\"\n                                         style=\" background-image: url(\n                                         https:\/\/hetek.de\/wp-content\/uploads\/2021\/05\/267C-seite-768x768.png) \">\n                                    <\/div>\n                                <\/div>\n                            <\/a>\n                            <div class=\"previewcontainer\">\n                                <div class=\"previewheader small-gap\">\n                                    <h3 class=\"small-gap\">267\/C 000 0<\/h3>\n                                                                            <p>\n                                            Un dispositif pour d\u00e9placer des conteneurs et des modules fonctionnels avec des coins ISO sur...                                        <\/p>\n                                                                        <\/div>\n                                <div class=\"previewbuttons\">\n                                                                            <p>\n                                            <a class=\"btn-default btn btn-download btn-block\" title=\"\" href=\"https:\/\/hetek.de\/fr\/download\/4618\/?tmstv=1776789299\" rel=\"nofollow\">Fiche technique<\/a>                                        <\/p>\n                                                                            <p>\n                                        <a href=\"https:\/\/hetek.de\/fr\/produkte\/roulettes-pour-charges-lourdes-type-267\/\"\n                                           class=\"btn btn-default btn-block\">Plus<\/a>\n\n                                    <\/p><\/div>\n                            <\/div>\n                        <\/div>\n\n                                        <\/div>\n            \n            [\/vc_column][\/vc_row][vc_section][vc_row][vc_column][vc_column_text]<\/p>\n<h3>Votre demande<\/h3>\n<p>[\/vc_column_text]\n<div class=\"wpcf7 no-js\" id=\"wpcf7-f5142-o1\" lang=\"fr-FR\" dir=\"ltr\" data-wpcf7-id=\"5142\">\n<div class=\"screen-reader-response\"><p role=\"status\" aria-live=\"polite\" aria-atomic=\"true\"><\/p> <ul><\/ul><\/div>\n<form action=\"\/fr\/wp-json\/wp\/v2\/pages\/5089#wpcf7-f5142-o1\" method=\"post\" class=\"wpcf7-form init\" aria-label=\"Formulaire de contact\" novalidate=\"novalidate\" data-status=\"init\">\n<fieldset class=\"hidden-fields-container\"><input type=\"hidden\" name=\"_wpcf7\" value=\"5142\" \/><input type=\"hidden\" name=\"_wpcf7_version\" value=\"6.1.5\" \/><input type=\"hidden\" name=\"_wpcf7_locale\" value=\"fr_FR\" \/><input type=\"hidden\" name=\"_wpcf7_unit_tag\" value=\"wpcf7-f5142-o1\" \/><input type=\"hidden\" name=\"_wpcf7_container_post\" value=\"0\" \/><input type=\"hidden\" name=\"_wpcf7_posted_data_hash\" value=\"\" \/><input type=\"hidden\" name=\"_wpcf7dtx_version\" value=\"5.0.5\" \/>\n<\/fieldset>\n<div class=\"form-row\">\n<div class=\"col-12\"><label class=\"small\">Vos coordonn\u00e9es<\/label><\/div>\n<div class=\"col-12 col-md-6\"><div class=\"form-group\"><label>Nom*<\/label><span class=\"wpcf7-form-control-wrap\" data-name=\"nachname\"><input size=\"40\" maxlength=\"400\" class=\"wpcf7-form-control wpcf7-text wpcf7-validates-as-required form-control\" aria-required=\"true\" aria-invalid=\"false\" value=\"\" type=\"text\" name=\"nachname\" \/><\/span><\/div><\/div>\n<div class=\"col-12 col-md-6\"><div class=\"form-group\"><label>Pr\u00e9nom<\/label><span class=\"wpcf7-form-control-wrap\" data-name=\"vorname\"><input size=\"40\" maxlength=\"400\" class=\"wpcf7-form-control wpcf7-text form-control\" aria-invalid=\"false\" value=\"\" type=\"text\" name=\"vorname\" \/><\/span><\/div><\/div>\n<div class=\"col-12 col-md-6\"><div class=\"form-group\"><label>Num\u00e9ro de t\u00e9l\u00e9phone*<\/label><span class=\"wpcf7-form-control-wrap\" data-name=\"rufnummer\"><input size=\"40\" maxlength=\"400\" class=\"wpcf7-form-control wpcf7-text wpcf7-validates-as-required form-control\" aria-required=\"true\" aria-invalid=\"false\" value=\"\" type=\"text\" name=\"rufnummer\" \/><\/span><\/div><\/div>\n<div class=\"col-12 col-md-6\"><div class=\"form-group\"><label>E-mail*<\/label><span class=\"wpcf7-form-control-wrap\" data-name=\"email-387\"><input size=\"40\" maxlength=\"400\" class=\"wpcf7-form-control wpcf7-email wpcf7-validates-as-required wpcf7-text wpcf7-validates-as-email form-control\" aria-required=\"true\" aria-invalid=\"false\" value=\"\" type=\"email\" name=\"email-387\" \/><\/span><\/div><\/div>\n<\/div><div class=\"form-row\">\n    <div class=\"col-12\">\n<span id=\"wpcf7-69e7a733d63f5-wrapper\" class=\"wpcf7-form-control-wrap weitereInformationen-wrap\" style=\"display:none !important; visibility:hidden !important;\"><input type=\"hidden\" name=\"weitereInformationen-time-start\" value=\"1776789299\"><input type=\"hidden\" name=\"weitereInformationen-time-check\" value=\"4\"><label for=\"wpcf7-69e7a733d63f5-field\" class=\"hp-message\">Veuillez laisser ce champ vide.<\/label><input id=\"wpcf7-69e7a733d63f5-field\"  placeholder=\"weitere Informationen\"  class=\"wpcf7-form-control wpcf7-text form-control\" type=\"text\" name=\"weitereInformationen\" value=\"\" size=\"40\" tabindex=\"-1\" autocomplete=\"new-password\" \/><\/span>\n<\/div>\n<\/div>\n<div class=\"form-row\">\n<div class=\"col-12\"><div class=\"form-group\"><label>Votre message<\/label><span class=\"wpcf7-form-control-wrap\" data-name=\"textarea-428\"><textarea cols=\"40\" rows=\"10\" maxlength=\"2000\" class=\"wpcf7-form-control wpcf7-textarea form-control\" aria-invalid=\"false\" name=\"textarea-428\"><\/textarea><\/span><\/div><\/div>\n<div class=\"col-12 col-lg-8 small\"><div class=\"row gap\"><div class=\"col-12\"><span class=\"wpcf7-form-control-wrap\" data-name=\"acceptance-349\"><span class=\"wpcf7-form-control wpcf7-acceptance\"><span class=\"wpcf7-list-item\"><label><input type=\"checkbox\" name=\"acceptance-349\" value=\"1\" aria-invalid=\"false\" \/><span class=\"wpcf7-list-item-label\">Vous avez pris connaissance de la <a href=\"\/datenschutzerklaerung\/\" target=\"_blank\" style=\"text-decoration:underline\">d\u00e9claration de protection des donn\u00e9es<\/a> et acceptez que les donn\u00e9es que vous avez fournies soient collect\u00e9es et enregistr\u00e9es par voie \u00e9lectronique. Vos donn\u00e9es ne sont utilis\u00e9es que dans un but strictement limit\u00e9 au traitement et \u00e0 la r\u00e9ponse \u00e0 votre demande et ne sont conserv\u00e9es que pendant la dur\u00e9e n\u00e9cessaire au traitement et \u00e0 la r\u00e9ponse \u00e0 votre demande ou tant que d'autres dispositions l\u00e9gales l'exigent.<\/span><\/label><\/span><\/span><\/span><\/div>\n<div class=\"col-12 small\">*Champs obligatoires<\/div><\/div><\/div>\n<div class=\"col-12 col-lg-4\"><input class=\"wpcf7-form-control wpcf7-submit has-spinner btn btn-default btn-block\" type=\"submit\" value=\"Absenden\" \/><\/div><\/div><div class=\"wpcf7-response-output\" aria-hidden=\"true\"><\/div>\n<\/form>\n<\/div>\n[\/vc_column][\/vc_row][\/vc_section]<\/p>\n<\/div>","protected":false},"excerpt":{"rendered":"<p>[vc_row][vc_column][vc_column_text] Location de mat\u00e9riel de levage Si vous n&rsquo;avez besoin d&rsquo;un de nos engins de levage que pour une p\u00e9riode d\u00e9termin\u00e9e ou si un achat n&rsquo;en vaut pas la peine pour vous, nous vous proposons un assortiment \u00e0 louer. Nos appareils de location r\u00e9pondent aux exigences de la r\u00e9glementation applicable en mati\u00e8re de pr\u00e9vention des<\/p>\n","protected":false},"author":1,"featured_media":0,"parent":0,"menu_order":0,"comment_status":"closed","ping_status":"closed","template":"","meta":{"_acf_changed":false,"footnotes":""},"class_list":["post-5089","page","type-page","status-publish","hentry"],"acf":[],"yoast_head":"<!-- This site is optimized with the Yoast SEO plugin v27.4 - https:\/\/yoast.com\/product\/yoast-seo-wordpress\/ -->\n<title>D\u00e9couvrez notre gamme de location de mat\u00e9riel de levage<\/title>\n<meta name=\"description\" content=\"Nous vous proposons la location de divers engins de levage : Louer un syst\u00e8me de levage de conteneurs pour vos besoins, c&#039;est simple et facile ! S&#039;informer maintenant sur | HETEK\" \/>\n<meta name=\"robots\" content=\"index, follow, max-snippet:-1, max-image-preview:large, max-video-preview:-1\" \/>\n<link rel=\"canonical\" href=\"https:\/\/hetek.de\/fr\/?page_id=5089\" \/>\n<meta property=\"og:locale\" content=\"fr_FR\" \/>\n<meta property=\"og:type\" content=\"article\" \/>\n<meta property=\"og:title\" content=\"D\u00e9couvrez notre gamme de location de mat\u00e9riel de levage\" \/>\n<meta property=\"og:description\" content=\"Nous vous proposons la location de divers engins de levage : Louer un syst\u00e8me de levage de conteneurs pour vos besoins, c&#039;est simple et facile ! S&#039;informer maintenant sur | HETEK\" \/>\n<meta property=\"og:url\" content=\"https:\/\/hetek.de\/fr\/?page_id=5089\" \/>\n<meta property=\"og:site_name\" content=\"HETEK\" \/>\n<meta property=\"article:modified_time\" content=\"2023-11-09T09:28:59+00:00\" \/>\n<meta name=\"twitter:card\" content=\"summary_large_image\" \/>\n<meta name=\"twitter:label1\" content=\"Dur\u00e9e de lecture estim\u00e9e\" \/>\n\t<meta name=\"twitter:data1\" content=\"2 minutes\" \/>\n<script type=\"application\/ld+json\" class=\"yoast-schema-graph\">{\"@context\":\"https:\\\/\\\/schema.org\",\"@graph\":[{\"@type\":\"WebPage\",\"@id\":\"https:\\\/\\\/hetek.de\\\/fr\\\/?page_id=5089\",\"url\":\"https:\\\/\\\/hetek.de\\\/fr\\\/?page_id=5089\",\"name\":\"D\u00e9couvrez notre gamme de location de mat\u00e9riel de levage\",\"isPartOf\":{\"@id\":\"https:\\\/\\\/hetek.de\\\/#website\"},\"datePublished\":\"2023-11-09T09:28:58+00:00\",\"dateModified\":\"2023-11-09T09:28:59+00:00\",\"description\":\"Nous vous proposons la location de divers engins de levage : Louer un syst\u00e8me de levage de conteneurs pour vos besoins, c'est simple et facile ! S'informer maintenant sur | HETEK\",\"breadcrumb\":{\"@id\":\"https:\\\/\\\/hetek.de\\\/fr\\\/?page_id=5089#breadcrumb\"},\"inLanguage\":\"fr-FR\",\"potentialAction\":[{\"@type\":\"ReadAction\",\"target\":[\"https:\\\/\\\/hetek.de\\\/fr\\\/?page_id=5089\"]}]},{\"@type\":\"BreadcrumbList\",\"@id\":\"https:\\\/\\\/hetek.de\\\/fr\\\/?page_id=5089#breadcrumb\",\"itemListElement\":[{\"@type\":\"ListItem\",\"position\":1,\"name\":\"\",\"item\":\"https:\\\/\\\/hetek.de\\\/fr\\\/\"},{\"@type\":\"ListItem\",\"position\":2,\"name\":\"Location de mat\u00e9riel de levage\"}]},{\"@type\":\"WebSite\",\"@id\":\"https:\\\/\\\/hetek.de\\\/#website\",\"url\":\"https:\\\/\\\/hetek.de\\\/\",\"name\":\"HETEK\",\"description\":\"Le support s\u00fbr pour votre univers mobile.\",\"potentialAction\":[{\"@type\":\"SearchAction\",\"target\":{\"@type\":\"EntryPoint\",\"urlTemplate\":\"https:\\\/\\\/hetek.de\\\/?s={search_term_string}\"},\"query-input\":{\"@type\":\"PropertyValueSpecification\",\"valueRequired\":true,\"valueName\":\"search_term_string\"}}],\"inLanguage\":\"fr-FR\"}]}<\/script>\n<!-- \/ Yoast SEO plugin. -->","yoast_head_json":{"title":"D\u00e9couvrez notre gamme de location de mat\u00e9riel de levage","description":"Nous vous proposons la location de divers engins de levage : Louer un syst\u00e8me de levage de conteneurs pour vos besoins, c'est simple et facile ! S'informer maintenant sur | HETEK","robots":{"index":"index","follow":"follow","max-snippet":"max-snippet:-1","max-image-preview":"max-image-preview:large","max-video-preview":"max-video-preview:-1"},"canonical":"https:\/\/hetek.de\/fr\/?page_id=5089","og_locale":"fr_FR","og_type":"article","og_title":"D\u00e9couvrez notre gamme de location de mat\u00e9riel de levage","og_description":"Nous vous proposons la location de divers engins de levage : Louer un syst\u00e8me de levage de conteneurs pour vos besoins, c'est simple et facile ! S'informer maintenant sur | HETEK","og_url":"https:\/\/hetek.de\/fr\/?page_id=5089","og_site_name":"HETEK","article_modified_time":"2023-11-09T09:28:59+00:00","twitter_card":"summary_large_image","twitter_misc":{"Dur\u00e9e de lecture estim\u00e9e":"2 minutes"},"schema":{"@context":"https:\/\/schema.org","@graph":[{"@type":"WebPage","@id":"https:\/\/hetek.de\/fr\/?page_id=5089","url":"https:\/\/hetek.de\/fr\/?page_id=5089","name":"D\u00e9couvrez notre gamme de location de mat\u00e9riel de levage","isPartOf":{"@id":"https:\/\/hetek.de\/#website"},"datePublished":"2023-11-09T09:28:58+00:00","dateModified":"2023-11-09T09:28:59+00:00","description":"Nous vous proposons la location de divers engins de levage : Louer un syst\u00e8me de levage de conteneurs pour vos besoins, c'est simple et facile ! S'informer maintenant sur | HETEK","breadcrumb":{"@id":"https:\/\/hetek.de\/fr\/?page_id=5089#breadcrumb"},"inLanguage":"fr-FR","potentialAction":[{"@type":"ReadAction","target":["https:\/\/hetek.de\/fr\/?page_id=5089"]}]},{"@type":"BreadcrumbList","@id":"https:\/\/hetek.de\/fr\/?page_id=5089#breadcrumb","itemListElement":[{"@type":"ListItem","position":1,"name":"","item":"https:\/\/hetek.de\/fr\/"},{"@type":"ListItem","position":2,"name":"Location de mat\u00e9riel de levage"}]},{"@type":"WebSite","@id":"https:\/\/hetek.de\/#website","url":"https:\/\/hetek.de\/","name":"HETEK","description":"Le support s\u00fbr pour votre univers mobile.","potentialAction":[{"@type":"SearchAction","target":{"@type":"EntryPoint","urlTemplate":"https:\/\/hetek.de\/?s={search_term_string}"},"query-input":{"@type":"PropertyValueSpecification","valueRequired":true,"valueName":"search_term_string"}}],"inLanguage":"fr-FR"}]}},"_links":{"self":[{"href":"https:\/\/hetek.de\/fr\/wp-json\/wp\/v2\/pages\/5089","targetHints":{"allow":["GET"]}}],"collection":[{"href":"https:\/\/hetek.de\/fr\/wp-json\/wp\/v2\/pages"}],"about":[{"href":"https:\/\/hetek.de\/fr\/wp-json\/wp\/v2\/types\/page"}],"author":[{"embeddable":true,"href":"https:\/\/hetek.de\/fr\/wp-json\/wp\/v2\/users\/1"}],"replies":[{"embeddable":true,"href":"https:\/\/hetek.de\/fr\/wp-json\/wp\/v2\/comments?post=5089"}],"version-history":[{"count":3,"href":"https:\/\/hetek.de\/fr\/wp-json\/wp\/v2\/pages\/5089\/revisions"}],"predecessor-version":[{"id":5098,"href":"https:\/\/hetek.de\/fr\/wp-json\/wp\/v2\/pages\/5089\/revisions\/5098"}],"wp:attachment":[{"href":"https:\/\/hetek.de\/fr\/wp-json\/wp\/v2\/media?parent=5089"}],"curies":[{"name":"wp","href":"https:\/\/api.w.org\/{rel}","templated":true}]}}