{"id":5094,"date":"2023-11-09T10:28:59","date_gmt":"2023-11-09T09:28:59","guid":{"rendered":"https:\/\/hetek.de\/applications\/exemples-dapplication-modules-fonctionnels\/"},"modified":"2023-11-09T10:28:59","modified_gmt":"2023-11-09T09:28:59","slug":"exemples-dapplication-modules-fonctionnels","status":"publish","type":"page","link":"https:\/\/hetek.de\/fr\/applications\/exemples-dapplication-modules-fonctionnels\/","title":{"rendered":"Exemples d&rsquo;application Modules fonctionnels"},"content":{"rendered":"<div class=\"wpb-content-wrapper\"><p>[vc_section][vc_row][vc_column][vc_column_text]<\/p>\n<h1>Modules fonctionnels<\/h1>\n<p>[\/vc_column_text][vc_row_inner][vc_column_inner width=\u00a0\u00bb1\/2&Prime;][vc_column_text]Les possibilit\u00e9s d&rsquo;utilisation des modules fonctionnels sont multiples. C&rsquo;est pourquoi ces syst\u00e8mes ont pris de l&rsquo;importance ces derni\u00e8res ann\u00e9es. Ils disposent g\u00e9n\u00e9ralement d&rsquo;une interface uniforme avec un v\u00e9hicule porteur et se pr\u00e9sentent par exemple sous la forme d&rsquo;un transport de troupes, d&rsquo;un module sanitaire, d&rsquo;une structure d&rsquo;atelier ou d&rsquo;un canon \u00e0 eau.<\/p>\n<p>Pour pouvoir \u00e9changer les modules fonctionnels sur le v\u00e9hicule en cours d&rsquo;utilisation, ind\u00e9pendamment des autres engins de levage, en fonction des besoins, on utilise des syst\u00e8mes de levage.[\/vc_column_text][\/vc_column_inner][vc_column_inner width=\u00a0\u00bb1\/2&Prime;][vc_column_text]Les modules varient fortement dans leur conception et les syst\u00e8mes de d\u00e9pose utilis\u00e9s sont donc taill\u00e9s sur mesure. Les modules fonctionnels sont g\u00e9n\u00e9ralement \u00e9chang\u00e9s dans la base.<\/p>\n<p>Il est \u00e9galement possible d&#8217;emporter nos syst\u00e8mes de d\u00e9pose dans des racks d&rsquo;arrimage et de transport. Ainsi, le module correspondant peut \u00e9galement \u00eatre d\u00e9pos\u00e9 pour une utilisation sur le terrain, par exemple. Il est \u00e9galement possible d&rsquo;utiliser nos syst\u00e8mes de d\u00e9pose-repose en mode pos\u00e9 pour stabiliser le module sur le v\u00e9hicule.[\/vc_column_text][\/vc_column_inner][\/vc_row_inner][\/vc_column][\/vc_row][\/vc_section][vc_section][vc_row][vc_column]\n                            <div class=\"form-row gap\">\n                                                <div class=\"col-auto\">\n                                <a href=\"#bequilles-de-mise-a-niveau\"\n                                   class=\"btn btn-default btn-anchor\">B\u00e9quilles de mise \u00e0 niveau<\/a>\n                            <\/div>\n                                                    <div class=\"col-auto\">\n                                <a href=\"#systemes-de-levage\"\n                                   class=\"btn btn-default btn-anchor\">Syst\u00e8mes de levage<\/a>\n                            <\/div>\n                                        <\/div>\n                                    <section id=\"bequilles-de-mise-a-niveau\" class=\"item-holder\">\n                        <div class=\"row\">\n                            <div class=\"col-12\">\n                                <h2>B\u00e9quilles de mise \u00e0 niveau<\/h2>\n                            <\/div>\n                        <\/div>\n                        <div class=\"row itemcontainer\">\n                                                            <div class=\"col-12 col-md-6\">\n                                    \r\n<div class=\"previewitem beispielitem postitem\">\r\n    <a href=\"https:\/\/hetek.de\/beispiel\/nivellierstuetze-typ-262-fuer-unterschiedliche-adaptionsloesungen-bis-6-t-gesamtgewicht-2\/\">\r\n        <div class=\"previewimage\">\r\n            <div class=\"backgrounder\"\r\n                 style=\" background-image: url(https:\/\/hetek.de\/wp-content\/uploads\/2021\/05\/Typ-262-Foto-005-400x300.jpg)\">\r\n            <\/div>\r\n        <\/div>\r\n    <\/a>\r\n    <div class=\"previewcontainer\">\r\n        <div class=\"previewheader small-gap\">\r\n            <h3 class=\"small-gap\">Nivellierst\u00fctze Typ 262 f\u00fcr unterschiedliche Adaptionsl\u00f6sungen, bis 6 t Gesamtgewicht<\/h3>\r\n                            <p>\r\n                Die Nivellierst\u00fctzen der Baureihe 262 werden in verschiedenen Modifikationen und mit verschiedenen Schnittstellen hergestellt                <\/p>\r\n                        <\/div>\r\n        <div class=\"previewbuttons\">\r\n                                <p>\r\n                        <a class=\"btn btn-default btn-secondary btn-block\"\r\n                           target=\"_blank\"\r\n                           href=\"https:\/\/hetek.de\/produkte\/nivellierstuetze-262\/\"><b>\r\n                                Produit : Nivellierst\u00fctze 262<\/b>\r\n                        <\/a>\r\n                    <\/p>\r\n                                            <p>\r\n                <a href=\"https:\/\/hetek.de\/beispiel\/nivellierstuetze-typ-262-fuer-unterschiedliche-adaptionsloesungen-bis-6-t-gesamtgewicht-2\/\"\r\n                   class=\"btn btn-default btn-block\">Lire la suite<\/a>\r\n            <\/p><\/div>\r\n    <\/div>\r\n<\/div>\r\n                                <\/div>\n                                                            <div class=\"col-12 col-md-6\">\n                                    \r\n<div class=\"previewitem beispielitem postitem\">\r\n    <a href=\"https:\/\/hetek.de\/beispiel\/nivellierstuetze-typ-272-fuer-container-mit-iso-ecken-bis-max-16-t-gesamtgewicht-2\/\">\r\n        <div class=\"previewimage\">\r\n            <div class=\"backgrounder\"\r\n                 style=\" background-image: url(https:\/\/hetek.de\/wp-content\/uploads\/2021\/05\/Typ-272-Foto-006-400x300.jpg)\">\r\n            <\/div>\r\n        <\/div>\r\n    <\/a>\r\n    <div class=\"previewcontainer\">\r\n        <div class=\"previewheader small-gap\">\r\n            <h3 class=\"small-gap\">Nivellierst\u00fctze Typ 272 f\u00fcr Container mit ISO-Ecken bis max. 16 t Gesamtgewicht<\/h3>\r\n                            <p>\r\n                Die St\u00fctzen der Baureihe 272 werden in den ISO-Ecken angebaut und zeichnen sich durch hohen Bedienkomfort und Zuverl\u00e4ssigkeit aus.                 <\/p>\r\n                        <\/div>\r\n        <div class=\"previewbuttons\">\r\n                                <p>\r\n                        <a class=\"btn btn-default btn-secondary btn-block\"\r\n                           target=\"_blank\"\r\n                           href=\"https:\/\/hetek.de\/produkte\/nivellierstuetze-272\/\"><b>\r\n                                Produit : Nivellierst\u00fctze 272<\/b>\r\n                        <\/a>\r\n                    <\/p>\r\n                                            <p>\r\n                <a href=\"https:\/\/hetek.de\/beispiel\/nivellierstuetze-typ-272-fuer-container-mit-iso-ecken-bis-max-16-t-gesamtgewicht-2\/\"\r\n                   class=\"btn btn-default btn-block\">Lire la suite<\/a>\r\n            <\/p><\/div>\r\n    <\/div>\r\n<\/div>\r\n                                <\/div>\n                                                    <\/div>\n                                            <\/section>\n\n                                    <section id=\"systemes-de-levage\" class=\"item-holder\">\n                        <div class=\"row\">\n                            <div class=\"col-12\">\n                                <h2>Syst\u00e8mes de levage<\/h2>\n                            <\/div>\n                        <\/div>\n                        <div class=\"row itemcontainer\">\n                                                            <div class=\"col-12 col-md-6\">\n                                    \r\n<div class=\"previewitem beispielitem postitem\">\r\n    <a href=\"https:\/\/hetek.de\/beispiel\/hubsystem-typ-297-fuer-funktionsmodule\/\">\r\n        <div class=\"previewimage\">\r\n            <div class=\"backgrounder\"\r\n                 style=\" background-image: url(https:\/\/hetek.de\/wp-content\/uploads\/2021\/05\/Typ-297-Foto-001-1-400x300.jpg)\">\r\n            <\/div>\r\n        <\/div>\r\n    <\/a>\r\n    <div class=\"previewcontainer\">\r\n        <div class=\"previewheader small-gap\">\r\n            <h3 class=\"small-gap\">Hubsystem Typ 297 f\u00fcr Funktionsmodule<\/h3>\r\n                            <p>\r\n                Abladesystem der Baureihe 297 sind f\u00fcr eine leichtere Handhabung modular aufgebaut und ein System wird in der Regel f\u00fcr mehrere Module genutzt.                <\/p>\r\n                        <\/div>\r\n        <div class=\"previewbuttons\">\r\n                                <p>\r\n                        <a class=\"btn btn-default btn-secondary btn-block\"\r\n                           target=\"_blank\"\r\n                           href=\"https:\/\/hetek.de\/produkte\/hubsystem-297\/\"><b>\r\n                                Produit : Hubsystem 297<\/b>\r\n                        <\/a>\r\n                    <\/p>\r\n                                            <p>\r\n                <a href=\"https:\/\/hetek.de\/beispiel\/hubsystem-typ-297-fuer-funktionsmodule\/\"\r\n                   class=\"btn btn-default btn-block\">Lire la suite<\/a>\r\n            <\/p><\/div>\r\n    <\/div>\r\n<\/div>\r\n                                <\/div>\n                                                            <div class=\"col-12 col-md-6\">\n                                    \r\n<div class=\"previewitem beispielitem postitem\">\r\n    <a href=\"https:\/\/hetek.de\/beispiel\/hubsystem-typ-296-fuer-gepanzerte-funktions-module\/\">\r\n        <div class=\"previewimage\">\r\n            <div class=\"backgrounder\"\r\n                 style=\" background-image: url(https:\/\/hetek.de\/wp-content\/uploads\/2021\/05\/Typ-296-Foto-001-400x274.jpg)\">\r\n            <\/div>\r\n        <\/div>\r\n    <\/a>\r\n    <div class=\"previewcontainer\">\r\n        <div class=\"previewheader small-gap\">\r\n            <h3 class=\"small-gap\">Hubsystem Typ 296 f\u00fcr gepanzerte Funktions-Module<\/h3>\r\n                            <p>\r\n                                    <p> Modulares Absetzsystem mit 24 VDC elektrischen Antrieb ohne automatische Lageregelung, mit Einsteckrohren als Schnittstelle zum...<\/p>\r\n                                <\/p>\r\n                        <\/div>\r\n        <div class=\"previewbuttons\">\r\n                                <p>\r\n                        <a class=\"btn btn-default btn-secondary btn-block\"\r\n                           target=\"_blank\"\r\n                           href=\"https:\/\/hetek.de\/produkte\/hubsystem-296\/\"><b>\r\n                                Produit : Hubsystem 296<\/b>\r\n                        <\/a>\r\n                    <\/p>\r\n                                            <p>\r\n                <a href=\"https:\/\/hetek.de\/beispiel\/hubsystem-typ-296-fuer-gepanzerte-funktions-module\/\"\r\n                   class=\"btn btn-default btn-block\">Lire la suite<\/a>\r\n            <\/p><\/div>\r\n    <\/div>\r\n<\/div>\r\n                                <\/div>\n                                                    <\/div>\n                                            <\/section>\n\n                            [\/vc_column][\/vc_row][\/vc_section]<\/p>\n<\/div>","protected":false},"excerpt":{"rendered":"<p>[vc_section][vc_row][vc_column][vc_column_text] Modules fonctionnels [\/vc_column_text][vc_row_inner][vc_column_inner width=\u00a0\u00bb1\/2&Prime;][vc_column_text]Les possibilit\u00e9s d&rsquo;utilisation des modules fonctionnels sont multiples. C&rsquo;est pourquoi ces syst\u00e8mes ont pris de l&rsquo;importance ces derni\u00e8res ann\u00e9es. Ils disposent g\u00e9n\u00e9ralement d&rsquo;une interface uniforme avec un v\u00e9hicule porteur et se pr\u00e9sentent par exemple sous la forme d&rsquo;un transport de troupes, d&rsquo;un module sanitaire, d&rsquo;une structure d&rsquo;atelier ou d&rsquo;un canon \u00e0<\/p>\n","protected":false},"author":1,"featured_media":0,"parent":5027,"menu_order":0,"comment_status":"closed","ping_status":"closed","template":"","meta":{"_acf_changed":false,"footnotes":""},"class_list":["post-5094","page","type-page","status-publish","hentry"],"acf":[],"yoast_head":"<!-- This site is optimized with the Yoast SEO plugin v27.3 - https:\/\/yoast.com\/product\/yoast-seo-wordpress\/ -->\n<title>Exemples d&#039;applications &amp; possibilit\u00e9s : Modules fonctionnels<\/title>\n<meta name=\"description\" content=\"Nos impressionnants modules fonctionnels peuvent \u00eatre utilis\u00e9s de diverses mani\u00e8res dans la pratique. Vous trouverez diverses possibilit\u00e9s d&#039;application sur | HETEK\" \/>\n<meta name=\"robots\" content=\"index, follow, max-snippet:-1, max-image-preview:large, max-video-preview:-1\" \/>\n<link rel=\"canonical\" href=\"https:\/\/hetek.de\/fr\/?page_id=5094\" \/>\n<meta property=\"og:locale\" content=\"fr_FR\" \/>\n<meta property=\"og:type\" content=\"article\" \/>\n<meta property=\"og:title\" content=\"Exemples d&#039;applications &amp; possibilit\u00e9s : Modules fonctionnels\" \/>\n<meta property=\"og:description\" content=\"Nos impressionnants modules fonctionnels peuvent \u00eatre utilis\u00e9s de diverses mani\u00e8res dans la pratique. Vous trouverez diverses possibilit\u00e9s d&#039;application sur | HETEK\" \/>\n<meta property=\"og:url\" content=\"https:\/\/hetek.de\/fr\/?page_id=5094\" \/>\n<meta property=\"og:site_name\" content=\"HETEK\" \/>\n<meta name=\"twitter:card\" content=\"summary_large_image\" \/>\n<meta name=\"twitter:label1\" content=\"Dur\u00e9e de lecture estim\u00e9e\" \/>\n\t<meta name=\"twitter:data1\" content=\"1 minute\" \/>\n<script type=\"application\/ld+json\" class=\"yoast-schema-graph\">{\"@context\":\"https:\\\/\\\/schema.org\",\"@graph\":[{\"@type\":\"WebPage\",\"@id\":\"https:\\\/\\\/hetek.de\\\/fr\\\/?page_id=5094\",\"url\":\"https:\\\/\\\/hetek.de\\\/fr\\\/?page_id=5094\",\"name\":\"Exemples d'applications & possibilit\u00e9s : Modules fonctionnels\",\"isPartOf\":{\"@id\":\"https:\\\/\\\/hetek.de\\\/#website\"},\"datePublished\":\"2023-11-09T09:28:59+00:00\",\"description\":\"Nos impressionnants modules fonctionnels peuvent \u00eatre utilis\u00e9s de diverses mani\u00e8res dans la pratique. Vous trouverez diverses possibilit\u00e9s d'application sur | HETEK\",\"breadcrumb\":{\"@id\":\"https:\\\/\\\/hetek.de\\\/fr\\\/?page_id=5094#breadcrumb\"},\"inLanguage\":\"fr-FR\",\"potentialAction\":[{\"@type\":\"ReadAction\",\"target\":[\"https:\\\/\\\/hetek.de\\\/fr\\\/?page_id=5094\"]}]},{\"@type\":\"BreadcrumbList\",\"@id\":\"https:\\\/\\\/hetek.de\\\/fr\\\/?page_id=5094#breadcrumb\",\"itemListElement\":[{\"@type\":\"ListItem\",\"position\":1,\"name\":\"\",\"item\":\"https:\\\/\\\/hetek.de\\\/fr\\\/\"},{\"@type\":\"ListItem\",\"position\":2,\"name\":\"Applications\",\"item\":\"https:\\\/\\\/hetek.de\\\/fr\\\/?page_id=5027\"},{\"@type\":\"ListItem\",\"position\":3,\"name\":\"Exemples d&#8217;application Modules fonctionnels\"}]},{\"@type\":\"WebSite\",\"@id\":\"https:\\\/\\\/hetek.de\\\/#website\",\"url\":\"https:\\\/\\\/hetek.de\\\/\",\"name\":\"HETEK\",\"description\":\"Le support s\u00fbr pour votre univers mobile.\",\"potentialAction\":[{\"@type\":\"SearchAction\",\"target\":{\"@type\":\"EntryPoint\",\"urlTemplate\":\"https:\\\/\\\/hetek.de\\\/?s={search_term_string}\"},\"query-input\":{\"@type\":\"PropertyValueSpecification\",\"valueRequired\":true,\"valueName\":\"search_term_string\"}}],\"inLanguage\":\"fr-FR\"}]}<\/script>\n<!-- \/ Yoast SEO plugin. -->","yoast_head_json":{"title":"Exemples d'applications & possibilit\u00e9s : Modules fonctionnels","description":"Nos impressionnants modules fonctionnels peuvent \u00eatre utilis\u00e9s de diverses mani\u00e8res dans la pratique. Vous trouverez diverses possibilit\u00e9s d'application sur | HETEK","robots":{"index":"index","follow":"follow","max-snippet":"max-snippet:-1","max-image-preview":"max-image-preview:large","max-video-preview":"max-video-preview:-1"},"canonical":"https:\/\/hetek.de\/fr\/?page_id=5094","og_locale":"fr_FR","og_type":"article","og_title":"Exemples d'applications & possibilit\u00e9s : Modules fonctionnels","og_description":"Nos impressionnants modules fonctionnels peuvent \u00eatre utilis\u00e9s de diverses mani\u00e8res dans la pratique. Vous trouverez diverses possibilit\u00e9s d'application sur | HETEK","og_url":"https:\/\/hetek.de\/fr\/?page_id=5094","og_site_name":"HETEK","twitter_card":"summary_large_image","twitter_misc":{"Dur\u00e9e de lecture estim\u00e9e":"1 minute"},"schema":{"@context":"https:\/\/schema.org","@graph":[{"@type":"WebPage","@id":"https:\/\/hetek.de\/fr\/?page_id=5094","url":"https:\/\/hetek.de\/fr\/?page_id=5094","name":"Exemples d'applications & possibilit\u00e9s : Modules fonctionnels","isPartOf":{"@id":"https:\/\/hetek.de\/#website"},"datePublished":"2023-11-09T09:28:59+00:00","description":"Nos impressionnants modules fonctionnels peuvent \u00eatre utilis\u00e9s de diverses mani\u00e8res dans la pratique. Vous trouverez diverses possibilit\u00e9s d'application sur | HETEK","breadcrumb":{"@id":"https:\/\/hetek.de\/fr\/?page_id=5094#breadcrumb"},"inLanguage":"fr-FR","potentialAction":[{"@type":"ReadAction","target":["https:\/\/hetek.de\/fr\/?page_id=5094"]}]},{"@type":"BreadcrumbList","@id":"https:\/\/hetek.de\/fr\/?page_id=5094#breadcrumb","itemListElement":[{"@type":"ListItem","position":1,"name":"","item":"https:\/\/hetek.de\/fr\/"},{"@type":"ListItem","position":2,"name":"Applications","item":"https:\/\/hetek.de\/fr\/?page_id=5027"},{"@type":"ListItem","position":3,"name":"Exemples d&#8217;application Modules fonctionnels"}]},{"@type":"WebSite","@id":"https:\/\/hetek.de\/#website","url":"https:\/\/hetek.de\/","name":"HETEK","description":"Le support s\u00fbr pour votre univers mobile.","potentialAction":[{"@type":"SearchAction","target":{"@type":"EntryPoint","urlTemplate":"https:\/\/hetek.de\/?s={search_term_string}"},"query-input":{"@type":"PropertyValueSpecification","valueRequired":true,"valueName":"search_term_string"}}],"inLanguage":"fr-FR"}]}},"_links":{"self":[{"href":"https:\/\/hetek.de\/fr\/wp-json\/wp\/v2\/pages\/5094","targetHints":{"allow":["GET"]}}],"collection":[{"href":"https:\/\/hetek.de\/fr\/wp-json\/wp\/v2\/pages"}],"about":[{"href":"https:\/\/hetek.de\/fr\/wp-json\/wp\/v2\/types\/page"}],"author":[{"embeddable":true,"href":"https:\/\/hetek.de\/fr\/wp-json\/wp\/v2\/users\/1"}],"replies":[{"embeddable":true,"href":"https:\/\/hetek.de\/fr\/wp-json\/wp\/v2\/comments?post=5094"}],"version-history":[{"count":3,"href":"https:\/\/hetek.de\/fr\/wp-json\/wp\/v2\/pages\/5094\/revisions"}],"predecessor-version":[{"id":5101,"href":"https:\/\/hetek.de\/fr\/wp-json\/wp\/v2\/pages\/5094\/revisions\/5101"}],"up":[{"embeddable":true,"href":"https:\/\/hetek.de\/fr\/wp-json\/wp\/v2\/pages\/5027"}],"wp:attachment":[{"href":"https:\/\/hetek.de\/fr\/wp-json\/wp\/v2\/media?parent=5094"}],"curies":[{"name":"wp","href":"https:\/\/api.w.org\/{rel}","templated":true}]}}