{"id":5110,"date":"2023-11-09T10:29:03","date_gmt":"2023-11-09T09:29:03","guid":{"rendered":"https:\/\/hetek.de\/hetek-2\/"},"modified":"2026-01-06T11:59:24","modified_gmt":"2026-01-06T10:59:24","slug":"hetek-2","status":"publish","type":"page","link":"https:\/\/hetek.de\/fr\/hetek-2\/","title":{"rendered":"HETEK"},"content":{"rendered":"<div class=\"wpb-content-wrapper\"><p>[vc_row][vc_column][vc_column_text]<\/p>\n<h1><b>Nous sommes HETEK<\/b><\/h1>\n<h2>Du centre de l&rsquo;Allemagne au monde entier.<strong><\/strong><\/h2>\n<p>[\/vc_column_text][vc_row_inner][vc_column_inner][vc_column_text css=\u00a0\u00bb\u00a0\u00bb]Que ce soit dans le d\u00e9sert, dans la jungle, dans la glace et la neige ou dans la zone urbaine d&rsquo;une m\u00e9tropole d&rsquo;Extr\u00eame-Orient, nos syst\u00e8mes de levage remplissent leur mission avec pr\u00e9cision et fiabilit\u00e9 sur les six continents. La qualit\u00e9, dont nous sommes particuli\u00e8rement fiers, de la premi\u00e8re esquisse du concept jusqu&rsquo;au test fonctionnel final, est enti\u00e8rement r\u00e9alis\u00e9e \u00e0 notre si\u00e8ge social de Thuringe, qui emploie 70 personnes.<\/p>\n<p><strong>Quel que soit votre projet, nous vous soutiendrons, vous et votre projet.<\/strong>[\/vc_column_text][\/vc_column_inner][\/vc_row_inner][\/vc_column][\/vc_row][vc_row][vc_column][vc_column_text]<\/p>\n<h3>Faits et chiffres<\/h3>\n<p>[\/vc_column_text]            <div class=\"row\">\n                <div class=\"col-12\">\n                    <div class=\"vorteile\">\n                        <div class=\"row justify-content-around\">\n                                        <div class=\"col-6 col-lg-3 gap\">\n                <div class=\"highlightitem \">\n                    <p class=\"text-center\">\n                        <i class=\"fal fa-4x fa-handshake\"><\/i>\n                    <\/p>\n                    <p class=\"h4\">\n                        depuis 2013                    <\/p>\n                    <p>\n                        Filiale de HIRO LIFT Hillenk\u00f6tter + Ronsieck GmbH                    <\/p>\n                <\/div>\n            <\/div>\n\n                        <div class=\"col-6 col-lg-3 gap\">\n                <div class=\"highlightitem \">\n                    <p class=\"text-center\">\n                        <i class=\"fal fa-4x fa-users\"><\/i>\n                    <\/p>\n                    <p class=\"h4\">\n                        environ 70                    <\/p>\n                    <p>\n                        Collaborateurs                    <\/p>\n                <\/div>\n            <\/div>\n\n                        <div class=\"col-6 col-lg-3 gap\">\n                <div class=\"highlightitem \">\n                    <p class=\"text-center\">\n                        <i class=\"fal fa-4x fa-ruler-combined\"><\/i>\n                    <\/p>\n                    <p class=\"h4\">\n                        24.000 m\u00b2                    <\/p>\n                    <p>\n                        Surface d'exploitation                    <\/p>\n                <\/div>\n            <\/div>\n\n                        <div class=\"col-6 col-lg-3 gap\">\n                <div class=\"highlightitem \">\n                    <p class=\"text-center\">\n                        <i class=\"fal fa-4x fa-ruler-triangle\"><\/i>\n                    <\/p>\n                    <p class=\"h4\">\n                        5.000 m\u00b2                    <\/p>\n                    <p>\n                        Surface de production                    <\/p>\n                <\/div>\n            <\/div>\n\n                        <div class=\"col-6 col-lg-3 gap\">\n                <div class=\"highlightitem \">\n                    <p class=\"text-center\">\n                        <i class=\"fal fa-4x fa-certificate\"><\/i>\n                    <\/p>\n                    <p class=\"h4\">\n                        Gestion de la qualit\u00e9                    <\/p>\n                    <p>\n                        selon la norme DIN EN ISO 9001-2015                    <\/p>\n                <\/div>\n            <\/div>\n\n                        <div class=\"col-6 col-lg-3 gap\">\n                <div class=\"highlightitem \">\n                    <p class=\"text-center\">\n                        <i class=\"fal fa-4x fa-bolt\"><\/i>\n                    <\/p>\n                    <p class=\"h4\">\n                        Audit \u00e9nerg\u00e9tique                    <\/p>\n                    <p>\n                        selon la norme DIN EN 16247-1                    <\/p>\n                <\/div>\n            <\/div>\n\n                        <div class=\"col-6 col-lg-3 gap\">\n                <div class=\"highlightitem \">\n                    <p class=\"text-center\">\n                        <i class=\"fal fa-4x fa-file-certificate\"><\/i>\n                    <\/p>\n                    <p class=\"h4\">\n                        Certification de soudage                    <\/p>\n                    <p>\n                        selon EN 1090-2014                    <\/p>\n                <\/div>\n            <\/div>\n\n                        <div class=\"col-6 col-lg-3 gap\">\n                <div class=\"highlightitem \">\n                    <p class=\"text-center\">\n                        <i class=\"fal fa-4x fa-box-check\"><\/i>\n                    <\/p>\n                    <p class=\"h4\">\n                        Fournisseur enregistr\u00e9 aupr\u00e8s de NATO                    <\/p>\n                    <p>\n                        (D5041)                    <\/p>\n                <\/div>\n            <\/div>\n\n                                    <\/div>\n                    <\/div>\n                <\/div>\n            <\/div>\n            [\/vc_column][\/vc_row]<\/p>\n<\/div>","protected":false},"excerpt":{"rendered":"<p>[vc_row][vc_column][vc_column_text] Nous sommes HETEK Du centre de l&rsquo;Allemagne au monde entier. [\/vc_column_text][vc_row_inner][vc_column_inner][vc_column_text css=\u00a0\u00bb\u00a0\u00bb]Que ce soit dans le d\u00e9sert, dans la jungle, dans la glace et la neige ou dans la zone urbaine d&rsquo;une m\u00e9tropole d&rsquo;Extr\u00eame-Orient, nos syst\u00e8mes de levage remplissent leur mission avec pr\u00e9cision et fiabilit\u00e9 sur les six continents. La qualit\u00e9, dont nous sommes<\/p>\n","protected":false},"author":1,"featured_media":0,"parent":0,"menu_order":0,"comment_status":"closed","ping_status":"closed","template":"","meta":{"_acf_changed":false,"footnotes":""},"class_list":["post-5110","page","type-page","status-publish","hentry"],"acf":[],"yoast_head":"<!-- This site is optimized with the Yoast SEO plugin v27.4 - https:\/\/yoast.com\/product\/yoast-seo-wordpress\/ -->\n<title>HETEK - HETEK<\/title>\n<meta name=\"robots\" content=\"index, follow, max-snippet:-1, max-image-preview:large, max-video-preview:-1\" \/>\n<link rel=\"canonical\" href=\"https:\/\/hetek.de\/fr\/hetek-2\/\" \/>\n<meta property=\"og:locale\" content=\"fr_FR\" \/>\n<meta property=\"og:type\" content=\"article\" \/>\n<meta property=\"og:title\" content=\"HETEK - HETEK\" \/>\n<meta property=\"og:description\" content=\"[vc_row][vc_column][vc_column_text] Nous sommes HETEK Du centre de l&rsquo;Allemagne au monde entier. [\/vc_column_text][vc_row_inner][vc_column_inner][vc_column_text css=\u00a0\u00bb\u00a0\u00bb]Que ce soit dans le d\u00e9sert, dans la jungle, dans la glace et la neige ou dans la zone urbaine d&rsquo;une m\u00e9tropole d&rsquo;Extr\u00eame-Orient, nos syst\u00e8mes de levage remplissent leur mission avec pr\u00e9cision et fiabilit\u00e9 sur les six continents. La qualit\u00e9, dont nous sommes\" \/>\n<meta property=\"og:url\" content=\"https:\/\/hetek.de\/fr\/hetek-2\/\" \/>\n<meta property=\"og:site_name\" content=\"HETEK\" \/>\n<meta property=\"article:modified_time\" content=\"2026-01-06T10:59:24+00:00\" \/>\n<meta name=\"twitter:card\" content=\"summary_large_image\" \/>\n<meta name=\"twitter:label1\" content=\"Dur\u00e9e de lecture estim\u00e9e\" \/>\n\t<meta name=\"twitter:data1\" content=\"1 minute\" \/>\n<script type=\"application\/ld+json\" class=\"yoast-schema-graph\">{\"@context\":\"https:\\\/\\\/schema.org\",\"@graph\":[{\"@type\":\"WebPage\",\"@id\":\"https:\\\/\\\/hetek.de\\\/fr\\\/hetek-2\\\/\",\"url\":\"https:\\\/\\\/hetek.de\\\/fr\\\/hetek-2\\\/\",\"name\":\"HETEK - HETEK\",\"isPartOf\":{\"@id\":\"https:\\\/\\\/hetek.de\\\/#website\"},\"datePublished\":\"2023-11-09T09:29:03+00:00\",\"dateModified\":\"2026-01-06T10:59:24+00:00\",\"breadcrumb\":{\"@id\":\"https:\\\/\\\/hetek.de\\\/fr\\\/hetek-2\\\/#breadcrumb\"},\"inLanguage\":\"fr-FR\",\"potentialAction\":[{\"@type\":\"ReadAction\",\"target\":[\"https:\\\/\\\/hetek.de\\\/fr\\\/hetek-2\\\/\"]}]},{\"@type\":\"BreadcrumbList\",\"@id\":\"https:\\\/\\\/hetek.de\\\/fr\\\/hetek-2\\\/#breadcrumb\",\"itemListElement\":[{\"@type\":\"ListItem\",\"position\":1,\"name\":\"\",\"item\":\"https:\\\/\\\/hetek.de\\\/fr\\\/\"},{\"@type\":\"ListItem\",\"position\":2,\"name\":\"HETEK\"}]},{\"@type\":\"WebSite\",\"@id\":\"https:\\\/\\\/hetek.de\\\/#website\",\"url\":\"https:\\\/\\\/hetek.de\\\/\",\"name\":\"HETEK\",\"description\":\"Le support s\u00fbr pour votre univers mobile.\",\"potentialAction\":[{\"@type\":\"SearchAction\",\"target\":{\"@type\":\"EntryPoint\",\"urlTemplate\":\"https:\\\/\\\/hetek.de\\\/?s={search_term_string}\"},\"query-input\":{\"@type\":\"PropertyValueSpecification\",\"valueRequired\":true,\"valueName\":\"search_term_string\"}}],\"inLanguage\":\"fr-FR\"}]}<\/script>\n<!-- \/ Yoast SEO plugin. -->","yoast_head_json":{"title":"HETEK - HETEK","robots":{"index":"index","follow":"follow","max-snippet":"max-snippet:-1","max-image-preview":"max-image-preview:large","max-video-preview":"max-video-preview:-1"},"canonical":"https:\/\/hetek.de\/fr\/hetek-2\/","og_locale":"fr_FR","og_type":"article","og_title":"HETEK - HETEK","og_description":"[vc_row][vc_column][vc_column_text] Nous sommes HETEK Du centre de l&rsquo;Allemagne au monde entier. [\/vc_column_text][vc_row_inner][vc_column_inner][vc_column_text css=\u00a0\u00bb\u00a0\u00bb]Que ce soit dans le d\u00e9sert, dans la jungle, dans la glace et la neige ou dans la zone urbaine d&rsquo;une m\u00e9tropole d&rsquo;Extr\u00eame-Orient, nos syst\u00e8mes de levage remplissent leur mission avec pr\u00e9cision et fiabilit\u00e9 sur les six continents. La qualit\u00e9, dont nous sommes","og_url":"https:\/\/hetek.de\/fr\/hetek-2\/","og_site_name":"HETEK","article_modified_time":"2026-01-06T10:59:24+00:00","twitter_card":"summary_large_image","twitter_misc":{"Dur\u00e9e de lecture estim\u00e9e":"1 minute"},"schema":{"@context":"https:\/\/schema.org","@graph":[{"@type":"WebPage","@id":"https:\/\/hetek.de\/fr\/hetek-2\/","url":"https:\/\/hetek.de\/fr\/hetek-2\/","name":"HETEK - HETEK","isPartOf":{"@id":"https:\/\/hetek.de\/#website"},"datePublished":"2023-11-09T09:29:03+00:00","dateModified":"2026-01-06T10:59:24+00:00","breadcrumb":{"@id":"https:\/\/hetek.de\/fr\/hetek-2\/#breadcrumb"},"inLanguage":"fr-FR","potentialAction":[{"@type":"ReadAction","target":["https:\/\/hetek.de\/fr\/hetek-2\/"]}]},{"@type":"BreadcrumbList","@id":"https:\/\/hetek.de\/fr\/hetek-2\/#breadcrumb","itemListElement":[{"@type":"ListItem","position":1,"name":"","item":"https:\/\/hetek.de\/fr\/"},{"@type":"ListItem","position":2,"name":"HETEK"}]},{"@type":"WebSite","@id":"https:\/\/hetek.de\/#website","url":"https:\/\/hetek.de\/","name":"HETEK","description":"Le support s\u00fbr pour votre univers mobile.","potentialAction":[{"@type":"SearchAction","target":{"@type":"EntryPoint","urlTemplate":"https:\/\/hetek.de\/?s={search_term_string}"},"query-input":{"@type":"PropertyValueSpecification","valueRequired":true,"valueName":"search_term_string"}}],"inLanguage":"fr-FR"}]}},"_links":{"self":[{"href":"https:\/\/hetek.de\/fr\/wp-json\/wp\/v2\/pages\/5110","targetHints":{"allow":["GET"]}}],"collection":[{"href":"https:\/\/hetek.de\/fr\/wp-json\/wp\/v2\/pages"}],"about":[{"href":"https:\/\/hetek.de\/fr\/wp-json\/wp\/v2\/types\/page"}],"author":[{"embeddable":true,"href":"https:\/\/hetek.de\/fr\/wp-json\/wp\/v2\/users\/1"}],"replies":[{"embeddable":true,"href":"https:\/\/hetek.de\/fr\/wp-json\/wp\/v2\/comments?post=5110"}],"version-history":[{"count":6,"href":"https:\/\/hetek.de\/fr\/wp-json\/wp\/v2\/pages\/5110\/revisions"}],"predecessor-version":[{"id":7433,"href":"https:\/\/hetek.de\/fr\/wp-json\/wp\/v2\/pages\/5110\/revisions\/7433"}],"wp:attachment":[{"href":"https:\/\/hetek.de\/fr\/wp-json\/wp\/v2\/media?parent=5110"}],"curies":[{"name":"wp","href":"https:\/\/api.w.org\/{rel}","templated":true}]}}