{"id":5115,"date":"2023-11-09T10:29:04","date_gmt":"2023-11-09T09:29:04","guid":{"rendered":"https:\/\/hetek.de\/plan-dacces\/"},"modified":"2023-11-09T10:29:05","modified_gmt":"2023-11-09T09:29:05","slug":"plan-dacces","status":"publish","type":"page","link":"https:\/\/hetek.de\/fr\/plan-dacces\/","title":{"rendered":"Plan d&rsquo;acc\u00e8s"},"content":{"rendered":"<div class=\"wpb-content-wrapper\"><p>[vc_row][vc_column][vc_column_text]<\/p>\n<h1>Plan d&rsquo;acc\u00e8s<\/h1>\n<p>[\/vc_column_text][vc_row_inner][vc_column_inner width=\u00a0\u00bb1\/3&Prime;][vc_column_text]<strong>HETEK Lift- et Hebetechnik GmbH<\/strong><\/p>\n<p>Sous les tilleuls 1<br \/>\nD-99830 Treffurt[\/vc_column_text][\/vc_column_inner][vc_column_inner width=\u00a0\u00bb2\/3&Prime;][vc_gmaps link=\u00a0\u00bb#E-8_JTNDaWZyYW1lJTIwc3JjJTNEJTIyaHR0cHMlM0ElMkYlMkZ3d3cuZ29vZ2xlLmNvbSUyRm1hcHMlMkZlbWJlZCUzRnBiJTNEJTIxMW0xNCUyMTFtOCUyMTFtMyUyMTFkMTAwMTQuNjA3ODYyMjE3NDE3JTIxMmQxMC4yMzQ3MDU5JTIxM2Q1MS4xMzMzMjc0JTIxM20yJTIxMWkxMDI0JTIxMmk3NjglMjE0ZjEzLjElMjEzbTMlMjExbTIlMjExczB4MCUyNTNBMHg3N2VjMmJhZDE2YTY3NmY1JTIxMnNIRVRFSyUyNTIwTGlmdC0lMjUyMHVuZCUyNTIwSGViZXRlY2huaWslMjUyMEdtYkglMjE1ZTAlMjEzbTIlMjExc2RlJTIxMnNkZSUyMTR2MTYyNTAzNjIyNjM1NyUyMTVtMiUyMTFzZGUlMjEyc2RlJTIyJTIwd2lkdGglM0QlMjI2MDAlMjIlMjBoZWlnaHQlM0QlMjI0NTAlMjIlMjBzdHlsZSUzRCUyMmJvcmRlciUzQTAlM0IlMjIlMjBhbGxvd2Z1bGxzY3JlZW4lM0QlMjIlMjIlMjBsb2FkaW5nJTNEJTIybGF6eSUyMiUzRSUzQyUyRmlmcmFtZSUzRQ==\u00a0\u00bb][\/vc_column_inner][\/vc_row_inner][vc_row_inner][vc_column_inner width=\u00a0\u00bb1\/3&Prime;][vc_column_text]<strong>En venant d&rsquo;Eschwege &#8211; Wanfried<\/strong> sur la B520, traverser Treffurt et, apr\u00e8s le pont sur la Werra, tourner \u00e0 droite vers HETEK.[\/vc_column_text][\/vc_column_inner][vc_column_inner width=\u00a0\u00bb1\/3&Prime;][vc_column_text]Passer <strong>Creuzburg<\/strong> et ARAL, apr\u00e8s 400 m, quitter la B7 \u00e0 droite et suivre la B250 jusqu&rsquo;\u00e0 Treffurt.[\/vc_column_text][\/vc_column_inner][vc_column_inner width=\u00a0\u00bb1\/3&Prime;][vc_column_text]En arrivant par l&rsquo;autoroute, quitter l&rsquo;<strong>A4 \u00e0 la sortie Eisenach-West<\/strong> et continuer en direction de Creuzburg sur la B7.[\/vc_column_text][\/vc_column_inner][\/vc_row_inner][\/vc_column][\/vc_row]<\/p>\n<\/div>","protected":false},"excerpt":{"rendered":"<p>[vc_row][vc_column][vc_column_text] Plan d&rsquo;acc\u00e8s [\/vc_column_text][vc_row_inner][vc_column_inner width=\u00a0\u00bb1\/3&Prime;][vc_column_text]HETEK Lift- et Hebetechnik GmbH Sous les tilleuls 1 D-99830 Treffurt[\/vc_column_text][\/vc_column_inner][vc_column_inner width=\u00a0\u00bb2\/3&Prime;][vc_gmaps link=\u00a0\u00bb#E-8_JTNDaWZyYW1lJTIwc3JjJTNEJTIyaHR0cHMlM0ElMkYlMkZ3d3cuZ29vZ2xlLmNvbSUyRm1hcHMlMkZlbWJlZCUzRnBiJTNEJTIxMW0xNCUyMTFtOCUyMTFtMyUyMTFkMTAwMTQuNjA3ODYyMjE3NDE3JTIxMmQxMC4yMzQ3MDU5JTIxM2Q1MS4xMzMzMjc0JTIxM20yJTIxMWkxMDI0JTIxMmk3NjglMjE0ZjEzLjElMjEzbTMlMjExbTIlMjExczB4MCUyNTNBMHg3N2VjMmJhZDE2YTY3NmY1JTIxMnNIRVRFSyUyNTIwTGlmdC0lMjUyMHVuZCUyNTIwSGViZXRlY2huaWslMjUyMEdtYkglMjE1ZTAlMjEzbTIlMjExc2RlJTIxMnNkZSUyMTR2MTYyNTAzNjIyNjM1NyUyMTVtMiUyMTFzZGUlMjEyc2RlJTIyJTIwd2lkdGglM0QlMjI2MDAlMjIlMjBoZWlnaHQlM0QlMjI0NTAlMjIlMjBzdHlsZSUzRCUyMmJvcmRlciUzQTAlM0IlMjIlMjBhbGxvd2Z1bGxzY3JlZW4lM0QlMjIlMjIlMjBsb2FkaW5nJTNEJTIybGF6eSUyMiUzRSUzQyUyRmlmcmFtZSUzRQ==\u00a0\u00bb][\/vc_column_inner][\/vc_row_inner][vc_row_inner][vc_column_inner width=\u00a0\u00bb1\/3&Prime;][vc_column_text]En venant d&rsquo;Eschwege &#8211; Wanfried sur la B520, traverser Treffurt et, apr\u00e8s le pont sur la Werra, tourner \u00e0 droite vers HETEK.[\/vc_column_text][\/vc_column_inner][vc_column_inner width=\u00a0\u00bb1\/3&Prime;][vc_column_text]Passer Creuzburg et ARAL, apr\u00e8s 400 m, quitter la B7 \u00e0 droite et suivre la B250<\/p>\n","protected":false},"author":1,"featured_media":0,"parent":0,"menu_order":0,"comment_status":"closed","ping_status":"closed","template":"","meta":{"_acf_changed":false,"footnotes":""},"class_list":["post-5115","page","type-page","status-publish","hentry"],"acf":[],"yoast_head":"<!-- This site is optimized with the Yoast SEO plugin v27.3 - https:\/\/yoast.com\/product\/yoast-seo-wordpress\/ -->\n<title>Acc\u00e8s s\u00fbr - pour vous rendre chez nous en toute s\u00e9curit\u00e9<\/title>\n<meta name=\"description\" content=\"Votre arriv\u00e9e chez nous. D\u00e9couvrez ici comment vous rendre chez nous en toute s\u00e9r\u00e9nit\u00e9 - nous nous r\u00e9jouissons de votre visite ! Vous pouvez nous trouver \u00e0 tout moment sur | HETEK\" \/>\n<meta name=\"robots\" content=\"index, follow, max-snippet:-1, max-image-preview:large, max-video-preview:-1\" \/>\n<link rel=\"canonical\" href=\"https:\/\/hetek.de\/fr\/?page_id=5115\" \/>\n<meta property=\"og:locale\" content=\"fr_FR\" \/>\n<meta property=\"og:type\" content=\"article\" \/>\n<meta property=\"og:title\" content=\"Acc\u00e8s s\u00fbr - pour vous rendre chez nous en toute s\u00e9curit\u00e9\" \/>\n<meta property=\"og:description\" content=\"Votre arriv\u00e9e chez nous. D\u00e9couvrez ici comment vous rendre chez nous en toute s\u00e9r\u00e9nit\u00e9 - nous nous r\u00e9jouissons de votre visite ! Vous pouvez nous trouver \u00e0 tout moment sur | HETEK\" \/>\n<meta property=\"og:url\" content=\"https:\/\/hetek.de\/fr\/?page_id=5115\" \/>\n<meta property=\"og:site_name\" content=\"HETEK\" \/>\n<meta property=\"article:modified_time\" content=\"2023-11-09T09:29:05+00:00\" \/>\n<meta name=\"twitter:card\" content=\"summary_large_image\" \/>\n<meta name=\"twitter:label1\" content=\"Dur\u00e9e de lecture estim\u00e9e\" \/>\n\t<meta name=\"twitter:data1\" content=\"1 minute\" \/>\n<script type=\"application\/ld+json\" class=\"yoast-schema-graph\">{\"@context\":\"https:\\\/\\\/schema.org\",\"@graph\":[{\"@type\":\"WebPage\",\"@id\":\"https:\\\/\\\/hetek.de\\\/fr\\\/?page_id=5115\",\"url\":\"https:\\\/\\\/hetek.de\\\/fr\\\/?page_id=5115\",\"name\":\"Acc\u00e8s s\u00fbr - pour vous rendre chez nous en toute s\u00e9curit\u00e9\",\"isPartOf\":{\"@id\":\"https:\\\/\\\/hetek.de\\\/#website\"},\"datePublished\":\"2023-11-09T09:29:04+00:00\",\"dateModified\":\"2023-11-09T09:29:05+00:00\",\"description\":\"Votre arriv\u00e9e chez nous. D\u00e9couvrez ici comment vous rendre chez nous en toute s\u00e9r\u00e9nit\u00e9 - nous nous r\u00e9jouissons de votre visite ! Vous pouvez nous trouver \u00e0 tout moment sur | HETEK\",\"breadcrumb\":{\"@id\":\"https:\\\/\\\/hetek.de\\\/fr\\\/?page_id=5115#breadcrumb\"},\"inLanguage\":\"fr-FR\",\"potentialAction\":[{\"@type\":\"ReadAction\",\"target\":[\"https:\\\/\\\/hetek.de\\\/fr\\\/?page_id=5115\"]}]},{\"@type\":\"BreadcrumbList\",\"@id\":\"https:\\\/\\\/hetek.de\\\/fr\\\/?page_id=5115#breadcrumb\",\"itemListElement\":[{\"@type\":\"ListItem\",\"position\":1,\"name\":\"\",\"item\":\"https:\\\/\\\/hetek.de\\\/fr\\\/\"},{\"@type\":\"ListItem\",\"position\":2,\"name\":\"Plan d&#8217;acc\u00e8s\"}]},{\"@type\":\"WebSite\",\"@id\":\"https:\\\/\\\/hetek.de\\\/#website\",\"url\":\"https:\\\/\\\/hetek.de\\\/\",\"name\":\"HETEK\",\"description\":\"Le support s\u00fbr pour votre univers mobile.\",\"potentialAction\":[{\"@type\":\"SearchAction\",\"target\":{\"@type\":\"EntryPoint\",\"urlTemplate\":\"https:\\\/\\\/hetek.de\\\/?s={search_term_string}\"},\"query-input\":{\"@type\":\"PropertyValueSpecification\",\"valueRequired\":true,\"valueName\":\"search_term_string\"}}],\"inLanguage\":\"fr-FR\"}]}<\/script>\n<!-- \/ Yoast SEO plugin. -->","yoast_head_json":{"title":"Acc\u00e8s s\u00fbr - pour vous rendre chez nous en toute s\u00e9curit\u00e9","description":"Votre arriv\u00e9e chez nous. D\u00e9couvrez ici comment vous rendre chez nous en toute s\u00e9r\u00e9nit\u00e9 - nous nous r\u00e9jouissons de votre visite ! Vous pouvez nous trouver \u00e0 tout moment sur | HETEK","robots":{"index":"index","follow":"follow","max-snippet":"max-snippet:-1","max-image-preview":"max-image-preview:large","max-video-preview":"max-video-preview:-1"},"canonical":"https:\/\/hetek.de\/fr\/?page_id=5115","og_locale":"fr_FR","og_type":"article","og_title":"Acc\u00e8s s\u00fbr - pour vous rendre chez nous en toute s\u00e9curit\u00e9","og_description":"Votre arriv\u00e9e chez nous. D\u00e9couvrez ici comment vous rendre chez nous en toute s\u00e9r\u00e9nit\u00e9 - nous nous r\u00e9jouissons de votre visite ! Vous pouvez nous trouver \u00e0 tout moment sur | HETEK","og_url":"https:\/\/hetek.de\/fr\/?page_id=5115","og_site_name":"HETEK","article_modified_time":"2023-11-09T09:29:05+00:00","twitter_card":"summary_large_image","twitter_misc":{"Dur\u00e9e de lecture estim\u00e9e":"1 minute"},"schema":{"@context":"https:\/\/schema.org","@graph":[{"@type":"WebPage","@id":"https:\/\/hetek.de\/fr\/?page_id=5115","url":"https:\/\/hetek.de\/fr\/?page_id=5115","name":"Acc\u00e8s s\u00fbr - pour vous rendre chez nous en toute s\u00e9curit\u00e9","isPartOf":{"@id":"https:\/\/hetek.de\/#website"},"datePublished":"2023-11-09T09:29:04+00:00","dateModified":"2023-11-09T09:29:05+00:00","description":"Votre arriv\u00e9e chez nous. D\u00e9couvrez ici comment vous rendre chez nous en toute s\u00e9r\u00e9nit\u00e9 - nous nous r\u00e9jouissons de votre visite ! Vous pouvez nous trouver \u00e0 tout moment sur | HETEK","breadcrumb":{"@id":"https:\/\/hetek.de\/fr\/?page_id=5115#breadcrumb"},"inLanguage":"fr-FR","potentialAction":[{"@type":"ReadAction","target":["https:\/\/hetek.de\/fr\/?page_id=5115"]}]},{"@type":"BreadcrumbList","@id":"https:\/\/hetek.de\/fr\/?page_id=5115#breadcrumb","itemListElement":[{"@type":"ListItem","position":1,"name":"","item":"https:\/\/hetek.de\/fr\/"},{"@type":"ListItem","position":2,"name":"Plan d&#8217;acc\u00e8s"}]},{"@type":"WebSite","@id":"https:\/\/hetek.de\/#website","url":"https:\/\/hetek.de\/","name":"HETEK","description":"Le support s\u00fbr pour votre univers mobile.","potentialAction":[{"@type":"SearchAction","target":{"@type":"EntryPoint","urlTemplate":"https:\/\/hetek.de\/?s={search_term_string}"},"query-input":{"@type":"PropertyValueSpecification","valueRequired":true,"valueName":"search_term_string"}}],"inLanguage":"fr-FR"}]}},"_links":{"self":[{"href":"https:\/\/hetek.de\/fr\/wp-json\/wp\/v2\/pages\/5115","targetHints":{"allow":["GET"]}}],"collection":[{"href":"https:\/\/hetek.de\/fr\/wp-json\/wp\/v2\/pages"}],"about":[{"href":"https:\/\/hetek.de\/fr\/wp-json\/wp\/v2\/types\/page"}],"author":[{"embeddable":true,"href":"https:\/\/hetek.de\/fr\/wp-json\/wp\/v2\/users\/1"}],"replies":[{"embeddable":true,"href":"https:\/\/hetek.de\/fr\/wp-json\/wp\/v2\/comments?post=5115"}],"version-history":[{"count":3,"href":"https:\/\/hetek.de\/fr\/wp-json\/wp\/v2\/pages\/5115\/revisions"}],"predecessor-version":[{"id":5121,"href":"https:\/\/hetek.de\/fr\/wp-json\/wp\/v2\/pages\/5115\/revisions\/5121"}],"wp:attachment":[{"href":"https:\/\/hetek.de\/fr\/wp-json\/wp\/v2\/media?parent=5115"}],"curies":[{"name":"wp","href":"https:\/\/api.w.org\/{rel}","templated":true}]}}