{"id":5116,"date":"2023-11-09T10:29:04","date_gmt":"2023-11-09T09:29:04","guid":{"rendered":"https:\/\/hetek.de\/declaration-de-confidentialite\/collecte-de-donnees\/"},"modified":"2023-11-09T10:29:05","modified_gmt":"2023-11-09T09:29:05","slug":"collecte-de-donnees","status":"publish","type":"page","link":"https:\/\/hetek.de\/fr\/declaration-de-confidentialite\/collecte-de-donnees\/","title":{"rendered":"Collecte de donn\u00e9es"},"content":{"rendered":"<h1>Collecte de donn\u00e9es<\/h1>\n<h2>Information sur la collecte de vos donn\u00e9es par Hetek<\/h2>\n<p>Conform\u00e9ment \u00e0 l&rsquo;article 13 du r\u00e8glement g\u00e9n\u00e9ral sur la protection des donn\u00e9es (RGPD), nous vous informons par la pr\u00e9sente de la collecte de vos donn\u00e9es et de leur traitement. Vous nous avez communiqu\u00e9 vos donn\u00e9es d&rsquo;adresse ainsi que, le cas \u00e9ch\u00e9ant, les noms des personnes de contact, les num\u00e9ros de t\u00e9l\u00e9phone, les adresses e-mail et les domaines d&rsquo;activit\u00e9 ou les noms des personnes de contact.<br \/>\npositions (\u00e9ventuellement aussi d&rsquo;autres donn\u00e9es) sont mises \u00e0 disposition dans le but d&rsquo;ex\u00e9cuter le contrat, de remplir des obligations contractuelles et pr\u00e9contractuelles (article 6, paragraphe 1, b du RGPD).<\/p>\n<p>Dans ce contexte, vos donn\u00e9es ne sont utilis\u00e9es que dans un but strictement d\u00e9fini et ne sont conserv\u00e9es que tant que cela est n\u00e9cessaire \u00e0 la r\u00e9alisation de l&rsquo;objectif susmentionn\u00e9 ou que d&rsquo;autres dispositions l\u00e9gales l&rsquo;exigent (article 6, paragraphe 1, point c), du RGPD).<\/p>\n<p>La transmission de donn\u00e9es \u00e0 des destinataires ext\u00e9rieurs \u00e0 notre entreprise n&rsquo;a lieu que dans le respect des dispositions applicables en mati\u00e8re de protection des donn\u00e9es.<\/p>\n<p>Les destinataires des donn\u00e9es \u00e0 caract\u00e8re personnel peuvent \u00eatre par ex :<\/p>\n<ul>\n<li>Organismes et institutions publics (par exemple, autorit\u00e9s financi\u00e8res ou p\u00e9nales) en cas d&rsquo;obligation l\u00e9gale ou r\u00e9glementaire<\/li>\n<li>Prestataires de services financiers et de cr\u00e9dit (traitement du trafic des paiements)<\/li>\n<li>Conseiller fiscal ou contr\u00f4leur \u00e9conomique et fiscal des salaires et des entreprises (mission l\u00e9gale de contr\u00f4le)<\/li>\n<li>les sous-traitants ou prestataires de services n\u00e9cessaires \u00e0 l&rsquo;ex\u00e9cution de nos obligations contractuelles ou pr\u00e9contractuelles (par exemple, les transporteurs, les fournisseurs, les participants au projet)<\/li>\n<\/ul>\n<p><a href=\"https:\/\/hetek.de\/datenschutzerklaerung\/\">Vous trouverez ici notre d\u00e9claration de protection des donn\u00e9es.<\/a><\/p>\n<h2>Collecte de vos donn\u00e9es par des tiers, si le tiers ne vous a pas inform\u00e9 de la transmission des donn\u00e9es.<\/h2>\n<p>Conform\u00e9ment \u00e0 l&rsquo;article 14 du r\u00e8glement g\u00e9n\u00e9ral sur la protection des donn\u00e9es (RGPD), nous vous informons par la pr\u00e9sente de l&rsquo;origine de vos donn\u00e9es et de leur traitement. Nous avons re\u00e7u, par l&rsquo;interm\u00e9diaire de tiers, vos donn\u00e9es d&rsquo;adresse ainsi que, le cas \u00e9ch\u00e9ant, les noms des interlocuteurs, les num\u00e9ros de t\u00e9l\u00e9phone, les adresses e-mail et les domaines d&rsquo;activit\u00e9 ou les postes (le cas \u00e9ch\u00e9ant, \u00e9galement d&rsquo;autres donn\u00e9es) aux fins de l&rsquo;ex\u00e9cution du contrat, de l&rsquo;ex\u00e9cution des obligations contractuelles et pr\u00e9contractuelles (article 6, paragraphe 1, b du RGPD).<\/p>\n<p>Dans ce contexte, vos donn\u00e9es ne sont utilis\u00e9es que dans un but strictement d\u00e9fini et ne sont conserv\u00e9es que tant que cela est n\u00e9cessaire \u00e0 la r\u00e9alisation de l&rsquo;objectif susmentionn\u00e9 ou que d&rsquo;autres dispositions l\u00e9gales l&rsquo;exigent (article 6, paragraphe 1, point c), du RGPD).<\/p>\n<p>La transmission de donn\u00e9es \u00e0 des destinataires ext\u00e9rieurs \u00e0 notre entreprise n&rsquo;a lieu que dans le respect des dispositions applicables en mati\u00e8re de protection des donn\u00e9es.<\/p>\n<p>Les destinataires des donn\u00e9es \u00e0 caract\u00e8re personnel peuvent \u00eatre par ex :<\/p>\n<ul>\n<li>Organismes et institutions publics (par exemple, autorit\u00e9s financi\u00e8res ou p\u00e9nales) en cas d&rsquo;obligation l\u00e9gale ou r\u00e9glementaire<\/li>\n<li>Prestataires de services financiers et de cr\u00e9dit (traitement du trafic des paiements)<\/li>\n<li>Conseiller fiscal ou contr\u00f4leur \u00e9conomique et fiscal des salaires et des entreprises (mission l\u00e9gale de contr\u00f4le)<\/li>\n<li>les sous-traitants ou prestataires de services n\u00e9cessaires \u00e0 l&rsquo;ex\u00e9cution de nos obligations contractuelles ou pr\u00e9contractuelles (par exemple, les transporteurs, les fournisseurs, les participants au projet)<\/li>\n<li>Vous trouverez ici notre d\u00e9claration de protection des donn\u00e9es.<\/li>\n<\/ul>\n","protected":false},"excerpt":{"rendered":"<p>Collecte de donn\u00e9es Information sur la collecte de vos donn\u00e9es par Hetek Conform\u00e9ment \u00e0 l&rsquo;article 13 du r\u00e8glement g\u00e9n\u00e9ral sur la protection des donn\u00e9es (RGPD), nous vous informons par la pr\u00e9sente de la collecte de vos donn\u00e9es et de leur traitement. Vous nous avez communiqu\u00e9 vos donn\u00e9es d&rsquo;adresse ainsi que, le cas \u00e9ch\u00e9ant, les noms<\/p>\n","protected":false},"author":1,"featured_media":0,"parent":5035,"menu_order":0,"comment_status":"closed","ping_status":"closed","template":"","meta":{"_acf_changed":false,"footnotes":""},"class_list":["post-5116","page","type-page","status-publish","hentry"],"acf":[],"yoast_head":"<!-- This site is optimized with the Yoast SEO plugin v27.4 - https:\/\/yoast.com\/product\/yoast-seo-wordpress\/ -->\n<title>Collecte de donn\u00e9es - HETEK<\/title>\n<meta name=\"robots\" content=\"index, follow, max-snippet:-1, max-image-preview:large, max-video-preview:-1\" \/>\n<link rel=\"canonical\" href=\"https:\/\/hetek.de\/fr\/declaration-de-confidentialite\/collecte-de-donnees\/\" \/>\n<meta property=\"og:locale\" content=\"fr_FR\" \/>\n<meta property=\"og:type\" content=\"article\" \/>\n<meta property=\"og:title\" content=\"Collecte de donn\u00e9es - HETEK\" \/>\n<meta property=\"og:description\" content=\"Collecte de donn\u00e9es Information sur la collecte de vos donn\u00e9es par Hetek Conform\u00e9ment \u00e0 l&rsquo;article 13 du r\u00e8glement g\u00e9n\u00e9ral sur la protection des donn\u00e9es (RGPD), nous vous informons par la pr\u00e9sente de la collecte de vos donn\u00e9es et de leur traitement. Vous nous avez communiqu\u00e9 vos donn\u00e9es d&rsquo;adresse ainsi que, le cas \u00e9ch\u00e9ant, les noms\" \/>\n<meta property=\"og:url\" content=\"https:\/\/hetek.de\/fr\/declaration-de-confidentialite\/collecte-de-donnees\/\" \/>\n<meta property=\"og:site_name\" content=\"HETEK\" \/>\n<meta property=\"article:modified_time\" content=\"2023-11-09T09:29:05+00:00\" \/>\n<meta name=\"twitter:card\" content=\"summary_large_image\" \/>\n<meta name=\"twitter:label1\" content=\"Dur\u00e9e de lecture estim\u00e9e\" \/>\n\t<meta name=\"twitter:data1\" content=\"3 minutes\" \/>\n<script type=\"application\/ld+json\" class=\"yoast-schema-graph\">{\"@context\":\"https:\\\/\\\/schema.org\",\"@graph\":[{\"@type\":\"WebPage\",\"@id\":\"https:\\\/\\\/hetek.de\\\/fr\\\/declaration-de-confidentialite\\\/collecte-de-donnees\\\/\",\"url\":\"https:\\\/\\\/hetek.de\\\/fr\\\/declaration-de-confidentialite\\\/collecte-de-donnees\\\/\",\"name\":\"Collecte de donn\u00e9es - HETEK\",\"isPartOf\":{\"@id\":\"https:\\\/\\\/hetek.de\\\/#website\"},\"datePublished\":\"2023-11-09T09:29:04+00:00\",\"dateModified\":\"2023-11-09T09:29:05+00:00\",\"breadcrumb\":{\"@id\":\"https:\\\/\\\/hetek.de\\\/fr\\\/declaration-de-confidentialite\\\/collecte-de-donnees\\\/#breadcrumb\"},\"inLanguage\":\"fr-FR\",\"potentialAction\":[{\"@type\":\"ReadAction\",\"target\":[\"https:\\\/\\\/hetek.de\\\/fr\\\/declaration-de-confidentialite\\\/collecte-de-donnees\\\/\"]}]},{\"@type\":\"BreadcrumbList\",\"@id\":\"https:\\\/\\\/hetek.de\\\/fr\\\/declaration-de-confidentialite\\\/collecte-de-donnees\\\/#breadcrumb\",\"itemListElement\":[{\"@type\":\"ListItem\",\"position\":1,\"name\":\"\",\"item\":\"https:\\\/\\\/hetek.de\\\/fr\\\/\"},{\"@type\":\"ListItem\",\"position\":2,\"name\":\"D\u00e9claration de confidentialit\u00e9\",\"item\":\"https:\\\/\\\/hetek.de\\\/fr\\\/declaration-de-confidentialite\\\/\"},{\"@type\":\"ListItem\",\"position\":3,\"name\":\"Collecte de donn\u00e9es\"}]},{\"@type\":\"WebSite\",\"@id\":\"https:\\\/\\\/hetek.de\\\/#website\",\"url\":\"https:\\\/\\\/hetek.de\\\/\",\"name\":\"HETEK\",\"description\":\"Le support s\u00fbr pour votre univers mobile.\",\"potentialAction\":[{\"@type\":\"SearchAction\",\"target\":{\"@type\":\"EntryPoint\",\"urlTemplate\":\"https:\\\/\\\/hetek.de\\\/?s={search_term_string}\"},\"query-input\":{\"@type\":\"PropertyValueSpecification\",\"valueRequired\":true,\"valueName\":\"search_term_string\"}}],\"inLanguage\":\"fr-FR\"}]}<\/script>\n<!-- \/ Yoast SEO plugin. -->","yoast_head_json":{"title":"Collecte de donn\u00e9es - HETEK","robots":{"index":"index","follow":"follow","max-snippet":"max-snippet:-1","max-image-preview":"max-image-preview:large","max-video-preview":"max-video-preview:-1"},"canonical":"https:\/\/hetek.de\/fr\/declaration-de-confidentialite\/collecte-de-donnees\/","og_locale":"fr_FR","og_type":"article","og_title":"Collecte de donn\u00e9es - HETEK","og_description":"Collecte de donn\u00e9es Information sur la collecte de vos donn\u00e9es par Hetek Conform\u00e9ment \u00e0 l&rsquo;article 13 du r\u00e8glement g\u00e9n\u00e9ral sur la protection des donn\u00e9es (RGPD), nous vous informons par la pr\u00e9sente de la collecte de vos donn\u00e9es et de leur traitement. Vous nous avez communiqu\u00e9 vos donn\u00e9es d&rsquo;adresse ainsi que, le cas \u00e9ch\u00e9ant, les noms","og_url":"https:\/\/hetek.de\/fr\/declaration-de-confidentialite\/collecte-de-donnees\/","og_site_name":"HETEK","article_modified_time":"2023-11-09T09:29:05+00:00","twitter_card":"summary_large_image","twitter_misc":{"Dur\u00e9e de lecture estim\u00e9e":"3 minutes"},"schema":{"@context":"https:\/\/schema.org","@graph":[{"@type":"WebPage","@id":"https:\/\/hetek.de\/fr\/declaration-de-confidentialite\/collecte-de-donnees\/","url":"https:\/\/hetek.de\/fr\/declaration-de-confidentialite\/collecte-de-donnees\/","name":"Collecte de donn\u00e9es - HETEK","isPartOf":{"@id":"https:\/\/hetek.de\/#website"},"datePublished":"2023-11-09T09:29:04+00:00","dateModified":"2023-11-09T09:29:05+00:00","breadcrumb":{"@id":"https:\/\/hetek.de\/fr\/declaration-de-confidentialite\/collecte-de-donnees\/#breadcrumb"},"inLanguage":"fr-FR","potentialAction":[{"@type":"ReadAction","target":["https:\/\/hetek.de\/fr\/declaration-de-confidentialite\/collecte-de-donnees\/"]}]},{"@type":"BreadcrumbList","@id":"https:\/\/hetek.de\/fr\/declaration-de-confidentialite\/collecte-de-donnees\/#breadcrumb","itemListElement":[{"@type":"ListItem","position":1,"name":"","item":"https:\/\/hetek.de\/fr\/"},{"@type":"ListItem","position":2,"name":"D\u00e9claration de confidentialit\u00e9","item":"https:\/\/hetek.de\/fr\/declaration-de-confidentialite\/"},{"@type":"ListItem","position":3,"name":"Collecte de donn\u00e9es"}]},{"@type":"WebSite","@id":"https:\/\/hetek.de\/#website","url":"https:\/\/hetek.de\/","name":"HETEK","description":"Le support s\u00fbr pour votre univers mobile.","potentialAction":[{"@type":"SearchAction","target":{"@type":"EntryPoint","urlTemplate":"https:\/\/hetek.de\/?s={search_term_string}"},"query-input":{"@type":"PropertyValueSpecification","valueRequired":true,"valueName":"search_term_string"}}],"inLanguage":"fr-FR"}]}},"_links":{"self":[{"href":"https:\/\/hetek.de\/fr\/wp-json\/wp\/v2\/pages\/5116","targetHints":{"allow":["GET"]}}],"collection":[{"href":"https:\/\/hetek.de\/fr\/wp-json\/wp\/v2\/pages"}],"about":[{"href":"https:\/\/hetek.de\/fr\/wp-json\/wp\/v2\/types\/page"}],"author":[{"embeddable":true,"href":"https:\/\/hetek.de\/fr\/wp-json\/wp\/v2\/users\/1"}],"replies":[{"embeddable":true,"href":"https:\/\/hetek.de\/fr\/wp-json\/wp\/v2\/comments?post=5116"}],"version-history":[{"count":1,"href":"https:\/\/hetek.de\/fr\/wp-json\/wp\/v2\/pages\/5116\/revisions"}],"predecessor-version":[{"id":5122,"href":"https:\/\/hetek.de\/fr\/wp-json\/wp\/v2\/pages\/5116\/revisions\/5122"}],"up":[{"embeddable":true,"href":"https:\/\/hetek.de\/fr\/wp-json\/wp\/v2\/pages\/5035"}],"wp:attachment":[{"href":"https:\/\/hetek.de\/fr\/wp-json\/wp\/v2\/media?parent=5116"}],"curies":[{"name":"wp","href":"https:\/\/api.w.org\/{rel}","templated":true}]}}