{"id":5123,"date":"2023-11-09T10:29:05","date_gmt":"2023-11-09T09:29:05","guid":{"rendered":"https:\/\/hetek.de\/contact\/partenaires-internationaux\/"},"modified":"2023-12-12T09:47:35","modified_gmt":"2023-12-12T08:47:35","slug":"partenaires-internationaux","status":"publish","type":"page","link":"https:\/\/hetek.de\/fr\/contact\/partenaires-internationaux\/","title":{"rendered":"Partenaires internationaux"},"content":{"rendered":"<div class=\"wpb-content-wrapper\"><p>[vc_row][vc_column][vc_column_text]<\/p>\n<div class=\"csc-header csc-header-n1\">\n<h1 class=\"csc-firstHeader\">Partenaires internationaux<\/h1>\n<\/div>\n<p>[\/vc_column_text][\/vc_column][\/vc_row][vc_section][vc_row][vc_column][vc_column_text]<\/p>\n<h2>EUROPA<\/h2>\n<p>[\/vc_column_text][vc_row_inner][vc_column_inner width=\u00a0\u00bb1\/3&Prime;][vc_column_text]<\/p>\n<h3>Norv\u00e8ge<\/h3>\n<p>Lilltech AS<br \/>\nVilbergveien 107<br \/>\n2060 Gardermoen<\/p>\n<p>T\u00e9l. : +47 \/ 63934952<br \/>\nT\u00e9l\u00e9copieur : +47 \/ 63934959<\/p>\n<p><a href=\"http:\/\/www.lilltech.no\/\" target=\"_blank\" rel=\"noopener\">jl@lilltech.no<\/a><br \/>\n<a href=\"http:\/\/www.lilltech.no\/\" target=\"_blank\" rel=\"noopener\">www.lilltech.no<\/a>[\/vc_column_text][\/vc_column_inner][vc_column_inner width=\u00a0\u00bb1\/3&Prime;][vc_column_text]<\/p>\n<h3>Danemark<\/h3>\n<p>Danish Management Consult ApS<br \/>\nVesterheden 75<br \/>\n8800 Viborg<\/p>\n<p>T\u00e9l. : +45 \/ 60 835418<\/p>\n<p><a>jovibeier(at)mail.dk<br \/>\n<\/a><a href=\"http:\/\/www.dmc-aps.dk\/\" target=\"_blank\" class=\"ext\" rel=\"noopener\">www.dmc-aps.dk<\/a>[\/vc_column_text][\/vc_column_inner][vc_column_inner width=\u00a0\u00bb1\/3&Prime;][vc_column_text]<\/p>\n<h3>France<\/h3>\n<p>CTC &#8211; MM<br \/>\n4, rue Paul Gauguin<br \/>\nF- 67640 Fegersheim<\/p>\n<p>T\u00e9l. : +33 \/ 610795567<\/p>\n<p><a>bernard.menna(at)wanadoo.fr<\/a>[\/vc_column_text][\/vc_column_inner][\/vc_row_inner][\/vc_column][\/vc_row][\/vc_section][vc_section][vc_row][vc_column][vc_column_text]<\/p>\n<h2>ASIE<\/h2>\n<p>[\/vc_column_text][vc_row_inner][vc_column_inner width=\u00a0\u00bb1\/3&Prime;][vc_column_text]<\/p>\n<h3>Isra\u00ebl<\/h3>\n<p>CMI-Industries Ltd<br \/>\nHacarmel 4 pc<br \/>\n2069201 P.O.B. 65 Yoqneam<\/p>\n<p>T\u00e9l. : +972-4-9931215<br \/>\nT\u00e9l\u00e9copieur : +972-4-9835120<\/p>\n<p><a>cmi(at)zahav.net.il<br \/>\n<\/a><a href=\"http:\/\/www.cmi-industries.co.il\/\" target=\"_blank\" class=\"ext\" rel=\"noopener\">www.cmi-industries.co.il<\/a>[\/vc_column_text][\/vc_column_inner][vc_column_inner width=\u00a0\u00bb1\/3&Prime;][vc_column_text]<\/p>\n<h3>Inde<\/h3>\n<p>CMI-Industries Ltd<br \/>\nHacarmel 4 pc<br \/>\n2069201 P.O.B. 65 Yoqneam<\/p>\n<p>T\u00e9l. : +972-4-9931215<br \/>\nT\u00e9l\u00e9copieur : +972-4-9835120<\/p>\n<p><a>cmi(at)zahav.net.il<br \/>\n<\/a><a href=\"http:\/\/www.cmi-industries.co.il\/\" target=\"_blank\" class=\"ext\" rel=\"noopener\">www.cmi-industries.co.il<\/a>[\/vc_column_text][\/vc_column_inner][vc_column_inner width=\u00a0\u00bb1\/3&Prime;][vc_column_text]<\/p>\n<h3>\u00c9mirats arabes unis<\/h3>\n<p>Seatrail L.L.C.<br \/>\nJebel Ali, zone industrielle No (2)<br \/>\nP.O.Box 11406 ; DUBAI<\/p>\n<p>T\u00e9l. : +971\/4\/8803222<br \/>\nT\u00e9l\u00e9copieur : +971\/4\/8803366<\/p>\n<p><a>hussain(at)seatrail.ae<br \/>\n<\/a><a href=\"http:\/\/www.seatrail.ae\/\" target=\"_blank\" rel=\"noopener\">www.seatrail.ae<\/a>[\/vc_column_text][\/vc_column_inner][\/vc_row_inner][vc_row_inner][vc_column_inner width=\u00a0\u00bb1\/3&Prime;][vc_column_text]<\/p>\n<h3>Ta\u00efwan<\/h3>\n<p>Champion Auto<br \/>\nNo. 368, Fuxing 3rd Rd.<br \/>\n33383 canton de Guishan, comt\u00e9 de Taoyuan<\/p>\n<p>T\u00e9l. : +886-3-3185805\/5133<br \/>\nT\u00e9l\u00e9copieur : +886-3-3181108<\/p>\n<p><a>george(at)champion-auto.com.tw<br \/>\n<\/a><a href=\"http:\/\/www.champion-auto.com.tw\/\" target=\"_blank\" rel=\"noopener\">www.champion-auto.com.tw<\/a>[\/vc_column_text][\/vc_column_inner][vc_column_inner width=\u00a0\u00bb1\/3&Prime;][\/vc_column_inner][vc_column_inner width=\u00a0\u00bb1\/3&Prime;][\/vc_column_inner][\/vc_row_inner][\/vc_column][\/vc_row][\/vc_section][vc_section][vc_row][vc_column][vc_column_text]<\/p>\n<h2>AM\u00c9RIQUE DU NORD<\/h2>\n<p>[\/vc_column_text][vc_row_inner][vc_column_inner width=\u00a0\u00bb1\/3&Prime;][vc_column_text]<\/p>\n<h3>\u00c9tats-Unis d&rsquo;Am\u00e9rique<\/h3>\n<p>Sea Box Inc.<br \/>\n1 Sea Box Drive<br \/>\n08077-2004 East Riverton, N<\/p>\n<p>T\u00e9l. : +1\/856.303.1101 ext. 4216<br \/>\nT\u00e9l\u00e9copieur : +1\/856.303.1501<\/p>\n<p><a>nickyd(at)seabox.com<br \/>\n<\/a><a href=\"http:\/\/www.seabox.com\/\" target=\"_blank\" rel=\"noopener\">www.seabox.com<\/a>[\/vc_column_text][\/vc_column_inner][vc_column_inner width=\u00a0\u00bb1\/3&Prime;][\/vc_column_inner][vc_column_inner width=\u00a0\u00bb1\/3&Prime;][\/vc_column_inner][\/vc_row_inner][\/vc_column][\/vc_row][\/vc_section][vc_section][vc_row][vc_column][vc_column_text]<\/p>\n<h2>AM\u00c9RIQUE CENTRALE ET DU SUD<\/h2>\n<p>[\/vc_column_text][vc_row_inner][vc_column_inner width=\u00a0\u00bb1\/3&Prime;][vc_column_text]<\/p>\n<h3>Panama<\/h3>\n<p>Con Tainer Solution S.A.<br \/>\nPlaza La Boca, Oficina 2<br \/>\nVille de Panama<\/p>\n<p>T\u00e9l. : +507-66190970<\/p>\n<p><a>ofernandez(at)ctspty.com<br \/>\n<\/a><a href=\"http:\/\/www.ctspty.com\/\" target=\"_blank\" rel=\"noopener\">www.ctspty.com<\/a>[\/vc_column_text][\/vc_column_inner][vc_column_inner width=\u00a0\u00bb1\/3&Prime;][vc_column_text]<\/p>\n<h3>Br\u00e9sil<\/h3>\n<p>RF COM Sistemas Ltda.<br \/>\nRua Carlos Marcondes, 501, Limoeiro<br \/>\n12241-421 Sao Jose dos Campos SP<\/p>\n<p>T\u00e9l. : +55\/12\/3933-1204<br \/>\nT\u00e9l\u00e9copieur : +55\/12\/3933-3250<\/p>\n<p>pcc@rf.com.br<span> <\/span><a>www.rf.com.br<\/a>[\/vc_column_text][\/vc_column_inner][vc_column_inner width=\u00a0\u00bb1\/3&Prime;][\/vc_column_inner][\/vc_row_inner][\/vc_column][\/vc_row][\/vc_section][vc_section][vc_row][vc_column][vc_column_text]<\/p>\n<h2>AFRIQUE<\/h2>\n<p>[\/vc_column_text][vc_row_inner][vc_column_inner width=\u00a0\u00bb1\/3&Prime;][vc_column_text]Stormhill Transport Consultants<br \/>\n38 Hillcrest Avenue, Craighall Park<br \/>\n2115 Johannesburg<\/p>\n<p>T\u00e9l. : +27 \/ 11 781 2868<\/p>\n<p><a>stormhill(at)mweb.co.za<\/a>[\/vc_column_text][\/vc_column_inner][vc_column_inner width=\u00a0\u00bb1\/3&Prime;][\/vc_column_inner][vc_column_inner width=\u00a0\u00bb1\/3&Prime;][\/vc_column_inner][\/vc_row_inner][\/vc_column][\/vc_row][\/vc_section][vc_section][vc_row][vc_column][vc_column_text]<\/p>\n<h2>RESTE DU MONDE<\/h2>\n<p>[\/vc_column_text][vc_row_inner][vc_column_inner width=\u00a0\u00bb1\/3&Prime;][vc_column_text]HETEK Lift- und Hebetechnik GmbH<br \/>\nUnter den Linden 1<br \/>\n99830 Treffurt<\/p>\n<p>T\u00e9l. : +49 (0) 36923 \/ 53 &#8211; 0<br \/>\nT\u00e9l\u00e9copieur : +49 (0) 36923 \/ 53-200<\/p>\n<p><a>info(at)hetek.de<br \/>\n<\/a><a href=\"http:\/\/www.hetek.de\/\" target=\"_blank\" rel=\"noopener\">www.hetek.de<\/a>[\/vc_column_text][\/vc_column_inner][vc_column_inner width=\u00a0\u00bb1\/3&Prime;][\/vc_column_inner][vc_column_inner width=\u00a0\u00bb1\/3&Prime;][\/vc_column_inner][\/vc_row_inner][\/vc_column][\/vc_row][\/vc_section]<\/p>\n<\/div>","protected":false},"excerpt":{"rendered":"<p>[vc_row][vc_column][vc_column_text] Partenaires internationaux [\/vc_column_text][\/vc_column][\/vc_row][vc_section][vc_row][vc_column][vc_column_text] EUROPA [\/vc_column_text][vc_row_inner][vc_column_inner width=\u00a0\u00bb1\/3&Prime;][vc_column_text] Norv\u00e8ge Lilltech AS Vilbergveien 107 2060 Gardermoen T\u00e9l. : +47 \/ 63934952 T\u00e9l\u00e9copieur : +47 \/ 63934959 jl@lilltech.no www.lilltech.no[\/vc_column_text][\/vc_column_inner][vc_column_inner width=\u00a0\u00bb1\/3&Prime;][vc_column_text] Danemark Danish Management Consult ApS Vesterheden 75 8800 Viborg T\u00e9l. : +45 \/ 60 835418 jovibeier(at)mail.dk www.dmc-aps.dk[\/vc_column_text][\/vc_column_inner][vc_column_inner width=\u00a0\u00bb1\/3&Prime;][vc_column_text] France CTC &#8211; MM 4, rue Paul Gauguin F- 67640<\/p>\n","protected":false},"author":1,"featured_media":0,"parent":5041,"menu_order":0,"comment_status":"closed","ping_status":"closed","template":"","meta":{"_acf_changed":false,"footnotes":""},"class_list":["post-5123","page","type-page","status-publish","hentry"],"acf":[],"yoast_head":"<!-- This site is optimized with the Yoast SEO plugin v27.3 - https:\/\/yoast.com\/product\/yoast-seo-wordpress\/ -->\n<title>Aper\u00e7u de nos partenaires internationaux<\/title>\n<meta name=\"description\" content=\"Nos partenaires internationaux r\u00e9sum\u00e9s pour vous de mani\u00e8re claire et compacte. Cpntactez d\u00e8s maintenant nos diff\u00e9rents sites ! Plus sous | HETEK\" \/>\n<meta name=\"robots\" content=\"index, follow, max-snippet:-1, max-image-preview:large, max-video-preview:-1\" \/>\n<link rel=\"canonical\" href=\"https:\/\/hetek.de\/fr\/contact\/partenaires-internationaux\/\" \/>\n<meta property=\"og:locale\" content=\"fr_FR\" \/>\n<meta property=\"og:type\" content=\"article\" \/>\n<meta property=\"og:title\" content=\"Aper\u00e7u de nos partenaires internationaux\" \/>\n<meta property=\"og:description\" content=\"Nos partenaires internationaux r\u00e9sum\u00e9s pour vous de mani\u00e8re claire et compacte. Cpntactez d\u00e8s maintenant nos diff\u00e9rents sites ! Plus sous | HETEK\" \/>\n<meta property=\"og:url\" content=\"https:\/\/hetek.de\/fr\/contact\/partenaires-internationaux\/\" \/>\n<meta property=\"og:site_name\" content=\"HETEK\" \/>\n<meta property=\"article:modified_time\" content=\"2023-12-12T08:47:35+00:00\" \/>\n<meta name=\"twitter:card\" content=\"summary_large_image\" \/>\n<meta name=\"twitter:label1\" content=\"Dur\u00e9e de lecture estim\u00e9e\" \/>\n\t<meta name=\"twitter:data1\" content=\"2 minutes\" \/>\n<script type=\"application\/ld+json\" class=\"yoast-schema-graph\">{\"@context\":\"https:\\\/\\\/schema.org\",\"@graph\":[{\"@type\":\"WebPage\",\"@id\":\"https:\\\/\\\/hetek.de\\\/fr\\\/contact\\\/partenaires-internationaux\\\/\",\"url\":\"https:\\\/\\\/hetek.de\\\/fr\\\/contact\\\/partenaires-internationaux\\\/\",\"name\":\"Aper\u00e7u de nos partenaires internationaux\",\"isPartOf\":{\"@id\":\"https:\\\/\\\/hetek.de\\\/#website\"},\"datePublished\":\"2023-11-09T09:29:05+00:00\",\"dateModified\":\"2023-12-12T08:47:35+00:00\",\"description\":\"Nos partenaires internationaux r\u00e9sum\u00e9s pour vous de mani\u00e8re claire et compacte. Cpntactez d\u00e8s maintenant nos diff\u00e9rents sites ! Plus sous | HETEK\",\"breadcrumb\":{\"@id\":\"https:\\\/\\\/hetek.de\\\/fr\\\/contact\\\/partenaires-internationaux\\\/#breadcrumb\"},\"inLanguage\":\"fr-FR\",\"potentialAction\":[{\"@type\":\"ReadAction\",\"target\":[\"https:\\\/\\\/hetek.de\\\/fr\\\/contact\\\/partenaires-internationaux\\\/\"]}]},{\"@type\":\"BreadcrumbList\",\"@id\":\"https:\\\/\\\/hetek.de\\\/fr\\\/contact\\\/partenaires-internationaux\\\/#breadcrumb\",\"itemListElement\":[{\"@type\":\"ListItem\",\"position\":1,\"name\":\"\",\"item\":\"https:\\\/\\\/hetek.de\\\/fr\\\/\"},{\"@type\":\"ListItem\",\"position\":2,\"name\":\"Contact\",\"item\":\"https:\\\/\\\/hetek.de\\\/fr\\\/contact\\\/\"},{\"@type\":\"ListItem\",\"position\":3,\"name\":\"Partenaires internationaux\"}]},{\"@type\":\"WebSite\",\"@id\":\"https:\\\/\\\/hetek.de\\\/#website\",\"url\":\"https:\\\/\\\/hetek.de\\\/\",\"name\":\"HETEK\",\"description\":\"Le support s\u00fbr pour votre univers mobile.\",\"potentialAction\":[{\"@type\":\"SearchAction\",\"target\":{\"@type\":\"EntryPoint\",\"urlTemplate\":\"https:\\\/\\\/hetek.de\\\/?s={search_term_string}\"},\"query-input\":{\"@type\":\"PropertyValueSpecification\",\"valueRequired\":true,\"valueName\":\"search_term_string\"}}],\"inLanguage\":\"fr-FR\"}]}<\/script>\n<!-- \/ Yoast SEO plugin. -->","yoast_head_json":{"title":"Aper\u00e7u de nos partenaires internationaux","description":"Nos partenaires internationaux r\u00e9sum\u00e9s pour vous de mani\u00e8re claire et compacte. Cpntactez d\u00e8s maintenant nos diff\u00e9rents sites ! Plus sous | HETEK","robots":{"index":"index","follow":"follow","max-snippet":"max-snippet:-1","max-image-preview":"max-image-preview:large","max-video-preview":"max-video-preview:-1"},"canonical":"https:\/\/hetek.de\/fr\/contact\/partenaires-internationaux\/","og_locale":"fr_FR","og_type":"article","og_title":"Aper\u00e7u de nos partenaires internationaux","og_description":"Nos partenaires internationaux r\u00e9sum\u00e9s pour vous de mani\u00e8re claire et compacte. Cpntactez d\u00e8s maintenant nos diff\u00e9rents sites ! Plus sous | HETEK","og_url":"https:\/\/hetek.de\/fr\/contact\/partenaires-internationaux\/","og_site_name":"HETEK","article_modified_time":"2023-12-12T08:47:35+00:00","twitter_card":"summary_large_image","twitter_misc":{"Dur\u00e9e de lecture estim\u00e9e":"2 minutes"},"schema":{"@context":"https:\/\/schema.org","@graph":[{"@type":"WebPage","@id":"https:\/\/hetek.de\/fr\/contact\/partenaires-internationaux\/","url":"https:\/\/hetek.de\/fr\/contact\/partenaires-internationaux\/","name":"Aper\u00e7u de nos partenaires internationaux","isPartOf":{"@id":"https:\/\/hetek.de\/#website"},"datePublished":"2023-11-09T09:29:05+00:00","dateModified":"2023-12-12T08:47:35+00:00","description":"Nos partenaires internationaux r\u00e9sum\u00e9s pour vous de mani\u00e8re claire et compacte. Cpntactez d\u00e8s maintenant nos diff\u00e9rents sites ! Plus sous | HETEK","breadcrumb":{"@id":"https:\/\/hetek.de\/fr\/contact\/partenaires-internationaux\/#breadcrumb"},"inLanguage":"fr-FR","potentialAction":[{"@type":"ReadAction","target":["https:\/\/hetek.de\/fr\/contact\/partenaires-internationaux\/"]}]},{"@type":"BreadcrumbList","@id":"https:\/\/hetek.de\/fr\/contact\/partenaires-internationaux\/#breadcrumb","itemListElement":[{"@type":"ListItem","position":1,"name":"","item":"https:\/\/hetek.de\/fr\/"},{"@type":"ListItem","position":2,"name":"Contact","item":"https:\/\/hetek.de\/fr\/contact\/"},{"@type":"ListItem","position":3,"name":"Partenaires internationaux"}]},{"@type":"WebSite","@id":"https:\/\/hetek.de\/#website","url":"https:\/\/hetek.de\/","name":"HETEK","description":"Le support s\u00fbr pour votre univers mobile.","potentialAction":[{"@type":"SearchAction","target":{"@type":"EntryPoint","urlTemplate":"https:\/\/hetek.de\/?s={search_term_string}"},"query-input":{"@type":"PropertyValueSpecification","valueRequired":true,"valueName":"search_term_string"}}],"inLanguage":"fr-FR"}]}},"_links":{"self":[{"href":"https:\/\/hetek.de\/fr\/wp-json\/wp\/v2\/pages\/5123","targetHints":{"allow":["GET"]}}],"collection":[{"href":"https:\/\/hetek.de\/fr\/wp-json\/wp\/v2\/pages"}],"about":[{"href":"https:\/\/hetek.de\/fr\/wp-json\/wp\/v2\/types\/page"}],"author":[{"embeddable":true,"href":"https:\/\/hetek.de\/fr\/wp-json\/wp\/v2\/users\/1"}],"replies":[{"embeddable":true,"href":"https:\/\/hetek.de\/fr\/wp-json\/wp\/v2\/comments?post=5123"}],"version-history":[{"count":4,"href":"https:\/\/hetek.de\/fr\/wp-json\/wp\/v2\/pages\/5123\/revisions"}],"predecessor-version":[{"id":6358,"href":"https:\/\/hetek.de\/fr\/wp-json\/wp\/v2\/pages\/5123\/revisions\/6358"}],"up":[{"embeddable":true,"href":"https:\/\/hetek.de\/fr\/wp-json\/wp\/v2\/pages\/5041"}],"wp:attachment":[{"href":"https:\/\/hetek.de\/fr\/wp-json\/wp\/v2\/media?parent=5123"}],"curies":[{"name":"wp","href":"https:\/\/api.w.org\/{rel}","templated":true}]}}