{"id":6834,"date":"2024-10-10T10:58:46","date_gmt":"2024-10-10T08:58:46","guid":{"rendered":"https:\/\/hetek.de\/carriere-nouveau\/"},"modified":"2024-10-11T14:44:14","modified_gmt":"2024-10-11T12:44:14","slug":"carriere","status":"publish","type":"page","link":"https:\/\/hetek.de\/fr\/carriere\/","title":{"rendered":"Carri\u00e8re"},"content":{"rendered":"<div class=\"wpb-content-wrapper\"><p>[vc_row][vc_column][vc_column_text]<\/p>\n<h1>Offres d&#8217;emploi<\/h1>\n<p>Vous trouverez ici un aper\u00e7u de tous les postes vacants.[\/vc_column_text][\/vc_column][\/vc_row][vc_row][vc_column]            <div class=\"row\">\n                                    <div class=\"col-12\">\n                        <div class=\"row gap\">\n                                                            <div class=\"col-12 gap\">\n                                    <style>\n                                        .jobitem {\n                                            background-color: #fff;\n                                            padding: 15px;\n                                            box-shadow: 5px 5px 15px rgba(0, 0, 0, .05);\n                                            position: relative;\n                                            z-index: 2;\n                                            display: block;\n                                        }\n\n                                        .jobitem:hover *, .jobitem:hover {\n                                            color: #fff !important\n                                        }\n\n                                        .jobitem:hover {\n                                            background-color: #002241\n                                        }\n                                    <\/style>\n                                    <a href=\"https:\/\/hetek.de\/fr\/emploi\/monteur-electrique-h-f\/\" class=\"jobitem\">\n                                        <h3>Monteur \u00e9lectrique (h\/f)<\/h3>\n                                                                            <\/a>\n                                <\/div>\n                                                            <div class=\"col-12 gap\">\n                                    <style>\n                                        .jobitem {\n                                            background-color: #fff;\n                                            padding: 15px;\n                                            box-shadow: 5px 5px 15px rgba(0, 0, 0, .05);\n                                            position: relative;\n                                            z-index: 2;\n                                            display: block;\n                                        }\n\n                                        .jobitem:hover *, .jobitem:hover {\n                                            color: #fff !important\n                                        }\n\n                                        .jobitem:hover {\n                                            background-color: #002241\n                                        }\n                                    <\/style>\n                                    <a href=\"https:\/\/hetek.de\/fr\/emploi\/responsable-adjoint-de-la-production-electrique-h-f\/\" class=\"jobitem\">\n                                        <h3>Responsable adjoint de la production \u00e9lectrique (h\/f)<\/h3>\n                                                                            <\/a>\n                                <\/div>\n                                                    <\/div>\n                    <\/div>\n                \n            <\/div>\n            [\/vc_column][\/vc_row][vc_row][vc_column][vc_column_text]<\/p>\n<h3>Vous ne trouvez pas le poste qui vous convient ?<\/h3>\n<p>Pas de probl\u00e8me &#8211; <strong>envoyez-nous votre candidature spontan\u00e9e<\/strong> et convainquez-nous de votre valeur ! Nous attendons votre candidature avec impatience<\/p>\n<p><a href=\"https:\/\/hetek.de\/karriere-neu\/initiativbewerbung\/\" class=\"btn-default btn\">Vers la candidature spontan\u00e9e<\/a>[\/vc_column_text][\/vc_column][\/vc_row]<\/p>\n<\/div>","protected":false},"excerpt":{"rendered":"<p>[vc_row][vc_column][vc_column_text] Offres d&#8217;emploi Vous trouverez ici un aper\u00e7u de tous les postes vacants.[\/vc_column_text][\/vc_column][\/vc_row][vc_row][vc_column][\/vc_column][\/vc_row][vc_row][vc_column][vc_column_text] Vous ne trouvez pas le poste qui vous convient ? Pas de probl\u00e8me &#8211; envoyez-nous votre candidature spontan\u00e9e et convainquez-nous de votre valeur ! Nous attendons votre candidature avec impatience Vers la candidature spontan\u00e9e[\/vc_column_text][\/vc_column][\/vc_row]<\/p>\n","protected":false},"author":1,"featured_media":0,"parent":0,"menu_order":0,"comment_status":"closed","ping_status":"closed","template":"","meta":{"_acf_changed":false,"footnotes":""},"class_list":["post-6834","page","type-page","status-publish","hentry"],"acf":[],"yoast_head":"<!-- This site is optimized with the Yoast SEO plugin v27.4 - https:\/\/yoast.com\/product\/yoast-seo-wordpress\/ -->\n<title>Carri\u00e8re - HETEK<\/title>\n<meta name=\"robots\" content=\"index, follow, max-snippet:-1, max-image-preview:large, max-video-preview:-1\" \/>\n<link rel=\"canonical\" href=\"https:\/\/hetek.de\/fr\/carriere\/\" \/>\n<meta property=\"og:locale\" content=\"fr_FR\" \/>\n<meta property=\"og:type\" content=\"article\" \/>\n<meta property=\"og:title\" content=\"Carri\u00e8re - HETEK\" \/>\n<meta property=\"og:description\" content=\"[vc_row][vc_column][vc_column_text] Offres d&#8217;emploi Vous trouverez ici un aper\u00e7u de tous les postes vacants.[\/vc_column_text][\/vc_column][\/vc_row][vc_row][vc_column][\/vc_column][\/vc_row][vc_row][vc_column][vc_column_text] Vous ne trouvez pas le poste qui vous convient ? Pas de probl\u00e8me &#8211; envoyez-nous votre candidature spontan\u00e9e et convainquez-nous de votre valeur ! Nous attendons votre candidature avec impatience Vers la candidature spontan\u00e9e[\/vc_column_text][\/vc_column][\/vc_row]\" \/>\n<meta property=\"og:url\" content=\"https:\/\/hetek.de\/fr\/carriere\/\" \/>\n<meta property=\"og:site_name\" content=\"HETEK\" \/>\n<meta property=\"article:modified_time\" content=\"2024-10-11T12:44:14+00:00\" \/>\n<meta name=\"twitter:card\" content=\"summary_large_image\" \/>\n<meta name=\"twitter:label1\" content=\"Dur\u00e9e de lecture estim\u00e9e\" \/>\n\t<meta name=\"twitter:data1\" content=\"1 minute\" \/>\n<script type=\"application\/ld+json\" class=\"yoast-schema-graph\">{\"@context\":\"https:\\\/\\\/schema.org\",\"@graph\":[{\"@type\":\"WebPage\",\"@id\":\"https:\\\/\\\/hetek.de\\\/fr\\\/carriere\\\/\",\"url\":\"https:\\\/\\\/hetek.de\\\/fr\\\/carriere\\\/\",\"name\":\"Carri\u00e8re - HETEK\",\"isPartOf\":{\"@id\":\"https:\\\/\\\/hetek.de\\\/#website\"},\"datePublished\":\"2024-10-10T08:58:46+00:00\",\"dateModified\":\"2024-10-11T12:44:14+00:00\",\"breadcrumb\":{\"@id\":\"https:\\\/\\\/hetek.de\\\/fr\\\/carriere\\\/#breadcrumb\"},\"inLanguage\":\"fr-FR\",\"potentialAction\":[{\"@type\":\"ReadAction\",\"target\":[\"https:\\\/\\\/hetek.de\\\/fr\\\/carriere\\\/\"]}]},{\"@type\":\"BreadcrumbList\",\"@id\":\"https:\\\/\\\/hetek.de\\\/fr\\\/carriere\\\/#breadcrumb\",\"itemListElement\":[{\"@type\":\"ListItem\",\"position\":1,\"name\":\"\",\"item\":\"https:\\\/\\\/hetek.de\\\/fr\\\/\"},{\"@type\":\"ListItem\",\"position\":2,\"name\":\"Carri\u00e8re\"}]},{\"@type\":\"WebSite\",\"@id\":\"https:\\\/\\\/hetek.de\\\/#website\",\"url\":\"https:\\\/\\\/hetek.de\\\/\",\"name\":\"HETEK\",\"description\":\"Le support s\u00fbr pour votre univers mobile.\",\"potentialAction\":[{\"@type\":\"SearchAction\",\"target\":{\"@type\":\"EntryPoint\",\"urlTemplate\":\"https:\\\/\\\/hetek.de\\\/?s={search_term_string}\"},\"query-input\":{\"@type\":\"PropertyValueSpecification\",\"valueRequired\":true,\"valueName\":\"search_term_string\"}}],\"inLanguage\":\"fr-FR\"}]}<\/script>\n<!-- \/ Yoast SEO plugin. -->","yoast_head_json":{"title":"Carri\u00e8re - HETEK","robots":{"index":"index","follow":"follow","max-snippet":"max-snippet:-1","max-image-preview":"max-image-preview:large","max-video-preview":"max-video-preview:-1"},"canonical":"https:\/\/hetek.de\/fr\/carriere\/","og_locale":"fr_FR","og_type":"article","og_title":"Carri\u00e8re - HETEK","og_description":"[vc_row][vc_column][vc_column_text] Offres d&#8217;emploi Vous trouverez ici un aper\u00e7u de tous les postes vacants.[\/vc_column_text][\/vc_column][\/vc_row][vc_row][vc_column][\/vc_column][\/vc_row][vc_row][vc_column][vc_column_text] Vous ne trouvez pas le poste qui vous convient ? Pas de probl\u00e8me &#8211; envoyez-nous votre candidature spontan\u00e9e et convainquez-nous de votre valeur ! Nous attendons votre candidature avec impatience Vers la candidature spontan\u00e9e[\/vc_column_text][\/vc_column][\/vc_row]","og_url":"https:\/\/hetek.de\/fr\/carriere\/","og_site_name":"HETEK","article_modified_time":"2024-10-11T12:44:14+00:00","twitter_card":"summary_large_image","twitter_misc":{"Dur\u00e9e de lecture estim\u00e9e":"1 minute"},"schema":{"@context":"https:\/\/schema.org","@graph":[{"@type":"WebPage","@id":"https:\/\/hetek.de\/fr\/carriere\/","url":"https:\/\/hetek.de\/fr\/carriere\/","name":"Carri\u00e8re - HETEK","isPartOf":{"@id":"https:\/\/hetek.de\/#website"},"datePublished":"2024-10-10T08:58:46+00:00","dateModified":"2024-10-11T12:44:14+00:00","breadcrumb":{"@id":"https:\/\/hetek.de\/fr\/carriere\/#breadcrumb"},"inLanguage":"fr-FR","potentialAction":[{"@type":"ReadAction","target":["https:\/\/hetek.de\/fr\/carriere\/"]}]},{"@type":"BreadcrumbList","@id":"https:\/\/hetek.de\/fr\/carriere\/#breadcrumb","itemListElement":[{"@type":"ListItem","position":1,"name":"","item":"https:\/\/hetek.de\/fr\/"},{"@type":"ListItem","position":2,"name":"Carri\u00e8re"}]},{"@type":"WebSite","@id":"https:\/\/hetek.de\/#website","url":"https:\/\/hetek.de\/","name":"HETEK","description":"Le support s\u00fbr pour votre univers mobile.","potentialAction":[{"@type":"SearchAction","target":{"@type":"EntryPoint","urlTemplate":"https:\/\/hetek.de\/?s={search_term_string}"},"query-input":{"@type":"PropertyValueSpecification","valueRequired":true,"valueName":"search_term_string"}}],"inLanguage":"fr-FR"}]}},"_links":{"self":[{"href":"https:\/\/hetek.de\/fr\/wp-json\/wp\/v2\/pages\/6834","targetHints":{"allow":["GET"]}}],"collection":[{"href":"https:\/\/hetek.de\/fr\/wp-json\/wp\/v2\/pages"}],"about":[{"href":"https:\/\/hetek.de\/fr\/wp-json\/wp\/v2\/types\/page"}],"author":[{"embeddable":true,"href":"https:\/\/hetek.de\/fr\/wp-json\/wp\/v2\/users\/1"}],"replies":[{"embeddable":true,"href":"https:\/\/hetek.de\/fr\/wp-json\/wp\/v2\/comments?post=6834"}],"version-history":[{"count":26,"href":"https:\/\/hetek.de\/fr\/wp-json\/wp\/v2\/pages\/6834\/revisions"}],"predecessor-version":[{"id":6972,"href":"https:\/\/hetek.de\/fr\/wp-json\/wp\/v2\/pages\/6834\/revisions\/6972"}],"wp:attachment":[{"href":"https:\/\/hetek.de\/fr\/wp-json\/wp\/v2\/media?parent=6834"}],"curies":[{"name":"wp","href":"https:\/\/api.w.org\/{rel}","templated":true}]}}