{"id":7461,"date":"2026-04-08T10:49:58","date_gmt":"2026-04-08T08:49:58","guid":{"rendered":"https:\/\/hetek.de\/merci\/"},"modified":"2026-04-08T10:49:59","modified_gmt":"2026-04-08T08:49:59","slug":"merci","status":"publish","type":"page","link":"https:\/\/hetek.de\/fr\/merci\/","title":{"rendered":"Merci"},"content":{"rendered":"<div class=\"wpb-content-wrapper\"><p>[vc_row][vc_column][vc_column_text]<\/p>\n<h1 style=\"text-align: center;\">Merci pour votre retour !<\/h1>\n<p>[\/vc_column_text][vc_column_text]<\/p>\n<p style=\"text-align: center;\">Merci d\u2019avoir pris le temps de r\u00e9pondre \u00e0 notre enqu\u00eate de satisfaction. Votre avis nous aide \u00e0 am\u00e9liorer continuellement nos produits et nos services, avec fiabilit\u00e9, pragmatisme et un haut niveau d\u2019exigence qualit\u00e9. <\/p>\n<p>[\/vc_column_text][vc_column_text]<\/p>\n<p style=\"text-align: center;\"><strong>Remarque :<\/strong> vos informations ont \u00e9t\u00e9 transmises avec succ\u00e8s.<\/p>\n<p>[\/vc_column_text][vc_btn title=\u00a0\u00bbRetour \u00e0 la page d&apos;accueil\u00a0\u00bb color=\u00a0\u00bbblue\u00a0\u00bb align=\u00a0\u00bbcenter\u00a0\u00bb link=\u00a0\u00bburl:https%3A%2F%2Fhetek.de%2Ffr%2F|title:Retour%20%C3%A0%20la%20page%20d%27accueil|\u00a0\u00bb][\/vc_column][\/vc_row]<\/p>\n<\/div>","protected":false},"excerpt":{"rendered":"<p>[vc_row][vc_column][vc_column_text] Merci pour votre retour ! [\/vc_column_text][vc_column_text] Merci d\u2019avoir pris le temps de r\u00e9pondre \u00e0 notre enqu\u00eate de satisfaction. Votre avis nous aide \u00e0 am\u00e9liorer continuellement nos produits et nos services, avec fiabilit\u00e9, pragmatisme et un haut niveau d\u2019exigence qualit\u00e9. [\/vc_column_text][vc_column_text] Remarque : vos informations ont \u00e9t\u00e9 transmises avec succ\u00e8s. [\/vc_column_text][vc_btn title=\u00a0\u00bbRetour \u00e0 la page<\/p>\n","protected":false},"author":10,"featured_media":0,"parent":0,"menu_order":0,"comment_status":"closed","ping_status":"closed","template":"","meta":{"_acf_changed":false,"footnotes":""},"class_list":["post-7461","page","type-page","status-publish","hentry"],"acf":[],"yoast_head":"<!-- This site is optimized with the Yoast SEO plugin v27.5 - https:\/\/yoast.com\/product\/yoast-seo-wordpress\/ -->\n<title>Merci - HETEK<\/title>\n<meta name=\"robots\" content=\"index, follow, max-snippet:-1, max-image-preview:large, max-video-preview:-1\" \/>\n<link rel=\"canonical\" href=\"https:\/\/hetek.de\/fr\/merci\/\" \/>\n<meta property=\"og:locale\" content=\"fr_FR\" \/>\n<meta property=\"og:type\" content=\"article\" \/>\n<meta property=\"og:title\" content=\"Merci - HETEK\" \/>\n<meta property=\"og:description\" content=\"[vc_row][vc_column][vc_column_text] Merci pour votre retour ! [\/vc_column_text][vc_column_text] Merci d\u2019avoir pris le temps de r\u00e9pondre \u00e0 notre enqu\u00eate de satisfaction. Votre avis nous aide \u00e0 am\u00e9liorer continuellement nos produits et nos services, avec fiabilit\u00e9, pragmatisme et un haut niveau d\u2019exigence qualit\u00e9. [\/vc_column_text][vc_column_text] Remarque : vos informations ont \u00e9t\u00e9 transmises avec succ\u00e8s. [\/vc_column_text][vc_btn title=\u00a0\u00bbRetour \u00e0 la page\" \/>\n<meta property=\"og:url\" content=\"https:\/\/hetek.de\/fr\/merci\/\" \/>\n<meta property=\"og:site_name\" content=\"HETEK\" \/>\n<meta property=\"article:modified_time\" content=\"2026-04-08T08:49:59+00:00\" \/>\n<meta name=\"twitter:card\" content=\"summary_large_image\" \/>\n<meta name=\"twitter:label1\" content=\"Dur\u00e9e de lecture estim\u00e9e\" \/>\n\t<meta name=\"twitter:data1\" content=\"1 minute\" \/>\n<script type=\"application\/ld+json\" class=\"yoast-schema-graph\">{\"@context\":\"https:\\\/\\\/schema.org\",\"@graph\":[{\"@type\":\"WebPage\",\"@id\":\"https:\\\/\\\/hetek.de\\\/fr\\\/merci\\\/\",\"url\":\"https:\\\/\\\/hetek.de\\\/fr\\\/merci\\\/\",\"name\":\"Merci - HETEK\",\"isPartOf\":{\"@id\":\"https:\\\/\\\/hetek.de\\\/#website\"},\"datePublished\":\"2026-04-08T08:49:58+00:00\",\"dateModified\":\"2026-04-08T08:49:59+00:00\",\"breadcrumb\":{\"@id\":\"https:\\\/\\\/hetek.de\\\/fr\\\/merci\\\/#breadcrumb\"},\"inLanguage\":\"fr-FR\",\"potentialAction\":[{\"@type\":\"ReadAction\",\"target\":[\"https:\\\/\\\/hetek.de\\\/fr\\\/merci\\\/\"]}]},{\"@type\":\"BreadcrumbList\",\"@id\":\"https:\\\/\\\/hetek.de\\\/fr\\\/merci\\\/#breadcrumb\",\"itemListElement\":[{\"@type\":\"ListItem\",\"position\":1,\"name\":\"\",\"item\":\"https:\\\/\\\/hetek.de\\\/fr\\\/\"},{\"@type\":\"ListItem\",\"position\":2,\"name\":\"Merci\"}]},{\"@type\":\"WebSite\",\"@id\":\"https:\\\/\\\/hetek.de\\\/#website\",\"url\":\"https:\\\/\\\/hetek.de\\\/\",\"name\":\"HETEK\",\"description\":\"Le support s\u00fbr pour votre univers mobile.\",\"potentialAction\":[{\"@type\":\"SearchAction\",\"target\":{\"@type\":\"EntryPoint\",\"urlTemplate\":\"https:\\\/\\\/hetek.de\\\/?s={search_term_string}\"},\"query-input\":{\"@type\":\"PropertyValueSpecification\",\"valueRequired\":true,\"valueName\":\"search_term_string\"}}],\"inLanguage\":\"fr-FR\"}]}<\/script>\n<!-- \/ Yoast SEO plugin. -->","yoast_head_json":{"title":"Merci - HETEK","robots":{"index":"index","follow":"follow","max-snippet":"max-snippet:-1","max-image-preview":"max-image-preview:large","max-video-preview":"max-video-preview:-1"},"canonical":"https:\/\/hetek.de\/fr\/merci\/","og_locale":"fr_FR","og_type":"article","og_title":"Merci - HETEK","og_description":"[vc_row][vc_column][vc_column_text] Merci pour votre retour ! [\/vc_column_text][vc_column_text] Merci d\u2019avoir pris le temps de r\u00e9pondre \u00e0 notre enqu\u00eate de satisfaction. Votre avis nous aide \u00e0 am\u00e9liorer continuellement nos produits et nos services, avec fiabilit\u00e9, pragmatisme et un haut niveau d\u2019exigence qualit\u00e9. [\/vc_column_text][vc_column_text] Remarque : vos informations ont \u00e9t\u00e9 transmises avec succ\u00e8s. [\/vc_column_text][vc_btn title=\u00a0\u00bbRetour \u00e0 la page","og_url":"https:\/\/hetek.de\/fr\/merci\/","og_site_name":"HETEK","article_modified_time":"2026-04-08T08:49:59+00:00","twitter_card":"summary_large_image","twitter_misc":{"Dur\u00e9e de lecture estim\u00e9e":"1 minute"},"schema":{"@context":"https:\/\/schema.org","@graph":[{"@type":"WebPage","@id":"https:\/\/hetek.de\/fr\/merci\/","url":"https:\/\/hetek.de\/fr\/merci\/","name":"Merci - HETEK","isPartOf":{"@id":"https:\/\/hetek.de\/#website"},"datePublished":"2026-04-08T08:49:58+00:00","dateModified":"2026-04-08T08:49:59+00:00","breadcrumb":{"@id":"https:\/\/hetek.de\/fr\/merci\/#breadcrumb"},"inLanguage":"fr-FR","potentialAction":[{"@type":"ReadAction","target":["https:\/\/hetek.de\/fr\/merci\/"]}]},{"@type":"BreadcrumbList","@id":"https:\/\/hetek.de\/fr\/merci\/#breadcrumb","itemListElement":[{"@type":"ListItem","position":1,"name":"","item":"https:\/\/hetek.de\/fr\/"},{"@type":"ListItem","position":2,"name":"Merci"}]},{"@type":"WebSite","@id":"https:\/\/hetek.de\/#website","url":"https:\/\/hetek.de\/","name":"HETEK","description":"Le support s\u00fbr pour votre univers mobile.","potentialAction":[{"@type":"SearchAction","target":{"@type":"EntryPoint","urlTemplate":"https:\/\/hetek.de\/?s={search_term_string}"},"query-input":{"@type":"PropertyValueSpecification","valueRequired":true,"valueName":"search_term_string"}}],"inLanguage":"fr-FR"}]}},"_links":{"self":[{"href":"https:\/\/hetek.de\/fr\/wp-json\/wp\/v2\/pages\/7461","targetHints":{"allow":["GET"]}}],"collection":[{"href":"https:\/\/hetek.de\/fr\/wp-json\/wp\/v2\/pages"}],"about":[{"href":"https:\/\/hetek.de\/fr\/wp-json\/wp\/v2\/types\/page"}],"author":[{"embeddable":true,"href":"https:\/\/hetek.de\/fr\/wp-json\/wp\/v2\/users\/10"}],"replies":[{"embeddable":true,"href":"https:\/\/hetek.de\/fr\/wp-json\/wp\/v2\/comments?post=7461"}],"version-history":[{"count":0,"href":"https:\/\/hetek.de\/fr\/wp-json\/wp\/v2\/pages\/7461\/revisions"}],"wp:attachment":[{"href":"https:\/\/hetek.de\/fr\/wp-json\/wp\/v2\/media?parent=7461"}],"curies":[{"name":"wp","href":"https:\/\/api.w.org\/{rel}","templated":true}]}}