{"id":5560,"date":"2023-12-11T16:36:45","date_gmt":"2023-12-11T15:36:45","guid":{"rendered":"https:\/\/hetek.de\/hetek\/"},"modified":"2026-01-06T12:00:10","modified_gmt":"2026-01-06T11:00:10","slug":"hetek","status":"publish","type":"page","link":"https:\/\/hetek.de\/pl\/hetek\/","title":{"rendered":"HETEK"},"content":{"rendered":"<div class=\"wpb-content-wrapper\"><p>[vc_row][vc_column][vc_column_text]<\/p>\n<h1><b>Jeste\u015bmy HETEK<\/b><\/h1>\n<h2>Z centrum Niemiec na ca\u0142y \u015bwiat.<strong><\/strong><\/h2>\n<p>[\/vc_column_text][vc_row_inner][vc_column_inner][vc_column_text css=&#8221;&#8221;]Czy to na pustyni, w d\u017cungli, w lodzie i \u015bniegu, czy te\u017c w obszarze miejskim dalekowschodniej metropolii &#8211; nasze systemy podnoszenia spe\u0142niaj\u0105 swoje zadania precyzyjnie i niezawodnie na wszystkich sze\u015bciu kontynentach. Jako\u015b\u0107, z kt\u00f3rej jeste\u015bmy szczeg\u00f3lnie dumni, od pocz\u0105tkowego szkicu koncepcyjnego do ko\u0144cowego testu funkcjonalnego, jest produkowana w ca\u0142o\u015bci w naszej siedzibie g\u0142\u00f3wnej w Turyngii z zespo\u0142em 70 pracownik\u00f3w.<\/p>\n<p><strong>Cokolwiek planujesz &#8211; b\u0119dziemy wspiera\u0107 Ciebie i Tw\u00f3j projekt.<\/strong>[\/vc_column_text][\/vc_column_inner][\/vc_row_inner][\/vc_column][\/vc_row][vc_row][vc_column][vc_column_text]<\/p>\n<h3>Fakty i liczby<\/h3>\n<p>[\/vc_column_text]            <div class=\"row\">\n                <div class=\"col-12\">\n                    <div class=\"vorteile\">\n                        <div class=\"row justify-content-around\">\n                                        <div class=\"col-6 col-lg-3 gap\">\n                <div class=\"highlightitem \">\n                    <p class=\"text-center\">\n                        <i class=\"fal fa-4x fa-handshake\"><\/i>\n                    <\/p>\n                    <p class=\"h4\">\n                        od 2013 r.                    <\/p>\n                    <p>\n                        Sp\u00f3\u0142ka zale\u017cna HIRO LIFT Hillenk\u00f6tter + Ronsieck GmbH                    <\/p>\n                <\/div>\n            <\/div>\n\n                        <div class=\"col-6 col-lg-3 gap\">\n                <div class=\"highlightitem \">\n                    <p class=\"text-center\">\n                        <i class=\"fal fa-4x fa-users\"><\/i>\n                    <\/p>\n                    <p class=\"h4\">\n                        ca. 70                    <\/p>\n                    <p>\n                        Pracownicy                    <\/p>\n                <\/div>\n            <\/div>\n\n                        <div class=\"col-6 col-lg-3 gap\">\n                <div class=\"highlightitem \">\n                    <p class=\"text-center\">\n                        <i class=\"fal fa-4x fa-ruler-combined\"><\/i>\n                    <\/p>\n                    <p class=\"h4\">\n                        24.000 m\u00b2                    <\/p>\n                    <p>\n                        Obszar dzia\u0142ania                    <\/p>\n                <\/div>\n            <\/div>\n\n                        <div class=\"col-6 col-lg-3 gap\">\n                <div class=\"highlightitem \">\n                    <p class=\"text-center\">\n                        <i class=\"fal fa-4x fa-ruler-triangle\"><\/i>\n                    <\/p>\n                    <p class=\"h4\">\n                        5.000 m\u00b2                    <\/p>\n                    <p>\n                        Obszar produkcji                    <\/p>\n                <\/div>\n            <\/div>\n\n                        <div class=\"col-6 col-lg-3 gap\">\n                <div class=\"highlightitem \">\n                    <p class=\"text-center\">\n                        <i class=\"fal fa-4x fa-certificate\"><\/i>\n                    <\/p>\n                    <p class=\"h4\">\n                        Zarz\u0105dzanie jako\u015bci\u0105                    <\/p>\n                    <p>\n                        zgodnie z norm\u0105 DIN EN ISO 9001-2015                    <\/p>\n                <\/div>\n            <\/div>\n\n                        <div class=\"col-6 col-lg-3 gap\">\n                <div class=\"highlightitem \">\n                    <p class=\"text-center\">\n                        <i class=\"fal fa-4x fa-bolt\"><\/i>\n                    <\/p>\n                    <p class=\"h4\">\n                        Audyt energetyczny                    <\/p>\n                    <p>\n                        zgodnie z norm\u0105 DIN EN 16247-1                    <\/p>\n                <\/div>\n            <\/div>\n\n                        <div class=\"col-6 col-lg-3 gap\">\n                <div class=\"highlightitem \">\n                    <p class=\"text-center\">\n                        <i class=\"fal fa-4x fa-file-certificate\"><\/i>\n                    <\/p>\n                    <p class=\"h4\">\n                        Certyfikacja w zakresie spawania                    <\/p>\n                    <p>\n                        zgodnie z norm\u0105 EN 1090-2014                    <\/p>\n                <\/div>\n            <\/div>\n\n                        <div class=\"col-6 col-lg-3 gap\">\n                <div class=\"highlightitem \">\n                    <p class=\"text-center\">\n                        <i class=\"fal fa-4x fa-box-check\"><\/i>\n                    <\/p>\n                    <p class=\"h4\">\n                        Zarejestrowany dostawca NATO                    <\/p>\n                    <p>\n                        (D5041)                    <\/p>\n                <\/div>\n            <\/div>\n\n                                    <\/div>\n                    <\/div>\n                <\/div>\n            <\/div>\n            [\/vc_column][\/vc_row]<\/p>\n<\/div>","protected":false},"excerpt":{"rendered":"<p>[vc_row][vc_column][vc_column_text] Jeste\u015bmy HETEK Z centrum Niemiec na ca\u0142y \u015bwiat. [\/vc_column_text][vc_row_inner][vc_column_inner][vc_column_text css=&#8221;&#8221;]Czy to na pustyni, w d\u017cungli, w lodzie i \u015bniegu, czy te\u017c w obszarze miejskim dalekowschodniej metropolii &#8211; nasze systemy podnoszenia spe\u0142niaj\u0105 swoje zadania precyzyjnie i niezawodnie na wszystkich sze\u015bciu kontynentach. Jako\u015b\u0107, z kt\u00f3rej jeste\u015bmy szczeg\u00f3lnie dumni, od pocz\u0105tkowego szkicu koncepcyjnego do ko\u0144cowego testu funkcjonalnego,<\/p>\n","protected":false},"author":1,"featured_media":0,"parent":0,"menu_order":0,"comment_status":"closed","ping_status":"closed","template":"","meta":{"_acf_changed":false,"footnotes":""},"class_list":["post-5560","page","type-page","status-publish","hentry"],"acf":[],"yoast_head":"<!-- This site is optimized with the Yoast SEO plugin v27.3 - https:\/\/yoast.com\/product\/yoast-seo-wordpress\/ -->\n<title>HETEK - HETEK<\/title>\n<meta name=\"robots\" content=\"index, follow, max-snippet:-1, max-image-preview:large, max-video-preview:-1\" \/>\n<link rel=\"canonical\" href=\"https:\/\/hetek.de\/pl\/hetek\/\" \/>\n<meta property=\"og:locale\" content=\"pl_PL\" \/>\n<meta property=\"og:type\" content=\"article\" \/>\n<meta property=\"og:title\" content=\"HETEK - HETEK\" \/>\n<meta property=\"og:description\" content=\"[vc_row][vc_column][vc_column_text] Jeste\u015bmy HETEK Z centrum Niemiec na ca\u0142y \u015bwiat. [\/vc_column_text][vc_row_inner][vc_column_inner][vc_column_text css=&#8221;&#8221;]Czy to na pustyni, w d\u017cungli, w lodzie i \u015bniegu, czy te\u017c w obszarze miejskim dalekowschodniej metropolii &#8211; nasze systemy podnoszenia spe\u0142niaj\u0105 swoje zadania precyzyjnie i niezawodnie na wszystkich sze\u015bciu kontynentach. Jako\u015b\u0107, z kt\u00f3rej jeste\u015bmy szczeg\u00f3lnie dumni, od pocz\u0105tkowego szkicu koncepcyjnego do ko\u0144cowego testu funkcjonalnego,\" \/>\n<meta property=\"og:url\" content=\"https:\/\/hetek.de\/pl\/hetek\/\" \/>\n<meta property=\"og:site_name\" content=\"HETEK\" \/>\n<meta property=\"article:modified_time\" content=\"2026-01-06T11:00:10+00:00\" \/>\n<meta name=\"twitter:card\" content=\"summary_large_image\" \/>\n<meta name=\"twitter:label1\" content=\"Szacowany czas czytania\" \/>\n\t<meta name=\"twitter:data1\" content=\"1 minuta\" \/>\n<script type=\"application\/ld+json\" class=\"yoast-schema-graph\">{\"@context\":\"https:\\\/\\\/schema.org\",\"@graph\":[{\"@type\":\"WebPage\",\"@id\":\"https:\\\/\\\/hetek.de\\\/pl\\\/hetek\\\/\",\"url\":\"https:\\\/\\\/hetek.de\\\/pl\\\/hetek\\\/\",\"name\":\"HETEK - HETEK\",\"isPartOf\":{\"@id\":\"https:\\\/\\\/hetek.de\\\/#website\"},\"datePublished\":\"2023-12-11T15:36:45+00:00\",\"dateModified\":\"2026-01-06T11:00:10+00:00\",\"breadcrumb\":{\"@id\":\"https:\\\/\\\/hetek.de\\\/pl\\\/hetek\\\/#breadcrumb\"},\"inLanguage\":\"pl-PL\",\"potentialAction\":[{\"@type\":\"ReadAction\",\"target\":[\"https:\\\/\\\/hetek.de\\\/pl\\\/hetek\\\/\"]}]},{\"@type\":\"BreadcrumbList\",\"@id\":\"https:\\\/\\\/hetek.de\\\/pl\\\/hetek\\\/#breadcrumb\",\"itemListElement\":[{\"@type\":\"ListItem\",\"position\":1,\"name\":\"\",\"item\":\"https:\\\/\\\/hetek.de\\\/pl\\\/\"},{\"@type\":\"ListItem\",\"position\":2,\"name\":\"HETEK\"}]},{\"@type\":\"WebSite\",\"@id\":\"https:\\\/\\\/hetek.de\\\/#website\",\"url\":\"https:\\\/\\\/hetek.de\\\/\",\"name\":\"HETEK\",\"description\":\"Bezpieczna podstawa dla mobilnego \u015bwiata.\",\"potentialAction\":[{\"@type\":\"SearchAction\",\"target\":{\"@type\":\"EntryPoint\",\"urlTemplate\":\"https:\\\/\\\/hetek.de\\\/?s={search_term_string}\"},\"query-input\":{\"@type\":\"PropertyValueSpecification\",\"valueRequired\":true,\"valueName\":\"search_term_string\"}}],\"inLanguage\":\"pl-PL\"}]}<\/script>\n<!-- \/ Yoast SEO plugin. -->","yoast_head_json":{"title":"HETEK - HETEK","robots":{"index":"index","follow":"follow","max-snippet":"max-snippet:-1","max-image-preview":"max-image-preview:large","max-video-preview":"max-video-preview:-1"},"canonical":"https:\/\/hetek.de\/pl\/hetek\/","og_locale":"pl_PL","og_type":"article","og_title":"HETEK - HETEK","og_description":"[vc_row][vc_column][vc_column_text] Jeste\u015bmy HETEK Z centrum Niemiec na ca\u0142y \u015bwiat. [\/vc_column_text][vc_row_inner][vc_column_inner][vc_column_text css=&#8221;&#8221;]Czy to na pustyni, w d\u017cungli, w lodzie i \u015bniegu, czy te\u017c w obszarze miejskim dalekowschodniej metropolii &#8211; nasze systemy podnoszenia spe\u0142niaj\u0105 swoje zadania precyzyjnie i niezawodnie na wszystkich sze\u015bciu kontynentach. Jako\u015b\u0107, z kt\u00f3rej jeste\u015bmy szczeg\u00f3lnie dumni, od pocz\u0105tkowego szkicu koncepcyjnego do ko\u0144cowego testu funkcjonalnego,","og_url":"https:\/\/hetek.de\/pl\/hetek\/","og_site_name":"HETEK","article_modified_time":"2026-01-06T11:00:10+00:00","twitter_card":"summary_large_image","twitter_misc":{"Szacowany czas czytania":"1 minuta"},"schema":{"@context":"https:\/\/schema.org","@graph":[{"@type":"WebPage","@id":"https:\/\/hetek.de\/pl\/hetek\/","url":"https:\/\/hetek.de\/pl\/hetek\/","name":"HETEK - HETEK","isPartOf":{"@id":"https:\/\/hetek.de\/#website"},"datePublished":"2023-12-11T15:36:45+00:00","dateModified":"2026-01-06T11:00:10+00:00","breadcrumb":{"@id":"https:\/\/hetek.de\/pl\/hetek\/#breadcrumb"},"inLanguage":"pl-PL","potentialAction":[{"@type":"ReadAction","target":["https:\/\/hetek.de\/pl\/hetek\/"]}]},{"@type":"BreadcrumbList","@id":"https:\/\/hetek.de\/pl\/hetek\/#breadcrumb","itemListElement":[{"@type":"ListItem","position":1,"name":"","item":"https:\/\/hetek.de\/pl\/"},{"@type":"ListItem","position":2,"name":"HETEK"}]},{"@type":"WebSite","@id":"https:\/\/hetek.de\/#website","url":"https:\/\/hetek.de\/","name":"HETEK","description":"Bezpieczna podstawa dla mobilnego \u015bwiata.","potentialAction":[{"@type":"SearchAction","target":{"@type":"EntryPoint","urlTemplate":"https:\/\/hetek.de\/?s={search_term_string}"},"query-input":{"@type":"PropertyValueSpecification","valueRequired":true,"valueName":"search_term_string"}}],"inLanguage":"pl-PL"}]}},"_links":{"self":[{"href":"https:\/\/hetek.de\/pl\/wp-json\/wp\/v2\/pages\/5560","targetHints":{"allow":["GET"]}}],"collection":[{"href":"https:\/\/hetek.de\/pl\/wp-json\/wp\/v2\/pages"}],"about":[{"href":"https:\/\/hetek.de\/pl\/wp-json\/wp\/v2\/types\/page"}],"author":[{"embeddable":true,"href":"https:\/\/hetek.de\/pl\/wp-json\/wp\/v2\/users\/1"}],"replies":[{"embeddable":true,"href":"https:\/\/hetek.de\/pl\/wp-json\/wp\/v2\/comments?post=5560"}],"version-history":[{"count":7,"href":"https:\/\/hetek.de\/pl\/wp-json\/wp\/v2\/pages\/5560\/revisions"}],"predecessor-version":[{"id":7434,"href":"https:\/\/hetek.de\/pl\/wp-json\/wp\/v2\/pages\/5560\/revisions\/7434"}],"wp:attachment":[{"href":"https:\/\/hetek.de\/pl\/wp-json\/wp\/v2\/media?parent=5560"}],"curies":[{"name":"wp","href":"https:\/\/api.w.org\/{rel}","templated":true}]}}