{"id":5569,"date":"2023-12-11T16:36:46","date_gmt":"2023-12-11T15:36:46","guid":{"rendered":"https:\/\/hetek.de\/zastosowania\/"},"modified":"2023-12-11T16:36:47","modified_gmt":"2023-12-11T15:36:47","slug":"zastosowania","status":"publish","type":"page","link":"https:\/\/hetek.de\/pl\/zastosowania\/","title":{"rendered":"Zastosowania"},"content":{"rendered":"<h1>Przyk\u0142ady zastosowa\u0144<\/h1>\n<p>Zobacz nasze produkty w akcji<\/p>\n","protected":false},"excerpt":{"rendered":"<p>Przyk\u0142ady zastosowa\u0144 Zobacz nasze produkty w akcji<\/p>\n","protected":false},"author":1,"featured_media":5570,"parent":0,"menu_order":0,"comment_status":"closed","ping_status":"closed","template":"","meta":{"_acf_changed":false,"footnotes":""},"class_list":["post-5569","page","type-page","status-publish","has-post-thumbnail","hentry"],"acf":[],"yoast_head":"<!-- This site is optimized with the Yoast SEO plugin v27.4 - https:\/\/yoast.com\/product\/yoast-seo-wordpress\/ -->\n<title>Przyk\u0142ady zastosowa\u0144 naszych wysokiej jako\u015bci produkt\u00f3w HETEK<\/title>\n<meta name=\"description\" content=\"Odkryj przyk\u0142ady zastosowa\u0144 naszych wysokiej jako\u015bci i przetestowanych pod k\u0105tem bezpiecze\u0144stwa produkt\u00f3w HETEK w praktyce - dla indywidualnych mo\u017cliwo\u015bci | HETEK\" \/>\n<meta name=\"robots\" content=\"index, follow, max-snippet:-1, max-image-preview:large, max-video-preview:-1\" \/>\n<link rel=\"canonical\" href=\"https:\/\/hetek.de\/pl\/?page_id=5569\" \/>\n<meta property=\"og:locale\" content=\"pl_PL\" \/>\n<meta property=\"og:type\" content=\"article\" \/>\n<meta property=\"og:title\" content=\"Przyk\u0142ady zastosowa\u0144 naszych wysokiej jako\u015bci produkt\u00f3w HETEK\" \/>\n<meta property=\"og:description\" content=\"Odkryj przyk\u0142ady zastosowa\u0144 naszych wysokiej jako\u015bci i przetestowanych pod k\u0105tem bezpiecze\u0144stwa produkt\u00f3w HETEK w praktyce - dla indywidualnych mo\u017cliwo\u015bci | HETEK\" \/>\n<meta property=\"og:url\" content=\"https:\/\/hetek.de\/pl\/?page_id=5569\" \/>\n<meta property=\"og:site_name\" content=\"HETEK\" \/>\n<meta property=\"article:modified_time\" content=\"2023-12-11T15:36:47+00:00\" \/>\n<meta property=\"og:image\" content=\"https:\/\/hetek.de\/wp-content\/uploads\/2021\/04\/239-173.jpg\" \/>\n\t<meta property=\"og:image:width\" content=\"1988\" \/>\n\t<meta property=\"og:image:height\" content=\"1047\" \/>\n\t<meta property=\"og:image:type\" content=\"image\/jpeg\" \/>\n<meta name=\"twitter:card\" content=\"summary_large_image\" \/>\n<script type=\"application\/ld+json\" class=\"yoast-schema-graph\">{\"@context\":\"https:\\\/\\\/schema.org\",\"@graph\":[{\"@type\":\"WebPage\",\"@id\":\"https:\\\/\\\/hetek.de\\\/pl\\\/?page_id=5569\",\"url\":\"https:\\\/\\\/hetek.de\\\/pl\\\/?page_id=5569\",\"name\":\"Przyk\u0142ady zastosowa\u0144 naszych wysokiej jako\u015bci produkt\u00f3w HETEK\",\"isPartOf\":{\"@id\":\"https:\\\/\\\/hetek.de\\\/#website\"},\"primaryImageOfPage\":{\"@id\":\"https:\\\/\\\/hetek.de\\\/pl\\\/?page_id=5569#primaryimage\"},\"image\":{\"@id\":\"https:\\\/\\\/hetek.de\\\/pl\\\/?page_id=5569#primaryimage\"},\"thumbnailUrl\":\"https:\\\/\\\/hetek.de\\\/wp-content\\\/uploads\\\/2021\\\/04\\\/239-173.jpg\",\"datePublished\":\"2023-12-11T15:36:46+00:00\",\"dateModified\":\"2023-12-11T15:36:47+00:00\",\"description\":\"Odkryj przyk\u0142ady zastosowa\u0144 naszych wysokiej jako\u015bci i przetestowanych pod k\u0105tem bezpiecze\u0144stwa produkt\u00f3w HETEK w praktyce - dla indywidualnych mo\u017cliwo\u015bci | HETEK\",\"breadcrumb\":{\"@id\":\"https:\\\/\\\/hetek.de\\\/pl\\\/?page_id=5569#breadcrumb\"},\"inLanguage\":\"pl-PL\",\"potentialAction\":[{\"@type\":\"ReadAction\",\"target\":[\"https:\\\/\\\/hetek.de\\\/pl\\\/?page_id=5569\"]}]},{\"@type\":\"ImageObject\",\"inLanguage\":\"pl-PL\",\"@id\":\"https:\\\/\\\/hetek.de\\\/pl\\\/?page_id=5569#primaryimage\",\"url\":\"https:\\\/\\\/hetek.de\\\/wp-content\\\/uploads\\\/2021\\\/04\\\/239-173.jpg\",\"contentUrl\":\"https:\\\/\\\/hetek.de\\\/wp-content\\\/uploads\\\/2021\\\/04\\\/239-173.jpg\",\"width\":1988,\"height\":1047},{\"@type\":\"BreadcrumbList\",\"@id\":\"https:\\\/\\\/hetek.de\\\/pl\\\/?page_id=5569#breadcrumb\",\"itemListElement\":[{\"@type\":\"ListItem\",\"position\":1,\"name\":\"\",\"item\":\"https:\\\/\\\/hetek.de\\\/pl\\\/\"},{\"@type\":\"ListItem\",\"position\":2,\"name\":\"Zastosowania\"}]},{\"@type\":\"WebSite\",\"@id\":\"https:\\\/\\\/hetek.de\\\/#website\",\"url\":\"https:\\\/\\\/hetek.de\\\/\",\"name\":\"HETEK\",\"description\":\"Bezpieczna podstawa dla mobilnego \u015bwiata.\",\"potentialAction\":[{\"@type\":\"SearchAction\",\"target\":{\"@type\":\"EntryPoint\",\"urlTemplate\":\"https:\\\/\\\/hetek.de\\\/?s={search_term_string}\"},\"query-input\":{\"@type\":\"PropertyValueSpecification\",\"valueRequired\":true,\"valueName\":\"search_term_string\"}}],\"inLanguage\":\"pl-PL\"}]}<\/script>\n<!-- \/ Yoast SEO plugin. -->","yoast_head_json":{"title":"Przyk\u0142ady zastosowa\u0144 naszych wysokiej jako\u015bci produkt\u00f3w HETEK","description":"Odkryj przyk\u0142ady zastosowa\u0144 naszych wysokiej jako\u015bci i przetestowanych pod k\u0105tem bezpiecze\u0144stwa produkt\u00f3w HETEK w praktyce - dla indywidualnych mo\u017cliwo\u015bci | HETEK","robots":{"index":"index","follow":"follow","max-snippet":"max-snippet:-1","max-image-preview":"max-image-preview:large","max-video-preview":"max-video-preview:-1"},"canonical":"https:\/\/hetek.de\/pl\/?page_id=5569","og_locale":"pl_PL","og_type":"article","og_title":"Przyk\u0142ady zastosowa\u0144 naszych wysokiej jako\u015bci produkt\u00f3w HETEK","og_description":"Odkryj przyk\u0142ady zastosowa\u0144 naszych wysokiej jako\u015bci i przetestowanych pod k\u0105tem bezpiecze\u0144stwa produkt\u00f3w HETEK w praktyce - dla indywidualnych mo\u017cliwo\u015bci | HETEK","og_url":"https:\/\/hetek.de\/pl\/?page_id=5569","og_site_name":"HETEK","article_modified_time":"2023-12-11T15:36:47+00:00","og_image":[{"width":1988,"height":1047,"url":"https:\/\/hetek.de\/wp-content\/uploads\/2021\/04\/239-173.jpg","type":"image\/jpeg"}],"twitter_card":"summary_large_image","schema":{"@context":"https:\/\/schema.org","@graph":[{"@type":"WebPage","@id":"https:\/\/hetek.de\/pl\/?page_id=5569","url":"https:\/\/hetek.de\/pl\/?page_id=5569","name":"Przyk\u0142ady zastosowa\u0144 naszych wysokiej jako\u015bci produkt\u00f3w HETEK","isPartOf":{"@id":"https:\/\/hetek.de\/#website"},"primaryImageOfPage":{"@id":"https:\/\/hetek.de\/pl\/?page_id=5569#primaryimage"},"image":{"@id":"https:\/\/hetek.de\/pl\/?page_id=5569#primaryimage"},"thumbnailUrl":"https:\/\/hetek.de\/wp-content\/uploads\/2021\/04\/239-173.jpg","datePublished":"2023-12-11T15:36:46+00:00","dateModified":"2023-12-11T15:36:47+00:00","description":"Odkryj przyk\u0142ady zastosowa\u0144 naszych wysokiej jako\u015bci i przetestowanych pod k\u0105tem bezpiecze\u0144stwa produkt\u00f3w HETEK w praktyce - dla indywidualnych mo\u017cliwo\u015bci | HETEK","breadcrumb":{"@id":"https:\/\/hetek.de\/pl\/?page_id=5569#breadcrumb"},"inLanguage":"pl-PL","potentialAction":[{"@type":"ReadAction","target":["https:\/\/hetek.de\/pl\/?page_id=5569"]}]},{"@type":"ImageObject","inLanguage":"pl-PL","@id":"https:\/\/hetek.de\/pl\/?page_id=5569#primaryimage","url":"https:\/\/hetek.de\/wp-content\/uploads\/2021\/04\/239-173.jpg","contentUrl":"https:\/\/hetek.de\/wp-content\/uploads\/2021\/04\/239-173.jpg","width":1988,"height":1047},{"@type":"BreadcrumbList","@id":"https:\/\/hetek.de\/pl\/?page_id=5569#breadcrumb","itemListElement":[{"@type":"ListItem","position":1,"name":"","item":"https:\/\/hetek.de\/pl\/"},{"@type":"ListItem","position":2,"name":"Zastosowania"}]},{"@type":"WebSite","@id":"https:\/\/hetek.de\/#website","url":"https:\/\/hetek.de\/","name":"HETEK","description":"Bezpieczna podstawa dla mobilnego \u015bwiata.","potentialAction":[{"@type":"SearchAction","target":{"@type":"EntryPoint","urlTemplate":"https:\/\/hetek.de\/?s={search_term_string}"},"query-input":{"@type":"PropertyValueSpecification","valueRequired":true,"valueName":"search_term_string"}}],"inLanguage":"pl-PL"}]}},"_links":{"self":[{"href":"https:\/\/hetek.de\/pl\/wp-json\/wp\/v2\/pages\/5569","targetHints":{"allow":["GET"]}}],"collection":[{"href":"https:\/\/hetek.de\/pl\/wp-json\/wp\/v2\/pages"}],"about":[{"href":"https:\/\/hetek.de\/pl\/wp-json\/wp\/v2\/types\/page"}],"author":[{"embeddable":true,"href":"https:\/\/hetek.de\/pl\/wp-json\/wp\/v2\/users\/1"}],"replies":[{"embeddable":true,"href":"https:\/\/hetek.de\/pl\/wp-json\/wp\/v2\/comments?post=5569"}],"version-history":[{"count":1,"href":"https:\/\/hetek.de\/pl\/wp-json\/wp\/v2\/pages\/5569\/revisions"}],"predecessor-version":[{"id":5571,"href":"https:\/\/hetek.de\/pl\/wp-json\/wp\/v2\/pages\/5569\/revisions\/5571"}],"wp:featuredmedia":[{"embeddable":true,"href":"https:\/\/hetek.de\/pl\/wp-json\/wp\/v2\/media\/5570"}],"wp:attachment":[{"href":"https:\/\/hetek.de\/pl\/wp-json\/wp\/v2\/media?parent=5569"}],"curies":[{"name":"wp","href":"https:\/\/api.w.org\/{rel}","templated":true}]}}