{"id":5572,"date":"2023-12-11T16:36:50","date_gmt":"2023-12-11T15:36:50","guid":{"rendered":"https:\/\/hetek.de\/skontaktuj-sie-z-nami\/"},"modified":"2024-08-19T10:48:15","modified_gmt":"2024-08-19T08:48:15","slug":"skontaktuj-sie-z-nami","status":"publish","type":"page","link":"https:\/\/hetek.de\/pl\/skontaktuj-sie-z-nami\/","title":{"rendered":"Skontaktuj si\u0119 z nami"},"content":{"rendered":"<div class=\"wpb-content-wrapper\"><p>[vc_row][vc_column][vc_column_text]<\/p>\n<h1>Skontaktuj si\u0119 z nami<\/h1>\n<h2>Osoby kontaktowe<\/h2>\n<p>[\/vc_column_text][\/vc_column][\/vc_row][vc_row][vc_column width=&#8221;1\/2&#8243;][vc_row_inner content_placement=&#8221;bottom&#8221;][vc_column_inner width=&#8221;1\/3&#8243;][vc_single_image image=&#8221;6299&#8243;][\/vc_column_inner][vc_column_inner width=&#8221;2\/3&#8243;][vc_column_text]<strong><span class=\"name\">Grzegorz Magier<br \/>\nKierownik sprzeda\u017cy system\u00f3w podnoszenia<br \/>\n<\/span><\/strong><\/p>\n<p>Telefon: +49 (0) 36 923 \/ 53-115<br \/>\nTelefon kom\u00f3rkowy: +49 (0) 151 \/ 650 685 07<br \/>\ne-mail:<span> <\/span><a href=\"mailto:g.magier@hetek.de\">g.magier(at)hetek.de<\/a>[\/vc_column_text][\/vc_column_inner][\/vc_row_inner][\/vc_column][vc_column width=&#8221;1\/2&#8243;][vc_row_inner content_placement=&#8221;bottom&#8221;][vc_column_inner width=&#8221;1\/3&#8243;][vc_single_image image=&#8221;6297&#8243;][\/vc_column_inner][vc_column_inner width=&#8221;2\/3&#8243;][vc_column_text]<strong><span class=\"name\">Yvonne Nachtweih<br \/>\nSprzeda\u017c system\u00f3w podnoszenia<br \/>\n<\/span><\/strong><\/p>\n<p>Telefon: +49 (0) 36923 \/ 53-112<br \/>\nTelefon kom\u00f3rkowy: +49 (0) 160 \/ 964 084 56<br \/>\ne-mail:<span> <\/span><a href=\"mailto:y.nachtweih@hetek.de\">y.nachtweih(at)hetek.de<\/a>[\/vc_column_text][\/vc_column_inner][\/vc_row_inner][\/vc_column][\/vc_row][vc_section][vc_row][vc_column][vc_column_text]<\/p>\n<h2>Twoje zapytanie kontaktowe<\/h2>\n<p>[\/vc_column_text]\n<div class=\"wpcf7 no-js\" id=\"wpcf7-f5658-o1\" lang=\"pl-PL\" dir=\"ltr\" data-wpcf7-id=\"5658\">\n<div class=\"screen-reader-response\"><p role=\"status\" aria-live=\"polite\" aria-atomic=\"true\"><\/p> <ul><\/ul><\/div>\n<form action=\"\/pl\/wp-json\/wp\/v2\/pages\/5572#wpcf7-f5658-o1\" method=\"post\" class=\"wpcf7-form init\" aria-label=\"Formularz kontaktowy\" novalidate=\"novalidate\" data-status=\"init\">\n<fieldset class=\"hidden-fields-container\"><input type=\"hidden\" name=\"_wpcf7\" value=\"5658\" \/><input type=\"hidden\" name=\"_wpcf7_version\" value=\"6.1.5\" \/><input type=\"hidden\" name=\"_wpcf7_locale\" value=\"pl_PL\" \/><input type=\"hidden\" name=\"_wpcf7_unit_tag\" value=\"wpcf7-f5658-o1\" \/><input type=\"hidden\" name=\"_wpcf7_container_post\" value=\"0\" \/><input type=\"hidden\" name=\"_wpcf7_posted_data_hash\" value=\"\" \/><input type=\"hidden\" name=\"_wpcf7dtx_version\" value=\"5.0.5\" \/>\n<\/fieldset>\n<div class=\"form-row\">\n<div class=\"col-12\"><label class=\"small\">Twoje dane kontaktowe<\/label><\/div>\n<div class=\"col-12 col-md-6\"><div class=\"form-group\"><label>Nazwa*<\/label><span class=\"wpcf7-form-control-wrap\" data-name=\"nachname\"><input size=\"40\" maxlength=\"400\" class=\"wpcf7-form-control wpcf7-text wpcf7-validates-as-required form-control\" aria-required=\"true\" aria-invalid=\"false\" value=\"\" type=\"text\" name=\"nachname\" \/><\/span><\/div><\/div>\n<div class=\"col-12 col-md-6\"><div class=\"form-group\"><label>Imi\u0119<\/label><span class=\"wpcf7-form-control-wrap\" data-name=\"vorname\"><input size=\"40\" maxlength=\"400\" class=\"wpcf7-form-control wpcf7-text form-control\" aria-invalid=\"false\" value=\"\" type=\"text\" name=\"vorname\" \/><\/span><\/div><\/div>\n<div class=\"col-12 col-md-6\"><div class=\"form-group\"><label>Numer telefonu*<\/label><span class=\"wpcf7-form-control-wrap\" data-name=\"rufnummer\"><input size=\"40\" maxlength=\"400\" class=\"wpcf7-form-control wpcf7-text wpcf7-validates-as-required form-control\" aria-required=\"true\" aria-invalid=\"false\" value=\"\" type=\"text\" name=\"rufnummer\" \/><\/span><\/div><\/div>\n<div class=\"col-12 col-md-6\"><div class=\"form-group\"><label>E-mail*<\/label><span class=\"wpcf7-form-control-wrap\" data-name=\"email-387\"><input size=\"40\" maxlength=\"400\" class=\"wpcf7-form-control wpcf7-email wpcf7-validates-as-required wpcf7-text wpcf7-validates-as-email form-control\" aria-required=\"true\" aria-invalid=\"false\" value=\"\" type=\"email\" name=\"email-387\" \/><\/span><\/div><\/div>\n<\/div><div class=\"form-row\">\n    <div class=\"col-12\">\n<span id=\"wpcf7-69d26c4a6b4bc-wrapper\" class=\"wpcf7-form-control-wrap weitereInformationen-wrap\" style=\"display:none !important; visibility:hidden !important;\"><input type=\"hidden\" name=\"weitereInformationen-time-start\" value=\"1775397962\"><input type=\"hidden\" name=\"weitereInformationen-time-check\" value=\"4\"><label for=\"wpcf7-69d26c4a6b4bc-field\" class=\"hp-message\">Please leave this field empty.<\/label><input id=\"wpcf7-69d26c4a6b4bc-field\"  placeholder=\"weitere Informationen\"  class=\"wpcf7-form-control wpcf7-text form-control\" type=\"text\" name=\"weitereInformationen\" value=\"\" size=\"40\" tabindex=\"-1\" autocomplete=\"new-password\" \/><\/span>\n<\/div>\n<\/div>\n<div class=\"form-row\">\n<div class=\"col-12\"><div class=\"form-group\"><label>Twoja wiadomo\u015b\u0107<\/label><span class=\"wpcf7-form-control-wrap\" data-name=\"textarea-428\"><textarea cols=\"40\" rows=\"10\" maxlength=\"2000\" class=\"wpcf7-form-control wpcf7-textarea form-control\" aria-invalid=\"false\" name=\"textarea-428\"><\/textarea><\/span><\/div><\/div>\n<div class=\"col-12 col-lg-8 small\"><div class=\"row gap\"><div class=\"col-12\"><span class=\"wpcf7-form-control-wrap\" data-name=\"acceptance-349\"><span class=\"wpcf7-form-control wpcf7-acceptance\"><span class=\"wpcf7-list-item\"><label><input type=\"checkbox\" name=\"acceptance-349\" value=\"1\" aria-invalid=\"false\" \/><span class=\"wpcf7-list-item-label\">Zapozna\u0142e\u015b si\u0119 z <a href=\"\/datenschutzerklaerung\/\" target=\"_blank\" style=\"text-decoration:underline\">polityk\u0105<\/a> prywatno\u015bci i zgadzasz si\u0119, \u017ce podane przez Ciebie dane b\u0119d\u0105 gromadzone i przechowywane elektronicznie. Dane u\u017cytkownika b\u0119d\u0105 wykorzystywane wy\u0142\u0105cznie w celu przetworzenia i udzielenia odpowiedzi na zapytanie u\u017cytkownika i b\u0119d\u0105 przechowywane tylko tak d\u0142ugo, jak jest to konieczne do przetworzenia i udzielenia odpowiedzi na zapytanie u\u017cytkownika lub zgodnie z wymogami innych przepis\u00f3w prawa.<\/span><\/label><\/span><\/span><\/span><\/div>\n<div class=\"col-12 small\">*Pola obowi\u0105zkowe<\/div><\/div><\/div>\n<div class=\"col-12 col-lg-4\"><input class=\"wpcf7-form-control wpcf7-submit has-spinner btn btn-default btn-block\" type=\"submit\" value=\"Wysy\u0142anie\" \/><\/div><\/div><div class=\"wpcf7-response-output\" aria-hidden=\"true\"><\/div>\n<\/form>\n<\/div>\n[\/vc_column][\/vc_row][\/vc_section]<\/p>\n<\/div>","protected":false},"excerpt":{"rendered":"<p>[vc_row][vc_column][vc_column_text] Skontaktuj si\u0119 z nami Osoby kontaktowe [\/vc_column_text][\/vc_column][\/vc_row][vc_row][vc_column width=&#8221;1\/2&#8243;][vc_row_inner content_placement=&#8221;bottom&#8221;][vc_column_inner width=&#8221;1\/3&#8243;][vc_single_image image=&#8221;6299&#8243;][\/vc_column_inner][vc_column_inner width=&#8221;2\/3&#8243;][vc_column_text]Grzegorz Magier Kierownik sprzeda\u017cy system\u00f3w podnoszenia Telefon: +49 (0) 36 923 \/ 53-115 Telefon kom\u00f3rkowy: +49 (0) 151 \/ 650 685 07 e-mail: g.magier(at)hetek.de[\/vc_column_text][\/vc_column_inner][\/vc_row_inner][\/vc_column][vc_column width=&#8221;1\/2&#8243;][vc_row_inner content_placement=&#8221;bottom&#8221;][vc_column_inner width=&#8221;1\/3&#8243;][vc_single_image image=&#8221;6297&#8243;][\/vc_column_inner][vc_column_inner width=&#8221;2\/3&#8243;][vc_column_text]Yvonne Nachtweih Sprzeda\u017c system\u00f3w podnoszenia Telefon: +49 (0) 36923 \/ 53-112 Telefon kom\u00f3rkowy: +49 (0)<\/p>\n","protected":false},"author":1,"featured_media":0,"parent":0,"menu_order":0,"comment_status":"closed","ping_status":"closed","template":"","meta":{"_acf_changed":false,"footnotes":""},"class_list":["post-5572","page","type-page","status-publish","hentry"],"acf":[],"yoast_head":"<!-- This site is optimized with the Yoast SEO plugin v27.3 - https:\/\/yoast.com\/product\/yoast-seo-wordpress\/ -->\n<title>Skontaktuj si\u0119 z nami - HETEK<\/title>\n<meta name=\"robots\" content=\"index, follow, max-snippet:-1, max-image-preview:large, max-video-preview:-1\" \/>\n<link rel=\"canonical\" href=\"https:\/\/hetek.de\/pl\/skontaktuj-sie-z-nami\/\" \/>\n<meta property=\"og:locale\" content=\"pl_PL\" \/>\n<meta property=\"og:type\" content=\"article\" \/>\n<meta property=\"og:title\" content=\"Skontaktuj si\u0119 z nami - HETEK\" \/>\n<meta property=\"og:description\" content=\"[vc_row][vc_column][vc_column_text] Skontaktuj si\u0119 z nami Osoby kontaktowe [\/vc_column_text][\/vc_column][\/vc_row][vc_row][vc_column width=&#8221;1\/2&#8243;][vc_row_inner content_placement=&#8221;bottom&#8221;][vc_column_inner width=&#8221;1\/3&#8243;][vc_single_image image=&#8221;6299&#8243;][\/vc_column_inner][vc_column_inner width=&#8221;2\/3&#8243;][vc_column_text]Grzegorz Magier Kierownik sprzeda\u017cy system\u00f3w podnoszenia Telefon: +49 (0) 36 923 \/ 53-115 Telefon kom\u00f3rkowy: +49 (0) 151 \/ 650 685 07 e-mail: g.magier(at)hetek.de[\/vc_column_text][\/vc_column_inner][\/vc_row_inner][\/vc_column][vc_column width=&#8221;1\/2&#8243;][vc_row_inner content_placement=&#8221;bottom&#8221;][vc_column_inner width=&#8221;1\/3&#8243;][vc_single_image image=&#8221;6297&#8243;][\/vc_column_inner][vc_column_inner width=&#8221;2\/3&#8243;][vc_column_text]Yvonne Nachtweih Sprzeda\u017c system\u00f3w podnoszenia Telefon: +49 (0) 36923 \/ 53-112 Telefon kom\u00f3rkowy: +49 (0)\" \/>\n<meta property=\"og:url\" content=\"https:\/\/hetek.de\/pl\/skontaktuj-sie-z-nami\/\" \/>\n<meta property=\"og:site_name\" content=\"HETEK\" \/>\n<meta property=\"article:modified_time\" content=\"2024-08-19T08:48:15+00:00\" \/>\n<meta name=\"twitter:card\" content=\"summary_large_image\" \/>\n<meta name=\"twitter:label1\" content=\"Szacowany czas czytania\" \/>\n\t<meta name=\"twitter:data1\" content=\"1 minuta\" \/>\n<script type=\"application\/ld+json\" class=\"yoast-schema-graph\">{\"@context\":\"https:\\\/\\\/schema.org\",\"@graph\":[{\"@type\":\"WebPage\",\"@id\":\"https:\\\/\\\/hetek.de\\\/pl\\\/skontaktuj-sie-z-nami\\\/\",\"url\":\"https:\\\/\\\/hetek.de\\\/pl\\\/skontaktuj-sie-z-nami\\\/\",\"name\":\"Skontaktuj si\u0119 z nami - HETEK\",\"isPartOf\":{\"@id\":\"https:\\\/\\\/hetek.de\\\/#website\"},\"datePublished\":\"2023-12-11T15:36:50+00:00\",\"dateModified\":\"2024-08-19T08:48:15+00:00\",\"breadcrumb\":{\"@id\":\"https:\\\/\\\/hetek.de\\\/pl\\\/skontaktuj-sie-z-nami\\\/#breadcrumb\"},\"inLanguage\":\"pl-PL\",\"potentialAction\":[{\"@type\":\"ReadAction\",\"target\":[\"https:\\\/\\\/hetek.de\\\/pl\\\/skontaktuj-sie-z-nami\\\/\"]}]},{\"@type\":\"BreadcrumbList\",\"@id\":\"https:\\\/\\\/hetek.de\\\/pl\\\/skontaktuj-sie-z-nami\\\/#breadcrumb\",\"itemListElement\":[{\"@type\":\"ListItem\",\"position\":1,\"name\":\"\",\"item\":\"https:\\\/\\\/hetek.de\\\/pl\\\/\"},{\"@type\":\"ListItem\",\"position\":2,\"name\":\"Skontaktuj si\u0119 z nami\"}]},{\"@type\":\"WebSite\",\"@id\":\"https:\\\/\\\/hetek.de\\\/#website\",\"url\":\"https:\\\/\\\/hetek.de\\\/\",\"name\":\"HETEK\",\"description\":\"Bezpieczna podstawa dla mobilnego \u015bwiata.\",\"potentialAction\":[{\"@type\":\"SearchAction\",\"target\":{\"@type\":\"EntryPoint\",\"urlTemplate\":\"https:\\\/\\\/hetek.de\\\/?s={search_term_string}\"},\"query-input\":{\"@type\":\"PropertyValueSpecification\",\"valueRequired\":true,\"valueName\":\"search_term_string\"}}],\"inLanguage\":\"pl-PL\"}]}<\/script>\n<!-- \/ Yoast SEO plugin. -->","yoast_head_json":{"title":"Skontaktuj si\u0119 z nami - HETEK","robots":{"index":"index","follow":"follow","max-snippet":"max-snippet:-1","max-image-preview":"max-image-preview:large","max-video-preview":"max-video-preview:-1"},"canonical":"https:\/\/hetek.de\/pl\/skontaktuj-sie-z-nami\/","og_locale":"pl_PL","og_type":"article","og_title":"Skontaktuj si\u0119 z nami - HETEK","og_description":"[vc_row][vc_column][vc_column_text] Skontaktuj si\u0119 z nami Osoby kontaktowe [\/vc_column_text][\/vc_column][\/vc_row][vc_row][vc_column width=&#8221;1\/2&#8243;][vc_row_inner content_placement=&#8221;bottom&#8221;][vc_column_inner width=&#8221;1\/3&#8243;][vc_single_image image=&#8221;6299&#8243;][\/vc_column_inner][vc_column_inner width=&#8221;2\/3&#8243;][vc_column_text]Grzegorz Magier Kierownik sprzeda\u017cy system\u00f3w podnoszenia Telefon: +49 (0) 36 923 \/ 53-115 Telefon kom\u00f3rkowy: +49 (0) 151 \/ 650 685 07 e-mail: g.magier(at)hetek.de[\/vc_column_text][\/vc_column_inner][\/vc_row_inner][\/vc_column][vc_column width=&#8221;1\/2&#8243;][vc_row_inner content_placement=&#8221;bottom&#8221;][vc_column_inner width=&#8221;1\/3&#8243;][vc_single_image image=&#8221;6297&#8243;][\/vc_column_inner][vc_column_inner width=&#8221;2\/3&#8243;][vc_column_text]Yvonne Nachtweih Sprzeda\u017c system\u00f3w podnoszenia Telefon: +49 (0) 36923 \/ 53-112 Telefon kom\u00f3rkowy: +49 (0)","og_url":"https:\/\/hetek.de\/pl\/skontaktuj-sie-z-nami\/","og_site_name":"HETEK","article_modified_time":"2024-08-19T08:48:15+00:00","twitter_card":"summary_large_image","twitter_misc":{"Szacowany czas czytania":"1 minuta"},"schema":{"@context":"https:\/\/schema.org","@graph":[{"@type":"WebPage","@id":"https:\/\/hetek.de\/pl\/skontaktuj-sie-z-nami\/","url":"https:\/\/hetek.de\/pl\/skontaktuj-sie-z-nami\/","name":"Skontaktuj si\u0119 z nami - HETEK","isPartOf":{"@id":"https:\/\/hetek.de\/#website"},"datePublished":"2023-12-11T15:36:50+00:00","dateModified":"2024-08-19T08:48:15+00:00","breadcrumb":{"@id":"https:\/\/hetek.de\/pl\/skontaktuj-sie-z-nami\/#breadcrumb"},"inLanguage":"pl-PL","potentialAction":[{"@type":"ReadAction","target":["https:\/\/hetek.de\/pl\/skontaktuj-sie-z-nami\/"]}]},{"@type":"BreadcrumbList","@id":"https:\/\/hetek.de\/pl\/skontaktuj-sie-z-nami\/#breadcrumb","itemListElement":[{"@type":"ListItem","position":1,"name":"","item":"https:\/\/hetek.de\/pl\/"},{"@type":"ListItem","position":2,"name":"Skontaktuj si\u0119 z nami"}]},{"@type":"WebSite","@id":"https:\/\/hetek.de\/#website","url":"https:\/\/hetek.de\/","name":"HETEK","description":"Bezpieczna podstawa dla mobilnego \u015bwiata.","potentialAction":[{"@type":"SearchAction","target":{"@type":"EntryPoint","urlTemplate":"https:\/\/hetek.de\/?s={search_term_string}"},"query-input":{"@type":"PropertyValueSpecification","valueRequired":true,"valueName":"search_term_string"}}],"inLanguage":"pl-PL"}]}},"_links":{"self":[{"href":"https:\/\/hetek.de\/pl\/wp-json\/wp\/v2\/pages\/5572","targetHints":{"allow":["GET"]}}],"collection":[{"href":"https:\/\/hetek.de\/pl\/wp-json\/wp\/v2\/pages"}],"about":[{"href":"https:\/\/hetek.de\/pl\/wp-json\/wp\/v2\/types\/page"}],"author":[{"embeddable":true,"href":"https:\/\/hetek.de\/pl\/wp-json\/wp\/v2\/users\/1"}],"replies":[{"embeddable":true,"href":"https:\/\/hetek.de\/pl\/wp-json\/wp\/v2\/comments?post=5572"}],"version-history":[{"count":27,"href":"https:\/\/hetek.de\/pl\/wp-json\/wp\/v2\/pages\/5572\/revisions"}],"predecessor-version":[{"id":6655,"href":"https:\/\/hetek.de\/pl\/wp-json\/wp\/v2\/pages\/5572\/revisions\/6655"}],"wp:attachment":[{"href":"https:\/\/hetek.de\/pl\/wp-json\/wp\/v2\/media?parent=5572"}],"curies":[{"name":"wp","href":"https:\/\/api.w.org\/{rel}","templated":true}]}}