{"id":5573,"date":"2023-12-11T16:36:50","date_gmt":"2023-12-11T15:36:50","guid":{"rendered":"https:\/\/hetek.de\/usluga\/"},"modified":"2024-08-19T10:41:28","modified_gmt":"2024-08-19T08:41:28","slug":"usluga","status":"publish","type":"page","link":"https:\/\/hetek.de\/pl\/usluga\/","title":{"rendered":"Serwis"},"content":{"rendered":"<div class=\"wpb-content-wrapper\"><p>[vc_row][vc_column][vc_column_text]<\/p>\n<h1>Serwis<\/h1>\n<h2>W dowolnym momencie. Wsz\u0119dzie. Pracujemy dla Ciebie na ca\u0142ym \u015bwiecie.<\/h2>\n<p>[\/vc_column_text][vc_row_inner content_placement=&#8221;middle&#8221;][vc_column_inner width=&#8221;1\/2&#8243;][vc_column_text]Produkty HETEK s\u0105 projektowane i budowane z my\u015bl\u0105 o standardowej \u017cywotno\u015bci wynosz\u0105cej co najmniej 10 lat lub d\u0142u\u017cej. Dlatego nie zostawiamy Ci\u0119 samego po zakupie naszych produkt\u00f3w i oferujemy serwis na ca\u0142ym \u015bwiecie. Dzi\u0119ki konserwacji, przegl\u0105dom, naprawom, kursom szkoleniowym, naprawom fabrycznym i cz\u0119\u015bciom zamiennym mo\u017cemy pom\u00f3c w utrzymaniu sprz\u0119tu w dobrym stanie technicznym nawet przez 15 lat od zakupu.<\/p>\n<p>Nasze produkty podlegaj\u0105 ustawowym przepisom dotycz\u0105cym urz\u0105dze\u0144 podnosz\u0105cych. Zobowi\u0105zuj\u0105 one operatora do przeprowadzania regularnych kontroli sprz\u0119tu podnosz\u0105cego i poziomuj\u0105cego przez kompetentn\u0105 osob\u0119 zgodnie z ustaw\u0105 o bezpiecze\u0144stwie i higienie pracy oraz rozporz\u0105dzeniem w sprawie bezpiecze\u0144stwa i higieny pracy. Zalecamy wykonanie tych prac przez nas jako producenta.[\/vc_column_text][vc_column_text]<strong>Nasza us\u0142uga oferuje:<\/strong><\/p>\n<ul>\n<li>Kontrole ustawowe zgodnie z nowym rozporz\u0105dzeniem w sprawie bezpiecze\u0144stwa i higieny pracy (BetrSichV 2015)<\/li>\n<li>Rozporz\u0105dzenie DGUV<\/li>\n<li>Przygotowanie ocen ryzyka zgodnie z BetrSichV 2015<\/li>\n<li>Szkolenie operator\u00f3w<\/li>\n<li>Szkolenie kwalifikuj\u0105ce do testu DGUV 54 na naszych produktach<\/li>\n<li>Konserwacja i naprawy na miejscu<\/li>\n<li>Naprawy fabryczne naszych system\u00f3w podnoszenia<\/li>\n<\/ul>\n<p>[\/vc_column_text][\/vc_column_inner][vc_column_inner width=&#8221;1\/2&#8243;][vc_single_image image=&#8221;6623&#8243; img_size=&#8221;medium&#8221; alignment=&#8221;center&#8221;][\/vc_column_inner][\/vc_row_inner][\/vc_column][\/vc_row][vc_row][vc_column]\n                                    <div class=\"row gallery\">\n                        <div class=\"col-12\">\n                            <div class=\"row gap masonry \">\n                                                                        <div class=\"box-item col-6 col-lg-4 col-xl-3\">\n                                            <div class=\"gap\" style=\"position: relative\">\n                                                <a href=\"https:\/\/hetek.de\/wp-content\/uploads\/2021\/08\/D8N_3550k-1200x801.jpg\" data-toggle=\"lightbox\"\n                                                   style=\"position: relative; display: block;\"\n                                                   data-gallery=\"gallery-galerieid-0\"\n                                                   data-footer=\" \">\n                                                    <img decoding=\"async\" src=\"https:\/\/hetek.de\/wp-content\/uploads\/2021\/08\/D8N_3550k-400x267.jpg\">\n                                                <\/a>\n                                            <\/div>\n                                        <\/div>\n\n                                                                                <div class=\"box-item col-6 col-lg-4 col-xl-3\">\n                                            <div class=\"gap\" style=\"position: relative\">\n                                                <a href=\"https:\/\/hetek.de\/wp-content\/uploads\/2021\/06\/IMG_5588-1200x900.jpg\" data-toggle=\"lightbox\"\n                                                   style=\"position: relative; display: block;\"\n                                                   data-gallery=\"gallery-galerieid-0\"\n                                                   data-footer=\" \">\n                                                    <img decoding=\"async\" src=\"https:\/\/hetek.de\/wp-content\/uploads\/2021\/06\/IMG_5588-400x300.jpg\">\n                                                <\/a>\n                                            <\/div>\n                                        <\/div>\n\n                                                                                <div class=\"box-item col-6 col-lg-4 col-xl-3\">\n                                            <div class=\"gap\" style=\"position: relative\">\n                                                <a href=\"https:\/\/hetek.de\/wp-content\/uploads\/2021\/08\/D8N_3519k-1200x801.jpg\" data-toggle=\"lightbox\"\n                                                   style=\"position: relative; display: block;\"\n                                                   data-gallery=\"gallery-galerieid-0\"\n                                                   data-footer=\" \">\n                                                    <img decoding=\"async\" src=\"https:\/\/hetek.de\/wp-content\/uploads\/2021\/08\/D8N_3519k-400x267.jpg\">\n                                                <\/a>\n                                            <\/div>\n                                        <\/div>\n\n                                                                                <div class=\"box-item col-6 col-lg-4 col-xl-3\">\n                                            <div class=\"gap\" style=\"position: relative\">\n                                                <a href=\"https:\/\/hetek.de\/wp-content\/uploads\/2021\/06\/IMG_5754.jpg\" data-toggle=\"lightbox\"\n                                                   style=\"position: relative; display: block;\"\n                                                   data-gallery=\"gallery-galerieid-0\"\n                                                   data-footer=\" \">\n                                                    <img decoding=\"async\" src=\"https:\/\/hetek.de\/wp-content\/uploads\/2021\/06\/IMG_5754-400x300.jpg\">\n                                                <\/a>\n                                            <\/div>\n                                        <\/div>\n\n                                                                                <div class=\"box-item col-6 col-lg-4 col-xl-3\">\n                                            <div class=\"gap\" style=\"position: relative\">\n                                                <a href=\"https:\/\/hetek.de\/wp-content\/uploads\/2021\/08\/D8N_3509k-1200x801.jpg\" data-toggle=\"lightbox\"\n                                                   style=\"position: relative; display: block;\"\n                                                   data-gallery=\"gallery-galerieid-0\"\n                                                   data-footer=\" \">\n                                                    <img decoding=\"async\" src=\"https:\/\/hetek.de\/wp-content\/uploads\/2021\/08\/D8N_3509k-400x267.jpg\">\n                                                <\/a>\n                                            <\/div>\n                                        <\/div>\n\n                                                                                <div class=\"box-item col-6 col-lg-4 col-xl-3\">\n                                            <div class=\"gap\" style=\"position: relative\">\n                                                <a href=\"https:\/\/hetek.de\/wp-content\/uploads\/2021\/08\/D8N_3502k-1200x801.jpg\" data-toggle=\"lightbox\"\n                                                   style=\"position: relative; display: block;\"\n                                                   data-gallery=\"gallery-galerieid-0\"\n                                                   data-footer=\" \">\n                                                    <img decoding=\"async\" src=\"https:\/\/hetek.de\/wp-content\/uploads\/2021\/08\/D8N_3502k-400x267.jpg\">\n                                                <\/a>\n                                            <\/div>\n                                        <\/div>\n\n                                                                                <div class=\"box-item col-6 col-lg-4 col-xl-3\">\n                                            <div class=\"gap\" style=\"position: relative\">\n                                                <a href=\"https:\/\/hetek.de\/wp-content\/uploads\/2021\/06\/Bild1.jpg\" data-toggle=\"lightbox\"\n                                                   style=\"position: relative; display: block;\"\n                                                   data-gallery=\"gallery-galerieid-0\"\n                                                   data-footer=\" \">\n                                                    <img decoding=\"async\" src=\"https:\/\/hetek.de\/wp-content\/uploads\/2021\/06\/Bild1-400x267.jpg\">\n                                                <\/a>\n                                            <\/div>\n                                        <\/div>\n\n                                                                                <div class=\"box-item col-6 col-lg-4 col-xl-3\">\n                                            <div class=\"gap\" style=\"position: relative\">\n                                                <a href=\"https:\/\/hetek.de\/wp-content\/uploads\/2021\/08\/D8N_3529k-1200x801.jpg\" data-toggle=\"lightbox\"\n                                                   style=\"position: relative; display: block;\"\n                                                   data-gallery=\"gallery-galerieid-0\"\n                                                   data-footer=\" \">\n                                                    <img decoding=\"async\" src=\"https:\/\/hetek.de\/wp-content\/uploads\/2021\/08\/D8N_3529k-400x267.jpg\">\n                                                <\/a>\n                                            <\/div>\n                                        <\/div>\n\n                                                                        <div class=\"grid-sizer col-1\"><\/div>\n                            <\/div>\n                        <\/div>\n                    <\/div>\n                                [\/vc_column][\/vc_row]<\/p>\n<\/div>","protected":false},"excerpt":{"rendered":"<p>[vc_row][vc_column][vc_column_text] Serwis W dowolnym momencie. Wsz\u0119dzie. Pracujemy dla Ciebie na ca\u0142ym \u015bwiecie. [\/vc_column_text][vc_row_inner content_placement=&#8221;middle&#8221;][vc_column_inner width=&#8221;1\/2&#8243;][vc_column_text]Produkty HETEK s\u0105 projektowane i budowane z my\u015bl\u0105 o standardowej \u017cywotno\u015bci wynosz\u0105cej co najmniej 10 lat lub d\u0142u\u017cej. Dlatego nie zostawiamy Ci\u0119 samego po zakupie naszych produkt\u00f3w i oferujemy serwis na ca\u0142ym \u015bwiecie. Dzi\u0119ki konserwacji, przegl\u0105dom, naprawom, kursom szkoleniowym, naprawom fabrycznym<\/p>\n","protected":false},"author":1,"featured_media":6623,"parent":0,"menu_order":0,"comment_status":"closed","ping_status":"closed","template":"","meta":{"_acf_changed":false,"footnotes":""},"class_list":["post-5573","page","type-page","status-publish","has-post-thumbnail","hentry"],"acf":[],"yoast_head":"<!-- This site is optimized with the Yoast SEO plugin v27.3 - https:\/\/yoast.com\/product\/yoast-seo-wordpress\/ -->\n<title>Nasz serwis jest zawsze do Twojej dyspozycji - nawet po dokonaniu zakupu<\/title>\n<meta name=\"description\" content=\"Dzi\u0119ki naszemu og\u00f3lno\u015bwiatowemu serwisowi pomagamy producentom utrzyma\u0107 sprz\u0119t w dobrym stanie technicznym przez d\u0142ugi czas. Teraz na | HETEK\" \/>\n<meta name=\"robots\" content=\"index, follow, max-snippet:-1, max-image-preview:large, max-video-preview:-1\" \/>\n<link rel=\"canonical\" href=\"https:\/\/hetek.de\/pl\/usluga\/\" \/>\n<meta property=\"og:locale\" content=\"pl_PL\" \/>\n<meta property=\"og:type\" content=\"article\" \/>\n<meta property=\"og:title\" content=\"Nasz serwis jest zawsze do Twojej dyspozycji - nawet po dokonaniu zakupu\" \/>\n<meta property=\"og:description\" content=\"Dzi\u0119ki naszemu og\u00f3lno\u015bwiatowemu serwisowi pomagamy producentom utrzyma\u0107 sprz\u0119t w dobrym stanie technicznym przez d\u0142ugi czas. Teraz na | HETEK\" \/>\n<meta property=\"og:url\" content=\"https:\/\/hetek.de\/pl\/usluga\/\" \/>\n<meta property=\"og:site_name\" content=\"HETEK\" \/>\n<meta property=\"article:modified_time\" content=\"2024-08-19T08:41:28+00:00\" \/>\n<meta property=\"og:image\" content=\"https:\/\/hetek.de\/wp-content\/uploads\/2024\/08\/HETEK-MaintenanceService-2024-RGB_Zeichenflaeche-1-Kopie.png\" \/>\n\t<meta property=\"og:image:width\" content=\"2481\" \/>\n\t<meta property=\"og:image:height\" content=\"2481\" \/>\n\t<meta property=\"og:image:type\" content=\"image\/png\" \/>\n<meta name=\"twitter:card\" content=\"summary_large_image\" \/>\n<meta name=\"twitter:label1\" content=\"Szacowany czas czytania\" \/>\n\t<meta name=\"twitter:data1\" content=\"3 minuty\" \/>\n<script type=\"application\/ld+json\" class=\"yoast-schema-graph\">{\"@context\":\"https:\\\/\\\/schema.org\",\"@graph\":[{\"@type\":\"WebPage\",\"@id\":\"https:\\\/\\\/hetek.de\\\/pl\\\/usluga\\\/\",\"url\":\"https:\\\/\\\/hetek.de\\\/pl\\\/usluga\\\/\",\"name\":\"Nasz serwis jest zawsze do Twojej dyspozycji - nawet po dokonaniu zakupu\",\"isPartOf\":{\"@id\":\"https:\\\/\\\/hetek.de\\\/#website\"},\"primaryImageOfPage\":{\"@id\":\"https:\\\/\\\/hetek.de\\\/pl\\\/usluga\\\/#primaryimage\"},\"image\":{\"@id\":\"https:\\\/\\\/hetek.de\\\/pl\\\/usluga\\\/#primaryimage\"},\"thumbnailUrl\":\"https:\\\/\\\/hetek.de\\\/wp-content\\\/uploads\\\/2024\\\/08\\\/HETEK-MaintenanceService-2024-RGB_Zeichenflaeche-1-Kopie.png\",\"datePublished\":\"2023-12-11T15:36:50+00:00\",\"dateModified\":\"2024-08-19T08:41:28+00:00\",\"description\":\"Dzi\u0119ki naszemu og\u00f3lno\u015bwiatowemu serwisowi pomagamy producentom utrzyma\u0107 sprz\u0119t w dobrym stanie technicznym przez d\u0142ugi czas. Teraz na | HETEK\",\"breadcrumb\":{\"@id\":\"https:\\\/\\\/hetek.de\\\/pl\\\/usluga\\\/#breadcrumb\"},\"inLanguage\":\"pl-PL\",\"potentialAction\":[{\"@type\":\"ReadAction\",\"target\":[\"https:\\\/\\\/hetek.de\\\/pl\\\/usluga\\\/\"]}]},{\"@type\":\"ImageObject\",\"inLanguage\":\"pl-PL\",\"@id\":\"https:\\\/\\\/hetek.de\\\/pl\\\/usluga\\\/#primaryimage\",\"url\":\"https:\\\/\\\/hetek.de\\\/wp-content\\\/uploads\\\/2024\\\/08\\\/HETEK-MaintenanceService-2024-RGB_Zeichenflaeche-1-Kopie.png\",\"contentUrl\":\"https:\\\/\\\/hetek.de\\\/wp-content\\\/uploads\\\/2024\\\/08\\\/HETEK-MaintenanceService-2024-RGB_Zeichenflaeche-1-Kopie.png\",\"width\":2481,\"height\":2481},{\"@type\":\"BreadcrumbList\",\"@id\":\"https:\\\/\\\/hetek.de\\\/pl\\\/usluga\\\/#breadcrumb\",\"itemListElement\":[{\"@type\":\"ListItem\",\"position\":1,\"name\":\"\",\"item\":\"https:\\\/\\\/hetek.de\\\/pl\\\/\"},{\"@type\":\"ListItem\",\"position\":2,\"name\":\"Serwis\"}]},{\"@type\":\"WebSite\",\"@id\":\"https:\\\/\\\/hetek.de\\\/#website\",\"url\":\"https:\\\/\\\/hetek.de\\\/\",\"name\":\"HETEK\",\"description\":\"Bezpieczna podstawa dla mobilnego \u015bwiata.\",\"potentialAction\":[{\"@type\":\"SearchAction\",\"target\":{\"@type\":\"EntryPoint\",\"urlTemplate\":\"https:\\\/\\\/hetek.de\\\/?s={search_term_string}\"},\"query-input\":{\"@type\":\"PropertyValueSpecification\",\"valueRequired\":true,\"valueName\":\"search_term_string\"}}],\"inLanguage\":\"pl-PL\"}]}<\/script>\n<!-- \/ Yoast SEO plugin. -->","yoast_head_json":{"title":"Nasz serwis jest zawsze do Twojej dyspozycji - nawet po dokonaniu zakupu","description":"Dzi\u0119ki naszemu og\u00f3lno\u015bwiatowemu serwisowi pomagamy producentom utrzyma\u0107 sprz\u0119t w dobrym stanie technicznym przez d\u0142ugi czas. Teraz na | HETEK","robots":{"index":"index","follow":"follow","max-snippet":"max-snippet:-1","max-image-preview":"max-image-preview:large","max-video-preview":"max-video-preview:-1"},"canonical":"https:\/\/hetek.de\/pl\/usluga\/","og_locale":"pl_PL","og_type":"article","og_title":"Nasz serwis jest zawsze do Twojej dyspozycji - nawet po dokonaniu zakupu","og_description":"Dzi\u0119ki naszemu og\u00f3lno\u015bwiatowemu serwisowi pomagamy producentom utrzyma\u0107 sprz\u0119t w dobrym stanie technicznym przez d\u0142ugi czas. Teraz na | HETEK","og_url":"https:\/\/hetek.de\/pl\/usluga\/","og_site_name":"HETEK","article_modified_time":"2024-08-19T08:41:28+00:00","og_image":[{"width":2481,"height":2481,"url":"https:\/\/hetek.de\/wp-content\/uploads\/2024\/08\/HETEK-MaintenanceService-2024-RGB_Zeichenflaeche-1-Kopie.png","type":"image\/png"}],"twitter_card":"summary_large_image","twitter_misc":{"Szacowany czas czytania":"3 minuty"},"schema":{"@context":"https:\/\/schema.org","@graph":[{"@type":"WebPage","@id":"https:\/\/hetek.de\/pl\/usluga\/","url":"https:\/\/hetek.de\/pl\/usluga\/","name":"Nasz serwis jest zawsze do Twojej dyspozycji - nawet po dokonaniu zakupu","isPartOf":{"@id":"https:\/\/hetek.de\/#website"},"primaryImageOfPage":{"@id":"https:\/\/hetek.de\/pl\/usluga\/#primaryimage"},"image":{"@id":"https:\/\/hetek.de\/pl\/usluga\/#primaryimage"},"thumbnailUrl":"https:\/\/hetek.de\/wp-content\/uploads\/2024\/08\/HETEK-MaintenanceService-2024-RGB_Zeichenflaeche-1-Kopie.png","datePublished":"2023-12-11T15:36:50+00:00","dateModified":"2024-08-19T08:41:28+00:00","description":"Dzi\u0119ki naszemu og\u00f3lno\u015bwiatowemu serwisowi pomagamy producentom utrzyma\u0107 sprz\u0119t w dobrym stanie technicznym przez d\u0142ugi czas. Teraz na | HETEK","breadcrumb":{"@id":"https:\/\/hetek.de\/pl\/usluga\/#breadcrumb"},"inLanguage":"pl-PL","potentialAction":[{"@type":"ReadAction","target":["https:\/\/hetek.de\/pl\/usluga\/"]}]},{"@type":"ImageObject","inLanguage":"pl-PL","@id":"https:\/\/hetek.de\/pl\/usluga\/#primaryimage","url":"https:\/\/hetek.de\/wp-content\/uploads\/2024\/08\/HETEK-MaintenanceService-2024-RGB_Zeichenflaeche-1-Kopie.png","contentUrl":"https:\/\/hetek.de\/wp-content\/uploads\/2024\/08\/HETEK-MaintenanceService-2024-RGB_Zeichenflaeche-1-Kopie.png","width":2481,"height":2481},{"@type":"BreadcrumbList","@id":"https:\/\/hetek.de\/pl\/usluga\/#breadcrumb","itemListElement":[{"@type":"ListItem","position":1,"name":"","item":"https:\/\/hetek.de\/pl\/"},{"@type":"ListItem","position":2,"name":"Serwis"}]},{"@type":"WebSite","@id":"https:\/\/hetek.de\/#website","url":"https:\/\/hetek.de\/","name":"HETEK","description":"Bezpieczna podstawa dla mobilnego \u015bwiata.","potentialAction":[{"@type":"SearchAction","target":{"@type":"EntryPoint","urlTemplate":"https:\/\/hetek.de\/?s={search_term_string}"},"query-input":{"@type":"PropertyValueSpecification","valueRequired":true,"valueName":"search_term_string"}}],"inLanguage":"pl-PL"}]}},"_links":{"self":[{"href":"https:\/\/hetek.de\/pl\/wp-json\/wp\/v2\/pages\/5573","targetHints":{"allow":["GET"]}}],"collection":[{"href":"https:\/\/hetek.de\/pl\/wp-json\/wp\/v2\/pages"}],"about":[{"href":"https:\/\/hetek.de\/pl\/wp-json\/wp\/v2\/types\/page"}],"author":[{"embeddable":true,"href":"https:\/\/hetek.de\/pl\/wp-json\/wp\/v2\/users\/1"}],"replies":[{"embeddable":true,"href":"https:\/\/hetek.de\/pl\/wp-json\/wp\/v2\/comments?post=5573"}],"version-history":[{"count":9,"href":"https:\/\/hetek.de\/pl\/wp-json\/wp\/v2\/pages\/5573\/revisions"}],"predecessor-version":[{"id":6652,"href":"https:\/\/hetek.de\/pl\/wp-json\/wp\/v2\/pages\/5573\/revisions\/6652"}],"wp:featuredmedia":[{"embeddable":true,"href":"https:\/\/hetek.de\/pl\/wp-json\/wp\/v2\/media\/6623"}],"wp:attachment":[{"href":"https:\/\/hetek.de\/pl\/wp-json\/wp\/v2\/media?parent=5573"}],"curies":[{"name":"wp","href":"https:\/\/api.w.org\/{rel}","templated":true}]}}