{"id":5575,"date":"2023-12-11T16:36:50","date_gmt":"2023-12-11T15:36:50","guid":{"rendered":"https:\/\/hetek.de\/wynajem-podnosnikow-rolkowych-do-kontenerow\/"},"modified":"2023-12-11T16:36:51","modified_gmt":"2023-12-11T15:36:51","slug":"wynajem-podnosnikow-rolkowych-do-kontenerow","status":"publish","type":"page","link":"https:\/\/hetek.de\/pl\/wynajem-podnosnikow-rolkowych-do-kontenerow\/","title":{"rendered":"Wynajem podno\u015bnik\u00f3w rolkowych do kontener\u00f3w"},"content":{"rendered":"","protected":false},"excerpt":{"rendered":"","protected":false},"author":1,"featured_media":0,"parent":0,"menu_order":0,"comment_status":"closed","ping_status":"closed","template":"","meta":{"_acf_changed":false,"footnotes":""},"class_list":["post-5575","page","type-page","status-publish","hentry"],"acf":[],"yoast_head":"<!-- This site is optimized with the Yoast SEO plugin v27.4 - https:\/\/yoast.com\/product\/yoast-seo-wordpress\/ -->\n<title>Nasz wynajem podno\u015bnik\u00f3w - po prostu wynajmij k\u00f3\u0142ka do kontener\u00f3w<\/title>\n<meta name=\"description\" content=\"Chcesz wynaj\u0105\u0107 jeden z naszych zestaw\u00f3w ko\u0142owych do kontener\u00f3w? W takim razie skontaktuj si\u0119 z nami - gwarantujemy, \u017ce mamy dla Ciebie odpowiednie urz\u0105dzenie do wynaj\u0119cia! na | HETEK\" \/>\n<meta name=\"robots\" content=\"index, follow, max-snippet:-1, max-image-preview:large, max-video-preview:-1\" \/>\n<link rel=\"canonical\" href=\"https:\/\/hetek.de\/pl\/?page_id=5575\" \/>\n<meta property=\"og:locale\" content=\"pl_PL\" \/>\n<meta property=\"og:type\" content=\"article\" \/>\n<meta property=\"og:title\" content=\"Nasz wynajem podno\u015bnik\u00f3w - po prostu wynajmij k\u00f3\u0142ka do kontener\u00f3w\" \/>\n<meta property=\"og:description\" content=\"Chcesz wynaj\u0105\u0107 jeden z naszych zestaw\u00f3w ko\u0142owych do kontener\u00f3w? W takim razie skontaktuj si\u0119 z nami - gwarantujemy, \u017ce mamy dla Ciebie odpowiednie urz\u0105dzenie do wynaj\u0119cia! na | HETEK\" \/>\n<meta property=\"og:url\" content=\"https:\/\/hetek.de\/pl\/?page_id=5575\" \/>\n<meta property=\"og:site_name\" content=\"HETEK\" \/>\n<meta property=\"article:modified_time\" content=\"2023-12-11T15:36:51+00:00\" \/>\n<meta name=\"twitter:card\" content=\"summary_large_image\" \/>\n<script type=\"application\/ld+json\" class=\"yoast-schema-graph\">{\"@context\":\"https:\\\/\\\/schema.org\",\"@graph\":[{\"@type\":\"WebPage\",\"@id\":\"https:\\\/\\\/hetek.de\\\/pl\\\/?page_id=5575\",\"url\":\"https:\\\/\\\/hetek.de\\\/pl\\\/?page_id=5575\",\"name\":\"Nasz wynajem podno\u015bnik\u00f3w - po prostu wynajmij k\u00f3\u0142ka do kontener\u00f3w\",\"isPartOf\":{\"@id\":\"https:\\\/\\\/hetek.de\\\/#website\"},\"datePublished\":\"2023-12-11T15:36:50+00:00\",\"dateModified\":\"2023-12-11T15:36:51+00:00\",\"description\":\"Chcesz wynaj\u0105\u0107 jeden z naszych zestaw\u00f3w ko\u0142owych do kontener\u00f3w? W takim razie skontaktuj si\u0119 z nami - gwarantujemy, \u017ce mamy dla Ciebie odpowiednie urz\u0105dzenie do wynaj\u0119cia! na | HETEK\",\"breadcrumb\":{\"@id\":\"https:\\\/\\\/hetek.de\\\/pl\\\/?page_id=5575#breadcrumb\"},\"inLanguage\":\"pl-PL\",\"potentialAction\":[{\"@type\":\"ReadAction\",\"target\":[\"https:\\\/\\\/hetek.de\\\/pl\\\/?page_id=5575\"]}]},{\"@type\":\"BreadcrumbList\",\"@id\":\"https:\\\/\\\/hetek.de\\\/pl\\\/?page_id=5575#breadcrumb\",\"itemListElement\":[{\"@type\":\"ListItem\",\"position\":1,\"name\":\"\",\"item\":\"https:\\\/\\\/hetek.de\\\/pl\\\/\"},{\"@type\":\"ListItem\",\"position\":2,\"name\":\"Wynajem podno\u015bnik\u00f3w rolkowych do kontener\u00f3w\"}]},{\"@type\":\"WebSite\",\"@id\":\"https:\\\/\\\/hetek.de\\\/#website\",\"url\":\"https:\\\/\\\/hetek.de\\\/\",\"name\":\"HETEK\",\"description\":\"Bezpieczna podstawa dla mobilnego \u015bwiata.\",\"potentialAction\":[{\"@type\":\"SearchAction\",\"target\":{\"@type\":\"EntryPoint\",\"urlTemplate\":\"https:\\\/\\\/hetek.de\\\/?s={search_term_string}\"},\"query-input\":{\"@type\":\"PropertyValueSpecification\",\"valueRequired\":true,\"valueName\":\"search_term_string\"}}],\"inLanguage\":\"pl-PL\"}]}<\/script>\n<!-- \/ Yoast SEO plugin. -->","yoast_head_json":{"title":"Nasz wynajem podno\u015bnik\u00f3w - po prostu wynajmij k\u00f3\u0142ka do kontener\u00f3w","description":"Chcesz wynaj\u0105\u0107 jeden z naszych zestaw\u00f3w ko\u0142owych do kontener\u00f3w? W takim razie skontaktuj si\u0119 z nami - gwarantujemy, \u017ce mamy dla Ciebie odpowiednie urz\u0105dzenie do wynaj\u0119cia! na | HETEK","robots":{"index":"index","follow":"follow","max-snippet":"max-snippet:-1","max-image-preview":"max-image-preview:large","max-video-preview":"max-video-preview:-1"},"canonical":"https:\/\/hetek.de\/pl\/?page_id=5575","og_locale":"pl_PL","og_type":"article","og_title":"Nasz wynajem podno\u015bnik\u00f3w - po prostu wynajmij k\u00f3\u0142ka do kontener\u00f3w","og_description":"Chcesz wynaj\u0105\u0107 jeden z naszych zestaw\u00f3w ko\u0142owych do kontener\u00f3w? W takim razie skontaktuj si\u0119 z nami - gwarantujemy, \u017ce mamy dla Ciebie odpowiednie urz\u0105dzenie do wynaj\u0119cia! na | HETEK","og_url":"https:\/\/hetek.de\/pl\/?page_id=5575","og_site_name":"HETEK","article_modified_time":"2023-12-11T15:36:51+00:00","twitter_card":"summary_large_image","schema":{"@context":"https:\/\/schema.org","@graph":[{"@type":"WebPage","@id":"https:\/\/hetek.de\/pl\/?page_id=5575","url":"https:\/\/hetek.de\/pl\/?page_id=5575","name":"Nasz wynajem podno\u015bnik\u00f3w - po prostu wynajmij k\u00f3\u0142ka do kontener\u00f3w","isPartOf":{"@id":"https:\/\/hetek.de\/#website"},"datePublished":"2023-12-11T15:36:50+00:00","dateModified":"2023-12-11T15:36:51+00:00","description":"Chcesz wynaj\u0105\u0107 jeden z naszych zestaw\u00f3w ko\u0142owych do kontener\u00f3w? W takim razie skontaktuj si\u0119 z nami - gwarantujemy, \u017ce mamy dla Ciebie odpowiednie urz\u0105dzenie do wynaj\u0119cia! na | HETEK","breadcrumb":{"@id":"https:\/\/hetek.de\/pl\/?page_id=5575#breadcrumb"},"inLanguage":"pl-PL","potentialAction":[{"@type":"ReadAction","target":["https:\/\/hetek.de\/pl\/?page_id=5575"]}]},{"@type":"BreadcrumbList","@id":"https:\/\/hetek.de\/pl\/?page_id=5575#breadcrumb","itemListElement":[{"@type":"ListItem","position":1,"name":"","item":"https:\/\/hetek.de\/pl\/"},{"@type":"ListItem","position":2,"name":"Wynajem podno\u015bnik\u00f3w rolkowych do kontener\u00f3w"}]},{"@type":"WebSite","@id":"https:\/\/hetek.de\/#website","url":"https:\/\/hetek.de\/","name":"HETEK","description":"Bezpieczna podstawa dla mobilnego \u015bwiata.","potentialAction":[{"@type":"SearchAction","target":{"@type":"EntryPoint","urlTemplate":"https:\/\/hetek.de\/?s={search_term_string}"},"query-input":{"@type":"PropertyValueSpecification","valueRequired":true,"valueName":"search_term_string"}}],"inLanguage":"pl-PL"}]}},"_links":{"self":[{"href":"https:\/\/hetek.de\/pl\/wp-json\/wp\/v2\/pages\/5575","targetHints":{"allow":["GET"]}}],"collection":[{"href":"https:\/\/hetek.de\/pl\/wp-json\/wp\/v2\/pages"}],"about":[{"href":"https:\/\/hetek.de\/pl\/wp-json\/wp\/v2\/types\/page"}],"author":[{"embeddable":true,"href":"https:\/\/hetek.de\/pl\/wp-json\/wp\/v2\/users\/1"}],"replies":[{"embeddable":true,"href":"https:\/\/hetek.de\/pl\/wp-json\/wp\/v2\/comments?post=5575"}],"version-history":[{"count":1,"href":"https:\/\/hetek.de\/pl\/wp-json\/wp\/v2\/pages\/5575\/revisions"}],"predecessor-version":[{"id":5588,"href":"https:\/\/hetek.de\/pl\/wp-json\/wp\/v2\/pages\/5575\/revisions\/5588"}],"wp:attachment":[{"href":"https:\/\/hetek.de\/pl\/wp-json\/wp\/v2\/media?parent=5575"}],"curies":[{"name":"wp","href":"https:\/\/api.w.org\/{rel}","templated":true}]}}