{"id":5597,"date":"2023-12-11T16:36:56","date_gmt":"2023-12-11T15:36:56","guid":{"rendered":"https:\/\/hetek.de\/historia\/"},"modified":"2024-08-19T09:46:37","modified_gmt":"2024-08-19T07:46:37","slug":"historia","status":"publish","type":"page","link":"https:\/\/hetek.de\/pl\/historia\/","title":{"rendered":"Historia"},"content":{"rendered":"<div class=\"wpb-content-wrapper\"><p>[vc_row][vc_column][vc_column_text]<\/p>\n<h1>Historia<\/h1>\n<p>[\/vc_column_text][\/vc_column][\/vc_row][vc_row][vc_column width=&#8221;1\/4&#8243;][vc_column_text]<\/p>\n<h2><strong>1949<\/strong><\/h2>\n<p>[\/vc_column_text][\/vc_column][vc_column width=&#8221;3\/4&#8243;][vc_column_text]Za\u0142o\u017cenie[\/vc_column_text][\/vc_column][\/vc_row][vc_row][vc_column width=&#8221;1\/4&#8243;][vc_column_text]<\/p>\n<h2>1952<\/h2>\n<p>[\/vc_column_text][\/vc_column][vc_column width=&#8221;3\/4&#8243;][vc_row_inner][vc_column_inner width=&#8221;1\/2&#8243;][vc_column_text]W latach 1952-1969 fabryka w Treffurt zosta\u0142a rozbudowana i powi\u0119kszona ze wzgl\u0119du na stale rosn\u0105c\u0105 produkcj\u0119 urz\u0105dze\u0144 podnosz\u0105cych.<\/p>\n<p>Nowe rozwi\u0105zania i produkcja sprz\u0119tu prze\u0142adunkowego dla logistyki i prze\u0142adunku towar\u00f3w doprowadzi\u0142y do dalszych inwestycji.[\/vc_column_text][\/vc_column_inner][vc_column_inner width=&#8221;1\/2&#8243;][vc_column_text]W 1969 roku dawny VEB Hebezeugwerk Treffurt po\u0142\u0105czy\u0142 si\u0119 z Hebezeugwerk Suhl i zosta\u0142 w\u0142\u0105czony do koncernu TAKRAF.[\/vc_column_text][\/vc_column_inner][\/vc_row_inner][\/vc_column][\/vc_row][vc_row][vc_column width=&#8221;1\/4&#8243;][vc_column_text]<\/p>\n<h2>1977<\/h2>\n<p>[\/vc_column_text][\/vc_column][vc_column width=&#8221;3\/4&#8243;][vc_row_inner][vc_column_inner width=&#8221;1\/2&#8243;][vc_column_text]Dalsza ekspansja, dzia\u0142alno\u015b\u0107 eksportowa z urz\u0105dzeniami podnosz\u0105cymi, takimi jak wci\u0105garki, wci\u0105gniki i urz\u0105dzenia do przenoszenia \u0142adunk\u00f3w oraz znaczny wzrost produkcji podno\u015bnik\u00f3w jako producent oryginalnego wyposa\u017cenia do samochod\u00f3w.[\/vc_column_text][\/vc_column_inner][vc_column_inner width=&#8221;1\/2&#8243;][vc_column_text]Od 1972 r. firma dostarcza\u0142a podno\u015bniki do Volvo, a od 1980 r. do Peugeot i Citroen, udowadniaj\u0105c, \u017ce jest niezawodnym i cenionym partnerem dla europejskiego przemys\u0142u motoryzacyjnego od ponad 20 lat.[\/vc_column_text][\/vc_column_inner][\/vc_row_inner][\/vc_column][\/vc_row][vc_row][vc_column width=&#8221;1\/4&#8243;][vc_column_text]<\/p>\n<h2>1989<\/h2>\n<p>[\/vc_column_text][\/vc_column][vc_column width=&#8221;3\/4&#8243;][vc_row_inner][vc_column_inner width=&#8221;1\/2&#8243;][vc_column_text]Sytuacja zmieni\u0142a si\u0119 zasadniczo wraz z upadkiem \u017celaznej kurtyny i zjednoczeniem Niemiec.<\/p>\n<p>Produkcja podno\u015bnik\u00f3w musia\u0142a stawi\u0107 czo\u0142a mi\u0119dzynarodowej konkurencji i nie by\u0142a ju\u017c filarem na przysz\u0142o\u015b\u0107. W zwi\u0105zku z tym firma kontynuowa\u0142a rozw\u00f3j podno\u015bnik\u00f3w do system\u00f3w mobilnych, kt\u00f3re zosta\u0142y ju\u017c opracowane i zbudowane w czasach NRD.[\/vc_column_text][\/vc_column_inner][vc_column_inner width=&#8221;1\/2&#8243;][vc_column_text]Wraz z wej\u015bciem w rozw\u00f3j i produkcj\u0119 wind pionowych, <b>HETEK <\/b>zbudowa\u0142 kolejny filar z potencja\u0142em na przysz\u0142o\u015b\u0107, kt\u00f3ry oferowa\u0142 potencja\u0142 wzrostu ze wzgl\u0119du na rozw\u00f3j demograficzny i wymagan\u0105 prawnie dost\u0119pno\u015b\u0107 budynk\u00f3w w sektorze publicznym i prywatnym.[\/vc_column_text][\/vc_column_inner][\/vc_row_inner][\/vc_column][\/vc_row][vc_row][vc_column width=&#8221;1\/4&#8243;][vc_column_text]<\/p>\n<h2>2013<\/h2>\n<p>[\/vc_column_text][\/vc_column][vc_column width=&#8221;3\/4&#8243;][vc_column_text]Od 1 listopada 2013 r. firma dzia\u0142a jako <b>HETEK<\/b> Lift- und Hebetechnik GmbH, sp\u00f3\u0142ka stowarzyszona z HIRO Lift GmbH z grupami produkt\u00f3w podno\u015bnik\u00f3w pionowych i system\u00f3w podnoszenia, w swojej pierwotnej lokalizacji w Treffurt w Turyngii.[\/vc_column_text][\/vc_column][\/vc_row]<\/p>\n<\/div>","protected":false},"excerpt":{"rendered":"<p>[vc_row][vc_column][vc_column_text] Historia [\/vc_column_text][\/vc_column][\/vc_row][vc_row][vc_column width=&#8221;1\/4&#8243;][vc_column_text] 1949 [\/vc_column_text][\/vc_column][vc_column width=&#8221;3\/4&#8243;][vc_column_text]Za\u0142o\u017cenie[\/vc_column_text][\/vc_column][\/vc_row][vc_row][vc_column width=&#8221;1\/4&#8243;][vc_column_text] 1952 [\/vc_column_text][\/vc_column][vc_column width=&#8221;3\/4&#8243;][vc_row_inner][vc_column_inner width=&#8221;1\/2&#8243;][vc_column_text]W latach 1952-1969 fabryka w Treffurt zosta\u0142a rozbudowana i powi\u0119kszona ze wzgl\u0119du na stale rosn\u0105c\u0105 produkcj\u0119 urz\u0105dze\u0144 podnosz\u0105cych. Nowe rozwi\u0105zania i produkcja sprz\u0119tu prze\u0142adunkowego dla logistyki i prze\u0142adunku towar\u00f3w doprowadzi\u0142y do dalszych inwestycji.[\/vc_column_text][\/vc_column_inner][vc_column_inner width=&#8221;1\/2&#8243;][vc_column_text]W 1969 roku dawny VEB Hebezeugwerk Treffurt po\u0142\u0105czy\u0142 si\u0119 z Hebezeugwerk<\/p>\n","protected":false},"author":1,"featured_media":0,"parent":0,"menu_order":0,"comment_status":"closed","ping_status":"closed","template":"","meta":{"_acf_changed":false,"footnotes":""},"class_list":["post-5597","page","type-page","status-publish","hentry"],"acf":[],"yoast_head":"<!-- This site is optimized with the Yoast SEO plugin v27.3 - https:\/\/yoast.com\/product\/yoast-seo-wordpress\/ -->\n<title>Historia HETEK: Historia naszej firmy<\/title>\n<meta name=\"description\" content=\"Dowiedz si\u0119 wi\u0119cej o naszej podr\u00f3\u017cy od za\u0142o\u017cenia w 1994 roku do odnosz\u0105cej sukcesy \u015bredniej wielko\u015bci firmy, kt\u00f3r\u0105 jeste\u015bmy dzisiaj. Zapraszamy do odwiedzenia nas pod adresem | HETEK\" \/>\n<meta name=\"robots\" content=\"index, follow, max-snippet:-1, max-image-preview:large, max-video-preview:-1\" \/>\n<link rel=\"canonical\" href=\"https:\/\/hetek.de\/pl\/historia\/\" \/>\n<meta property=\"og:locale\" content=\"pl_PL\" \/>\n<meta property=\"og:type\" content=\"article\" \/>\n<meta property=\"og:title\" content=\"Historia HETEK: Historia naszej firmy\" \/>\n<meta property=\"og:description\" content=\"Dowiedz si\u0119 wi\u0119cej o naszej podr\u00f3\u017cy od za\u0142o\u017cenia w 1994 roku do odnosz\u0105cej sukcesy \u015bredniej wielko\u015bci firmy, kt\u00f3r\u0105 jeste\u015bmy dzisiaj. Zapraszamy do odwiedzenia nas pod adresem | HETEK\" \/>\n<meta property=\"og:url\" content=\"https:\/\/hetek.de\/pl\/historia\/\" \/>\n<meta property=\"og:site_name\" content=\"HETEK\" \/>\n<meta property=\"article:modified_time\" content=\"2024-08-19T07:46:37+00:00\" \/>\n<meta name=\"twitter:card\" content=\"summary_large_image\" \/>\n<meta name=\"twitter:label1\" content=\"Szacowany czas czytania\" \/>\n\t<meta name=\"twitter:data1\" content=\"2 minuty\" \/>\n<script type=\"application\/ld+json\" class=\"yoast-schema-graph\">{\"@context\":\"https:\\\/\\\/schema.org\",\"@graph\":[{\"@type\":\"WebPage\",\"@id\":\"https:\\\/\\\/hetek.de\\\/pl\\\/historia\\\/\",\"url\":\"https:\\\/\\\/hetek.de\\\/pl\\\/historia\\\/\",\"name\":\"Historia HETEK: Historia naszej firmy\",\"isPartOf\":{\"@id\":\"https:\\\/\\\/hetek.de\\\/#website\"},\"datePublished\":\"2023-12-11T15:36:56+00:00\",\"dateModified\":\"2024-08-19T07:46:37+00:00\",\"description\":\"Dowiedz si\u0119 wi\u0119cej o naszej podr\u00f3\u017cy od za\u0142o\u017cenia w 1994 roku do odnosz\u0105cej sukcesy \u015bredniej wielko\u015bci firmy, kt\u00f3r\u0105 jeste\u015bmy dzisiaj. Zapraszamy do odwiedzenia nas pod adresem | HETEK\",\"breadcrumb\":{\"@id\":\"https:\\\/\\\/hetek.de\\\/pl\\\/historia\\\/#breadcrumb\"},\"inLanguage\":\"pl-PL\",\"potentialAction\":[{\"@type\":\"ReadAction\",\"target\":[\"https:\\\/\\\/hetek.de\\\/pl\\\/historia\\\/\"]}]},{\"@type\":\"BreadcrumbList\",\"@id\":\"https:\\\/\\\/hetek.de\\\/pl\\\/historia\\\/#breadcrumb\",\"itemListElement\":[{\"@type\":\"ListItem\",\"position\":1,\"name\":\"\",\"item\":\"https:\\\/\\\/hetek.de\\\/pl\\\/\"},{\"@type\":\"ListItem\",\"position\":2,\"name\":\"Historia\"}]},{\"@type\":\"WebSite\",\"@id\":\"https:\\\/\\\/hetek.de\\\/#website\",\"url\":\"https:\\\/\\\/hetek.de\\\/\",\"name\":\"HETEK\",\"description\":\"Bezpieczna podstawa dla mobilnego \u015bwiata.\",\"potentialAction\":[{\"@type\":\"SearchAction\",\"target\":{\"@type\":\"EntryPoint\",\"urlTemplate\":\"https:\\\/\\\/hetek.de\\\/?s={search_term_string}\"},\"query-input\":{\"@type\":\"PropertyValueSpecification\",\"valueRequired\":true,\"valueName\":\"search_term_string\"}}],\"inLanguage\":\"pl-PL\"}]}<\/script>\n<!-- \/ Yoast SEO plugin. -->","yoast_head_json":{"title":"Historia HETEK: Historia naszej firmy","description":"Dowiedz si\u0119 wi\u0119cej o naszej podr\u00f3\u017cy od za\u0142o\u017cenia w 1994 roku do odnosz\u0105cej sukcesy \u015bredniej wielko\u015bci firmy, kt\u00f3r\u0105 jeste\u015bmy dzisiaj. Zapraszamy do odwiedzenia nas pod adresem | HETEK","robots":{"index":"index","follow":"follow","max-snippet":"max-snippet:-1","max-image-preview":"max-image-preview:large","max-video-preview":"max-video-preview:-1"},"canonical":"https:\/\/hetek.de\/pl\/historia\/","og_locale":"pl_PL","og_type":"article","og_title":"Historia HETEK: Historia naszej firmy","og_description":"Dowiedz si\u0119 wi\u0119cej o naszej podr\u00f3\u017cy od za\u0142o\u017cenia w 1994 roku do odnosz\u0105cej sukcesy \u015bredniej wielko\u015bci firmy, kt\u00f3r\u0105 jeste\u015bmy dzisiaj. Zapraszamy do odwiedzenia nas pod adresem | HETEK","og_url":"https:\/\/hetek.de\/pl\/historia\/","og_site_name":"HETEK","article_modified_time":"2024-08-19T07:46:37+00:00","twitter_card":"summary_large_image","twitter_misc":{"Szacowany czas czytania":"2 minuty"},"schema":{"@context":"https:\/\/schema.org","@graph":[{"@type":"WebPage","@id":"https:\/\/hetek.de\/pl\/historia\/","url":"https:\/\/hetek.de\/pl\/historia\/","name":"Historia HETEK: Historia naszej firmy","isPartOf":{"@id":"https:\/\/hetek.de\/#website"},"datePublished":"2023-12-11T15:36:56+00:00","dateModified":"2024-08-19T07:46:37+00:00","description":"Dowiedz si\u0119 wi\u0119cej o naszej podr\u00f3\u017cy od za\u0142o\u017cenia w 1994 roku do odnosz\u0105cej sukcesy \u015bredniej wielko\u015bci firmy, kt\u00f3r\u0105 jeste\u015bmy dzisiaj. Zapraszamy do odwiedzenia nas pod adresem | HETEK","breadcrumb":{"@id":"https:\/\/hetek.de\/pl\/historia\/#breadcrumb"},"inLanguage":"pl-PL","potentialAction":[{"@type":"ReadAction","target":["https:\/\/hetek.de\/pl\/historia\/"]}]},{"@type":"BreadcrumbList","@id":"https:\/\/hetek.de\/pl\/historia\/#breadcrumb","itemListElement":[{"@type":"ListItem","position":1,"name":"","item":"https:\/\/hetek.de\/pl\/"},{"@type":"ListItem","position":2,"name":"Historia"}]},{"@type":"WebSite","@id":"https:\/\/hetek.de\/#website","url":"https:\/\/hetek.de\/","name":"HETEK","description":"Bezpieczna podstawa dla mobilnego \u015bwiata.","potentialAction":[{"@type":"SearchAction","target":{"@type":"EntryPoint","urlTemplate":"https:\/\/hetek.de\/?s={search_term_string}"},"query-input":{"@type":"PropertyValueSpecification","valueRequired":true,"valueName":"search_term_string"}}],"inLanguage":"pl-PL"}]}},"_links":{"self":[{"href":"https:\/\/hetek.de\/pl\/wp-json\/wp\/v2\/pages\/5597","targetHints":{"allow":["GET"]}}],"collection":[{"href":"https:\/\/hetek.de\/pl\/wp-json\/wp\/v2\/pages"}],"about":[{"href":"https:\/\/hetek.de\/pl\/wp-json\/wp\/v2\/types\/page"}],"author":[{"embeddable":true,"href":"https:\/\/hetek.de\/pl\/wp-json\/wp\/v2\/users\/1"}],"replies":[{"embeddable":true,"href":"https:\/\/hetek.de\/pl\/wp-json\/wp\/v2\/comments?post=5597"}],"version-history":[{"count":6,"href":"https:\/\/hetek.de\/pl\/wp-json\/wp\/v2\/pages\/5597\/revisions"}],"predecessor-version":[{"id":6644,"href":"https:\/\/hetek.de\/pl\/wp-json\/wp\/v2\/pages\/5597\/revisions\/6644"}],"wp:attachment":[{"href":"https:\/\/hetek.de\/pl\/wp-json\/wp\/v2\/media?parent=5597"}],"curies":[{"name":"wp","href":"https:\/\/api.w.org\/{rel}","templated":true}]}}