{"id":5608,"date":"2023-12-11T16:36:58","date_gmt":"2023-12-11T15:36:58","guid":{"rendered":"https:\/\/hetek.de\/nadruk\/"},"modified":"2024-11-19T10:54:16","modified_gmt":"2024-11-19T09:54:16","slug":"nadruk","status":"publish","type":"page","link":"https:\/\/hetek.de\/pl\/nadruk\/","title":{"rendered":"Nadruk"},"content":{"rendered":"<div class=\"wpb-content-wrapper\"><p>[vc_row][vc_column width=&#8221;1\/3&#8243;][vc_column_text css=&#8221;&#8221;]<\/p>\n<h1>Nadruk<\/h1>\n<p><strong>Dostawca zgodnie z Digitale-Dienste-Gesetz (DDG)<\/strong><\/p>\n<p>O<strong>dpowiedzialny za tre\u015b\u0107:<\/strong> HETEK Lift- und Hebetechnik GmbH Unter den Linden 1 99830 Treffurt Niemcy Tel.: +49\/36923\/53-0 Fax: +49\/36923\/53-200 Web:<span> <\/span><\/p>\n<p>www.hetek.de E-mail: info(at)hetek.de Dyrektor zarz\u0105dzaj\u0105cy: Henning Seffers Numer rejestru handlowego HRB: 509574 S\u0105d lokalny: Jena NIP: DE 815 462 365<strong>Realizacja techniczna:<\/strong> AK86 .<\/p>\n<p>K\u00e4mpfe &amp; Schonert Mediendesign GbR .<br \/>\nKreatywno\u015b\u0107 dostosowana do potrzeb<br \/>\n<a href=\"https:\/\/www.ak86.eu\" target=\"_blank\" rel=\"noopener\">www.ak86.eu<\/a>[\/vc_column_text][\/vc_column][vc_column width=&#8221;2\/3&#8243;][vc_column_text]<\/p>\n<h3>1. tre\u015b\u0107 oferty online<\/h3>\n<p>Autor nie ponosi odpowiedzialno\u015bci za aktualno\u015b\u0107, poprawno\u015b\u0107, kompletno\u015b\u0107 lub jako\u015b\u0107 dostarczonych informacji.<br \/>\nRoszczenia wobec autora z tytu\u0142u odpowiedzialno\u015bci za szkody materialne lub niematerialne spowodowane wykorzystaniem lub niewykorzystaniem dostarczonych informacji lub wykorzystaniem nieprawid\u0142owych lub niekompletnych informacji s\u0105 zasadniczo wykluczone, chyba \u017ce istniej\u0105 dowody umy\u015blnego dzia\u0142ania lub ra\u017c\u0105cego niedbalstwa ze strony autora. Wszystkie oferty mog\u0105 ulec zmianie i nie s\u0105 wi\u0105\u017c\u0105ce. Autor wyra\u017anie zastrzega sobie prawo do zmiany, uzupe\u0142nienia lub usuni\u0119cia cz\u0119\u015bci stron lub ca\u0142ej oferty bez uprzedniego powiadomienia lub do zaprzestania publikacji tymczasowo lub na sta\u0142e.<\/p>\n<h3>2. odniesienia i linki<\/h3>\n<p>W przypadku bezpo\u015brednich lub po\u015brednich odniesie\u0144 do zewn\u0119trznych stron internetowych (&#8222;hiper\u0142\u0105cza&#8221;), kt\u00f3re znajduj\u0105 si\u0119 poza obszarem odpowiedzialno\u015bci autora, obowi\u0105zek odpowiedzialno\u015bci wchodzi w \u017cycie tylko w przypadku, gdy autor jest \u015bwiadomy tre\u015bci i by\u0142oby technicznie mo\u017cliwe i uzasadnione, aby uniemo\u017cliwi\u0107 korzystanie z nich w przypadku tre\u015bci niezgodnych z prawem.<br \/>\nAutor niniejszym wyra\u017anie o\u015bwiadcza, \u017ce w momencie tworzenia link\u00f3w na stronach, do kt\u00f3rych one prowadz\u0105, nie znajdowa\u0142y si\u0119 \u017cadne nielegalne tre\u015bci. Autor nie ma \u017cadnego wp\u0142ywu na obecny i przysz\u0142y wygl\u0105d, tre\u015b\u0107 lub autorstwo stron, do kt\u00f3rych prowadz\u0105 linki. W zwi\u0105zku z tym wyra\u017anie dystansuje si\u0119 od wszystkich tre\u015bci wszystkich stron, do kt\u00f3rych prowadz\u0105 linki, kt\u00f3re zosta\u0142y zmienione po utworzeniu linku. Niniejsze o\u015bwiadczenie ma zastosowanie do wszystkich link\u00f3w i odno\u015bnik\u00f3w umieszczonych na w\u0142asnej stronie internetowej autora, jak r\u00f3wnie\u017c do wpis\u00f3w os\u00f3b trzecich w ksi\u0119gach go\u015bci, forach dyskusyjnych, katalogach link\u00f3w, listach mailingowych i wszystkich innych formach baz danych utworzonych przez autora, do kt\u00f3rych zawarto\u015bci mo\u017cliwy jest zewn\u0119trzny dost\u0119p. Za nielegalne, nieprawid\u0142owe lub niekompletne tre\u015bci, a w szczeg\u00f3lno\u015bci za szkody wynikaj\u0105ce z wykorzystania lub niewykorzystania takich informacji, odpowiedzialno\u015b\u0107 ponosi wy\u0142\u0105cznie dostawca strony, do kt\u00f3rej nast\u0119puje odniesienie, a nie osoba, kt\u00f3ra jedynie odsy\u0142a do danej publikacji za po\u015brednictwem link\u00f3w.<\/p>\n<h3>3. prawo autorskie i prawo dotycz\u0105ce etykietowania<\/h3>\n<p>Autor stara si\u0119 przestrzega\u0107 praw autorskich do obraz\u00f3w, grafik, dokument\u00f3w d\u017awi\u0119kowych, sekwencji wideo i tekst\u00f3w wykorzystywanych we wszystkich publikacjach, wykorzystywa\u0107 obrazy, grafiki, dokumenty d\u017awi\u0119kowe, sekwencje wideo i teksty stworzone przez siebie lub korzysta\u0107 z wolnych od licencji grafik, dokument\u00f3w d\u017awi\u0119kowych, sekwencji wideo i tekst\u00f3w.<br \/>\nWszystkie nazwy marek i znaki towarowe wymienione na stronie internetowej i ewentualnie chronione przez osoby trzecie podlegaj\u0105 bez ogranicze\u0144 przepisom obowi\u0105zuj\u0105cego prawa o znakach towarowych i prawom w\u0142asno\u015bci odpowiednich zarejestrowanych w\u0142a\u015bcicieli. Sama wzmianka o znaku towarowym nie oznacza, \u017ce nie jest on chroniony prawami os\u00f3b trzecich!<br \/>\nPrawa autorskie do opublikowanych obiekt\u00f3w stworzonych przez samego autora nale\u017c\u0105 wy\u0142\u0105cznie do autora stron. Powielanie lub wykorzystywanie obiekt\u00f3w takich jak obrazy, wykresy, d\u017awi\u0119ki lub teksty w innych publikacjach elektronicznych lub drukowanych jest niedozwolone bez zgody autora.<\/p>\n<h3>4. wa\u017cno\u015b\u0107 prawna niniejszego wy\u0142\u0105czenia odpowiedzialno\u015bci<\/h3>\n<p>Niniejsze wy\u0142\u0105czenie odpowiedzialno\u015bci nale\u017cy traktowa\u0107 jako cz\u0119\u015b\u0107 publikacji internetowej, z kt\u00f3rej u\u017cytkownik zosta\u0142 przekierowany. Je\u015bli sekcje lub poszczeg\u00f3lne warunki niniejszego o\u015bwiadczenia nie s\u0105 zgodne z prawem lub prawid\u0142owe, fakt ten nie ma wp\u0142ywu na tre\u015b\u0107 lub wa\u017cno\u015b\u0107 pozosta\u0142ych cz\u0119\u015bci.[\/vc_column_text][\/vc_column][\/vc_row]<\/p>\n<\/div>","protected":false},"excerpt":{"rendered":"<p>[vc_row][vc_column width=&#8221;1\/3&#8243;][vc_column_text css=&#8221;&#8221;] Nadruk Dostawca zgodnie z Digitale-Dienste-Gesetz (DDG) Odpowiedzialny za tre\u015b\u0107: HETEK Lift- und Hebetechnik GmbH Unter den Linden 1 99830 Treffurt Niemcy Tel.: +49\/36923\/53-0 Fax: +49\/36923\/53-200 Web: www.hetek.de E-mail: info(at)hetek.de Dyrektor zarz\u0105dzaj\u0105cy: Henning Seffers Numer rejestru handlowego HRB: 509574 S\u0105d lokalny: Jena NIP: DE 815 462 365Realizacja techniczna: AK86 . K\u00e4mpfe &amp; Schonert<\/p>\n","protected":false},"author":1,"featured_media":0,"parent":0,"menu_order":0,"comment_status":"closed","ping_status":"closed","template":"","meta":{"_acf_changed":false,"footnotes":""},"class_list":["post-5608","page","type-page","status-publish","hentry"],"acf":[],"yoast_head":"<!-- This site is optimized with the Yoast SEO plugin v27.4 - https:\/\/yoast.com\/product\/yoast-seo-wordpress\/ -->\n<title>Nadruk - HETEK<\/title>\n<meta name=\"robots\" content=\"index, follow, max-snippet:-1, max-image-preview:large, max-video-preview:-1\" \/>\n<link rel=\"canonical\" href=\"https:\/\/hetek.de\/pl\/nadruk\/\" \/>\n<meta property=\"og:locale\" content=\"pl_PL\" \/>\n<meta property=\"og:type\" content=\"article\" \/>\n<meta property=\"og:title\" content=\"Nadruk - HETEK\" \/>\n<meta property=\"og:description\" content=\"[vc_row][vc_column width=&#8221;1\/3&#8243;][vc_column_text css=&#8221;&#8221;] Nadruk Dostawca zgodnie z Digitale-Dienste-Gesetz (DDG) Odpowiedzialny za tre\u015b\u0107: HETEK Lift- und Hebetechnik GmbH Unter den Linden 1 99830 Treffurt Niemcy Tel.: +49\/36923\/53-0 Fax: +49\/36923\/53-200 Web: www.hetek.de E-mail: info(at)hetek.de Dyrektor zarz\u0105dzaj\u0105cy: Henning Seffers Numer rejestru handlowego HRB: 509574 S\u0105d lokalny: Jena NIP: DE 815 462 365Realizacja techniczna: AK86 . K\u00e4mpfe &amp; Schonert\" \/>\n<meta property=\"og:url\" content=\"https:\/\/hetek.de\/pl\/nadruk\/\" \/>\n<meta property=\"og:site_name\" content=\"HETEK\" \/>\n<meta property=\"article:modified_time\" content=\"2024-11-19T09:54:16+00:00\" \/>\n<meta name=\"twitter:card\" content=\"summary_large_image\" \/>\n<meta name=\"twitter:label1\" content=\"Szacowany czas czytania\" \/>\n\t<meta name=\"twitter:data1\" content=\"3 minuty\" \/>\n<script type=\"application\/ld+json\" class=\"yoast-schema-graph\">{\"@context\":\"https:\\\/\\\/schema.org\",\"@graph\":[{\"@type\":\"WebPage\",\"@id\":\"https:\\\/\\\/hetek.de\\\/pl\\\/nadruk\\\/\",\"url\":\"https:\\\/\\\/hetek.de\\\/pl\\\/nadruk\\\/\",\"name\":\"Nadruk - HETEK\",\"isPartOf\":{\"@id\":\"https:\\\/\\\/hetek.de\\\/#website\"},\"datePublished\":\"2023-12-11T15:36:58+00:00\",\"dateModified\":\"2024-11-19T09:54:16+00:00\",\"breadcrumb\":{\"@id\":\"https:\\\/\\\/hetek.de\\\/pl\\\/nadruk\\\/#breadcrumb\"},\"inLanguage\":\"pl-PL\",\"potentialAction\":[{\"@type\":\"ReadAction\",\"target\":[\"https:\\\/\\\/hetek.de\\\/pl\\\/nadruk\\\/\"]}]},{\"@type\":\"BreadcrumbList\",\"@id\":\"https:\\\/\\\/hetek.de\\\/pl\\\/nadruk\\\/#breadcrumb\",\"itemListElement\":[{\"@type\":\"ListItem\",\"position\":1,\"name\":\"\",\"item\":\"https:\\\/\\\/hetek.de\\\/pl\\\/\"},{\"@type\":\"ListItem\",\"position\":2,\"name\":\"Nadruk\"}]},{\"@type\":\"WebSite\",\"@id\":\"https:\\\/\\\/hetek.de\\\/#website\",\"url\":\"https:\\\/\\\/hetek.de\\\/\",\"name\":\"HETEK\",\"description\":\"Bezpieczna podstawa dla mobilnego \u015bwiata.\",\"potentialAction\":[{\"@type\":\"SearchAction\",\"target\":{\"@type\":\"EntryPoint\",\"urlTemplate\":\"https:\\\/\\\/hetek.de\\\/?s={search_term_string}\"},\"query-input\":{\"@type\":\"PropertyValueSpecification\",\"valueRequired\":true,\"valueName\":\"search_term_string\"}}],\"inLanguage\":\"pl-PL\"}]}<\/script>\n<!-- \/ Yoast SEO plugin. -->","yoast_head_json":{"title":"Nadruk - HETEK","robots":{"index":"index","follow":"follow","max-snippet":"max-snippet:-1","max-image-preview":"max-image-preview:large","max-video-preview":"max-video-preview:-1"},"canonical":"https:\/\/hetek.de\/pl\/nadruk\/","og_locale":"pl_PL","og_type":"article","og_title":"Nadruk - HETEK","og_description":"[vc_row][vc_column width=&#8221;1\/3&#8243;][vc_column_text css=&#8221;&#8221;] Nadruk Dostawca zgodnie z Digitale-Dienste-Gesetz (DDG) Odpowiedzialny za tre\u015b\u0107: HETEK Lift- und Hebetechnik GmbH Unter den Linden 1 99830 Treffurt Niemcy Tel.: +49\/36923\/53-0 Fax: +49\/36923\/53-200 Web: www.hetek.de E-mail: info(at)hetek.de Dyrektor zarz\u0105dzaj\u0105cy: Henning Seffers Numer rejestru handlowego HRB: 509574 S\u0105d lokalny: Jena NIP: DE 815 462 365Realizacja techniczna: AK86 . K\u00e4mpfe &amp; Schonert","og_url":"https:\/\/hetek.de\/pl\/nadruk\/","og_site_name":"HETEK","article_modified_time":"2024-11-19T09:54:16+00:00","twitter_card":"summary_large_image","twitter_misc":{"Szacowany czas czytania":"3 minuty"},"schema":{"@context":"https:\/\/schema.org","@graph":[{"@type":"WebPage","@id":"https:\/\/hetek.de\/pl\/nadruk\/","url":"https:\/\/hetek.de\/pl\/nadruk\/","name":"Nadruk - HETEK","isPartOf":{"@id":"https:\/\/hetek.de\/#website"},"datePublished":"2023-12-11T15:36:58+00:00","dateModified":"2024-11-19T09:54:16+00:00","breadcrumb":{"@id":"https:\/\/hetek.de\/pl\/nadruk\/#breadcrumb"},"inLanguage":"pl-PL","potentialAction":[{"@type":"ReadAction","target":["https:\/\/hetek.de\/pl\/nadruk\/"]}]},{"@type":"BreadcrumbList","@id":"https:\/\/hetek.de\/pl\/nadruk\/#breadcrumb","itemListElement":[{"@type":"ListItem","position":1,"name":"","item":"https:\/\/hetek.de\/pl\/"},{"@type":"ListItem","position":2,"name":"Nadruk"}]},{"@type":"WebSite","@id":"https:\/\/hetek.de\/#website","url":"https:\/\/hetek.de\/","name":"HETEK","description":"Bezpieczna podstawa dla mobilnego \u015bwiata.","potentialAction":[{"@type":"SearchAction","target":{"@type":"EntryPoint","urlTemplate":"https:\/\/hetek.de\/?s={search_term_string}"},"query-input":{"@type":"PropertyValueSpecification","valueRequired":true,"valueName":"search_term_string"}}],"inLanguage":"pl-PL"}]}},"_links":{"self":[{"href":"https:\/\/hetek.de\/pl\/wp-json\/wp\/v2\/pages\/5608","targetHints":{"allow":["GET"]}}],"collection":[{"href":"https:\/\/hetek.de\/pl\/wp-json\/wp\/v2\/pages"}],"about":[{"href":"https:\/\/hetek.de\/pl\/wp-json\/wp\/v2\/types\/page"}],"author":[{"embeddable":true,"href":"https:\/\/hetek.de\/pl\/wp-json\/wp\/v2\/users\/1"}],"replies":[{"embeddable":true,"href":"https:\/\/hetek.de\/pl\/wp-json\/wp\/v2\/comments?post=5608"}],"version-history":[{"count":6,"href":"https:\/\/hetek.de\/pl\/wp-json\/wp\/v2\/pages\/5608\/revisions"}],"predecessor-version":[{"id":7018,"href":"https:\/\/hetek.de\/pl\/wp-json\/wp\/v2\/pages\/5608\/revisions\/7018"}],"wp:attachment":[{"href":"https:\/\/hetek.de\/pl\/wp-json\/wp\/v2\/media?parent=5608"}],"curies":[{"name":"wp","href":"https:\/\/api.w.org\/{rel}","templated":true}]}}