{"id":5612,"date":"2023-12-11T16:37:01","date_gmt":"2023-12-11T15:37:01","guid":{"rendered":"https:\/\/hetek.de\/jakosc-i-certyfikaty\/"},"modified":"2025-07-02T16:40:03","modified_gmt":"2025-07-02T14:40:03","slug":"jakosc-i-certyfikaty","status":"publish","type":"page","link":"https:\/\/hetek.de\/pl\/jakosc-i-certyfikaty\/","title":{"rendered":"Jako\u015b\u0107 i certyfikaty"},"content":{"rendered":"<div class=\"wpb-content-wrapper\"><p>[vc_row][vc_column][vc_column_text]<\/p>\n<h1>Jako\u015b\u0107 i certyfikaty<\/h1>\n<p>[\/vc_column_text][vc_row_inner][vc_column_inner width=&#8221;1\/2&#8243;][vc_column_text]Nasze produkty sprawdzi\u0142y si\u0119 w u\u017cyciu na ca\u0142ym \u015bwiecie.<\/p>\n<p>Dzi\u0119ki odpowiedniemu po\u0142\u0105czeniu tradycji i innowacji gwarantujemy wysok\u0105 jako\u015b\u0107 naszych produkt\u00f3w &#8222;Made in Germany&#8221;.<\/p>\n<p>Oczywi\u015bcie oferujemy wysokiej jako\u015bci serwis po zakupie i mo\u017cemy dostarcza\u0107 cz\u0119\u015bci zamienne przez wiele lat.<\/p>\n<p>Nasza nowoczesna technologia CAD i produkcji umo\u017cliwia niezawodne dostosowanie naszej technologii podnoszenia i zintegrowanie jej z systemami mobilnymi. Wymiana i wsp\u00f3lne przetwarzanie edytowalnych format\u00f3w rysunk\u00f3w s\u0105 cz\u0119\u015bci\u0105 codziennej praktyki.[\/vc_column_text][\/vc_column_inner][vc_column_inner width=&#8221;1\/2&#8243;][vc_column_text]Zarz\u0105dzanie jako\u015bci\u0105 zgodnie z norm\u0105 ISO 9001:2015 i certyfikacja spawania zgodnie z norm\u0105 EN 1090 zapewniaj\u0105 wysoki poziom bezpiecze\u0144stwa produktu.<\/p>\n<p>Przed dostaw\u0105 wszystkie systemy s\u0105 poddawane ko\u0144cowym testom funkcjonalnym z przeci\u0105\u017ceniem, kt\u00f3re s\u0105 szczeg\u00f3\u0142owo dokumentowane.<\/p>\n<p>We wra\u017cliwym sektorze wojskowym nasze produkty maj\u0105 numery dostaw (NSN), kt\u00f3re zapewniaj\u0105 wyra\u017an\u0105 identyfikacj\u0119 i przypisanie do oryginalnego producenta.[\/vc_column_text][\/vc_column_inner][\/vc_row_inner][\/vc_column][\/vc_row][vc_row][vc_column width=&#8221;1\/2&#8243;][vc_column_text css=&#8221;&#8221;]<\/p>\n<h3>DIN EN ISO 9001:2015<\/h3>\n<p><a href=\"https:\/\/hetek.de\/wp-content\/uploads\/2025\/07\/Z250521_9001_en.pdf\" class=\"pdfemb-viewer\" style=\"\" data-width=\"max\" data-height=\"max\" data-toolbar=\"bottom\" data-toolbar-fixed=\"off\">Z250521_9001_en<\/a>[\/vc_column_text][vc_column_text css=&#8221;&#8221;]<div class=\"downloaditem\">\r\n    <a class=\"download-link\" title=\"\" href=\"https:\/\/hetek.de\/pl\/download\/7351\/?tmstv=1775397978\"\r\n       rel=\"nofollow\">\r\n            <div class=\"row\">\r\n                <div class=\"col-12 col-md-9 align-self-center text-center text-md-left\">\r\n                    <h5 class=\"noanchor\">\r\n                        DIN EN ISO 9001:2015 (EN)                    <\/h5>\r\n                    <div class=\"small text-center text-md-left\">\r\n\r\n                                        <\/div>\r\n                <\/div>\r\n                <div class=\"col-12 col-md-3 text-center col-auto small align-self-center text-center\">\r\n                    <div class=\"row justify-content-center\">\r\n                        <div class=\"col-auto text-center align-self-center\">\r\n                            <i class=\"fa fa-download\" aria-hidden=\"true\"><\/i>\r\n                        <\/div>\r\n                        <div class=\"col-auto small align-self-center\">\r\n                            downloaden (218,47 KB)\r\n                        <\/div>\r\n                    <\/div>\r\n\r\n                <\/div>\r\n            <\/div>\r\n    <\/a>\r\n<\/div>[\/vc_column_text][\/vc_column][vc_column width=&#8221;1\/2&#8243;][vc_column_text]<\/p>\n<h3>Certyfikat spawalniczy<\/h3>\n<p><a href=\"https:\/\/hetek.de\/wp-content\/uploads\/2023\/11\/EN1090-Schweissen-dt-2023.pdf\" class=\"pdfemb-viewer\" style=\"\" data-width=\"max\" data-height=\"max\" data-toolbar=\"bottom\" data-toolbar-fixed=\"off\">EN1090 Spawanie dt 2023<\/a>[\/vc_column_text][vc_column_text]<div class=\"downloaditem\">\r\n    <a class=\"download-link\" title=\"\" href=\"https:\/\/hetek.de\/pl\/download\/5512\/?tmstv=1775397978\"\r\n       rel=\"nofollow\">\r\n            <div class=\"row\">\r\n                <div class=\"col-12 col-md-9 align-self-center text-center text-md-left\">\r\n                    <h5 class=\"noanchor\">\r\n                        EN1090-Schweissen-dt-2023-1.pdf                    <\/h5>\r\n                    <div class=\"small text-center text-md-left\">\r\n\r\n                                        <\/div>\r\n                <\/div>\r\n                <div class=\"col-12 col-md-3 text-center col-auto small align-self-center text-center\">\r\n                    <div class=\"row justify-content-center\">\r\n                        <div class=\"col-auto text-center align-self-center\">\r\n                            <i class=\"fa fa-download\" aria-hidden=\"true\"><\/i>\r\n                        <\/div>\r\n                        <div class=\"col-auto small align-self-center\">\r\n                            downloaden (638,18 KB)\r\n                        <\/div>\r\n                    <\/div>\r\n\r\n                <\/div>\r\n            <\/div>\r\n    <\/a>\r\n<\/div>[\/vc_column_text][\/vc_column][\/vc_row]<\/p>\n<\/div>","protected":false},"excerpt":{"rendered":"<p>[vc_row][vc_column][vc_column_text] Jako\u015b\u0107 i certyfikaty [\/vc_column_text][vc_row_inner][vc_column_inner width=&#8221;1\/2&#8243;][vc_column_text]Nasze produkty sprawdzi\u0142y si\u0119 w u\u017cyciu na ca\u0142ym \u015bwiecie. Dzi\u0119ki odpowiedniemu po\u0142\u0105czeniu tradycji i innowacji gwarantujemy wysok\u0105 jako\u015b\u0107 naszych produkt\u00f3w &#8222;Made in Germany&#8221;. Oczywi\u015bcie oferujemy wysokiej jako\u015bci serwis po zakupie i mo\u017cemy dostarcza\u0107 cz\u0119\u015bci zamienne przez wiele lat. Nasza nowoczesna technologia CAD i produkcji umo\u017cliwia niezawodne dostosowanie naszej technologii podnoszenia<\/p>\n","protected":false},"author":1,"featured_media":0,"parent":0,"menu_order":0,"comment_status":"closed","ping_status":"closed","template":"","meta":{"_acf_changed":false,"footnotes":""},"class_list":["post-5612","page","type-page","status-publish","hentry"],"acf":[],"yoast_head":"<!-- This site is optimized with the Yoast SEO plugin v27.3 - https:\/\/yoast.com\/product\/yoast-seo-wordpress\/ -->\n<title>Jako\u015b\u0107 i certyfikaty HETEK - &quot;Made in Germany&quot;<\/title>\n<meta name=\"description\" content=\"Po\u0142\u0105czenie bezpiecze\u0144stwa, jako\u015bci i innowacyjno\u015bci jest najwy\u017cszym priorytetem dla naszych produkt\u00f3w - wszystko dla jak najd\u0142u\u017cszej \u017cywotno\u015bci | HETEK\" \/>\n<meta name=\"robots\" content=\"index, follow, max-snippet:-1, max-image-preview:large, max-video-preview:-1\" \/>\n<link rel=\"canonical\" href=\"https:\/\/hetek.de\/pl\/jakosc-i-certyfikaty\/\" \/>\n<meta property=\"og:locale\" content=\"pl_PL\" \/>\n<meta property=\"og:type\" content=\"article\" \/>\n<meta property=\"og:title\" content=\"Jako\u015b\u0107 i certyfikaty HETEK - &quot;Made in Germany&quot;\" \/>\n<meta property=\"og:description\" content=\"Po\u0142\u0105czenie bezpiecze\u0144stwa, jako\u015bci i innowacyjno\u015bci jest najwy\u017cszym priorytetem dla naszych produkt\u00f3w - wszystko dla jak najd\u0142u\u017cszej \u017cywotno\u015bci | HETEK\" \/>\n<meta property=\"og:url\" content=\"https:\/\/hetek.de\/pl\/jakosc-i-certyfikaty\/\" \/>\n<meta property=\"og:site_name\" content=\"HETEK\" \/>\n<meta property=\"article:modified_time\" content=\"2025-07-02T14:40:03+00:00\" \/>\n<meta name=\"twitter:card\" content=\"summary_large_image\" \/>\n<meta name=\"twitter:label1\" content=\"Szacowany czas czytania\" \/>\n\t<meta name=\"twitter:data1\" content=\"1 minuta\" \/>\n<script type=\"application\/ld+json\" class=\"yoast-schema-graph\">{\"@context\":\"https:\\\/\\\/schema.org\",\"@graph\":[{\"@type\":\"WebPage\",\"@id\":\"https:\\\/\\\/hetek.de\\\/pl\\\/jakosc-i-certyfikaty\\\/\",\"url\":\"https:\\\/\\\/hetek.de\\\/pl\\\/jakosc-i-certyfikaty\\\/\",\"name\":\"Jako\u015b\u0107 i certyfikaty HETEK - \\\"Made in Germany\\\"\",\"isPartOf\":{\"@id\":\"https:\\\/\\\/hetek.de\\\/#website\"},\"datePublished\":\"2023-12-11T15:37:01+00:00\",\"dateModified\":\"2025-07-02T14:40:03+00:00\",\"description\":\"Po\u0142\u0105czenie bezpiecze\u0144stwa, jako\u015bci i innowacyjno\u015bci jest najwy\u017cszym priorytetem dla naszych produkt\u00f3w - wszystko dla jak najd\u0142u\u017cszej \u017cywotno\u015bci | HETEK\",\"breadcrumb\":{\"@id\":\"https:\\\/\\\/hetek.de\\\/pl\\\/jakosc-i-certyfikaty\\\/#breadcrumb\"},\"inLanguage\":\"pl-PL\",\"potentialAction\":[{\"@type\":\"ReadAction\",\"target\":[\"https:\\\/\\\/hetek.de\\\/pl\\\/jakosc-i-certyfikaty\\\/\"]}]},{\"@type\":\"BreadcrumbList\",\"@id\":\"https:\\\/\\\/hetek.de\\\/pl\\\/jakosc-i-certyfikaty\\\/#breadcrumb\",\"itemListElement\":[{\"@type\":\"ListItem\",\"position\":1,\"name\":\"\",\"item\":\"https:\\\/\\\/hetek.de\\\/pl\\\/\"},{\"@type\":\"ListItem\",\"position\":2,\"name\":\"Jako\u015b\u0107 i certyfikaty\"}]},{\"@type\":\"WebSite\",\"@id\":\"https:\\\/\\\/hetek.de\\\/#website\",\"url\":\"https:\\\/\\\/hetek.de\\\/\",\"name\":\"HETEK\",\"description\":\"Bezpieczna podstawa dla mobilnego \u015bwiata.\",\"potentialAction\":[{\"@type\":\"SearchAction\",\"target\":{\"@type\":\"EntryPoint\",\"urlTemplate\":\"https:\\\/\\\/hetek.de\\\/?s={search_term_string}\"},\"query-input\":{\"@type\":\"PropertyValueSpecification\",\"valueRequired\":true,\"valueName\":\"search_term_string\"}}],\"inLanguage\":\"pl-PL\"}]}<\/script>\n<!-- \/ Yoast SEO plugin. -->","yoast_head_json":{"title":"Jako\u015b\u0107 i certyfikaty HETEK - \"Made in Germany\"","description":"Po\u0142\u0105czenie bezpiecze\u0144stwa, jako\u015bci i innowacyjno\u015bci jest najwy\u017cszym priorytetem dla naszych produkt\u00f3w - wszystko dla jak najd\u0142u\u017cszej \u017cywotno\u015bci | HETEK","robots":{"index":"index","follow":"follow","max-snippet":"max-snippet:-1","max-image-preview":"max-image-preview:large","max-video-preview":"max-video-preview:-1"},"canonical":"https:\/\/hetek.de\/pl\/jakosc-i-certyfikaty\/","og_locale":"pl_PL","og_type":"article","og_title":"Jako\u015b\u0107 i certyfikaty HETEK - \"Made in Germany\"","og_description":"Po\u0142\u0105czenie bezpiecze\u0144stwa, jako\u015bci i innowacyjno\u015bci jest najwy\u017cszym priorytetem dla naszych produkt\u00f3w - wszystko dla jak najd\u0142u\u017cszej \u017cywotno\u015bci | HETEK","og_url":"https:\/\/hetek.de\/pl\/jakosc-i-certyfikaty\/","og_site_name":"HETEK","article_modified_time":"2025-07-02T14:40:03+00:00","twitter_card":"summary_large_image","twitter_misc":{"Szacowany czas czytania":"1 minuta"},"schema":{"@context":"https:\/\/schema.org","@graph":[{"@type":"WebPage","@id":"https:\/\/hetek.de\/pl\/jakosc-i-certyfikaty\/","url":"https:\/\/hetek.de\/pl\/jakosc-i-certyfikaty\/","name":"Jako\u015b\u0107 i certyfikaty HETEK - \"Made in Germany\"","isPartOf":{"@id":"https:\/\/hetek.de\/#website"},"datePublished":"2023-12-11T15:37:01+00:00","dateModified":"2025-07-02T14:40:03+00:00","description":"Po\u0142\u0105czenie bezpiecze\u0144stwa, jako\u015bci i innowacyjno\u015bci jest najwy\u017cszym priorytetem dla naszych produkt\u00f3w - wszystko dla jak najd\u0142u\u017cszej \u017cywotno\u015bci | HETEK","breadcrumb":{"@id":"https:\/\/hetek.de\/pl\/jakosc-i-certyfikaty\/#breadcrumb"},"inLanguage":"pl-PL","potentialAction":[{"@type":"ReadAction","target":["https:\/\/hetek.de\/pl\/jakosc-i-certyfikaty\/"]}]},{"@type":"BreadcrumbList","@id":"https:\/\/hetek.de\/pl\/jakosc-i-certyfikaty\/#breadcrumb","itemListElement":[{"@type":"ListItem","position":1,"name":"","item":"https:\/\/hetek.de\/pl\/"},{"@type":"ListItem","position":2,"name":"Jako\u015b\u0107 i certyfikaty"}]},{"@type":"WebSite","@id":"https:\/\/hetek.de\/#website","url":"https:\/\/hetek.de\/","name":"HETEK","description":"Bezpieczna podstawa dla mobilnego \u015bwiata.","potentialAction":[{"@type":"SearchAction","target":{"@type":"EntryPoint","urlTemplate":"https:\/\/hetek.de\/?s={search_term_string}"},"query-input":{"@type":"PropertyValueSpecification","valueRequired":true,"valueName":"search_term_string"}}],"inLanguage":"pl-PL"}]}},"_links":{"self":[{"href":"https:\/\/hetek.de\/pl\/wp-json\/wp\/v2\/pages\/5612","targetHints":{"allow":["GET"]}}],"collection":[{"href":"https:\/\/hetek.de\/pl\/wp-json\/wp\/v2\/pages"}],"about":[{"href":"https:\/\/hetek.de\/pl\/wp-json\/wp\/v2\/types\/page"}],"author":[{"embeddable":true,"href":"https:\/\/hetek.de\/pl\/wp-json\/wp\/v2\/users\/1"}],"replies":[{"embeddable":true,"href":"https:\/\/hetek.de\/pl\/wp-json\/wp\/v2\/comments?post=5612"}],"version-history":[{"count":4,"href":"https:\/\/hetek.de\/pl\/wp-json\/wp\/v2\/pages\/5612\/revisions"}],"predecessor-version":[{"id":7355,"href":"https:\/\/hetek.de\/pl\/wp-json\/wp\/v2\/pages\/5612\/revisions\/7355"}],"wp:attachment":[{"href":"https:\/\/hetek.de\/pl\/wp-json\/wp\/v2\/media?parent=5612"}],"curies":[{"name":"wp","href":"https:\/\/api.w.org\/{rel}","templated":true}]}}