{"id":5613,"date":"2023-12-11T16:37:01","date_gmt":"2023-12-11T15:37:01","guid":{"rendered":"https:\/\/hetek.de\/wynajem-podnosnikow\/"},"modified":"2024-08-19T10:46:54","modified_gmt":"2024-08-19T08:46:54","slug":"wynajem-podnosnikow","status":"publish","type":"page","link":"https:\/\/hetek.de\/pl\/wynajem-podnosnikow\/","title":{"rendered":"Wynajem podno\u015bnik\u00f3w"},"content":{"rendered":"<div class=\"wpb-content-wrapper\"><p>[vc_row][vc_column][vc_column_text]<\/p>\n<h1>Wynajem podno\u015bnik\u00f3w<\/h1>\n<p>Je\u015bli potrzebujesz jednego z naszych podno\u015bnik\u00f3w tylko na okre\u015blony czas lub je\u015bli nie op\u0142aca Ci si\u0119 go kupowa\u0107, mo\u017cemy zaoferowa\u0107 Ci wypo\u017cyczenie.<\/p>\n<p>Wypo\u017cyczany przez nas sprz\u0119t spe\u0142nia wymagania odpowiednich przepis\u00f3w dotycz\u0105cych zapobiegania wypadkom (DGUV przepis 54). Nale\u017cy pami\u0119ta\u0107, \u017ce operator (w tym przypadku klient wypo\u017cyczaj\u0105cy nasz sprz\u0119t) jest odpowiedzialny za prawid\u0142owe u\u017cytkowanie sprz\u0119tu podnosz\u0105cego (\u00a7 24 DGUV przepis 54).<\/p>\n<p>Dlatego zalecamy, aby zleci\u0107 nam obs\u0142ug\u0119 (HETEK przejmuje w\u00f3wczas t\u0119 odpowiedzialno\u015b\u0107) lub przynajmniej poinstruowa\u0107 u\u017cytkownika w zakresie obs\u0142ugi.<\/p>\n<p><b>Przyk\u0142ady zastosowa\u0144 i sytuacji, w kt\u00f3rych mo\u017cemy pom\u00f3c dzi\u0119ki naszym wynajmowanym podno\u015bnikom i urz\u0105dzeniom podnosz\u0105cym:<\/b>[\/vc_column_text][\/vc_column][\/vc_row][vc_row content_placement=&#8221;middle&#8221;][vc_column width=&#8221;2\/3&#8243;][vc_column_text]<\/p>\n<h2>Definicja zadania<\/h2>\n<p>Kontener nale\u017cy przenosi\u0107 i manewrowa\u0107 nim na utwardzonym pod\u0142o\u017cu (hala lub podw\u00f3rko). U\u017cycie d\u017awig\u00f3w lub du\u017cych w\u00f3zk\u00f3w wid\u0142owych nie jest mo\u017cliwe, np. ze wzgl\u0119du na niskie przej\u015bcia lub sufity hali. Monta\u017c i demonta\u017c k\u00f3\u0142ek powinien by\u0107 mo\u017cliwy niezale\u017cnie od innych urz\u0105dze\u0144 pomocniczych.[\/vc_column_text][vc_column_text]<\/p>\n<h2>Rozwi\u0105zanie<\/h2>\n<p>Po\u0142\u0105czenie rolek HETEK w po\u0142\u0105czeniu ze wspornikami poziomuj\u0105cymi i uniwersalnym dostosowaniem do r\u00f3\u017cnych wysoko\u015bci kontenera oferuje mo\u017cliwo\u015b\u0107 niezale\u017cnego monta\u017cu i przemieszczania kontenera o wadze do 16 ton za pomoc\u0105 k\u00f3\u0142ek.[\/vc_column_text][\/vc_column][vc_column width=&#8221;1\/3&#8243;]                <div class=\"row gap\">\n                                                                <div class=\"previewitem productitem\">\n                            <a href=\"https:\/\/hetek.de\/pl\/produkte\/system-podnoszenia-260\/\">\n                                <div class=\"previewimage\">\n                                    <div class=\"backgrounder\"\n                                         style=\" background-image: url(\n                                         https:\/\/hetek.de\/wp-content\/uploads\/2021\/05\/260-ISO-links-768x768.png) \">\n                                    <\/div>\n                                <\/div>\n                            <\/a>\n                            <div class=\"previewcontainer\">\n                                <div class=\"previewheader small-gap\">\n                                    <h3 class=\"small-gap\">System podnoszenia 260<\/h3>\n                                                                            <p>\n                                            Urz\u0105dzenie do podnoszenia kontener\u00f3w o masie ca\u0142kowitej do 15 ton.\n\nSystem podnosz\u0105cy sk\u0142adaj\u0105cy si\u0119 z 4...                                        <\/p>\n                                                                        <\/div>\n                                <div class=\"previewbuttons\">\n                                                                            <p>\n                                            <a class=\"btn-default btn btn-download btn-block\" title=\"\" href=\"https:\/\/hetek.de\/pl\/download\/4341\/?tmstv=1775409002\" rel=\"nofollow\">Arkusz danych<\/a>                                        <\/p>\n                                                                            <p>\n                                        <a href=\"https:\/\/hetek.de\/pl\/produkte\/system-podnoszenia-260\/\"\n                                           class=\"btn btn-default btn-block\">Wi\u0119cej<\/a>\n\n                                    <\/p><\/div>\n                            <\/div>\n                        <\/div>\n\n                                        <\/div>\n            \n            [\/vc_column][\/vc_row][vc_row][vc_column width=&#8221;2\/3&#8243;][vc_column_text]<\/p>\n<h2>Definicja zadania<\/h2>\n<p>Posiadasz zapas kontener\u00f3w ISO i musisz przenosi\u0107 je mi\u0119dzy r\u00f3\u017cnymi lokalizacjami, w kt\u00f3rych kontenery pozostaj\u0105 przez okre\u015blony czas (np. w logistyce cz\u0119\u015bci, do przeprowadzek, mobilnych stanowisk testowych). Transport odbywa si\u0119 ci\u0119\u017car\u00f3wk\u0105 i wymaga za\u0142adunku i roz\u0142adunku kontenera. Powinno to by\u0107 mo\u017cliwe niezale\u017cnie od \u017curawia samojezdnego i powinno by\u0107 wykonywane przez kierowc\u0119 ci\u0119\u017car\u00f3wki samodzielnie lub co najwy\u017cej z pomoc\u0105 drugiej osoby.[\/vc_column_text][vc_column_text]<\/p>\n<h2>Rozwi\u0105zanie<\/h2>\n<p>System odstawiania zapewnia t\u0119 niezale\u017cn\u0105 opcj\u0119 za\u0142adunku do masy 12 ton. Typ 260-1530123 nadaje si\u0119 do r\u00f3\u017cnych wysoko\u015bci kontener\u00f3w ISO i do monta\u017cu z przodu lub z boku kontenera.[\/vc_column_text][\/vc_column][vc_column width=&#8221;1\/3&#8243;]                <div class=\"row gap\">\n                                                                <div class=\"previewitem productitem\">\n                            <a href=\"https:\/\/hetek.de\/pl\/produkte\/wytrzymale-kolka-typu-267\/\">\n                                <div class=\"previewimage\">\n                                    <div class=\"backgrounder\"\n                                         style=\" background-image: url(\n                                         https:\/\/hetek.de\/wp-content\/uploads\/2021\/05\/267C-seite-768x768.png) \">\n                                    <\/div>\n                                <\/div>\n                            <\/a>\n                            <div class=\"previewcontainer\">\n                                <div class=\"previewheader small-gap\">\n                                    <h3 class=\"small-gap\">267\/C 000 0<\/h3>\n                                                                            <p>\n                                            Urz\u0105dzenie do przemieszczania kontener\u00f3w i modu\u0142\u00f3w funkcjonalnych z naro\u017cnikami ISO na sta\u0142ej podstawie.\n\nPodwozie rolkowe serii...                                        <\/p>\n                                                                        <\/div>\n                                <div class=\"previewbuttons\">\n                                                                            <p>\n                                            <a class=\"btn-default btn btn-download btn-block\" title=\"\" href=\"https:\/\/hetek.de\/pl\/download\/4618\/?tmstv=1775409002\" rel=\"nofollow\">Arkusz danych<\/a>                                        <\/p>\n                                                                            <p>\n                                        <a href=\"https:\/\/hetek.de\/pl\/produkte\/wytrzymale-kolka-typu-267\/\"\n                                           class=\"btn btn-default btn-block\">Wi\u0119cej<\/a>\n\n                                    <\/p><\/div>\n                            <\/div>\n                        <\/div>\n\n                                        <\/div>\n            \n            [\/vc_column][\/vc_row][vc_section][vc_row][vc_column][vc_column_text]<\/p>\n<h3>Twoje zapytanie<\/h3>\n<p>[\/vc_column_text]\n<div class=\"wpcf7 no-js\" id=\"wpcf7-f5658-o1\" lang=\"pl-PL\" dir=\"ltr\" data-wpcf7-id=\"5658\">\n<div class=\"screen-reader-response\"><p role=\"status\" aria-live=\"polite\" aria-atomic=\"true\"><\/p> <ul><\/ul><\/div>\n<form action=\"\/pl\/wp-json\/wp\/v2\/pages\/5613#wpcf7-f5658-o1\" method=\"post\" class=\"wpcf7-form init\" aria-label=\"Formularz kontaktowy\" novalidate=\"novalidate\" data-status=\"init\">\n<fieldset class=\"hidden-fields-container\"><input type=\"hidden\" name=\"_wpcf7\" value=\"5658\" \/><input type=\"hidden\" name=\"_wpcf7_version\" value=\"6.1.5\" \/><input type=\"hidden\" name=\"_wpcf7_locale\" value=\"pl_PL\" \/><input type=\"hidden\" name=\"_wpcf7_unit_tag\" value=\"wpcf7-f5658-o1\" \/><input type=\"hidden\" name=\"_wpcf7_container_post\" value=\"0\" \/><input type=\"hidden\" name=\"_wpcf7_posted_data_hash\" value=\"\" \/><input type=\"hidden\" name=\"_wpcf7dtx_version\" value=\"5.0.5\" \/>\n<\/fieldset>\n<div class=\"form-row\">\n<div class=\"col-12\"><label class=\"small\">Twoje dane kontaktowe<\/label><\/div>\n<div class=\"col-12 col-md-6\"><div class=\"form-group\"><label>Nazwa*<\/label><span class=\"wpcf7-form-control-wrap\" data-name=\"nachname\"><input size=\"40\" maxlength=\"400\" class=\"wpcf7-form-control wpcf7-text wpcf7-validates-as-required form-control\" aria-required=\"true\" aria-invalid=\"false\" value=\"\" type=\"text\" name=\"nachname\" \/><\/span><\/div><\/div>\n<div class=\"col-12 col-md-6\"><div class=\"form-group\"><label>Imi\u0119<\/label><span class=\"wpcf7-form-control-wrap\" data-name=\"vorname\"><input size=\"40\" maxlength=\"400\" class=\"wpcf7-form-control wpcf7-text form-control\" aria-invalid=\"false\" value=\"\" type=\"text\" name=\"vorname\" \/><\/span><\/div><\/div>\n<div class=\"col-12 col-md-6\"><div class=\"form-group\"><label>Numer telefonu*<\/label><span class=\"wpcf7-form-control-wrap\" data-name=\"rufnummer\"><input size=\"40\" maxlength=\"400\" class=\"wpcf7-form-control wpcf7-text wpcf7-validates-as-required form-control\" aria-required=\"true\" aria-invalid=\"false\" value=\"\" type=\"text\" name=\"rufnummer\" \/><\/span><\/div><\/div>\n<div class=\"col-12 col-md-6\"><div class=\"form-group\"><label>E-mail*<\/label><span class=\"wpcf7-form-control-wrap\" data-name=\"email-387\"><input size=\"40\" maxlength=\"400\" class=\"wpcf7-form-control wpcf7-email wpcf7-validates-as-required wpcf7-text wpcf7-validates-as-email form-control\" aria-required=\"true\" aria-invalid=\"false\" value=\"\" type=\"email\" name=\"email-387\" \/><\/span><\/div><\/div>\n<\/div><div class=\"form-row\">\n    <div class=\"col-12\">\n<span id=\"wpcf7-69d2976ad4d04-wrapper\" class=\"wpcf7-form-control-wrap weitereInformationen-wrap\" style=\"display:none !important; visibility:hidden !important;\"><input type=\"hidden\" name=\"weitereInformationen-time-start\" value=\"1775409002\"><input type=\"hidden\" name=\"weitereInformationen-time-check\" value=\"4\"><label for=\"wpcf7-69d2976ad4d04-field\" class=\"hp-message\">Please leave this field empty.<\/label><input id=\"wpcf7-69d2976ad4d04-field\"  placeholder=\"weitere Informationen\"  class=\"wpcf7-form-control wpcf7-text form-control\" type=\"text\" name=\"weitereInformationen\" value=\"\" size=\"40\" tabindex=\"-1\" autocomplete=\"new-password\" \/><\/span>\n<\/div>\n<\/div>\n<div class=\"form-row\">\n<div class=\"col-12\"><div class=\"form-group\"><label>Twoja wiadomo\u015b\u0107<\/label><span class=\"wpcf7-form-control-wrap\" data-name=\"textarea-428\"><textarea cols=\"40\" rows=\"10\" maxlength=\"2000\" class=\"wpcf7-form-control wpcf7-textarea form-control\" aria-invalid=\"false\" name=\"textarea-428\"><\/textarea><\/span><\/div><\/div>\n<div class=\"col-12 col-lg-8 small\"><div class=\"row gap\"><div class=\"col-12\"><span class=\"wpcf7-form-control-wrap\" data-name=\"acceptance-349\"><span class=\"wpcf7-form-control wpcf7-acceptance\"><span class=\"wpcf7-list-item\"><label><input type=\"checkbox\" name=\"acceptance-349\" value=\"1\" aria-invalid=\"false\" \/><span class=\"wpcf7-list-item-label\">Zapozna\u0142e\u015b si\u0119 z <a href=\"\/datenschutzerklaerung\/\" target=\"_blank\" style=\"text-decoration:underline\">polityk\u0105<\/a> prywatno\u015bci i zgadzasz si\u0119, \u017ce podane przez Ciebie dane b\u0119d\u0105 gromadzone i przechowywane elektronicznie. Dane u\u017cytkownika b\u0119d\u0105 wykorzystywane wy\u0142\u0105cznie w celu przetworzenia i udzielenia odpowiedzi na zapytanie u\u017cytkownika i b\u0119d\u0105 przechowywane tylko tak d\u0142ugo, jak jest to konieczne do przetworzenia i udzielenia odpowiedzi na zapytanie u\u017cytkownika lub zgodnie z wymogami innych przepis\u00f3w prawa.<\/span><\/label><\/span><\/span><\/span><\/div>\n<div class=\"col-12 small\">*Pola obowi\u0105zkowe<\/div><\/div><\/div>\n<div class=\"col-12 col-lg-4\"><input class=\"wpcf7-form-control wpcf7-submit has-spinner btn btn-default btn-block\" type=\"submit\" value=\"Wysy\u0142anie\" \/><\/div><\/div><div class=\"wpcf7-response-output\" aria-hidden=\"true\"><\/div>\n<\/form>\n<\/div>\n[\/vc_column][\/vc_row][\/vc_section]<\/p>\n<\/div>","protected":false},"excerpt":{"rendered":"<p>[vc_row][vc_column][vc_column_text] Wynajem podno\u015bnik\u00f3w Je\u015bli potrzebujesz jednego z naszych podno\u015bnik\u00f3w tylko na okre\u015blony czas lub je\u015bli nie op\u0142aca Ci si\u0119 go kupowa\u0107, mo\u017cemy zaoferowa\u0107 Ci wypo\u017cyczenie. Wypo\u017cyczany przez nas sprz\u0119t spe\u0142nia wymagania odpowiednich przepis\u00f3w dotycz\u0105cych zapobiegania wypadkom (DGUV przepis 54). Nale\u017cy pami\u0119ta\u0107, \u017ce operator (w tym przypadku klient wypo\u017cyczaj\u0105cy nasz sprz\u0119t) jest odpowiedzialny za prawid\u0142owe u\u017cytkowanie<\/p>\n","protected":false},"author":1,"featured_media":0,"parent":0,"menu_order":0,"comment_status":"closed","ping_status":"closed","template":"","meta":{"_acf_changed":false,"footnotes":""},"class_list":["post-5613","page","type-page","status-publish","hentry"],"acf":[],"yoast_head":"<!-- This site is optimized with the Yoast SEO plugin v27.3 - https:\/\/yoast.com\/product\/yoast-seo-wordpress\/ -->\n<title>Odkryj nasz\u0105 ofert\u0119 wynajmu podno\u015bnik\u00f3w<\/title>\n<meta name=\"description\" content=\"Oferujemy wynajem r\u00f3\u017cnych urz\u0105dze\u0144 d\u017awigowych: Prosty i nieskomplikowany wynajem systemu podnoszenia kontener\u00f3w dla Twoich potrzeb! Dowiedz si\u0119 wi\u0119cej na stronie | HETEK\" \/>\n<meta name=\"robots\" content=\"index, follow, max-snippet:-1, max-image-preview:large, max-video-preview:-1\" \/>\n<link rel=\"canonical\" href=\"https:\/\/hetek.de\/pl\/wynajem-podnosnikow\/\" \/>\n<meta property=\"og:locale\" content=\"pl_PL\" \/>\n<meta property=\"og:type\" content=\"article\" \/>\n<meta property=\"og:title\" content=\"Odkryj nasz\u0105 ofert\u0119 wynajmu podno\u015bnik\u00f3w\" \/>\n<meta property=\"og:description\" content=\"Oferujemy wynajem r\u00f3\u017cnych urz\u0105dze\u0144 d\u017awigowych: Prosty i nieskomplikowany wynajem systemu podnoszenia kontener\u00f3w dla Twoich potrzeb! Dowiedz si\u0119 wi\u0119cej na stronie | HETEK\" \/>\n<meta property=\"og:url\" content=\"https:\/\/hetek.de\/pl\/wynajem-podnosnikow\/\" \/>\n<meta property=\"og:site_name\" content=\"HETEK\" \/>\n<meta property=\"article:modified_time\" content=\"2024-08-19T08:46:54+00:00\" \/>\n<meta name=\"twitter:card\" content=\"summary_large_image\" \/>\n<meta name=\"twitter:label1\" content=\"Szacowany czas czytania\" \/>\n\t<meta name=\"twitter:data1\" content=\"2 minuty\" \/>\n<script type=\"application\/ld+json\" class=\"yoast-schema-graph\">{\"@context\":\"https:\\\/\\\/schema.org\",\"@graph\":[{\"@type\":\"WebPage\",\"@id\":\"https:\\\/\\\/hetek.de\\\/pl\\\/wynajem-podnosnikow\\\/\",\"url\":\"https:\\\/\\\/hetek.de\\\/pl\\\/wynajem-podnosnikow\\\/\",\"name\":\"Odkryj nasz\u0105 ofert\u0119 wynajmu podno\u015bnik\u00f3w\",\"isPartOf\":{\"@id\":\"https:\\\/\\\/hetek.de\\\/#website\"},\"datePublished\":\"2023-12-11T15:37:01+00:00\",\"dateModified\":\"2024-08-19T08:46:54+00:00\",\"description\":\"Oferujemy wynajem r\u00f3\u017cnych urz\u0105dze\u0144 d\u017awigowych: Prosty i nieskomplikowany wynajem systemu podnoszenia kontener\u00f3w dla Twoich potrzeb! Dowiedz si\u0119 wi\u0119cej na stronie | HETEK\",\"breadcrumb\":{\"@id\":\"https:\\\/\\\/hetek.de\\\/pl\\\/wynajem-podnosnikow\\\/#breadcrumb\"},\"inLanguage\":\"pl-PL\",\"potentialAction\":[{\"@type\":\"ReadAction\",\"target\":[\"https:\\\/\\\/hetek.de\\\/pl\\\/wynajem-podnosnikow\\\/\"]}]},{\"@type\":\"BreadcrumbList\",\"@id\":\"https:\\\/\\\/hetek.de\\\/pl\\\/wynajem-podnosnikow\\\/#breadcrumb\",\"itemListElement\":[{\"@type\":\"ListItem\",\"position\":1,\"name\":\"\",\"item\":\"https:\\\/\\\/hetek.de\\\/pl\\\/\"},{\"@type\":\"ListItem\",\"position\":2,\"name\":\"Wynajem podno\u015bnik\u00f3w\"}]},{\"@type\":\"WebSite\",\"@id\":\"https:\\\/\\\/hetek.de\\\/#website\",\"url\":\"https:\\\/\\\/hetek.de\\\/\",\"name\":\"HETEK\",\"description\":\"Bezpieczna podstawa dla mobilnego \u015bwiata.\",\"potentialAction\":[{\"@type\":\"SearchAction\",\"target\":{\"@type\":\"EntryPoint\",\"urlTemplate\":\"https:\\\/\\\/hetek.de\\\/?s={search_term_string}\"},\"query-input\":{\"@type\":\"PropertyValueSpecification\",\"valueRequired\":true,\"valueName\":\"search_term_string\"}}],\"inLanguage\":\"pl-PL\"}]}<\/script>\n<!-- \/ Yoast SEO plugin. -->","yoast_head_json":{"title":"Odkryj nasz\u0105 ofert\u0119 wynajmu podno\u015bnik\u00f3w","description":"Oferujemy wynajem r\u00f3\u017cnych urz\u0105dze\u0144 d\u017awigowych: Prosty i nieskomplikowany wynajem systemu podnoszenia kontener\u00f3w dla Twoich potrzeb! Dowiedz si\u0119 wi\u0119cej na stronie | HETEK","robots":{"index":"index","follow":"follow","max-snippet":"max-snippet:-1","max-image-preview":"max-image-preview:large","max-video-preview":"max-video-preview:-1"},"canonical":"https:\/\/hetek.de\/pl\/wynajem-podnosnikow\/","og_locale":"pl_PL","og_type":"article","og_title":"Odkryj nasz\u0105 ofert\u0119 wynajmu podno\u015bnik\u00f3w","og_description":"Oferujemy wynajem r\u00f3\u017cnych urz\u0105dze\u0144 d\u017awigowych: Prosty i nieskomplikowany wynajem systemu podnoszenia kontener\u00f3w dla Twoich potrzeb! Dowiedz si\u0119 wi\u0119cej na stronie | HETEK","og_url":"https:\/\/hetek.de\/pl\/wynajem-podnosnikow\/","og_site_name":"HETEK","article_modified_time":"2024-08-19T08:46:54+00:00","twitter_card":"summary_large_image","twitter_misc":{"Szacowany czas czytania":"2 minuty"},"schema":{"@context":"https:\/\/schema.org","@graph":[{"@type":"WebPage","@id":"https:\/\/hetek.de\/pl\/wynajem-podnosnikow\/","url":"https:\/\/hetek.de\/pl\/wynajem-podnosnikow\/","name":"Odkryj nasz\u0105 ofert\u0119 wynajmu podno\u015bnik\u00f3w","isPartOf":{"@id":"https:\/\/hetek.de\/#website"},"datePublished":"2023-12-11T15:37:01+00:00","dateModified":"2024-08-19T08:46:54+00:00","description":"Oferujemy wynajem r\u00f3\u017cnych urz\u0105dze\u0144 d\u017awigowych: Prosty i nieskomplikowany wynajem systemu podnoszenia kontener\u00f3w dla Twoich potrzeb! Dowiedz si\u0119 wi\u0119cej na stronie | HETEK","breadcrumb":{"@id":"https:\/\/hetek.de\/pl\/wynajem-podnosnikow\/#breadcrumb"},"inLanguage":"pl-PL","potentialAction":[{"@type":"ReadAction","target":["https:\/\/hetek.de\/pl\/wynajem-podnosnikow\/"]}]},{"@type":"BreadcrumbList","@id":"https:\/\/hetek.de\/pl\/wynajem-podnosnikow\/#breadcrumb","itemListElement":[{"@type":"ListItem","position":1,"name":"","item":"https:\/\/hetek.de\/pl\/"},{"@type":"ListItem","position":2,"name":"Wynajem podno\u015bnik\u00f3w"}]},{"@type":"WebSite","@id":"https:\/\/hetek.de\/#website","url":"https:\/\/hetek.de\/","name":"HETEK","description":"Bezpieczna podstawa dla mobilnego \u015bwiata.","potentialAction":[{"@type":"SearchAction","target":{"@type":"EntryPoint","urlTemplate":"https:\/\/hetek.de\/?s={search_term_string}"},"query-input":{"@type":"PropertyValueSpecification","valueRequired":true,"valueName":"search_term_string"}}],"inLanguage":"pl-PL"}]}},"_links":{"self":[{"href":"https:\/\/hetek.de\/pl\/wp-json\/wp\/v2\/pages\/5613","targetHints":{"allow":["GET"]}}],"collection":[{"href":"https:\/\/hetek.de\/pl\/wp-json\/wp\/v2\/pages"}],"about":[{"href":"https:\/\/hetek.de\/pl\/wp-json\/wp\/v2\/types\/page"}],"author":[{"embeddable":true,"href":"https:\/\/hetek.de\/pl\/wp-json\/wp\/v2\/users\/1"}],"replies":[{"embeddable":true,"href":"https:\/\/hetek.de\/pl\/wp-json\/wp\/v2\/comments?post=5613"}],"version-history":[{"count":5,"href":"https:\/\/hetek.de\/pl\/wp-json\/wp\/v2\/pages\/5613\/revisions"}],"predecessor-version":[{"id":6654,"href":"https:\/\/hetek.de\/pl\/wp-json\/wp\/v2\/pages\/5613\/revisions\/6654"}],"wp:attachment":[{"href":"https:\/\/hetek.de\/pl\/wp-json\/wp\/v2\/media?parent=5613"}],"curies":[{"name":"wp","href":"https:\/\/api.w.org\/{rel}","templated":true}]}}