{"id":5625,"date":"2023-12-11T16:37:07","date_gmt":"2023-12-11T15:37:07","guid":{"rendered":"https:\/\/hetek.de\/zastosowania\/przyklady-zastosowan-przemyslowych-technologii-podnoszenia\/"},"modified":"2024-08-19T10:31:34","modified_gmt":"2024-08-19T08:31:34","slug":"przyklady-zastosowan-przemyslowych-technologii-podnoszenia","status":"publish","type":"page","link":"https:\/\/hetek.de\/pl\/zastosowania\/przyklady-zastosowan-przemyslowych-technologii-podnoszenia\/","title":{"rendered":"Przyk\u0142ady zastosowa\u0144 przemys\u0142owych technologii podnoszenia"},"content":{"rendered":"<div class=\"wpb-content-wrapper\"><p>[vc_section][vc_row][vc_column][vc_column_text]<\/p>\n<h1>Zastosowania przemys\u0142owe i in\u017cynieria<\/h1>\n<p>[\/vc_column_text][vc_row_inner][vc_column_inner width=&#8221;1\/2&#8243;][vc_column_text]Dzi\u0119ki naszemu wieloletniemu do\u015bwiadczeniu w dziedzinie tradycyjnej technologii podnoszenia, w ci\u0105gu ostatnich kilku lat ugruntowali\u015bmy r\u00f3wnie\u017c swoj\u0105 pozycj\u0119 w obszarze produkt\u00f3w przemys\u0142owej technologii podnoszenia i zrealizowali\u015bmy r\u00f3\u017cne niestandardowe produkty dla szerokiej gamy klient\u00f3w.<\/p>\n<p>Nasze produkty z zakresu przemys\u0142owej technologii podnoszenia oferuj\u0105 szeroki zakres mo\u017cliwych zastosowa\u0144.[\/vc_column_text][\/vc_column_inner][vc_column_inner width=&#8221;1\/2&#8243;][vc_column_text]Wynikaj\u0105ce z tego wymagania s\u0105 bardzo zr\u00f3\u017cnicowane i si\u0119gaj\u0105 od no\u017cycowych urz\u0105dze\u0144 podnosz\u0105cych do podnoszenia i opuszczania technologii pomiarowej dla stanowisk testowych silnik\u00f3w, przez sterowane przyrostowo wsporniki dla stojak\u00f3w transportowych klap do l\u0105dowania samolot\u00f3w, po komponenty regulacyjne dla maszyn, w\u00f3zki monta\u017cowe, urz\u0105dzenia przechylaj\u0105ce dla b\u0119bn\u00f3w i regulacje wysoko\u015bci dla platform konserwacyjnych, z nap\u0119dami r\u0119cznymi, elektrycznymi i pneumatycznymi.[\/vc_column_text][\/vc_column_inner][\/vc_row_inner][\/vc_column][\/vc_row][\/vc_section][vc_section][vc_row][vc_column]\n                            <div class=\"form-row gap\">\n                                    <\/div>\n                            [\/vc_column][\/vc_row][\/vc_section]<\/p>\n<\/div>","protected":false},"excerpt":{"rendered":"<p>[vc_section][vc_row][vc_column][vc_column_text] Zastosowania przemys\u0142owe i in\u017cynieria [\/vc_column_text][vc_row_inner][vc_column_inner width=&#8221;1\/2&#8243;][vc_column_text]Dzi\u0119ki naszemu wieloletniemu do\u015bwiadczeniu w dziedzinie tradycyjnej technologii podnoszenia, w ci\u0105gu ostatnich kilku lat ugruntowali\u015bmy r\u00f3wnie\u017c swoj\u0105 pozycj\u0119 w obszarze produkt\u00f3w przemys\u0142owej technologii podnoszenia i zrealizowali\u015bmy r\u00f3\u017cne niestandardowe produkty dla szerokiej gamy klient\u00f3w. Nasze produkty z zakresu przemys\u0142owej technologii podnoszenia oferuj\u0105 szeroki zakres mo\u017cliwych zastosowa\u0144.[\/vc_column_text][\/vc_column_inner][vc_column_inner width=&#8221;1\/2&#8243;][vc_column_text]Wynikaj\u0105ce z tego wymagania<\/p>\n","protected":false},"author":1,"featured_media":0,"parent":5569,"menu_order":0,"comment_status":"closed","ping_status":"closed","template":"","meta":{"_acf_changed":false,"footnotes":""},"class_list":["post-5625","page","type-page","status-publish","hentry"],"acf":[],"yoast_head":"<!-- This site is optimized with the Yoast SEO plugin v27.3 - https:\/\/yoast.com\/product\/yoast-seo-wordpress\/ -->\n<title>Przyk\u0142ady zastosowa\u0144 w dziedzinie przemys\u0142owej technologii podnoszenia<\/title>\n<meta name=\"description\" content=\"Nasze najwy\u017cszej klasy produkty obejmuj\u0105 szeroki zakres zastosowa\u0144 w przemys\u0142owej technologii podnoszenia - dowiedz si\u0119 wi\u0119cej na stronie | HETEK\" \/>\n<meta name=\"robots\" content=\"index, follow, max-snippet:-1, max-image-preview:large, max-video-preview:-1\" \/>\n<link rel=\"canonical\" href=\"https:\/\/hetek.de\/pl\/zastosowania\/przyklady-zastosowan-przemyslowych-technologii-podnoszenia\/\" \/>\n<meta property=\"og:locale\" content=\"pl_PL\" \/>\n<meta property=\"og:type\" content=\"article\" \/>\n<meta property=\"og:title\" content=\"Przyk\u0142ady zastosowa\u0144 w dziedzinie przemys\u0142owej technologii podnoszenia\" \/>\n<meta property=\"og:description\" content=\"Nasze najwy\u017cszej klasy produkty obejmuj\u0105 szeroki zakres zastosowa\u0144 w przemys\u0142owej technologii podnoszenia - dowiedz si\u0119 wi\u0119cej na stronie | HETEK\" \/>\n<meta property=\"og:url\" content=\"https:\/\/hetek.de\/pl\/zastosowania\/przyklady-zastosowan-przemyslowych-technologii-podnoszenia\/\" \/>\n<meta property=\"og:site_name\" content=\"HETEK\" \/>\n<meta property=\"article:modified_time\" content=\"2024-08-19T08:31:34+00:00\" \/>\n<meta name=\"twitter:card\" content=\"summary_large_image\" \/>\n<meta name=\"twitter:label1\" content=\"Szacowany czas czytania\" \/>\n\t<meta name=\"twitter:data1\" content=\"1 minuta\" \/>\n<script type=\"application\/ld+json\" class=\"yoast-schema-graph\">{\"@context\":\"https:\\\/\\\/schema.org\",\"@graph\":[{\"@type\":\"WebPage\",\"@id\":\"https:\\\/\\\/hetek.de\\\/pl\\\/zastosowania\\\/przyklady-zastosowan-przemyslowych-technologii-podnoszenia\\\/\",\"url\":\"https:\\\/\\\/hetek.de\\\/pl\\\/zastosowania\\\/przyklady-zastosowan-przemyslowych-technologii-podnoszenia\\\/\",\"name\":\"Przyk\u0142ady zastosowa\u0144 w dziedzinie przemys\u0142owej technologii podnoszenia\",\"isPartOf\":{\"@id\":\"https:\\\/\\\/hetek.de\\\/#website\"},\"datePublished\":\"2023-12-11T15:37:07+00:00\",\"dateModified\":\"2024-08-19T08:31:34+00:00\",\"description\":\"Nasze najwy\u017cszej klasy produkty obejmuj\u0105 szeroki zakres zastosowa\u0144 w przemys\u0142owej technologii podnoszenia - dowiedz si\u0119 wi\u0119cej na stronie | HETEK\",\"breadcrumb\":{\"@id\":\"https:\\\/\\\/hetek.de\\\/pl\\\/zastosowania\\\/przyklady-zastosowan-przemyslowych-technologii-podnoszenia\\\/#breadcrumb\"},\"inLanguage\":\"pl-PL\",\"potentialAction\":[{\"@type\":\"ReadAction\",\"target\":[\"https:\\\/\\\/hetek.de\\\/pl\\\/zastosowania\\\/przyklady-zastosowan-przemyslowych-technologii-podnoszenia\\\/\"]}]},{\"@type\":\"BreadcrumbList\",\"@id\":\"https:\\\/\\\/hetek.de\\\/pl\\\/zastosowania\\\/przyklady-zastosowan-przemyslowych-technologii-podnoszenia\\\/#breadcrumb\",\"itemListElement\":[{\"@type\":\"ListItem\",\"position\":1,\"name\":\"\",\"item\":\"https:\\\/\\\/hetek.de\\\/pl\\\/\"},{\"@type\":\"ListItem\",\"position\":2,\"name\":\"Zastosowania\",\"item\":\"https:\\\/\\\/hetek.de\\\/pl\\\/?page_id=5569\"},{\"@type\":\"ListItem\",\"position\":3,\"name\":\"Przyk\u0142ady zastosowa\u0144 przemys\u0142owych technologii podnoszenia\"}]},{\"@type\":\"WebSite\",\"@id\":\"https:\\\/\\\/hetek.de\\\/#website\",\"url\":\"https:\\\/\\\/hetek.de\\\/\",\"name\":\"HETEK\",\"description\":\"Bezpieczna podstawa dla mobilnego \u015bwiata.\",\"potentialAction\":[{\"@type\":\"SearchAction\",\"target\":{\"@type\":\"EntryPoint\",\"urlTemplate\":\"https:\\\/\\\/hetek.de\\\/?s={search_term_string}\"},\"query-input\":{\"@type\":\"PropertyValueSpecification\",\"valueRequired\":true,\"valueName\":\"search_term_string\"}}],\"inLanguage\":\"pl-PL\"}]}<\/script>\n<!-- \/ Yoast SEO plugin. -->","yoast_head_json":{"title":"Przyk\u0142ady zastosowa\u0144 w dziedzinie przemys\u0142owej technologii podnoszenia","description":"Nasze najwy\u017cszej klasy produkty obejmuj\u0105 szeroki zakres zastosowa\u0144 w przemys\u0142owej technologii podnoszenia - dowiedz si\u0119 wi\u0119cej na stronie | HETEK","robots":{"index":"index","follow":"follow","max-snippet":"max-snippet:-1","max-image-preview":"max-image-preview:large","max-video-preview":"max-video-preview:-1"},"canonical":"https:\/\/hetek.de\/pl\/zastosowania\/przyklady-zastosowan-przemyslowych-technologii-podnoszenia\/","og_locale":"pl_PL","og_type":"article","og_title":"Przyk\u0142ady zastosowa\u0144 w dziedzinie przemys\u0142owej technologii podnoszenia","og_description":"Nasze najwy\u017cszej klasy produkty obejmuj\u0105 szeroki zakres zastosowa\u0144 w przemys\u0142owej technologii podnoszenia - dowiedz si\u0119 wi\u0119cej na stronie | HETEK","og_url":"https:\/\/hetek.de\/pl\/zastosowania\/przyklady-zastosowan-przemyslowych-technologii-podnoszenia\/","og_site_name":"HETEK","article_modified_time":"2024-08-19T08:31:34+00:00","twitter_card":"summary_large_image","twitter_misc":{"Szacowany czas czytania":"1 minuta"},"schema":{"@context":"https:\/\/schema.org","@graph":[{"@type":"WebPage","@id":"https:\/\/hetek.de\/pl\/zastosowania\/przyklady-zastosowan-przemyslowych-technologii-podnoszenia\/","url":"https:\/\/hetek.de\/pl\/zastosowania\/przyklady-zastosowan-przemyslowych-technologii-podnoszenia\/","name":"Przyk\u0142ady zastosowa\u0144 w dziedzinie przemys\u0142owej technologii podnoszenia","isPartOf":{"@id":"https:\/\/hetek.de\/#website"},"datePublished":"2023-12-11T15:37:07+00:00","dateModified":"2024-08-19T08:31:34+00:00","description":"Nasze najwy\u017cszej klasy produkty obejmuj\u0105 szeroki zakres zastosowa\u0144 w przemys\u0142owej technologii podnoszenia - dowiedz si\u0119 wi\u0119cej na stronie | HETEK","breadcrumb":{"@id":"https:\/\/hetek.de\/pl\/zastosowania\/przyklady-zastosowan-przemyslowych-technologii-podnoszenia\/#breadcrumb"},"inLanguage":"pl-PL","potentialAction":[{"@type":"ReadAction","target":["https:\/\/hetek.de\/pl\/zastosowania\/przyklady-zastosowan-przemyslowych-technologii-podnoszenia\/"]}]},{"@type":"BreadcrumbList","@id":"https:\/\/hetek.de\/pl\/zastosowania\/przyklady-zastosowan-przemyslowych-technologii-podnoszenia\/#breadcrumb","itemListElement":[{"@type":"ListItem","position":1,"name":"","item":"https:\/\/hetek.de\/pl\/"},{"@type":"ListItem","position":2,"name":"Zastosowania","item":"https:\/\/hetek.de\/pl\/?page_id=5569"},{"@type":"ListItem","position":3,"name":"Przyk\u0142ady zastosowa\u0144 przemys\u0142owych technologii podnoszenia"}]},{"@type":"WebSite","@id":"https:\/\/hetek.de\/#website","url":"https:\/\/hetek.de\/","name":"HETEK","description":"Bezpieczna podstawa dla mobilnego \u015bwiata.","potentialAction":[{"@type":"SearchAction","target":{"@type":"EntryPoint","urlTemplate":"https:\/\/hetek.de\/?s={search_term_string}"},"query-input":{"@type":"PropertyValueSpecification","valueRequired":true,"valueName":"search_term_string"}}],"inLanguage":"pl-PL"}]}},"_links":{"self":[{"href":"https:\/\/hetek.de\/pl\/wp-json\/wp\/v2\/pages\/5625","targetHints":{"allow":["GET"]}}],"collection":[{"href":"https:\/\/hetek.de\/pl\/wp-json\/wp\/v2\/pages"}],"about":[{"href":"https:\/\/hetek.de\/pl\/wp-json\/wp\/v2\/types\/page"}],"author":[{"embeddable":true,"href":"https:\/\/hetek.de\/pl\/wp-json\/wp\/v2\/users\/1"}],"replies":[{"embeddable":true,"href":"https:\/\/hetek.de\/pl\/wp-json\/wp\/v2\/comments?post=5625"}],"version-history":[{"count":4,"href":"https:\/\/hetek.de\/pl\/wp-json\/wp\/v2\/pages\/5625\/revisions"}],"predecessor-version":[{"id":6650,"href":"https:\/\/hetek.de\/pl\/wp-json\/wp\/v2\/pages\/5625\/revisions\/6650"}],"up":[{"embeddable":true,"href":"https:\/\/hetek.de\/pl\/wp-json\/wp\/v2\/pages\/5569"}],"wp:attachment":[{"href":"https:\/\/hetek.de\/pl\/wp-json\/wp\/v2\/media?parent=5625"}],"curies":[{"name":"wp","href":"https:\/\/api.w.org\/{rel}","templated":true}]}}