{"id":5637,"date":"2023-12-11T16:37:11","date_gmt":"2023-12-11T15:37:11","guid":{"rendered":"https:\/\/hetek.de\/zastosowania\/przyklady-zastosowan-dla-pojazdow-i-przyczep\/"},"modified":"2023-12-11T16:37:11","modified_gmt":"2023-12-11T15:37:11","slug":"przyklady-zastosowan-dla-pojazdow-i-przyczep","status":"publish","type":"page","link":"https:\/\/hetek.de\/pl\/zastosowania\/przyklady-zastosowan-dla-pojazdow-i-przyczep\/","title":{"rendered":"Przyk\u0142ady zastosowa\u0144 dla pojazd\u00f3w i przyczep"},"content":{"rendered":"<div class=\"wpb-content-wrapper\"><p>[vc_section][vc_row][vc_column][vc_column_text]<\/p>\n<h1>Pojazdy i przyczepy<\/h1>\n<p>[\/vc_column_text][vc_row_inner][vc_column_inner width=&#8221;1\/2&#8243;][vc_column_text]Nasze produkty z sektora aplikacji mobilnych s\u0105 przeznaczone do integracji w ci\u0119\u017car\u00f3wkach, autobusach, samochodach dostawczych, pick-upach i quadach, a tak\u017ce do u\u017cytku na wszelkiego rodzaju przyczepach.<\/p>\n<p>Stabilizacja pojazdu lub przyczepy jest absolutnie niezb\u0119dna do bezproblemowego dzia\u0142ania systemu mobilnego. W terenie szybka gotowo\u015b\u0107 operacyjna systemu w miejscu docelowym jest cz\u0119stym i priorytetowym wymogiem.<\/p>\n<p>Podno\u015bniki poziomuj\u0105ce odpowiednie do tego celu s\u0105 zatem wyposa\u017cone w dodatkowy skok opuszczania, kt\u00f3ry umo\u017cliwia szybkie poziomowanie.[\/vc_column_text][\/vc_column_inner][vc_column_inner width=&#8221;1\/2&#8243;][vc_column_text]Dzi\u0119ki r\u00f3\u017cnym opcjom modyfikacji mo\u017cemy dostosowa\u0107 nasze produkty do indywidualnych zastosowa\u0144.<\/p>\n<p>Czy to z prostym nap\u0119dem r\u0119cznym, czy z nap\u0119dem elektrycznym z automatycznym sterowaniem po\u0142o\u017ceniem, czy zamontowane na sta\u0142e, czy wysuwane, czy obs\u0142ugiwane z wn\u0119trza pojazdu, czy z zewn\u0105trz, czy w standardowej konstrukcji, czy ze zwi\u0119kszonymi wymaganiami dotycz\u0105cymi sztywno\u015bci konstrukcji &#8211; projektujemy i wytwarzamy produkt, kt\u00f3ry odpowiada Twoim potrzebom.[\/vc_column_text][\/vc_column_inner][\/vc_row_inner][\/vc_column][\/vc_row][\/vc_section][vc_section][vc_row][vc_column]\n                            <div class=\"form-row gap\">\n                                                <div class=\"col-auto\">\n                                <a href=\"#podpory-poziomujace\"\n                                   class=\"btn btn-default btn-anchor\">Podpory poziomuj\u0105ce<\/a>\n                            <\/div>\n                                        <\/div>\n                                    <section id=\"podpory-poziomujace\" class=\"item-holder\">\n                        <div class=\"row\">\n                            <div class=\"col-12\">\n                                <h2>Podpory poziomuj\u0105ce<\/h2>\n                            <\/div>\n                        <\/div>\n                        <div class=\"row itemcontainer\">\n                                                            <div class=\"col-12 col-md-6\">\n                                    \r\n<div class=\"previewitem beispielitem postitem\">\r\n    <a href=\"https:\/\/hetek.de\/pl\/beispiel\/podpora-poziomujaca-typu-274-do-modulow-funkcjonalnych-i-przyczep-o-masie-calkowitej-do-10-t\/\">\r\n        <div class=\"previewimage\">\r\n            <div class=\"backgrounder\"\r\n                 style=\" background-image: url(https:\/\/hetek.de\/wp-content\/uploads\/2021\/05\/Typ-274-Foto-001-400x534.jpg)\">\r\n            <\/div>\r\n        <\/div>\r\n    <\/a>\r\n    <div class=\"previewcontainer\">\r\n        <div class=\"previewheader small-gap\">\r\n            <h3 class=\"small-gap\">Podpora poziomuj\u0105ca typu 274 do modu\u0142\u00f3w funkcjonalnych i przyczep o masie ca\u0142kowitej do 10 t<\/h3>\r\n                            <p>\r\n                Podno\u015bniki poziomuj\u0105ce serii 274 s\u0105 produkowane w r\u00f3\u017cnych wersjach z r\u00f3\u017cnymi interfejsami                <\/p>\r\n                        <\/div>\r\n        <div class=\"previewbuttons\">\r\n                                <p>\r\n                        <a class=\"btn btn-default btn-secondary btn-block\"\r\n                           target=\"_blank\"\r\n                           href=\"https:\/\/hetek.de\/produkte\/nivellierstuetze-274\/\"><b>\r\n                                Produkt: Nivellierst\u00fctze 274<\/b>\r\n                        <\/a>\r\n                    <\/p>\r\n                                            <p>\r\n                <a href=\"https:\/\/hetek.de\/pl\/beispiel\/podpora-poziomujaca-typu-274-do-modulow-funkcjonalnych-i-przyczep-o-masie-calkowitej-do-10-t\/\"\r\n                   class=\"btn btn-default btn-block\">Czytaj wi\u0119cej<\/a>\r\n            <\/p><\/div>\r\n    <\/div>\r\n<\/div>\r\n                                <\/div>\n                                                            <div class=\"col-12 col-md-6\">\n                                    \r\n<div class=\"previewitem beispielitem postitem\">\r\n    <a href=\"https:\/\/hetek.de\/pl\/beispiel\/podpora-poziomujaca-typ-282-do-pojazdow-modulow-funkcyjnych-i-kontenerow-z-masztami-transmisyjnymi-2\/\">\r\n        <div class=\"previewimage\">\r\n            <div class=\"backgrounder\"\r\n                 style=\" background-image: url(https:\/\/hetek.de\/wp-content\/uploads\/2021\/06\/Typ-282-Foto-005-400x534.jpg)\">\r\n            <\/div>\r\n        <\/div>\r\n    <\/a>\r\n    <div class=\"previewcontainer\">\r\n        <div class=\"previewheader small-gap\">\r\n            <h3 class=\"small-gap\">Podpora poziomuj\u0105ca typ 282 Do pojazd\u00f3w, modu\u0142\u00f3w funkcyjnych i kontener\u00f3w z masztami transmisyjnymi<\/h3>\r\n                            <p>\r\n                Podno\u015bniki poziomuj\u0105ce serii 282 s\u0105 produkowane w r\u00f3\u017cnych wersjach i z r\u00f3\u017cnymi interfejsami                <\/p>\r\n                        <\/div>\r\n        <div class=\"previewbuttons\">\r\n                                <p>\r\n                        <a class=\"btn btn-default btn-secondary btn-block\"\r\n                           target=\"_blank\"\r\n                           href=\"https:\/\/hetek.de\/produkte\/nivellierstuetze-282\/\"><b>\r\n                                Produkt: Nivellierst\u00fctze 282<\/b>\r\n                        <\/a>\r\n                    <\/p>\r\n                                            <p>\r\n                <a href=\"https:\/\/hetek.de\/pl\/beispiel\/podpora-poziomujaca-typ-282-do-pojazdow-modulow-funkcyjnych-i-kontenerow-z-masztami-transmisyjnymi-2\/\"\r\n                   class=\"btn btn-default btn-block\">Czytaj wi\u0119cej<\/a>\r\n            <\/p><\/div>\r\n    <\/div>\r\n<\/div>\r\n                                <\/div>\n                                                            <div class=\"col-12 col-md-6\">\n                                    \r\n<div class=\"previewitem beispielitem postitem\">\r\n    <a href=\"https:\/\/hetek.de\/pl\/beispiel\/podpora-poziomujaca-typu-287-do-kontenerow-i-modulow-o-masie-calkowitej-do-9-t-2\/\">\r\n        <div class=\"previewimage\">\r\n            <div class=\"backgrounder\"\r\n                 style=\" background-image: url(https:\/\/hetek.de\/wp-content\/uploads\/2021\/05\/Typ-287-Foto-003-400x300.jpg)\">\r\n            <\/div>\r\n        <\/div>\r\n    <\/a>\r\n    <div class=\"previewcontainer\">\r\n        <div class=\"previewheader small-gap\">\r\n            <h3 class=\"small-gap\">Podpora poziomuj\u0105ca typu 287 do kontener\u00f3w i modu\u0142\u00f3w o masie ca\u0142kowitej do 9 t<\/h3>\r\n                            <p>\r\n                                    <p> Podno\u015bniki poziomuj\u0105ce model 287 to elektrycznie sterowane systemy z automatycznym poziomowaniem, kt\u00f3re mo\u017cna zintegrowa\u0107 z...<\/p>\r\n                                <\/p>\r\n                        <\/div>\r\n        <div class=\"previewbuttons\">\r\n                                <p>\r\n                        <a class=\"btn btn-default btn-secondary btn-block\"\r\n                           target=\"_blank\"\r\n                           href=\"https:\/\/hetek.de\/produkte\/nivellierstuetze-287\/\"><b>\r\n                                Produkt: Nivellierst\u00fctze 287<\/b>\r\n                        <\/a>\r\n                    <\/p>\r\n                                            <p>\r\n                <a href=\"https:\/\/hetek.de\/pl\/beispiel\/podpora-poziomujaca-typu-287-do-kontenerow-i-modulow-o-masie-calkowitej-do-9-t-2\/\"\r\n                   class=\"btn btn-default btn-block\">Czytaj wi\u0119cej<\/a>\r\n            <\/p><\/div>\r\n    <\/div>\r\n<\/div>\r\n                                <\/div>\n                                                    <\/div>\n                                            <\/section>\n\n                            [\/vc_column][\/vc_row][\/vc_section]<\/p>\n<\/div>","protected":false},"excerpt":{"rendered":"<p>[vc_section][vc_row][vc_column][vc_column_text] Pojazdy i przyczepy [\/vc_column_text][vc_row_inner][vc_column_inner width=&#8221;1\/2&#8243;][vc_column_text]Nasze produkty z sektora aplikacji mobilnych s\u0105 przeznaczone do integracji w ci\u0119\u017car\u00f3wkach, autobusach, samochodach dostawczych, pick-upach i quadach, a tak\u017ce do u\u017cytku na wszelkiego rodzaju przyczepach. Stabilizacja pojazdu lub przyczepy jest absolutnie niezb\u0119dna do bezproblemowego dzia\u0142ania systemu mobilnego. W terenie szybka gotowo\u015b\u0107 operacyjna systemu w miejscu docelowym jest cz\u0119stym i<\/p>\n","protected":false},"author":1,"featured_media":0,"parent":5569,"menu_order":0,"comment_status":"closed","ping_status":"closed","template":"","meta":{"_acf_changed":false,"footnotes":""},"class_list":["post-5637","page","type-page","status-publish","hentry"],"acf":[],"yoast_head":"<!-- This site is optimized with the Yoast SEO plugin v27.3 - https:\/\/yoast.com\/product\/yoast-seo-wordpress\/ -->\n<title>Przyk\u0142ady zastosowa\u0144 dla pojazd\u00f3w i przyczep firmy HETEK<\/title>\n<meta name=\"description\" content=\"W dziedzinie aplikacji mobilnych oferujemy wysokiej jako\u015bci produkty, kt\u00f3re s\u0105 dostosowane do Twoich potrzeb - wysoce bezpieczne i niezawodne | HETEK\" \/>\n<meta name=\"robots\" content=\"index, follow, max-snippet:-1, max-image-preview:large, max-video-preview:-1\" \/>\n<link rel=\"canonical\" href=\"https:\/\/hetek.de\/pl\/?page_id=5637\" \/>\n<meta property=\"og:locale\" content=\"pl_PL\" \/>\n<meta property=\"og:type\" content=\"article\" \/>\n<meta property=\"og:title\" content=\"Przyk\u0142ady zastosowa\u0144 dla pojazd\u00f3w i przyczep firmy HETEK\" \/>\n<meta property=\"og:description\" content=\"W dziedzinie aplikacji mobilnych oferujemy wysokiej jako\u015bci produkty, kt\u00f3re s\u0105 dostosowane do Twoich potrzeb - wysoce bezpieczne i niezawodne | HETEK\" \/>\n<meta property=\"og:url\" content=\"https:\/\/hetek.de\/pl\/?page_id=5637\" \/>\n<meta property=\"og:site_name\" content=\"HETEK\" \/>\n<meta name=\"twitter:card\" content=\"summary_large_image\" \/>\n<meta name=\"twitter:label1\" content=\"Szacowany czas czytania\" \/>\n\t<meta name=\"twitter:data1\" content=\"1 minuta\" \/>\n<script type=\"application\/ld+json\" class=\"yoast-schema-graph\">{\"@context\":\"https:\\\/\\\/schema.org\",\"@graph\":[{\"@type\":\"WebPage\",\"@id\":\"https:\\\/\\\/hetek.de\\\/pl\\\/?page_id=5637\",\"url\":\"https:\\\/\\\/hetek.de\\\/pl\\\/?page_id=5637\",\"name\":\"Przyk\u0142ady zastosowa\u0144 dla pojazd\u00f3w i przyczep firmy HETEK\",\"isPartOf\":{\"@id\":\"https:\\\/\\\/hetek.de\\\/#website\"},\"datePublished\":\"2023-12-11T15:37:11+00:00\",\"description\":\"W dziedzinie aplikacji mobilnych oferujemy wysokiej jako\u015bci produkty, kt\u00f3re s\u0105 dostosowane do Twoich potrzeb - wysoce bezpieczne i niezawodne | HETEK\",\"breadcrumb\":{\"@id\":\"https:\\\/\\\/hetek.de\\\/pl\\\/?page_id=5637#breadcrumb\"},\"inLanguage\":\"pl-PL\",\"potentialAction\":[{\"@type\":\"ReadAction\",\"target\":[\"https:\\\/\\\/hetek.de\\\/pl\\\/?page_id=5637\"]}]},{\"@type\":\"BreadcrumbList\",\"@id\":\"https:\\\/\\\/hetek.de\\\/pl\\\/?page_id=5637#breadcrumb\",\"itemListElement\":[{\"@type\":\"ListItem\",\"position\":1,\"name\":\"\",\"item\":\"https:\\\/\\\/hetek.de\\\/pl\\\/\"},{\"@type\":\"ListItem\",\"position\":2,\"name\":\"Zastosowania\",\"item\":\"https:\\\/\\\/hetek.de\\\/pl\\\/?page_id=5569\"},{\"@type\":\"ListItem\",\"position\":3,\"name\":\"Przyk\u0142ady zastosowa\u0144 dla pojazd\u00f3w i przyczep\"}]},{\"@type\":\"WebSite\",\"@id\":\"https:\\\/\\\/hetek.de\\\/#website\",\"url\":\"https:\\\/\\\/hetek.de\\\/\",\"name\":\"HETEK\",\"description\":\"Bezpieczna podstawa dla mobilnego \u015bwiata.\",\"potentialAction\":[{\"@type\":\"SearchAction\",\"target\":{\"@type\":\"EntryPoint\",\"urlTemplate\":\"https:\\\/\\\/hetek.de\\\/?s={search_term_string}\"},\"query-input\":{\"@type\":\"PropertyValueSpecification\",\"valueRequired\":true,\"valueName\":\"search_term_string\"}}],\"inLanguage\":\"pl-PL\"}]}<\/script>\n<!-- \/ Yoast SEO plugin. -->","yoast_head_json":{"title":"Przyk\u0142ady zastosowa\u0144 dla pojazd\u00f3w i przyczep firmy HETEK","description":"W dziedzinie aplikacji mobilnych oferujemy wysokiej jako\u015bci produkty, kt\u00f3re s\u0105 dostosowane do Twoich potrzeb - wysoce bezpieczne i niezawodne | HETEK","robots":{"index":"index","follow":"follow","max-snippet":"max-snippet:-1","max-image-preview":"max-image-preview:large","max-video-preview":"max-video-preview:-1"},"canonical":"https:\/\/hetek.de\/pl\/?page_id=5637","og_locale":"pl_PL","og_type":"article","og_title":"Przyk\u0142ady zastosowa\u0144 dla pojazd\u00f3w i przyczep firmy HETEK","og_description":"W dziedzinie aplikacji mobilnych oferujemy wysokiej jako\u015bci produkty, kt\u00f3re s\u0105 dostosowane do Twoich potrzeb - wysoce bezpieczne i niezawodne | HETEK","og_url":"https:\/\/hetek.de\/pl\/?page_id=5637","og_site_name":"HETEK","twitter_card":"summary_large_image","twitter_misc":{"Szacowany czas czytania":"1 minuta"},"schema":{"@context":"https:\/\/schema.org","@graph":[{"@type":"WebPage","@id":"https:\/\/hetek.de\/pl\/?page_id=5637","url":"https:\/\/hetek.de\/pl\/?page_id=5637","name":"Przyk\u0142ady zastosowa\u0144 dla pojazd\u00f3w i przyczep firmy HETEK","isPartOf":{"@id":"https:\/\/hetek.de\/#website"},"datePublished":"2023-12-11T15:37:11+00:00","description":"W dziedzinie aplikacji mobilnych oferujemy wysokiej jako\u015bci produkty, kt\u00f3re s\u0105 dostosowane do Twoich potrzeb - wysoce bezpieczne i niezawodne | HETEK","breadcrumb":{"@id":"https:\/\/hetek.de\/pl\/?page_id=5637#breadcrumb"},"inLanguage":"pl-PL","potentialAction":[{"@type":"ReadAction","target":["https:\/\/hetek.de\/pl\/?page_id=5637"]}]},{"@type":"BreadcrumbList","@id":"https:\/\/hetek.de\/pl\/?page_id=5637#breadcrumb","itemListElement":[{"@type":"ListItem","position":1,"name":"","item":"https:\/\/hetek.de\/pl\/"},{"@type":"ListItem","position":2,"name":"Zastosowania","item":"https:\/\/hetek.de\/pl\/?page_id=5569"},{"@type":"ListItem","position":3,"name":"Przyk\u0142ady zastosowa\u0144 dla pojazd\u00f3w i przyczep"}]},{"@type":"WebSite","@id":"https:\/\/hetek.de\/#website","url":"https:\/\/hetek.de\/","name":"HETEK","description":"Bezpieczna podstawa dla mobilnego \u015bwiata.","potentialAction":[{"@type":"SearchAction","target":{"@type":"EntryPoint","urlTemplate":"https:\/\/hetek.de\/?s={search_term_string}"},"query-input":{"@type":"PropertyValueSpecification","valueRequired":true,"valueName":"search_term_string"}}],"inLanguage":"pl-PL"}]}},"_links":{"self":[{"href":"https:\/\/hetek.de\/pl\/wp-json\/wp\/v2\/pages\/5637","targetHints":{"allow":["GET"]}}],"collection":[{"href":"https:\/\/hetek.de\/pl\/wp-json\/wp\/v2\/pages"}],"about":[{"href":"https:\/\/hetek.de\/pl\/wp-json\/wp\/v2\/types\/page"}],"author":[{"embeddable":true,"href":"https:\/\/hetek.de\/pl\/wp-json\/wp\/v2\/users\/1"}],"replies":[{"embeddable":true,"href":"https:\/\/hetek.de\/pl\/wp-json\/wp\/v2\/comments?post=5637"}],"version-history":[{"count":3,"href":"https:\/\/hetek.de\/pl\/wp-json\/wp\/v2\/pages\/5637\/revisions"}],"predecessor-version":[{"id":5640,"href":"https:\/\/hetek.de\/pl\/wp-json\/wp\/v2\/pages\/5637\/revisions\/5640"}],"up":[{"embeddable":true,"href":"https:\/\/hetek.de\/pl\/wp-json\/wp\/v2\/pages\/5569"}],"wp:attachment":[{"href":"https:\/\/hetek.de\/pl\/wp-json\/wp\/v2\/media?parent=5637"}],"curies":[{"name":"wp","href":"https:\/\/api.w.org\/{rel}","templated":true}]}}