{"id":5641,"date":"2023-12-11T16:37:12","date_gmt":"2023-12-11T15:37:12","guid":{"rendered":"https:\/\/hetek.de\/zastosowania\/przyklady-zastosowan-moduly-funkcyjne\/"},"modified":"2023-12-11T16:37:13","modified_gmt":"2023-12-11T15:37:13","slug":"przyklady-zastosowan-moduly-funkcyjne","status":"publish","type":"page","link":"https:\/\/hetek.de\/pl\/zastosowania\/przyklady-zastosowan-moduly-funkcyjne\/","title":{"rendered":"Przyk\u0142ady zastosowa\u0144 Modu\u0142y funkcyjne"},"content":{"rendered":"<div class=\"wpb-content-wrapper\"><p>[vc_section][vc_row][vc_column][vc_column_text]<\/p>\n<h1>Modu\u0142y funkcyjne<\/h1>\n<p>[\/vc_column_text][vc_row_inner][vc_column_inner width=&#8221;1\/2&#8243;][vc_column_text]Istnieje wiele mo\u017cliwych zastosowa\u0144 modu\u0142\u00f3w funkcyjnych. Systemy te sta\u0142y si\u0119 zatem coraz wa\u017cniejsze w ostatnich latach. Zazwyczaj maj\u0105 one znormalizowany interfejs z pojazdem no\u015bnym i s\u0105 zaprojektowane, na przyk\u0142ad, jako transportery za\u0142ogi, modu\u0142y ambulans\u00f3w, nadbud\u00f3wki warsztatowe i armatki wodne.<\/p>\n<p>Systemy podnosz\u0105ce s\u0105 stosowane w celu umo\u017cliwienia wymiany modu\u0142\u00f3w funkcjonalnych w poje\u017adzie zgodnie z wymaganiami, niezale\u017cnie od innych urz\u0105dze\u0144 podnosz\u0105cych.[\/vc_column_text][\/vc_column_inner][vc_column_inner width=&#8221;1\/2&#8243;][vc_column_text]Modu\u0142y r\u00f3\u017cni\u0105 si\u0119 znacznie konstrukcj\u0105, a stosowane systemy osadzania s\u0105 odpowiednio dostosowane. Modu\u0142y funkcyjne s\u0105 zazwyczaj wymieniane w centrum wsparcia.<\/p>\n<p>Alternatywnie, nasze systemy rozk\u0142adania mog\u0105 by\u0107 r\u00f3wnie\u017c przewo\u017cone w stojakach sztauerskich i transportowych. Oznacza to, \u017ce odpowiedni modu\u0142 mo\u017cna r\u00f3wnie\u017c wyj\u0105\u0107, na przyk\u0142ad w celu u\u017cycia w terenie. Mo\u017cliwe jest r\u00f3wnie\u017c wykorzystanie naszych system\u00f3w do monta\u017cu w celu ustabilizowania modu\u0142u na poje\u017adzie.[\/vc_column_text][\/vc_column_inner][\/vc_row_inner][\/vc_column][\/vc_row][\/vc_section][vc_section][vc_row][vc_column]\n                            <div class=\"form-row gap\">\n                                                <div class=\"col-auto\">\n                                <a href=\"#podpory-poziomujace\"\n                                   class=\"btn btn-default btn-anchor\">Podpory poziomuj\u0105ce<\/a>\n                            <\/div>\n                                                    <div class=\"col-auto\">\n                                <a href=\"#systemy-podnoszenia\"\n                                   class=\"btn btn-default btn-anchor\">Systemy podnoszenia<\/a>\n                            <\/div>\n                                        <\/div>\n                                    <section id=\"podpory-poziomujace\" class=\"item-holder\">\n                        <div class=\"row\">\n                            <div class=\"col-12\">\n                                <h2>Podpory poziomuj\u0105ce<\/h2>\n                            <\/div>\n                        <\/div>\n                        <div class=\"row itemcontainer\">\n                                                            <div class=\"col-12 col-md-6\">\n                                    \r\n<div class=\"previewitem beispielitem postitem\">\r\n    <a href=\"https:\/\/hetek.de\/pl\/beispiel\/podpora-poziomujaca-typu-262-dla-roznych-rozwiazan-adaptacyjnych-do-6-t-masy-calkowitej\/\">\r\n        <div class=\"previewimage\">\r\n            <div class=\"backgrounder\"\r\n                 style=\" background-image: url(https:\/\/hetek.de\/wp-content\/uploads\/2021\/05\/Typ-262-Foto-005-400x300.jpg)\">\r\n            <\/div>\r\n        <\/div>\r\n    <\/a>\r\n    <div class=\"previewcontainer\">\r\n        <div class=\"previewheader small-gap\">\r\n            <h3 class=\"small-gap\">Podpora poziomuj\u0105ca typu 262 dla r\u00f3\u017cnych rozwi\u0105za\u0144 adaptacyjnych, do 6 t masy ca\u0142kowitej<\/h3>\r\n                            <p>\r\n                Podno\u015bniki poziomuj\u0105ce serii 262 s\u0105 produkowane w r\u00f3\u017cnych wersjach i z r\u00f3\u017cnymi interfejsami                <\/p>\r\n                        <\/div>\r\n        <div class=\"previewbuttons\">\r\n                                <p>\r\n                        <a class=\"btn btn-default btn-secondary btn-block\"\r\n                           target=\"_blank\"\r\n                           href=\"https:\/\/hetek.de\/produkte\/nivellierstuetze-262\/\"><b>\r\n                                Produkt: Nivellierst\u00fctze 262<\/b>\r\n                        <\/a>\r\n                    <\/p>\r\n                                            <p>\r\n                <a href=\"https:\/\/hetek.de\/pl\/beispiel\/podpora-poziomujaca-typu-262-dla-roznych-rozwiazan-adaptacyjnych-do-6-t-masy-calkowitej\/\"\r\n                   class=\"btn btn-default btn-block\">Czytaj wi\u0119cej<\/a>\r\n            <\/p><\/div>\r\n    <\/div>\r\n<\/div>\r\n                                <\/div>\n                                                            <div class=\"col-12 col-md-6\">\n                                    \r\n<div class=\"previewitem beispielitem postitem\">\r\n    <a href=\"https:\/\/hetek.de\/pl\/beispiel\/podpora-poziomujaca-typu-272-do-kontenerow-z-naroznikami-iso-do-maks-16-ton-masy-calkowitej\/\">\r\n        <div class=\"previewimage\">\r\n            <div class=\"backgrounder\"\r\n                 style=\" background-image: url(https:\/\/hetek.de\/wp-content\/uploads\/2021\/05\/Typ-272-Foto-006-400x300.jpg)\">\r\n            <\/div>\r\n        <\/div>\r\n    <\/a>\r\n    <div class=\"previewcontainer\">\r\n        <div class=\"previewheader small-gap\">\r\n            <h3 class=\"small-gap\">Podpora poziomuj\u0105ca typu 272 do kontener\u00f3w z naro\u017cnikami ISO do maks. 16 ton masy ca\u0142kowitej<\/h3>\r\n                            <p>\r\n                Podpory serii 272 s\u0105 montowane w naro\u017cnikach ISO i charakteryzuj\u0105 si\u0119 \u0142atwo\u015bci\u0105 obs\u0142ugi oraz niezawodno\u015bci\u0105.                 <\/p>\r\n                        <\/div>\r\n        <div class=\"previewbuttons\">\r\n                                <p>\r\n                        <a class=\"btn btn-default btn-secondary btn-block\"\r\n                           target=\"_blank\"\r\n                           href=\"https:\/\/hetek.de\/produkte\/nivellierstuetze-272\/\"><b>\r\n                                Produkt: Nivellierst\u00fctze 272<\/b>\r\n                        <\/a>\r\n                    <\/p>\r\n                                            <p>\r\n                <a href=\"https:\/\/hetek.de\/pl\/beispiel\/podpora-poziomujaca-typu-272-do-kontenerow-z-naroznikami-iso-do-maks-16-ton-masy-calkowitej\/\"\r\n                   class=\"btn btn-default btn-block\">Czytaj wi\u0119cej<\/a>\r\n            <\/p><\/div>\r\n    <\/div>\r\n<\/div>\r\n                                <\/div>\n                                                    <\/div>\n                                            <\/section>\n\n                                    <section id=\"systemy-podnoszenia\" class=\"item-holder\">\n                        <div class=\"row\">\n                            <div class=\"col-12\">\n                                <h2>Systemy podnoszenia<\/h2>\n                            <\/div>\n                        <\/div>\n                        <div class=\"row itemcontainer\">\n                                                            <div class=\"col-12 col-md-6\">\n                                    \r\n<div class=\"previewitem beispielitem postitem\">\r\n    <a href=\"https:\/\/hetek.de\/pl\/beispiel\/system-podnoszenia-modulow-funkcyjnych-typu-297\/\">\r\n        <div class=\"previewimage\">\r\n            <div class=\"backgrounder\"\r\n                 style=\" background-image: url(https:\/\/hetek.de\/wp-content\/uploads\/2021\/05\/Typ-297-Foto-001-1-400x300.jpg)\">\r\n            <\/div>\r\n        <\/div>\r\n    <\/a>\r\n    <div class=\"previewcontainer\">\r\n        <div class=\"previewheader small-gap\">\r\n            <h3 class=\"small-gap\">System podnoszenia modu\u0142\u00f3w funkcyjnych typu 297<\/h3>\r\n                            <p>\r\n                Systemy roz\u0142adunku serii 297 maj\u0105 modu\u0142ow\u0105 konstrukcj\u0119 u\u0142atwiaj\u0105c\u0105 obs\u0142ug\u0119, a jeden system jest zwykle u\u017cywany dla kilku modu\u0142\u00f3w.                <\/p>\r\n                        <\/div>\r\n        <div class=\"previewbuttons\">\r\n                                <p>\r\n                        <a class=\"btn btn-default btn-secondary btn-block\"\r\n                           target=\"_blank\"\r\n                           href=\"https:\/\/hetek.de\/produkte\/hubsystem-297\/\"><b>\r\n                                Produkt: Hubsystem 297<\/b>\r\n                        <\/a>\r\n                    <\/p>\r\n                                            <p>\r\n                <a href=\"https:\/\/hetek.de\/pl\/beispiel\/system-podnoszenia-modulow-funkcyjnych-typu-297\/\"\r\n                   class=\"btn btn-default btn-block\">Czytaj wi\u0119cej<\/a>\r\n            <\/p><\/div>\r\n    <\/div>\r\n<\/div>\r\n                                <\/div>\n                                                            <div class=\"col-12 col-md-6\">\n                                    \r\n<div class=\"previewitem beispielitem postitem\">\r\n    <a href=\"https:\/\/hetek.de\/pl\/beispiel\/system-podnoszenia-typu-296-dla-opancerzonych-modulow-funkcjonalnych\/\">\r\n        <div class=\"previewimage\">\r\n            <div class=\"backgrounder\"\r\n                 style=\" background-image: url(https:\/\/hetek.de\/wp-content\/uploads\/2021\/05\/Typ-296-Foto-001-400x274.jpg)\">\r\n            <\/div>\r\n        <\/div>\r\n    <\/a>\r\n    <div class=\"previewcontainer\">\r\n        <div class=\"previewheader small-gap\">\r\n            <h3 class=\"small-gap\">System podnoszenia typu 296 dla opancerzonych modu\u0142\u00f3w funkcjonalnych<\/h3>\r\n                            <p>\r\n                                    <p> Modu\u0142owy system uk\u0142adania w stosy z nap\u0119dem elektrycznym 24 VDC bez automatycznej kontroli po\u0142o\u017cenia, z...<\/p>\r\n                                <\/p>\r\n                        <\/div>\r\n        <div class=\"previewbuttons\">\r\n                                <p>\r\n                        <a class=\"btn btn-default btn-secondary btn-block\"\r\n                           target=\"_blank\"\r\n                           href=\"https:\/\/hetek.de\/produkte\/hubsystem-296\/\"><b>\r\n                                Produkt: Hubsystem 296<\/b>\r\n                        <\/a>\r\n                    <\/p>\r\n                                            <p>\r\n                <a href=\"https:\/\/hetek.de\/pl\/beispiel\/system-podnoszenia-typu-296-dla-opancerzonych-modulow-funkcjonalnych\/\"\r\n                   class=\"btn btn-default btn-block\">Czytaj wi\u0119cej<\/a>\r\n            <\/p><\/div>\r\n    <\/div>\r\n<\/div>\r\n                                <\/div>\n                                                    <\/div>\n                                            <\/section>\n\n                            [\/vc_column][\/vc_row][\/vc_section]<\/p>\n<\/div>","protected":false},"excerpt":{"rendered":"<p>[vc_section][vc_row][vc_column][vc_column_text] Modu\u0142y funkcyjne [\/vc_column_text][vc_row_inner][vc_column_inner width=&#8221;1\/2&#8243;][vc_column_text]Istnieje wiele mo\u017cliwych zastosowa\u0144 modu\u0142\u00f3w funkcyjnych. Systemy te sta\u0142y si\u0119 zatem coraz wa\u017cniejsze w ostatnich latach. Zazwyczaj maj\u0105 one znormalizowany interfejs z pojazdem no\u015bnym i s\u0105 zaprojektowane, na przyk\u0142ad, jako transportery za\u0142ogi, modu\u0142y ambulans\u00f3w, nadbud\u00f3wki warsztatowe i armatki wodne. Systemy podnosz\u0105ce s\u0105 stosowane w celu umo\u017cliwienia wymiany modu\u0142\u00f3w funkcjonalnych w poje\u017adzie<\/p>\n","protected":false},"author":1,"featured_media":0,"parent":5569,"menu_order":0,"comment_status":"closed","ping_status":"closed","template":"","meta":{"_acf_changed":false,"footnotes":""},"class_list":["post-5641","page","type-page","status-publish","hentry"],"acf":[],"yoast_head":"<!-- This site is optimized with the Yoast SEO plugin v27.3 - https:\/\/yoast.com\/product\/yoast-seo-wordpress\/ -->\n<title>Przyk\u0142ady zastosowa\u0144 i mo\u017cliwo\u015bci: Modu\u0142y funkcyjne<\/title>\n<meta name=\"description\" content=\"Nasze imponuj\u0105ce modu\u0142y funkcjonalne mog\u0105 by\u0107 wykorzystywane w praktyce na wiele sposob\u00f3w. R\u00f3\u017cne opcje aplikacji mo\u017cna znale\u017a\u0107 na stronie | HETEK\" \/>\n<meta name=\"robots\" content=\"index, follow, max-snippet:-1, max-image-preview:large, max-video-preview:-1\" \/>\n<link rel=\"canonical\" href=\"https:\/\/hetek.de\/pl\/?page_id=5641\" \/>\n<meta property=\"og:locale\" content=\"pl_PL\" \/>\n<meta property=\"og:type\" content=\"article\" \/>\n<meta property=\"og:title\" content=\"Przyk\u0142ady zastosowa\u0144 i mo\u017cliwo\u015bci: Modu\u0142y funkcyjne\" \/>\n<meta property=\"og:description\" content=\"Nasze imponuj\u0105ce modu\u0142y funkcjonalne mog\u0105 by\u0107 wykorzystywane w praktyce na wiele sposob\u00f3w. R\u00f3\u017cne opcje aplikacji mo\u017cna znale\u017a\u0107 na stronie | HETEK\" \/>\n<meta property=\"og:url\" content=\"https:\/\/hetek.de\/pl\/?page_id=5641\" \/>\n<meta property=\"og:site_name\" content=\"HETEK\" \/>\n<meta property=\"article:modified_time\" content=\"2023-12-11T15:37:13+00:00\" \/>\n<meta name=\"twitter:card\" content=\"summary_large_image\" \/>\n<meta name=\"twitter:label1\" content=\"Szacowany czas czytania\" \/>\n\t<meta name=\"twitter:data1\" content=\"1 minuta\" \/>\n<script type=\"application\/ld+json\" class=\"yoast-schema-graph\">{\"@context\":\"https:\\\/\\\/schema.org\",\"@graph\":[{\"@type\":\"WebPage\",\"@id\":\"https:\\\/\\\/hetek.de\\\/pl\\\/?page_id=5641\",\"url\":\"https:\\\/\\\/hetek.de\\\/pl\\\/?page_id=5641\",\"name\":\"Przyk\u0142ady zastosowa\u0144 i mo\u017cliwo\u015bci: Modu\u0142y funkcyjne\",\"isPartOf\":{\"@id\":\"https:\\\/\\\/hetek.de\\\/#website\"},\"datePublished\":\"2023-12-11T15:37:12+00:00\",\"dateModified\":\"2023-12-11T15:37:13+00:00\",\"description\":\"Nasze imponuj\u0105ce modu\u0142y funkcjonalne mog\u0105 by\u0107 wykorzystywane w praktyce na wiele sposob\u00f3w. R\u00f3\u017cne opcje aplikacji mo\u017cna znale\u017a\u0107 na stronie | HETEK\",\"breadcrumb\":{\"@id\":\"https:\\\/\\\/hetek.de\\\/pl\\\/?page_id=5641#breadcrumb\"},\"inLanguage\":\"pl-PL\",\"potentialAction\":[{\"@type\":\"ReadAction\",\"target\":[\"https:\\\/\\\/hetek.de\\\/pl\\\/?page_id=5641\"]}]},{\"@type\":\"BreadcrumbList\",\"@id\":\"https:\\\/\\\/hetek.de\\\/pl\\\/?page_id=5641#breadcrumb\",\"itemListElement\":[{\"@type\":\"ListItem\",\"position\":1,\"name\":\"\",\"item\":\"https:\\\/\\\/hetek.de\\\/pl\\\/\"},{\"@type\":\"ListItem\",\"position\":2,\"name\":\"Zastosowania\",\"item\":\"https:\\\/\\\/hetek.de\\\/pl\\\/?page_id=5569\"},{\"@type\":\"ListItem\",\"position\":3,\"name\":\"Przyk\u0142ady zastosowa\u0144 Modu\u0142y funkcyjne\"}]},{\"@type\":\"WebSite\",\"@id\":\"https:\\\/\\\/hetek.de\\\/#website\",\"url\":\"https:\\\/\\\/hetek.de\\\/\",\"name\":\"HETEK\",\"description\":\"Bezpieczna podstawa dla mobilnego \u015bwiata.\",\"potentialAction\":[{\"@type\":\"SearchAction\",\"target\":{\"@type\":\"EntryPoint\",\"urlTemplate\":\"https:\\\/\\\/hetek.de\\\/?s={search_term_string}\"},\"query-input\":{\"@type\":\"PropertyValueSpecification\",\"valueRequired\":true,\"valueName\":\"search_term_string\"}}],\"inLanguage\":\"pl-PL\"}]}<\/script>\n<!-- \/ Yoast SEO plugin. -->","yoast_head_json":{"title":"Przyk\u0142ady zastosowa\u0144 i mo\u017cliwo\u015bci: Modu\u0142y funkcyjne","description":"Nasze imponuj\u0105ce modu\u0142y funkcjonalne mog\u0105 by\u0107 wykorzystywane w praktyce na wiele sposob\u00f3w. R\u00f3\u017cne opcje aplikacji mo\u017cna znale\u017a\u0107 na stronie | HETEK","robots":{"index":"index","follow":"follow","max-snippet":"max-snippet:-1","max-image-preview":"max-image-preview:large","max-video-preview":"max-video-preview:-1"},"canonical":"https:\/\/hetek.de\/pl\/?page_id=5641","og_locale":"pl_PL","og_type":"article","og_title":"Przyk\u0142ady zastosowa\u0144 i mo\u017cliwo\u015bci: Modu\u0142y funkcyjne","og_description":"Nasze imponuj\u0105ce modu\u0142y funkcjonalne mog\u0105 by\u0107 wykorzystywane w praktyce na wiele sposob\u00f3w. R\u00f3\u017cne opcje aplikacji mo\u017cna znale\u017a\u0107 na stronie | HETEK","og_url":"https:\/\/hetek.de\/pl\/?page_id=5641","og_site_name":"HETEK","article_modified_time":"2023-12-11T15:37:13+00:00","twitter_card":"summary_large_image","twitter_misc":{"Szacowany czas czytania":"1 minuta"},"schema":{"@context":"https:\/\/schema.org","@graph":[{"@type":"WebPage","@id":"https:\/\/hetek.de\/pl\/?page_id=5641","url":"https:\/\/hetek.de\/pl\/?page_id=5641","name":"Przyk\u0142ady zastosowa\u0144 i mo\u017cliwo\u015bci: Modu\u0142y funkcyjne","isPartOf":{"@id":"https:\/\/hetek.de\/#website"},"datePublished":"2023-12-11T15:37:12+00:00","dateModified":"2023-12-11T15:37:13+00:00","description":"Nasze imponuj\u0105ce modu\u0142y funkcjonalne mog\u0105 by\u0107 wykorzystywane w praktyce na wiele sposob\u00f3w. R\u00f3\u017cne opcje aplikacji mo\u017cna znale\u017a\u0107 na stronie | HETEK","breadcrumb":{"@id":"https:\/\/hetek.de\/pl\/?page_id=5641#breadcrumb"},"inLanguage":"pl-PL","potentialAction":[{"@type":"ReadAction","target":["https:\/\/hetek.de\/pl\/?page_id=5641"]}]},{"@type":"BreadcrumbList","@id":"https:\/\/hetek.de\/pl\/?page_id=5641#breadcrumb","itemListElement":[{"@type":"ListItem","position":1,"name":"","item":"https:\/\/hetek.de\/pl\/"},{"@type":"ListItem","position":2,"name":"Zastosowania","item":"https:\/\/hetek.de\/pl\/?page_id=5569"},{"@type":"ListItem","position":3,"name":"Przyk\u0142ady zastosowa\u0144 Modu\u0142y funkcyjne"}]},{"@type":"WebSite","@id":"https:\/\/hetek.de\/#website","url":"https:\/\/hetek.de\/","name":"HETEK","description":"Bezpieczna podstawa dla mobilnego \u015bwiata.","potentialAction":[{"@type":"SearchAction","target":{"@type":"EntryPoint","urlTemplate":"https:\/\/hetek.de\/?s={search_term_string}"},"query-input":{"@type":"PropertyValueSpecification","valueRequired":true,"valueName":"search_term_string"}}],"inLanguage":"pl-PL"}]}},"_links":{"self":[{"href":"https:\/\/hetek.de\/pl\/wp-json\/wp\/v2\/pages\/5641","targetHints":{"allow":["GET"]}}],"collection":[{"href":"https:\/\/hetek.de\/pl\/wp-json\/wp\/v2\/pages"}],"about":[{"href":"https:\/\/hetek.de\/pl\/wp-json\/wp\/v2\/types\/page"}],"author":[{"embeddable":true,"href":"https:\/\/hetek.de\/pl\/wp-json\/wp\/v2\/users\/1"}],"replies":[{"embeddable":true,"href":"https:\/\/hetek.de\/pl\/wp-json\/wp\/v2\/comments?post=5641"}],"version-history":[{"count":3,"href":"https:\/\/hetek.de\/pl\/wp-json\/wp\/v2\/pages\/5641\/revisions"}],"predecessor-version":[{"id":5645,"href":"https:\/\/hetek.de\/pl\/wp-json\/wp\/v2\/pages\/5641\/revisions\/5645"}],"up":[{"embeddable":true,"href":"https:\/\/hetek.de\/pl\/wp-json\/wp\/v2\/pages\/5569"}],"wp:attachment":[{"href":"https:\/\/hetek.de\/pl\/wp-json\/wp\/v2\/media?parent=5641"}],"curies":[{"name":"wp","href":"https:\/\/api.w.org\/{rel}","templated":true}]}}