{"id":5642,"date":"2023-12-11T16:37:13","date_gmt":"2023-12-11T15:37:13","guid":{"rendered":"https:\/\/hetek.de\/podejscie\/"},"modified":"2024-08-19T09:49:18","modified_gmt":"2024-08-19T07:49:18","slug":"podejscie","status":"publish","type":"page","link":"https:\/\/hetek.de\/pl\/podejscie\/","title":{"rendered":"Dojazd"},"content":{"rendered":"<div class=\"wpb-content-wrapper\"><p>[vc_row][vc_column][vc_column_text]<\/p>\n<h1>Dojazd<\/h1>\n<p>[\/vc_column_text][vc_row_inner][vc_column_inner width=&#8221;1\/3&#8243;][vc_column_text]<strong>HETEK Lift- und Hebetechnik GmbH<\/strong><\/p>\n<p>Unter den Linden 1<br \/>\nD-99830 Treffurt[\/vc_column_text][\/vc_column_inner][vc_column_inner width=&#8221;2\/3&#8243;][vc_gmaps link=&#8221;#E-8_JTNDaWZyYW1lJTIwc3JjJTNEJTIyaHR0cHMlM0ElMkYlMkZ3d3cuZ29vZ2xlLmNvbSUyRm1hcHMlMkZlbWJlZCUzRnBiJTNEJTIxMW0xNCUyMTFtOCUyMTFtMyUyMTFkMTAwMTQuNjA3ODYyMjE3NDE3JTIxMmQxMC4yMzQ3MDU5JTIxM2Q1MS4xMzMzMjc0JTIxM20yJTIxMWkxMDI0JTIxMmk3NjglMjE0ZjEzLjElMjEzbTMlMjExbTIlMjExczB4MCUyNTNBMHg3N2VjMmJhZDE2YTY3NmY1JTIxMnNIRVRFSyUyNTIwTGlmdC0lMjUyMHVuZCUyNTIwSGViZXRlY2huaWslMjUyMEdtYkglMjE1ZTAlMjEzbTIlMjExc2RlJTIxMnNkZSUyMTR2MTYyNTAzNjIyNjM1NyUyMTVtMiUyMTFzZGUlMjEyc2RlJTIyJTIwd2lkdGglM0QlMjI2MDAlMjIlMjBoZWlnaHQlM0QlMjI0NTAlMjIlMjBzdHlsZSUzRCUyMmJvcmRlciUzQTAlM0IlMjIlMjBhbGxvd2Z1bGxzY3JlZW4lM0QlMjIlMjIlMjBsb2FkaW5nJTNEJTIybGF6eSUyMiUzRSUzQyUyRmlmcmFtZSUzRQ==&#8221;][\/vc_column_inner][\/vc_row_inner][vc_row_inner][vc_column_inner width=&#8221;1\/3&#8243;][vc_column_text]Jad\u0105c <strong>z Eschwege &#8211; Wanfried<\/strong> drog\u0105 B520, nale\u017cy przejecha\u0107 przez Treffurt i za mostem Werra skr\u0119ci\u0107 w prawo do HETEK.[\/vc_column_text][\/vc_column_inner][vc_column_inner width=&#8221;1\/3&#8243;][vc_column_text]Min\u0105\u0107 <strong>Creuzburg<\/strong> i ARAL, po 400 metrach zjecha\u0107 z drogi B7 w prawo i jecha\u0107 drog\u0105 B250 do Treffurt.[\/vc_column_text][\/vc_column_inner][vc_column_inner width=&#8221;1\/3&#8243;][vc_column_text]Je\u015bli podr\u00f3\u017cujesz autostrad\u0105, zjed\u017a z <strong>A4 na zje\u017adzie Eisenach-West<\/strong> i kontynuuj podr\u00f3\u017c w kierunku Creuzburg drog\u0105 B7.[\/vc_column_text][\/vc_column_inner][\/vc_row_inner][\/vc_column][\/vc_row]<\/p>\n<\/div>","protected":false},"excerpt":{"rendered":"<p>[vc_row][vc_column][vc_column_text] Dojazd [\/vc_column_text][vc_row_inner][vc_column_inner width=&#8221;1\/3&#8243;][vc_column_text]HETEK Lift- und Hebetechnik GmbH Unter den Linden 1 D-99830 Treffurt[\/vc_column_text][\/vc_column_inner][vc_column_inner width=&#8221;2\/3&#8243;][vc_gmaps link=&#8221;#E-8_JTNDaWZyYW1lJTIwc3JjJTNEJTIyaHR0cHMlM0ElMkYlMkZ3d3cuZ29vZ2xlLmNvbSUyRm1hcHMlMkZlbWJlZCUzRnBiJTNEJTIxMW0xNCUyMTFtOCUyMTFtMyUyMTFkMTAwMTQuNjA3ODYyMjE3NDE3JTIxMmQxMC4yMzQ3MDU5JTIxM2Q1MS4xMzMzMjc0JTIxM20yJTIxMWkxMDI0JTIxMmk3NjglMjE0ZjEzLjElMjEzbTMlMjExbTIlMjExczB4MCUyNTNBMHg3N2VjMmJhZDE2YTY3NmY1JTIxMnNIRVRFSyUyNTIwTGlmdC0lMjUyMHVuZCUyNTIwSGViZXRlY2huaWslMjUyMEdtYkglMjE1ZTAlMjEzbTIlMjExc2RlJTIxMnNkZSUyMTR2MTYyNTAzNjIyNjM1NyUyMTVtMiUyMTFzZGUlMjEyc2RlJTIyJTIwd2lkdGglM0QlMjI2MDAlMjIlMjBoZWlnaHQlM0QlMjI0NTAlMjIlMjBzdHlsZSUzRCUyMmJvcmRlciUzQTAlM0IlMjIlMjBhbGxvd2Z1bGxzY3JlZW4lM0QlMjIlMjIlMjBsb2FkaW5nJTNEJTIybGF6eSUyMiUzRSUzQyUyRmlmcmFtZSUzRQ==&#8221;][\/vc_column_inner][\/vc_row_inner][vc_row_inner][vc_column_inner width=&#8221;1\/3&#8243;][vc_column_text]Jad\u0105c z Eschwege &#8211; Wanfried drog\u0105 B520, nale\u017cy przejecha\u0107 przez Treffurt i za mostem Werra skr\u0119ci\u0107 w prawo do HETEK.[\/vc_column_text][\/vc_column_inner][vc_column_inner width=&#8221;1\/3&#8243;][vc_column_text]Min\u0105\u0107 Creuzburg i ARAL, po 400 metrach zjecha\u0107 z drogi B7 w prawo i jecha\u0107 drog\u0105 B250 do Treffurt.[\/vc_column_text][\/vc_column_inner][vc_column_inner<\/p>\n","protected":false},"author":1,"featured_media":0,"parent":0,"menu_order":0,"comment_status":"closed","ping_status":"closed","template":"","meta":{"_acf_changed":false,"footnotes":""},"class_list":["post-5642","page","type-page","status-publish","hentry"],"acf":[],"yoast_head":"<!-- This site is optimized with the Yoast SEO plugin v27.5 - https:\/\/yoast.com\/product\/yoast-seo-wordpress\/ -->\n<title>Bezpieczna podr\u00f3\u017c - jak nas bezpiecznie znale\u017a\u0107<\/title>\n<meta name=\"description\" content=\"Twoja podr\u00f3\u017c do nas. Tutaj dowiesz si\u0119, jak do nas dotrze\u0107 w zrelaksowany spos\u00f3b - czekamy na Twoj\u0105 wizyt\u0119! Mo\u017cna nas znale\u017a\u0107 w dowolnym momencie na stronie | HETEK\" \/>\n<meta name=\"robots\" content=\"index, follow, max-snippet:-1, max-image-preview:large, max-video-preview:-1\" \/>\n<link rel=\"canonical\" href=\"https:\/\/hetek.de\/pl\/podejscie\/\" \/>\n<meta property=\"og:locale\" content=\"pl_PL\" \/>\n<meta property=\"og:type\" content=\"article\" \/>\n<meta property=\"og:title\" content=\"Bezpieczna podr\u00f3\u017c - jak nas bezpiecznie znale\u017a\u0107\" \/>\n<meta property=\"og:description\" content=\"Twoja podr\u00f3\u017c do nas. Tutaj dowiesz si\u0119, jak do nas dotrze\u0107 w zrelaksowany spos\u00f3b - czekamy na Twoj\u0105 wizyt\u0119! Mo\u017cna nas znale\u017a\u0107 w dowolnym momencie na stronie | HETEK\" \/>\n<meta property=\"og:url\" content=\"https:\/\/hetek.de\/pl\/podejscie\/\" \/>\n<meta property=\"og:site_name\" content=\"HETEK\" \/>\n<meta property=\"article:modified_time\" content=\"2024-08-19T07:49:18+00:00\" \/>\n<meta name=\"twitter:card\" content=\"summary_large_image\" \/>\n<meta name=\"twitter:label1\" content=\"Szacowany czas czytania\" \/>\n\t<meta name=\"twitter:data1\" content=\"1 minuta\" \/>\n<script type=\"application\/ld+json\" class=\"yoast-schema-graph\">{\"@context\":\"https:\\\/\\\/schema.org\",\"@graph\":[{\"@type\":\"WebPage\",\"@id\":\"https:\\\/\\\/hetek.de\\\/pl\\\/podejscie\\\/\",\"url\":\"https:\\\/\\\/hetek.de\\\/pl\\\/podejscie\\\/\",\"name\":\"Bezpieczna podr\u00f3\u017c - jak nas bezpiecznie znale\u017a\u0107\",\"isPartOf\":{\"@id\":\"https:\\\/\\\/hetek.de\\\/#website\"},\"datePublished\":\"2023-12-11T15:37:13+00:00\",\"dateModified\":\"2024-08-19T07:49:18+00:00\",\"description\":\"Twoja podr\u00f3\u017c do nas. Tutaj dowiesz si\u0119, jak do nas dotrze\u0107 w zrelaksowany spos\u00f3b - czekamy na Twoj\u0105 wizyt\u0119! Mo\u017cna nas znale\u017a\u0107 w dowolnym momencie na stronie | HETEK\",\"breadcrumb\":{\"@id\":\"https:\\\/\\\/hetek.de\\\/pl\\\/podejscie\\\/#breadcrumb\"},\"inLanguage\":\"pl-PL\",\"potentialAction\":[{\"@type\":\"ReadAction\",\"target\":[\"https:\\\/\\\/hetek.de\\\/pl\\\/podejscie\\\/\"]}]},{\"@type\":\"BreadcrumbList\",\"@id\":\"https:\\\/\\\/hetek.de\\\/pl\\\/podejscie\\\/#breadcrumb\",\"itemListElement\":[{\"@type\":\"ListItem\",\"position\":1,\"name\":\"\",\"item\":\"https:\\\/\\\/hetek.de\\\/pl\\\/\"},{\"@type\":\"ListItem\",\"position\":2,\"name\":\"Dojazd\"}]},{\"@type\":\"WebSite\",\"@id\":\"https:\\\/\\\/hetek.de\\\/#website\",\"url\":\"https:\\\/\\\/hetek.de\\\/\",\"name\":\"HETEK\",\"description\":\"Bezpieczna podstawa dla mobilnego \u015bwiata.\",\"potentialAction\":[{\"@type\":\"SearchAction\",\"target\":{\"@type\":\"EntryPoint\",\"urlTemplate\":\"https:\\\/\\\/hetek.de\\\/?s={search_term_string}\"},\"query-input\":{\"@type\":\"PropertyValueSpecification\",\"valueRequired\":true,\"valueName\":\"search_term_string\"}}],\"inLanguage\":\"pl-PL\"}]}<\/script>\n<!-- \/ Yoast SEO plugin. -->","yoast_head_json":{"title":"Bezpieczna podr\u00f3\u017c - jak nas bezpiecznie znale\u017a\u0107","description":"Twoja podr\u00f3\u017c do nas. Tutaj dowiesz si\u0119, jak do nas dotrze\u0107 w zrelaksowany spos\u00f3b - czekamy na Twoj\u0105 wizyt\u0119! Mo\u017cna nas znale\u017a\u0107 w dowolnym momencie na stronie | HETEK","robots":{"index":"index","follow":"follow","max-snippet":"max-snippet:-1","max-image-preview":"max-image-preview:large","max-video-preview":"max-video-preview:-1"},"canonical":"https:\/\/hetek.de\/pl\/podejscie\/","og_locale":"pl_PL","og_type":"article","og_title":"Bezpieczna podr\u00f3\u017c - jak nas bezpiecznie znale\u017a\u0107","og_description":"Twoja podr\u00f3\u017c do nas. Tutaj dowiesz si\u0119, jak do nas dotrze\u0107 w zrelaksowany spos\u00f3b - czekamy na Twoj\u0105 wizyt\u0119! Mo\u017cna nas znale\u017a\u0107 w dowolnym momencie na stronie | HETEK","og_url":"https:\/\/hetek.de\/pl\/podejscie\/","og_site_name":"HETEK","article_modified_time":"2024-08-19T07:49:18+00:00","twitter_card":"summary_large_image","twitter_misc":{"Szacowany czas czytania":"1 minuta"},"schema":{"@context":"https:\/\/schema.org","@graph":[{"@type":"WebPage","@id":"https:\/\/hetek.de\/pl\/podejscie\/","url":"https:\/\/hetek.de\/pl\/podejscie\/","name":"Bezpieczna podr\u00f3\u017c - jak nas bezpiecznie znale\u017a\u0107","isPartOf":{"@id":"https:\/\/hetek.de\/#website"},"datePublished":"2023-12-11T15:37:13+00:00","dateModified":"2024-08-19T07:49:18+00:00","description":"Twoja podr\u00f3\u017c do nas. Tutaj dowiesz si\u0119, jak do nas dotrze\u0107 w zrelaksowany spos\u00f3b - czekamy na Twoj\u0105 wizyt\u0119! Mo\u017cna nas znale\u017a\u0107 w dowolnym momencie na stronie | HETEK","breadcrumb":{"@id":"https:\/\/hetek.de\/pl\/podejscie\/#breadcrumb"},"inLanguage":"pl-PL","potentialAction":[{"@type":"ReadAction","target":["https:\/\/hetek.de\/pl\/podejscie\/"]}]},{"@type":"BreadcrumbList","@id":"https:\/\/hetek.de\/pl\/podejscie\/#breadcrumb","itemListElement":[{"@type":"ListItem","position":1,"name":"","item":"https:\/\/hetek.de\/pl\/"},{"@type":"ListItem","position":2,"name":"Dojazd"}]},{"@type":"WebSite","@id":"https:\/\/hetek.de\/#website","url":"https:\/\/hetek.de\/","name":"HETEK","description":"Bezpieczna podstawa dla mobilnego \u015bwiata.","potentialAction":[{"@type":"SearchAction","target":{"@type":"EntryPoint","urlTemplate":"https:\/\/hetek.de\/?s={search_term_string}"},"query-input":{"@type":"PropertyValueSpecification","valueRequired":true,"valueName":"search_term_string"}}],"inLanguage":"pl-PL"}]}},"_links":{"self":[{"href":"https:\/\/hetek.de\/pl\/wp-json\/wp\/v2\/pages\/5642","targetHints":{"allow":["GET"]}}],"collection":[{"href":"https:\/\/hetek.de\/pl\/wp-json\/wp\/v2\/pages"}],"about":[{"href":"https:\/\/hetek.de\/pl\/wp-json\/wp\/v2\/types\/page"}],"author":[{"embeddable":true,"href":"https:\/\/hetek.de\/pl\/wp-json\/wp\/v2\/users\/1"}],"replies":[{"embeddable":true,"href":"https:\/\/hetek.de\/pl\/wp-json\/wp\/v2\/comments?post=5642"}],"version-history":[{"count":0,"href":"https:\/\/hetek.de\/pl\/wp-json\/wp\/v2\/pages\/5642\/revisions"}],"wp:attachment":[{"href":"https:\/\/hetek.de\/pl\/wp-json\/wp\/v2\/media?parent=5642"}],"curies":[{"name":"wp","href":"https:\/\/api.w.org\/{rel}","templated":true}]}}