{"id":5649,"date":"2023-12-11T16:37:14","date_gmt":"2023-12-11T15:37:14","guid":{"rendered":"https:\/\/hetek.de\/polityka-prywatnosci\/gromadzenie-danych\/"},"modified":"2023-12-11T16:37:14","modified_gmt":"2023-12-11T15:37:14","slug":"gromadzenie-danych","status":"publish","type":"page","link":"https:\/\/hetek.de\/pl\/polityka-prywatnosci\/gromadzenie-danych\/","title":{"rendered":"Gromadzenie danych"},"content":{"rendered":"<h1>Gromadzenie danych<\/h1>\n<h2>Informacje na temat gromadzenia danych przez Hetek<\/h2>\n<p>Niniejszym informujemy u\u017cytkownika zgodnie z art. 13 og\u00f3lnego rozporz\u0105dzenia o ochronie danych (RODO) o gromadzeniu i przetwarzaniu jego danych. U\u017cytkownik przekaza\u0142 nam swoje dane adresowe oraz, w stosownych przypadkach, nazwiska os\u00f3b kontaktowych, numery telefon\u00f3w, adresy e-mail i obszary dzia\u0142alno\u015bci lub<br \/>\npozycji (ewentualnie r\u00f3wnie\u017c innych danych) w celu wykonania umowy, w celu wype\u0142nienia zobowi\u0105za\u0144 umownych i przedumownych (art. 6 ust. 1 lit. b) RODO).<\/p>\n<p>Dane u\u017cytkownika b\u0119d\u0105 wykorzystywane wy\u0142\u0105cznie w zamierzonym celu i przechowywane tylko tak d\u0142ugo, jak jest to konieczne do realizacji wy\u017cej wymienionego celu lub jak wymagaj\u0105 tego inne przepisy prawa (art. 6 ust. 1 lit. c) RODO).<\/p>\n<p>Dane b\u0119d\u0105 przekazywane odbiorcom spoza naszej firmy wy\u0142\u0105cznie zgodnie z obowi\u0105zuj\u0105cymi przepisami o ochronie danych.<\/p>\n<p>Odbiorcami danych osobowych mog\u0105 by\u0107 na przyk\u0142ad<\/p>\n<ul>\n<li>organy i instytucje publiczne (np. organy finansowe lub organy \u015bcigania) w przypadku obowi\u0105zku prawnego lub urz\u0119dowego<\/li>\n<li>Dostawcy us\u0142ug kredytowych i finansowych (przetwarzanie transakcji p\u0142atniczych)<\/li>\n<li>Doradca podatkowy lub bieg\u0142y rewident ds. podatk\u00f3w od dzia\u0142alno\u015bci gospodarczej i wynagrodze\u0144 (uprawnienia bieg\u0142ego rewidenta)<\/li>\n<li>podwykonawcy lub us\u0142ugodawcy, kt\u00f3rzy s\u0105 niezb\u0119dni do wype\u0142nienia naszych zobowi\u0105za\u0144 umownych lub przedumownych (np. spedytorzy, dostawcy wy\u017cszego szczebla, uczestnicy projektu)<\/li>\n<\/ul>\n<p><a href=\"https:\/\/hetek.de\/datenschutzerklaerung\/\">Nasz\u0105 polityk\u0119 prywatno\u015bci mo\u017cna znale\u017a\u0107 tutaj.<\/a><\/p>\n<h2>Gromadzenie danych u\u017cytkownika przez strony trzecie, je\u015bli strona trzecia nie poinformowa\u0142a u\u017cytkownika o przekazywaniu danych.<\/h2>\n<p>Niniejszym informujemy u\u017cytkownika zgodnie z art. 14 og\u00f3lnego rozporz\u0105dzenia o ochronie danych (RODO) o pochodzeniu jego danych i ich przetwarzaniu. Otrzymali\u015bmy dane adresowe u\u017cytkownika oraz, w stosownych przypadkach, imiona i nazwiska os\u00f3b kontaktowych, numery telefon\u00f3w, adresy e-mail oraz obszary dzia\u0142alno\u015bci lub stanowiska (ewentualnie r\u00f3wnie\u017c inne dane) od stron trzecich w celu realizacji umowy, w celu wype\u0142nienia zobowi\u0105za\u0144 umownych i przedumownych (art. 6 ust. 1 lit. b RODO).<\/p>\n<p>Dane u\u017cytkownika b\u0119d\u0105 wykorzystywane wy\u0142\u0105cznie w zamierzonym celu i przechowywane tylko tak d\u0142ugo, jak jest to konieczne do realizacji wy\u017cej wymienionego celu lub jak wymagaj\u0105 tego inne przepisy prawa (art. 6 ust. 1 lit. c) RODO).<\/p>\n<p>Dane b\u0119d\u0105 przekazywane odbiorcom spoza naszej firmy wy\u0142\u0105cznie zgodnie z obowi\u0105zuj\u0105cymi przepisami o ochronie danych.<\/p>\n<p>Odbiorcami danych osobowych mog\u0105 by\u0107 na przyk\u0142ad<\/p>\n<ul>\n<li>organy i instytucje publiczne (np. organy finansowe lub organy \u015bcigania) w przypadku obowi\u0105zku prawnego lub urz\u0119dowego<\/li>\n<li>Dostawcy us\u0142ug kredytowych i finansowych (przetwarzanie transakcji p\u0142atniczych)<\/li>\n<li>Doradca podatkowy lub bieg\u0142y rewident ds. podatk\u00f3w od dzia\u0142alno\u015bci gospodarczej i wynagrodze\u0144 (uprawnienia bieg\u0142ego rewidenta)<\/li>\n<li>podwykonawcy lub us\u0142ugodawcy, kt\u00f3rzy s\u0105 niezb\u0119dni do wype\u0142nienia naszych zobowi\u0105za\u0144 umownych lub przedumownych (np. spedytorzy, dostawcy wy\u017cszego szczebla, uczestnicy projektu)<\/li>\n<li>Nasz\u0105 polityk\u0119 prywatno\u015bci mo\u017cna znale\u017a\u0107 tutaj.<\/li>\n<\/ul>\n","protected":false},"excerpt":{"rendered":"<p>Gromadzenie danych Informacje na temat gromadzenia danych przez Hetek Niniejszym informujemy u\u017cytkownika zgodnie z art. 13 og\u00f3lnego rozporz\u0105dzenia o ochronie danych (RODO) o gromadzeniu i przetwarzaniu jego danych. U\u017cytkownik przekaza\u0142 nam swoje dane adresowe oraz, w stosownych przypadkach, nazwiska os\u00f3b kontaktowych, numery telefon\u00f3w, adresy e-mail i obszary dzia\u0142alno\u015bci lub pozycji (ewentualnie r\u00f3wnie\u017c innych danych) w<\/p>\n","protected":false},"author":1,"featured_media":0,"parent":5593,"menu_order":0,"comment_status":"closed","ping_status":"closed","template":"","meta":{"_acf_changed":false,"footnotes":""},"class_list":["post-5649","page","type-page","status-publish","hentry"],"acf":[],"yoast_head":"<!-- This site is optimized with the Yoast SEO plugin v27.4 - https:\/\/yoast.com\/product\/yoast-seo-wordpress\/ -->\n<title>Gromadzenie danych - HETEK<\/title>\n<meta name=\"robots\" content=\"index, follow, max-snippet:-1, max-image-preview:large, max-video-preview:-1\" \/>\n<link rel=\"canonical\" href=\"https:\/\/hetek.de\/pl\/polityka-prywatnosci\/gromadzenie-danych\/\" \/>\n<meta property=\"og:locale\" content=\"pl_PL\" \/>\n<meta property=\"og:type\" content=\"article\" \/>\n<meta property=\"og:title\" content=\"Gromadzenie danych - HETEK\" \/>\n<meta property=\"og:description\" content=\"Gromadzenie danych Informacje na temat gromadzenia danych przez Hetek Niniejszym informujemy u\u017cytkownika zgodnie z art. 13 og\u00f3lnego rozporz\u0105dzenia o ochronie danych (RODO) o gromadzeniu i przetwarzaniu jego danych. U\u017cytkownik przekaza\u0142 nam swoje dane adresowe oraz, w stosownych przypadkach, nazwiska os\u00f3b kontaktowych, numery telefon\u00f3w, adresy e-mail i obszary dzia\u0142alno\u015bci lub pozycji (ewentualnie r\u00f3wnie\u017c innych danych) w\" \/>\n<meta property=\"og:url\" content=\"https:\/\/hetek.de\/pl\/polityka-prywatnosci\/gromadzenie-danych\/\" \/>\n<meta property=\"og:site_name\" content=\"HETEK\" \/>\n<meta name=\"twitter:card\" content=\"summary_large_image\" \/>\n<meta name=\"twitter:label1\" content=\"Szacowany czas czytania\" \/>\n\t<meta name=\"twitter:data1\" content=\"2 minuty\" \/>\n<script type=\"application\/ld+json\" class=\"yoast-schema-graph\">{\"@context\":\"https:\\\/\\\/schema.org\",\"@graph\":[{\"@type\":\"WebPage\",\"@id\":\"https:\\\/\\\/hetek.de\\\/pl\\\/polityka-prywatnosci\\\/gromadzenie-danych\\\/\",\"url\":\"https:\\\/\\\/hetek.de\\\/pl\\\/polityka-prywatnosci\\\/gromadzenie-danych\\\/\",\"name\":\"Gromadzenie danych - HETEK\",\"isPartOf\":{\"@id\":\"https:\\\/\\\/hetek.de\\\/#website\"},\"datePublished\":\"2023-12-11T15:37:14+00:00\",\"breadcrumb\":{\"@id\":\"https:\\\/\\\/hetek.de\\\/pl\\\/polityka-prywatnosci\\\/gromadzenie-danych\\\/#breadcrumb\"},\"inLanguage\":\"pl-PL\",\"potentialAction\":[{\"@type\":\"ReadAction\",\"target\":[\"https:\\\/\\\/hetek.de\\\/pl\\\/polityka-prywatnosci\\\/gromadzenie-danych\\\/\"]}]},{\"@type\":\"BreadcrumbList\",\"@id\":\"https:\\\/\\\/hetek.de\\\/pl\\\/polityka-prywatnosci\\\/gromadzenie-danych\\\/#breadcrumb\",\"itemListElement\":[{\"@type\":\"ListItem\",\"position\":1,\"name\":\"\",\"item\":\"https:\\\/\\\/hetek.de\\\/pl\\\/\"},{\"@type\":\"ListItem\",\"position\":2,\"name\":\"Polityka prywatno\u015bci\",\"item\":\"https:\\\/\\\/hetek.de\\\/pl\\\/polityka-prywatnosci\\\/\"},{\"@type\":\"ListItem\",\"position\":3,\"name\":\"Gromadzenie danych\"}]},{\"@type\":\"WebSite\",\"@id\":\"https:\\\/\\\/hetek.de\\\/#website\",\"url\":\"https:\\\/\\\/hetek.de\\\/\",\"name\":\"HETEK\",\"description\":\"Bezpieczna podstawa dla mobilnego \u015bwiata.\",\"potentialAction\":[{\"@type\":\"SearchAction\",\"target\":{\"@type\":\"EntryPoint\",\"urlTemplate\":\"https:\\\/\\\/hetek.de\\\/?s={search_term_string}\"},\"query-input\":{\"@type\":\"PropertyValueSpecification\",\"valueRequired\":true,\"valueName\":\"search_term_string\"}}],\"inLanguage\":\"pl-PL\"}]}<\/script>\n<!-- \/ Yoast SEO plugin. -->","yoast_head_json":{"title":"Gromadzenie danych - HETEK","robots":{"index":"index","follow":"follow","max-snippet":"max-snippet:-1","max-image-preview":"max-image-preview:large","max-video-preview":"max-video-preview:-1"},"canonical":"https:\/\/hetek.de\/pl\/polityka-prywatnosci\/gromadzenie-danych\/","og_locale":"pl_PL","og_type":"article","og_title":"Gromadzenie danych - HETEK","og_description":"Gromadzenie danych Informacje na temat gromadzenia danych przez Hetek Niniejszym informujemy u\u017cytkownika zgodnie z art. 13 og\u00f3lnego rozporz\u0105dzenia o ochronie danych (RODO) o gromadzeniu i przetwarzaniu jego danych. U\u017cytkownik przekaza\u0142 nam swoje dane adresowe oraz, w stosownych przypadkach, nazwiska os\u00f3b kontaktowych, numery telefon\u00f3w, adresy e-mail i obszary dzia\u0142alno\u015bci lub pozycji (ewentualnie r\u00f3wnie\u017c innych danych) w","og_url":"https:\/\/hetek.de\/pl\/polityka-prywatnosci\/gromadzenie-danych\/","og_site_name":"HETEK","twitter_card":"summary_large_image","twitter_misc":{"Szacowany czas czytania":"2 minuty"},"schema":{"@context":"https:\/\/schema.org","@graph":[{"@type":"WebPage","@id":"https:\/\/hetek.de\/pl\/polityka-prywatnosci\/gromadzenie-danych\/","url":"https:\/\/hetek.de\/pl\/polityka-prywatnosci\/gromadzenie-danych\/","name":"Gromadzenie danych - HETEK","isPartOf":{"@id":"https:\/\/hetek.de\/#website"},"datePublished":"2023-12-11T15:37:14+00:00","breadcrumb":{"@id":"https:\/\/hetek.de\/pl\/polityka-prywatnosci\/gromadzenie-danych\/#breadcrumb"},"inLanguage":"pl-PL","potentialAction":[{"@type":"ReadAction","target":["https:\/\/hetek.de\/pl\/polityka-prywatnosci\/gromadzenie-danych\/"]}]},{"@type":"BreadcrumbList","@id":"https:\/\/hetek.de\/pl\/polityka-prywatnosci\/gromadzenie-danych\/#breadcrumb","itemListElement":[{"@type":"ListItem","position":1,"name":"","item":"https:\/\/hetek.de\/pl\/"},{"@type":"ListItem","position":2,"name":"Polityka prywatno\u015bci","item":"https:\/\/hetek.de\/pl\/polityka-prywatnosci\/"},{"@type":"ListItem","position":3,"name":"Gromadzenie danych"}]},{"@type":"WebSite","@id":"https:\/\/hetek.de\/#website","url":"https:\/\/hetek.de\/","name":"HETEK","description":"Bezpieczna podstawa dla mobilnego \u015bwiata.","potentialAction":[{"@type":"SearchAction","target":{"@type":"EntryPoint","urlTemplate":"https:\/\/hetek.de\/?s={search_term_string}"},"query-input":{"@type":"PropertyValueSpecification","valueRequired":true,"valueName":"search_term_string"}}],"inLanguage":"pl-PL"}]}},"_links":{"self":[{"href":"https:\/\/hetek.de\/pl\/wp-json\/wp\/v2\/pages\/5649","targetHints":{"allow":["GET"]}}],"collection":[{"href":"https:\/\/hetek.de\/pl\/wp-json\/wp\/v2\/pages"}],"about":[{"href":"https:\/\/hetek.de\/pl\/wp-json\/wp\/v2\/types\/page"}],"author":[{"embeddable":true,"href":"https:\/\/hetek.de\/pl\/wp-json\/wp\/v2\/users\/1"}],"replies":[{"embeddable":true,"href":"https:\/\/hetek.de\/pl\/wp-json\/wp\/v2\/comments?post=5649"}],"version-history":[{"count":1,"href":"https:\/\/hetek.de\/pl\/wp-json\/wp\/v2\/pages\/5649\/revisions"}],"predecessor-version":[{"id":5650,"href":"https:\/\/hetek.de\/pl\/wp-json\/wp\/v2\/pages\/5649\/revisions\/5650"}],"up":[{"embeddable":true,"href":"https:\/\/hetek.de\/pl\/wp-json\/wp\/v2\/pages\/5593"}],"wp:attachment":[{"href":"https:\/\/hetek.de\/pl\/wp-json\/wp\/v2\/media?parent=5649"}],"curies":[{"name":"wp","href":"https:\/\/api.w.org\/{rel}","templated":true}]}}