{"id":5651,"date":"2023-12-11T16:37:16","date_gmt":"2023-12-11T15:37:16","guid":{"rendered":"https:\/\/hetek.de\/skontaktuj-sie-z-nami\/partnerzy-miedzynarodowi\/"},"modified":"2023-12-11T16:37:19","modified_gmt":"2023-12-11T15:37:19","slug":"partnerzy-miedzynarodowi","status":"publish","type":"page","link":"https:\/\/hetek.de\/pl\/skontaktuj-sie-z-nami\/partnerzy-miedzynarodowi\/","title":{"rendered":"Partnerzy mi\u0119dzynarodowi"},"content":{"rendered":"<div class=\"wpb-content-wrapper\"><p>[vc_row][vc_column][vc_column_text]<\/p>\n<div class=\"csc-header csc-header-n1\">\n<h1 class=\"csc-firstHeader\">Partnerzy mi\u0119dzynarodowi<\/h1>\n<\/div>\n<p>[\/vc_column_text][\/vc_column][\/vc_row][vc_section][vc_row][vc_column][vc_column_text]<\/p>\n<h2>EUROPA<\/h2>\n<p>[\/vc_column_text][vc_row_inner][vc_column_inner width=&#8221;1\/3&#8243;][vc_column_text]<\/p>\n<h3>Norwegia<\/h3>\n<p>Lilltech AS<br \/>\nVilbergveien 107<br \/>\n2060 Gardermoen<\/p>\n<p>Telefon: +47 \/ 63934952<br \/>\nFaks: +47 \/ 63934959<\/p>\n<p><a href=\"http:\/\/www.lilltech.no\/\" target=\"_blank\" rel=\"noopener\">jl@lilltech.no<\/a><br \/>\n<a href=\"http:\/\/www.lilltech.no\/\" target=\"_blank\" rel=\"noopener\">www.lilltech.no<\/a>[\/vc_column_text][\/vc_column_inner][vc_column_inner width=&#8221;1\/3&#8243;][vc_column_text]<\/p>\n<h3>Dania<\/h3>\n<p>Danish Management Consult ApS<br \/>\nVesterheden 75<br \/>\n8800 Viborg<\/p>\n<p>Telefon: +45 \/ 60 835418<\/p>\n<p><a>jovibeier(at)mail.dk<br \/>\n<\/a><a href=\"http:\/\/www.dmc-aps.dk\/\" target=\"_blank\" class=\"ext\" rel=\"noopener\">www.dmc-aps.dk<\/a>[\/vc_column_text][\/vc_column_inner][vc_column_inner width=&#8221;1\/3&#8243;][vc_column_text]<\/p>\n<h3>Francja<\/h3>\n<p>CTC &#8211; MM<br \/>\n4, rue Paul Gauguin<br \/>\nF- 67640 Fegersheim<\/p>\n<p>Tel.: +33 \/ 610795567<\/p>\n<p><a>bernard.menna(at)wanadoo.fr<\/a>[\/vc_column_text][\/vc_column_inner][\/vc_row_inner][\/vc_column][\/vc_row][\/vc_section][vc_section][vc_row][vc_column][vc_column_text]<\/p>\n<h2>AZJA<\/h2>\n<p>[\/vc_column_text][vc_row_inner][vc_column_inner width=&#8221;1\/3&#8243;][vc_column_text]<\/p>\n<h3>Izrael<\/h3>\n<p>CMI-Industries Ltd<br \/>\nHacarmel 4 szt.<br \/>\n2069201 P.O.B. 65 Yoqneam<\/p>\n<p>Telefon: +972-4-9931215<br \/>\nFaks: +972-4-9835120<\/p>\n<p><a>cmi(at)zahav.net.il<br \/>\n<\/a><a href=\"http:\/\/www.cmi-industries.co.il\/\" target=\"_blank\" class=\"ext\" rel=\"noopener\">www.cmi-industries.co.il<\/a>[\/vc_column_text][\/vc_column_inner][vc_column_inner width=&#8221;1\/3&#8243;][vc_column_text]<\/p>\n<h3>Indie<\/h3>\n<p>CMI-Industries Ltd<br \/>\nHacarmel 4 szt.<br \/>\n2069201 P.O.B. 65 Yoqneam<\/p>\n<p>Telefon: +972-4-9931215<br \/>\nFaks: +972-4-9835120<\/p>\n<p><a>cmi(at)zahav.net.il<br \/>\n<\/a><a href=\"http:\/\/www.cmi-industries.co.il\/\" target=\"_blank\" class=\"ext\" rel=\"noopener\">www.cmi-industries.co.il<\/a>[\/vc_column_text][\/vc_column_inner][vc_column_inner width=&#8221;1\/3&#8243;][vc_column_text]<\/p>\n<h3>Zjednoczone Emiraty Arabskie<\/h3>\n<p>Seatrail L.L.C.<br \/>\nJebel Ali, obszar przemys\u0142owy nr (2)<br \/>\nP.O.Box 11406; DUBAI<\/p>\n<p>Tel.: +971\/4\/8803222<br \/>\nFaks: +971\/4\/8803366<\/p>\n<p><a>hussain(at)seatrail.ae<br \/>\n<\/a><a href=\"http:\/\/www.seatrail.ae\/\" target=\"_blank\" rel=\"noopener\">www.seatrail.ae<\/a>[\/vc_column_text][\/vc_column_inner][\/vc_row_inner][vc_row_inner][vc_column_inner width=&#8221;1\/3&#8243;][vc_column_text]<\/p>\n<h3>Tajwan<\/h3>\n<p>Samoch\u00f3d mistrzowski<br \/>\nNr 368, Fuxing 3rd Rd.<br \/>\n33383 Guishan Township, hrabstwo Taoyuan<\/p>\n<p>Tel.: +886-3-3185805\/5133<br \/>\nFaks: +886-3-3181108<\/p>\n<p><a>george(at)champion-auto.com.tw<br \/>\n<\/a><a href=\"http:\/\/www.champion-auto.com.tw\/\" target=\"_blank\" rel=\"noopener\">www.champion-auto.com.tw<\/a>[\/vc_column_text][\/vc_column_inner][vc_column_inner width=&#8221;1\/3&#8243;][\/vc_column_inner][vc_column_inner width=&#8221;1\/3&#8243;][\/vc_column_inner][\/vc_row_inner][\/vc_column][\/vc_row][\/vc_section][vc_section][vc_row][vc_column][vc_column_text]<\/p>\n<h2>AMERYKA P\u00d3\u0141NOCNA<\/h2>\n<p>[\/vc_column_text][vc_row_inner][vc_column_inner width=&#8221;1\/3&#8243;][vc_column_text]<\/p>\n<h3>Stany Zjednoczone Ameryki<\/h3>\n<p>Sea Box Inc.<br \/>\n1 Sea Box Drive<br \/>\n08077-2004 East Riverton, N<\/p>\n<p>Telefon: +1\/856.303.1101 wew. 4216<br \/>\nFaks: +1\/856.303.1501<\/p>\n<p><a>nickyd(at)seabox.com<br \/>\n<\/a><a href=\"http:\/\/www.seabox.com\/\" target=\"_blank\" rel=\"noopener\">www.seabox.com<\/a>[\/vc_column_text][\/vc_column_inner][vc_column_inner width=&#8221;1\/3&#8243;][\/vc_column_inner][vc_column_inner width=&#8221;1\/3&#8243;][\/vc_column_inner][\/vc_row_inner][\/vc_column][\/vc_row][\/vc_section][vc_section][vc_row][vc_column][vc_column_text]<\/p>\n<h2>AMERYKA \u015aRODKOWA I PO\u0141UDNIOWA<\/h2>\n<p>[\/vc_column_text][vc_row_inner][vc_column_inner width=&#8221;1\/3&#8243;][vc_column_text]<\/p>\n<h3>Panama<\/h3>\n<p>Con Tainer Solution S.A.<br \/>\nPlaza La Boca, Oficina 2<br \/>\nPanama City<\/p>\n<p>Telefon: +507-66190970<\/p>\n<p><a>ofernandez(at)ctspty.com<br \/>\n<\/a><a href=\"http:\/\/www.ctspty.com\/\" target=\"_blank\" rel=\"noopener\">www.ctspty.com<\/a>[\/vc_column_text][\/vc_column_inner][vc_column_inner width=&#8221;1\/3&#8243;][vc_column_text]<\/p>\n<h3>Brazylia<\/h3>\n<p>RF COM Sistemas Ltda.<br \/>\nRua Carlos Marcondes, 501, Limoeiro<br \/>\n12241-421 Sao Jose dos Campos SP<\/p>\n<p>Telefon: +55\/12\/3933-1204<br \/>\nFaks: +55\/12\/3933-3250<\/p>\n<p>pcc@rf.com.br<span> <\/span><a>www.rf.com.br<\/a>[\/vc_column_text][\/vc_column_inner][vc_column_inner width=&#8221;1\/3&#8243;][\/vc_column_inner][\/vc_row_inner][\/vc_column][\/vc_row][\/vc_section][vc_section][vc_row][vc_column][vc_column_text]<\/p>\n<h2>AFRYKA<\/h2>\n<p>[\/vc_column_text][vc_row_inner][vc_column_inner width=&#8221;1\/3&#8243;][vc_column_text]Stormhill Transport Consultants<br \/>\n38 Hillcrest Avenue, Craighall Park<br \/>\n2115 Johannesburg<\/p>\n<p>Tel.: +27 \/ 11 781 2868<\/p>\n<p><a>stormhill(at)mweb.co.za<\/a>[\/vc_column_text][\/vc_column_inner][vc_column_inner width=&#8221;1\/3&#8243;][\/vc_column_inner][vc_column_inner width=&#8221;1\/3&#8243;][\/vc_column_inner][\/vc_row_inner][\/vc_column][\/vc_row][\/vc_section][vc_section][vc_row][vc_column][vc_column_text]<\/p>\n<h2>RESZTA \u015aWIATA<\/h2>\n<p>[\/vc_column_text][vc_row_inner][vc_column_inner width=&#8221;1\/3&#8243;][vc_column_text]HETEK Lift- und Hebetechnik GmbH<br \/>\nUnter den Linden 1<br \/>\n99830 Treffurt<\/p>\n<p>Telefon: +49 (0) 36923 \/ 53 &#8211; 0<br \/>\nFaks: +49 (0) 36923 \/ 53-200<\/p>\n<p><a>info(at)hetek.de<br \/>\n<\/a><a href=\"http:\/\/www.hetek.de\/\" target=\"_blank\" rel=\"noopener\">www.hetek.de<\/a>[\/vc_column_text][\/vc_column_inner][vc_column_inner width=&#8221;1\/3&#8243;][\/vc_column_inner][vc_column_inner width=&#8221;1\/3&#8243;][\/vc_column_inner][\/vc_row_inner][\/vc_column][\/vc_row][\/vc_section]<\/p>\n<\/div>","protected":false},"excerpt":{"rendered":"<p>[vc_row][vc_column][vc_column_text] Partnerzy mi\u0119dzynarodowi [\/vc_column_text][\/vc_column][\/vc_row][vc_section][vc_row][vc_column][vc_column_text] EUROPA [\/vc_column_text][vc_row_inner][vc_column_inner width=&#8221;1\/3&#8243;][vc_column_text] Norwegia Lilltech AS Vilbergveien 107 2060 Gardermoen Telefon: +47 \/ 63934952 Faks: +47 \/ 63934959 jl@lilltech.no www.lilltech.no[\/vc_column_text][\/vc_column_inner][vc_column_inner width=&#8221;1\/3&#8243;][vc_column_text] Dania Danish Management Consult ApS Vesterheden 75 8800 Viborg Telefon: +45 \/ 60 835418 jovibeier(at)mail.dk www.dmc-aps.dk[\/vc_column_text][\/vc_column_inner][vc_column_inner width=&#8221;1\/3&#8243;][vc_column_text] Francja CTC &#8211; MM 4, rue Paul Gauguin F- 67640 Fegersheim Tel.: +33<\/p>\n","protected":false},"author":1,"featured_media":0,"parent":5572,"menu_order":0,"comment_status":"closed","ping_status":"closed","template":"","meta":{"_acf_changed":false,"footnotes":""},"class_list":["post-5651","page","type-page","status-publish","hentry"],"acf":[],"yoast_head":"<!-- This site is optimized with the Yoast SEO plugin v27.4 - https:\/\/yoast.com\/product\/yoast-seo-wordpress\/ -->\n<title>Nasi mi\u0119dzynarodowi partnerzy w skr\u00f3cie<\/title>\n<meta name=\"description\" content=\"Nasi mi\u0119dzynarodowi partnerzy w przejrzysty spos\u00f3b. Sprawd\u017a nasze r\u00f3\u017cne lokalizacje ju\u017c teraz! Wi\u0119cej na | HETEK\" \/>\n<meta name=\"robots\" content=\"index, follow, max-snippet:-1, max-image-preview:large, max-video-preview:-1\" \/>\n<link rel=\"canonical\" href=\"https:\/\/hetek.de\/pl\/skontaktuj-sie-z-nami\/partnerzy-miedzynarodowi\/\" \/>\n<meta property=\"og:locale\" content=\"pl_PL\" \/>\n<meta property=\"og:type\" content=\"article\" \/>\n<meta property=\"og:title\" content=\"Nasi mi\u0119dzynarodowi partnerzy w skr\u00f3cie\" \/>\n<meta property=\"og:description\" content=\"Nasi mi\u0119dzynarodowi partnerzy w przejrzysty spos\u00f3b. Sprawd\u017a nasze r\u00f3\u017cne lokalizacje ju\u017c teraz! Wi\u0119cej na | HETEK\" \/>\n<meta property=\"og:url\" content=\"https:\/\/hetek.de\/pl\/skontaktuj-sie-z-nami\/partnerzy-miedzynarodowi\/\" \/>\n<meta property=\"og:site_name\" content=\"HETEK\" \/>\n<meta property=\"article:modified_time\" content=\"2023-12-11T15:37:19+00:00\" \/>\n<meta name=\"twitter:card\" content=\"summary_large_image\" \/>\n<meta name=\"twitter:label1\" content=\"Szacowany czas czytania\" \/>\n\t<meta name=\"twitter:data1\" content=\"3 minuty\" \/>\n<script type=\"application\/ld+json\" class=\"yoast-schema-graph\">{\"@context\":\"https:\\\/\\\/schema.org\",\"@graph\":[{\"@type\":\"WebPage\",\"@id\":\"https:\\\/\\\/hetek.de\\\/pl\\\/skontaktuj-sie-z-nami\\\/partnerzy-miedzynarodowi\\\/\",\"url\":\"https:\\\/\\\/hetek.de\\\/pl\\\/skontaktuj-sie-z-nami\\\/partnerzy-miedzynarodowi\\\/\",\"name\":\"Nasi mi\u0119dzynarodowi partnerzy w skr\u00f3cie\",\"isPartOf\":{\"@id\":\"https:\\\/\\\/hetek.de\\\/#website\"},\"datePublished\":\"2023-12-11T15:37:16+00:00\",\"dateModified\":\"2023-12-11T15:37:19+00:00\",\"description\":\"Nasi mi\u0119dzynarodowi partnerzy w przejrzysty spos\u00f3b. Sprawd\u017a nasze r\u00f3\u017cne lokalizacje ju\u017c teraz! Wi\u0119cej na | HETEK\",\"breadcrumb\":{\"@id\":\"https:\\\/\\\/hetek.de\\\/pl\\\/skontaktuj-sie-z-nami\\\/partnerzy-miedzynarodowi\\\/#breadcrumb\"},\"inLanguage\":\"pl-PL\",\"potentialAction\":[{\"@type\":\"ReadAction\",\"target\":[\"https:\\\/\\\/hetek.de\\\/pl\\\/skontaktuj-sie-z-nami\\\/partnerzy-miedzynarodowi\\\/\"]}]},{\"@type\":\"BreadcrumbList\",\"@id\":\"https:\\\/\\\/hetek.de\\\/pl\\\/skontaktuj-sie-z-nami\\\/partnerzy-miedzynarodowi\\\/#breadcrumb\",\"itemListElement\":[{\"@type\":\"ListItem\",\"position\":1,\"name\":\"\",\"item\":\"https:\\\/\\\/hetek.de\\\/pl\\\/\"},{\"@type\":\"ListItem\",\"position\":2,\"name\":\"Skontaktuj si\u0119 z nami\",\"item\":\"https:\\\/\\\/hetek.de\\\/pl\\\/skontaktuj-sie-z-nami\\\/\"},{\"@type\":\"ListItem\",\"position\":3,\"name\":\"Partnerzy mi\u0119dzynarodowi\"}]},{\"@type\":\"WebSite\",\"@id\":\"https:\\\/\\\/hetek.de\\\/#website\",\"url\":\"https:\\\/\\\/hetek.de\\\/\",\"name\":\"HETEK\",\"description\":\"Bezpieczna podstawa dla mobilnego \u015bwiata.\",\"potentialAction\":[{\"@type\":\"SearchAction\",\"target\":{\"@type\":\"EntryPoint\",\"urlTemplate\":\"https:\\\/\\\/hetek.de\\\/?s={search_term_string}\"},\"query-input\":{\"@type\":\"PropertyValueSpecification\",\"valueRequired\":true,\"valueName\":\"search_term_string\"}}],\"inLanguage\":\"pl-PL\"}]}<\/script>\n<!-- \/ Yoast SEO plugin. -->","yoast_head_json":{"title":"Nasi mi\u0119dzynarodowi partnerzy w skr\u00f3cie","description":"Nasi mi\u0119dzynarodowi partnerzy w przejrzysty spos\u00f3b. Sprawd\u017a nasze r\u00f3\u017cne lokalizacje ju\u017c teraz! Wi\u0119cej na | HETEK","robots":{"index":"index","follow":"follow","max-snippet":"max-snippet:-1","max-image-preview":"max-image-preview:large","max-video-preview":"max-video-preview:-1"},"canonical":"https:\/\/hetek.de\/pl\/skontaktuj-sie-z-nami\/partnerzy-miedzynarodowi\/","og_locale":"pl_PL","og_type":"article","og_title":"Nasi mi\u0119dzynarodowi partnerzy w skr\u00f3cie","og_description":"Nasi mi\u0119dzynarodowi partnerzy w przejrzysty spos\u00f3b. Sprawd\u017a nasze r\u00f3\u017cne lokalizacje ju\u017c teraz! Wi\u0119cej na | HETEK","og_url":"https:\/\/hetek.de\/pl\/skontaktuj-sie-z-nami\/partnerzy-miedzynarodowi\/","og_site_name":"HETEK","article_modified_time":"2023-12-11T15:37:19+00:00","twitter_card":"summary_large_image","twitter_misc":{"Szacowany czas czytania":"3 minuty"},"schema":{"@context":"https:\/\/schema.org","@graph":[{"@type":"WebPage","@id":"https:\/\/hetek.de\/pl\/skontaktuj-sie-z-nami\/partnerzy-miedzynarodowi\/","url":"https:\/\/hetek.de\/pl\/skontaktuj-sie-z-nami\/partnerzy-miedzynarodowi\/","name":"Nasi mi\u0119dzynarodowi partnerzy w skr\u00f3cie","isPartOf":{"@id":"https:\/\/hetek.de\/#website"},"datePublished":"2023-12-11T15:37:16+00:00","dateModified":"2023-12-11T15:37:19+00:00","description":"Nasi mi\u0119dzynarodowi partnerzy w przejrzysty spos\u00f3b. Sprawd\u017a nasze r\u00f3\u017cne lokalizacje ju\u017c teraz! Wi\u0119cej na | HETEK","breadcrumb":{"@id":"https:\/\/hetek.de\/pl\/skontaktuj-sie-z-nami\/partnerzy-miedzynarodowi\/#breadcrumb"},"inLanguage":"pl-PL","potentialAction":[{"@type":"ReadAction","target":["https:\/\/hetek.de\/pl\/skontaktuj-sie-z-nami\/partnerzy-miedzynarodowi\/"]}]},{"@type":"BreadcrumbList","@id":"https:\/\/hetek.de\/pl\/skontaktuj-sie-z-nami\/partnerzy-miedzynarodowi\/#breadcrumb","itemListElement":[{"@type":"ListItem","position":1,"name":"","item":"https:\/\/hetek.de\/pl\/"},{"@type":"ListItem","position":2,"name":"Skontaktuj si\u0119 z nami","item":"https:\/\/hetek.de\/pl\/skontaktuj-sie-z-nami\/"},{"@type":"ListItem","position":3,"name":"Partnerzy mi\u0119dzynarodowi"}]},{"@type":"WebSite","@id":"https:\/\/hetek.de\/#website","url":"https:\/\/hetek.de\/","name":"HETEK","description":"Bezpieczna podstawa dla mobilnego \u015bwiata.","potentialAction":[{"@type":"SearchAction","target":{"@type":"EntryPoint","urlTemplate":"https:\/\/hetek.de\/?s={search_term_string}"},"query-input":{"@type":"PropertyValueSpecification","valueRequired":true,"valueName":"search_term_string"}}],"inLanguage":"pl-PL"}]}},"_links":{"self":[{"href":"https:\/\/hetek.de\/pl\/wp-json\/wp\/v2\/pages\/5651","targetHints":{"allow":["GET"]}}],"collection":[{"href":"https:\/\/hetek.de\/pl\/wp-json\/wp\/v2\/pages"}],"about":[{"href":"https:\/\/hetek.de\/pl\/wp-json\/wp\/v2\/types\/page"}],"author":[{"embeddable":true,"href":"https:\/\/hetek.de\/pl\/wp-json\/wp\/v2\/users\/1"}],"replies":[{"embeddable":true,"href":"https:\/\/hetek.de\/pl\/wp-json\/wp\/v2\/comments?post=5651"}],"version-history":[{"count":6,"href":"https:\/\/hetek.de\/pl\/wp-json\/wp\/v2\/pages\/5651\/revisions"}],"predecessor-version":[{"id":5657,"href":"https:\/\/hetek.de\/pl\/wp-json\/wp\/v2\/pages\/5651\/revisions\/5657"}],"up":[{"embeddable":true,"href":"https:\/\/hetek.de\/pl\/wp-json\/wp\/v2\/pages\/5572"}],"wp:attachment":[{"href":"https:\/\/hetek.de\/pl\/wp-json\/wp\/v2\/media?parent=5651"}],"curies":[{"name":"wp","href":"https:\/\/api.w.org\/{rel}","templated":true}]}}