{"id":7464,"date":"2026-04-08T10:51:12","date_gmt":"2026-04-08T08:51:12","guid":{"rendered":"https:\/\/hetek.de\/dziekuje\/"},"modified":"2026-04-08T10:51:12","modified_gmt":"2026-04-08T08:51:12","slug":"dziekuje","status":"publish","type":"page","link":"https:\/\/hetek.de\/pl\/dziekuje\/","title":{"rendered":"Dzi\u0119kuj\u0119"},"content":{"rendered":"<div class=\"wpb-content-wrapper\"><p>[vc_row][vc_column][vc_column_text]<\/p>\n<h1 style=\"text-align: center;\">Dzi\u0119kujemy za opini\u0119!<\/h1>\n<p>[\/vc_column_text][vc_column_text]<\/p>\n<p style=\"text-align: center;\">Dzi\u0119kujemy za po\u015bwi\u0119cenie chwili, aby przekaza\u0107 nam swoj\u0105 opini\u0119. Twoja opinia pomaga nam w dalszym ulepszaniu naszych produkt\u00f3w i us\u0142ug &#8211; niezawodnie, praktycznie i z zachowaniem wysokich standard\u00f3w jako\u015bci. <\/p>\n<p>[\/vc_column_text][vc_column_text]<\/p>\n<p style=\"text-align: center;\"><strong>Uwaga:<\/strong> Twoje dane zosta\u0142y przes\u0142ane pomy\u015blnie.<\/p>\n<p>[\/vc_column_text][vc_btn title=&#8221;Powr\u00f3t do strony g\u0142\u00f3wnej&#8221; color=&#8221;blue&#8221; align=&#8221;center&#8221; link=&#8221;url:https%3A%2F%2Fhetek.de%2Fpl%2F|title:Powr%C3%B3t%20do%20strony%20g%C5%82%C3%B3wnej|&#8221;][\/vc_column][\/vc_row]<\/p>\n<\/div>","protected":false},"excerpt":{"rendered":"<p>[vc_row][vc_column][vc_column_text] Dzi\u0119kujemy za opini\u0119! [\/vc_column_text][vc_column_text] Dzi\u0119kujemy za po\u015bwi\u0119cenie chwili, aby przekaza\u0107 nam swoj\u0105 opini\u0119. Twoja opinia pomaga nam w dalszym ulepszaniu naszych produkt\u00f3w i us\u0142ug &#8211; niezawodnie, praktycznie i z zachowaniem wysokich standard\u00f3w jako\u015bci. [\/vc_column_text][vc_column_text] Uwaga: Twoje dane zosta\u0142y przes\u0142ane pomy\u015blnie. [\/vc_column_text][vc_btn title=&#8221;Powr\u00f3t do strony g\u0142\u00f3wnej&#8221; color=&#8221;blue&#8221; align=&#8221;center&#8221; link=&#8221;url:https%3A%2F%2Fhetek.de%2Fpl%2F|title:Powr%C3%B3t%20do%20strony%20g%C5%82%C3%B3wnej|&#8221;][\/vc_column][\/vc_row]<\/p>\n","protected":false},"author":10,"featured_media":0,"parent":0,"menu_order":0,"comment_status":"closed","ping_status":"closed","template":"","meta":{"_acf_changed":false,"footnotes":""},"class_list":["post-7464","page","type-page","status-publish","hentry"],"acf":[],"yoast_head":"<!-- This site is optimized with the Yoast SEO plugin v27.5 - https:\/\/yoast.com\/product\/yoast-seo-wordpress\/ -->\n<title>Dzi\u0119kuj\u0119 - HETEK<\/title>\n<meta name=\"robots\" content=\"index, follow, max-snippet:-1, max-image-preview:large, max-video-preview:-1\" \/>\n<link rel=\"canonical\" href=\"https:\/\/hetek.de\/pl\/dziekuje\/\" \/>\n<meta property=\"og:locale\" content=\"pl_PL\" \/>\n<meta property=\"og:type\" content=\"article\" \/>\n<meta property=\"og:title\" content=\"Dzi\u0119kuj\u0119 - HETEK\" \/>\n<meta property=\"og:description\" content=\"[vc_row][vc_column][vc_column_text] Dzi\u0119kujemy za opini\u0119! [\/vc_column_text][vc_column_text] Dzi\u0119kujemy za po\u015bwi\u0119cenie chwili, aby przekaza\u0107 nam swoj\u0105 opini\u0119. Twoja opinia pomaga nam w dalszym ulepszaniu naszych produkt\u00f3w i us\u0142ug &#8211; niezawodnie, praktycznie i z zachowaniem wysokich standard\u00f3w jako\u015bci. [\/vc_column_text][vc_column_text] Uwaga: Twoje dane zosta\u0142y przes\u0142ane pomy\u015blnie. [\/vc_column_text][vc_btn title=&#8221;Powr\u00f3t do strony g\u0142\u00f3wnej&#8221; color=&#8221;blue&#8221; align=&#8221;center&#8221; link=&#8221;url:https%3A%2F%2Fhetek.de%2Fpl%2F|title:Powr%C3%B3t%20do%20strony%20g%C5%82%C3%B3wnej|&#8221;][\/vc_column][\/vc_row]\" \/>\n<meta property=\"og:url\" content=\"https:\/\/hetek.de\/pl\/dziekuje\/\" \/>\n<meta property=\"og:site_name\" content=\"HETEK\" \/>\n<meta name=\"twitter:card\" content=\"summary_large_image\" \/>\n<meta name=\"twitter:label1\" content=\"Szacowany czas czytania\" \/>\n\t<meta name=\"twitter:data1\" content=\"1 minuta\" \/>\n<script type=\"application\/ld+json\" class=\"yoast-schema-graph\">{\"@context\":\"https:\\\/\\\/schema.org\",\"@graph\":[{\"@type\":\"WebPage\",\"@id\":\"https:\\\/\\\/hetek.de\\\/pl\\\/dziekuje\\\/\",\"url\":\"https:\\\/\\\/hetek.de\\\/pl\\\/dziekuje\\\/\",\"name\":\"Dzi\u0119kuj\u0119 - HETEK\",\"isPartOf\":{\"@id\":\"https:\\\/\\\/hetek.de\\\/#website\"},\"datePublished\":\"2026-04-08T08:51:12+00:00\",\"breadcrumb\":{\"@id\":\"https:\\\/\\\/hetek.de\\\/pl\\\/dziekuje\\\/#breadcrumb\"},\"inLanguage\":\"pl-PL\",\"potentialAction\":[{\"@type\":\"ReadAction\",\"target\":[\"https:\\\/\\\/hetek.de\\\/pl\\\/dziekuje\\\/\"]}]},{\"@type\":\"BreadcrumbList\",\"@id\":\"https:\\\/\\\/hetek.de\\\/pl\\\/dziekuje\\\/#breadcrumb\",\"itemListElement\":[{\"@type\":\"ListItem\",\"position\":1,\"name\":\"\",\"item\":\"https:\\\/\\\/hetek.de\\\/pl\\\/\"},{\"@type\":\"ListItem\",\"position\":2,\"name\":\"Dzi\u0119kuj\u0119\"}]},{\"@type\":\"WebSite\",\"@id\":\"https:\\\/\\\/hetek.de\\\/#website\",\"url\":\"https:\\\/\\\/hetek.de\\\/\",\"name\":\"HETEK\",\"description\":\"Bezpieczna podstawa dla mobilnego \u015bwiata.\",\"potentialAction\":[{\"@type\":\"SearchAction\",\"target\":{\"@type\":\"EntryPoint\",\"urlTemplate\":\"https:\\\/\\\/hetek.de\\\/?s={search_term_string}\"},\"query-input\":{\"@type\":\"PropertyValueSpecification\",\"valueRequired\":true,\"valueName\":\"search_term_string\"}}],\"inLanguage\":\"pl-PL\"}]}<\/script>\n<!-- \/ Yoast SEO plugin. -->","yoast_head_json":{"title":"Dzi\u0119kuj\u0119 - HETEK","robots":{"index":"index","follow":"follow","max-snippet":"max-snippet:-1","max-image-preview":"max-image-preview:large","max-video-preview":"max-video-preview:-1"},"canonical":"https:\/\/hetek.de\/pl\/dziekuje\/","og_locale":"pl_PL","og_type":"article","og_title":"Dzi\u0119kuj\u0119 - HETEK","og_description":"[vc_row][vc_column][vc_column_text] Dzi\u0119kujemy za opini\u0119! [\/vc_column_text][vc_column_text] Dzi\u0119kujemy za po\u015bwi\u0119cenie chwili, aby przekaza\u0107 nam swoj\u0105 opini\u0119. Twoja opinia pomaga nam w dalszym ulepszaniu naszych produkt\u00f3w i us\u0142ug &#8211; niezawodnie, praktycznie i z zachowaniem wysokich standard\u00f3w jako\u015bci. [\/vc_column_text][vc_column_text] Uwaga: Twoje dane zosta\u0142y przes\u0142ane pomy\u015blnie. [\/vc_column_text][vc_btn title=&#8221;Powr\u00f3t do strony g\u0142\u00f3wnej&#8221; color=&#8221;blue&#8221; align=&#8221;center&#8221; link=&#8221;url:https%3A%2F%2Fhetek.de%2Fpl%2F|title:Powr%C3%B3t%20do%20strony%20g%C5%82%C3%B3wnej|&#8221;][\/vc_column][\/vc_row]","og_url":"https:\/\/hetek.de\/pl\/dziekuje\/","og_site_name":"HETEK","twitter_card":"summary_large_image","twitter_misc":{"Szacowany czas czytania":"1 minuta"},"schema":{"@context":"https:\/\/schema.org","@graph":[{"@type":"WebPage","@id":"https:\/\/hetek.de\/pl\/dziekuje\/","url":"https:\/\/hetek.de\/pl\/dziekuje\/","name":"Dzi\u0119kuj\u0119 - HETEK","isPartOf":{"@id":"https:\/\/hetek.de\/#website"},"datePublished":"2026-04-08T08:51:12+00:00","breadcrumb":{"@id":"https:\/\/hetek.de\/pl\/dziekuje\/#breadcrumb"},"inLanguage":"pl-PL","potentialAction":[{"@type":"ReadAction","target":["https:\/\/hetek.de\/pl\/dziekuje\/"]}]},{"@type":"BreadcrumbList","@id":"https:\/\/hetek.de\/pl\/dziekuje\/#breadcrumb","itemListElement":[{"@type":"ListItem","position":1,"name":"","item":"https:\/\/hetek.de\/pl\/"},{"@type":"ListItem","position":2,"name":"Dzi\u0119kuj\u0119"}]},{"@type":"WebSite","@id":"https:\/\/hetek.de\/#website","url":"https:\/\/hetek.de\/","name":"HETEK","description":"Bezpieczna podstawa dla mobilnego \u015bwiata.","potentialAction":[{"@type":"SearchAction","target":{"@type":"EntryPoint","urlTemplate":"https:\/\/hetek.de\/?s={search_term_string}"},"query-input":{"@type":"PropertyValueSpecification","valueRequired":true,"valueName":"search_term_string"}}],"inLanguage":"pl-PL"}]}},"_links":{"self":[{"href":"https:\/\/hetek.de\/pl\/wp-json\/wp\/v2\/pages\/7464","targetHints":{"allow":["GET"]}}],"collection":[{"href":"https:\/\/hetek.de\/pl\/wp-json\/wp\/v2\/pages"}],"about":[{"href":"https:\/\/hetek.de\/pl\/wp-json\/wp\/v2\/types\/page"}],"author":[{"embeddable":true,"href":"https:\/\/hetek.de\/pl\/wp-json\/wp\/v2\/users\/10"}],"replies":[{"embeddable":true,"href":"https:\/\/hetek.de\/pl\/wp-json\/wp\/v2\/comments?post=7464"}],"version-history":[{"count":0,"href":"https:\/\/hetek.de\/pl\/wp-json\/wp\/v2\/pages\/7464\/revisions"}],"wp:attachment":[{"href":"https:\/\/hetek.de\/pl\/wp-json\/wp\/v2\/media?parent=7464"}],"curies":[{"name":"wp","href":"https:\/\/api.w.org\/{rel}","templated":true}]}}